{"id":4796,"date":"2021-03-10T10:37:16","date_gmt":"2021-03-10T10:37:16","guid":{"rendered":"http:\/\/conex-casting.com\/?page_id=4796"},"modified":"2021-10-23T08:26:55","modified_gmt":"2021-10-23T08:26:55","slug":"brides-en-bronze","status":"publish","type":"page","link":"https:\/\/conex-casting.com\/fr\/brides-en-bronze\/","title":{"rendered":"Brides en bronze"},"content":{"rendered":"<p style=\"text-align: center;\"><span style=\"text-decoration: underline; font-size: 18pt; color: #800000;\"><strong>Brides en bronze<\/strong><\/span><\/p>\n<p style=\"text-align: center;\"><a class=\"maxbutton-1 maxbutton maxbutton-product-page-button open-popup-modal\"><span class=\"mb-text\">Obtenez des devis en 24 heures<\/span><\/a><\/p>\n<p style=\"text-align: justify;\">Nous sommes fabricants de brides en bronze Brides en bronze filet\u00e9es NPT \u00e0 partir de pi\u00e8ces moul\u00e9es conformes aux normes ASTM B62, UNS Alloy C83600 ou LG2. Dimensions de la bride Les dimensions de la bride du tuyau \u00e0 bride en bronze sont conformes \u00e0 la norme ASME B16.24.<\/p>\n<p><strong>Les types :<\/strong>&nbsp;Bride aveugle et bride de plancher filet\u00e9e<\/p>\n<p><strong>Size :<\/strong>&nbsp;1\/2&Prime; 3\/4&Prime; 1&Prime; 11\/4&Prime; 11\/2&Prime; 2&Prime; 3&Prime; 4&Prime;<\/p>\n<table style=\"border-collapse: collapse; width: 100%;\" border=\"0\">\n<tbody>\n<tr>\n<td style=\"width: 50%;\"><img loading=\"lazy\" decoding=\"async\" class=\"aligncenter wp-image-4798 size-full\" title=\"Bronze Flanges\" src=\"http:\/\/conex-casting.com\/wp-content\/uploads\/2019\/02\/Bronze-Flanges-01.jpg\" alt=\"Bronze Flanges\" width=\"300\" height=\"300\" srcset=\"https:\/\/conex-casting.com\/wp-content\/uploads\/2019\/02\/Bronze-Flanges-01.jpg 300w, https:\/\/conex-casting.com\/wp-content\/uploads\/2019\/02\/Bronze-Flanges-01-150x150.jpg 150w\" sizes=\"auto, (max-width: 300px) 100vw, 300px\" \/><\/td>\n<td style=\"width: 50%;\"><img loading=\"lazy\" decoding=\"async\" class=\"aligncenter wp-image-4799 size-full\" title=\"Bronze Flanges\" src=\"http:\/\/conex-casting.com\/wp-content\/uploads\/2019\/02\/Bronze-Flanges-02.jpg\" alt=\"Bronze Flanges\" width=\"300\" height=\"300\" srcset=\"https:\/\/conex-casting.com\/wp-content\/uploads\/2019\/02\/Bronze-Flanges-02.jpg 300w, https:\/\/conex-casting.com\/wp-content\/uploads\/2019\/02\/Bronze-Flanges-02-150x150.jpg 150w\" sizes=\"auto, (max-width: 300px) 100vw, 300px\" \/><\/td>\n<\/tr>\n<\/tbody>\n<\/table>\n","protected":false},"excerpt":{"rendered":"<p>Brides en bronze Obtenez des devis en 24 heures Nous sommes fabricants de brides en bronze Brides en bronze filet\u00e9es NPT \u00e0 partir de pi\u00e8ces moul\u00e9es conformes aux normes ASTM B62, UNS Alloy C83600 ou LG2. Dimensions de la bride Les dimensions de la bride du tuyau \u00e0 bride en bronze sont conformes \u00e0 la [&hellip;]<\/p>\n","protected":false},"author":1,"featured_media":0,"parent":0,"menu_order":0,"comment_status":"closed","ping_status":"closed","template":"","meta":{"_joinchat":[],"footnotes":""},"class_list":["post-4796","page","type-page","status-publish","hentry"],"_links":{"self":[{"href":"https:\/\/conex-casting.com\/fr\/wp-json\/wp\/v2\/pages\/4796","targetHints":{"allow":["GET"]}}],"collection":[{"href":"https:\/\/conex-casting.com\/fr\/wp-json\/wp\/v2\/pages"}],"about":[{"href":"https:\/\/conex-casting.com\/fr\/wp-json\/wp\/v2\/types\/page"}],"author":[{"embeddable":true,"href":"https:\/\/conex-casting.com\/fr\/wp-json\/wp\/v2\/users\/1"}],"replies":[{"embeddable":true,"href":"https:\/\/conex-casting.com\/fr\/wp-json\/wp\/v2\/comments?post=4796"}],"version-history":[{"count":3,"href":"https:\/\/conex-casting.com\/fr\/wp-json\/wp\/v2\/pages\/4796\/revisions"}],"predecessor-version":[{"id":6252,"href":"https:\/\/conex-casting.com\/fr\/wp-json\/wp\/v2\/pages\/4796\/revisions\/6252"}],"wp:attachment":[{"href":"https:\/\/conex-casting.com\/fr\/wp-json\/wp\/v2\/media?parent=4796"}],"curies":[{"name":"wp","href":"https:\/\/api.w.org\/{rel}","templated":true}]}}