{"id":4801,"date":"2021-03-10T10:39:22","date_gmt":"2021-03-10T10:39:22","guid":{"rendered":"http:\/\/conex-casting.com\/?page_id=4801"},"modified":"2021-10-21T11:40:04","modified_gmt":"2021-10-21T11:40:04","slug":"colliers-de-serrage-au-sol-en-bronze","status":"publish","type":"page","link":"https:\/\/conex-casting.com\/fr\/colliers-de-serrage-au-sol-en-bronze\/","title":{"rendered":"Colliers de serrage au sol en bronze"},"content":{"rendered":"<p style=\"text-align: center;\"><span style=\"text-decoration: underline;\"><span style=\"color: #800000; font-size: 18pt;\"><strong>Colliers de serrage au sol en bronze<\/strong><\/span><\/span><\/p>\n<p style=\"text-align: justify;\">Fabriqu\u00e9 \u00e0 partir de bronze haute r\u00e9sistance gr\u00e2ce au moulage au sable fin. Les colliers de serrage sont disponibles pour diff\u00e9rentes tailles de tuyaux de \u00bd \u00ab\u00a0&#8211; 1\u00a0\u00bb \u00e0 4 \u00ab\u00a0-6\u00a0\u00bb. Il peut \u00eatre utilis\u00e9 pour des tailles de fil allant de # 2 AWG \u00e0 #10AWG.<\/p>\n<p style=\"text-align: center;\"><a href=\"javascript:void(0);\" class=\"maxbutton-1 maxbutton maxbutton-product-page-button open-popup-modal\"><span class=\"mb-text\">Obtenez des devis en 24 heures<\/span><\/a><\/p>\n<table style=\"border-collapse: collapse; width: 100%;\" border=\"0\">\n<tbody>\n<tr>\n<td style=\"width: 50%;\"><img loading=\"lazy\" decoding=\"async\" class=\"aligncenter wp-image-4804 size-full\" title=\"Ground Pipe Clamps\" src=\"http:\/\/conex-casting.com\/wp-content\/uploads\/2019\/02\/ground-pipe-clamps-03.jpg\" alt=\"Ground Pipe Clamps\" width=\"300\" height=\"300\" srcset=\"https:\/\/conex-casting.com\/wp-content\/uploads\/2019\/02\/ground-pipe-clamps-03.jpg 350w, https:\/\/conex-casting.com\/wp-content\/uploads\/2019\/02\/ground-pipe-clamps-03-150x150.jpg 150w, https:\/\/conex-casting.com\/wp-content\/uploads\/2019\/02\/ground-pipe-clamps-03-300x300.jpg 300w\" sizes=\"auto, (max-width: 300px) 100vw, 300px\" \/><\/td>\n<td style=\"width: 50%;\"><img loading=\"lazy\" decoding=\"async\" class=\"aligncenter wp-image-4805 size-full\" title=\"Ground Pipe Clamps\" src=\"http:\/\/conex-casting.com\/wp-content\/uploads\/2019\/02\/ground-pipe-clamps-01-e1549347793984.jpg\" alt=\"Ground Pipe Clamps\" width=\"300\" height=\"300\" srcset=\"https:\/\/conex-casting.com\/wp-content\/uploads\/2019\/02\/ground-pipe-clamps-01-e1549347793984.jpg 350w, https:\/\/conex-casting.com\/wp-content\/uploads\/2019\/02\/ground-pipe-clamps-01-e1549347793984-150x150.jpg 150w, https:\/\/conex-casting.com\/wp-content\/uploads\/2019\/02\/ground-pipe-clamps-01-e1549347793984-300x300.jpg 300w\" sizes=\"auto, (max-width: 300px) 100vw, 300px\" \/><\/td>\n<\/tr>\n<\/tbody>\n<\/table>\n","protected":false},"excerpt":{"rendered":"<p>Colliers de serrage au sol en bronze Fabriqu\u00e9 \u00e0 partir de bronze haute r\u00e9sistance gr\u00e2ce au moulage au sable fin. Les colliers de serrage sont disponibles pour diff\u00e9rentes tailles de tuyaux de \u00bd \u00ab\u00a0&#8211; 1\u00a0\u00bb \u00e0 4 \u00ab\u00a0-6\u00a0\u00bb. Il peut \u00eatre utilis\u00e9 pour des tailles de fil allant de # 2 AWG \u00e0 #10AWG. Obtenez [&hellip;]<\/p>\n","protected":false},"author":1,"featured_media":0,"parent":0,"menu_order":0,"comment_status":"closed","ping_status":"closed","template":"","meta":{"_joinchat":[],"footnotes":""},"class_list":["post-4801","page","type-page","status-publish","hentry"],"_links":{"self":[{"href":"https:\/\/conex-casting.com\/fr\/wp-json\/wp\/v2\/pages\/4801","targetHints":{"allow":["GET"]}}],"collection":[{"href":"https:\/\/conex-casting.com\/fr\/wp-json\/wp\/v2\/pages"}],"about":[{"href":"https:\/\/conex-casting.com\/fr\/wp-json\/wp\/v2\/types\/page"}],"author":[{"embeddable":true,"href":"https:\/\/conex-casting.com\/fr\/wp-json\/wp\/v2\/users\/1"}],"replies":[{"embeddable":true,"href":"https:\/\/conex-casting.com\/fr\/wp-json\/wp\/v2\/comments?post=4801"}],"version-history":[{"count":3,"href":"https:\/\/conex-casting.com\/fr\/wp-json\/wp\/v2\/pages\/4801\/revisions"}],"predecessor-version":[{"id":6058,"href":"https:\/\/conex-casting.com\/fr\/wp-json\/wp\/v2\/pages\/4801\/revisions\/6058"}],"wp:attachment":[{"href":"https:\/\/conex-casting.com\/fr\/wp-json\/wp\/v2\/media?parent=4801"}],"curies":[{"name":"wp","href":"https:\/\/api.w.org\/{rel}","templated":true}]}}