{"id":4821,"date":"2021-03-10T10:51:04","date_gmt":"2021-03-10T10:51:04","guid":{"rendered":"http:\/\/conex-casting.com\/?page_id=4821"},"modified":"2021-10-23T08:26:37","modified_gmt":"2021-10-23T08:26:37","slug":"tes-de-raccords-de-tuyauterie-en-bronze","status":"publish","type":"page","link":"https:\/\/conex-casting.com\/fr\/tes-de-raccords-de-tuyauterie-en-bronze\/","title":{"rendered":"T\u00e9s de raccords de tuyauterie en bronze"},"content":{"rendered":"<p style=\"text-align: center;\"><span style=\"text-decoration: underline; font-size: 18pt; color: #800000;\"><strong>T\u00e9s de raccords de tuyauterie en bronze<\/strong><\/span><\/p>\n<p style=\"text-align: center;\"><a class=\"maxbutton-1 maxbutton maxbutton-product-page-button open-popup-modal\"><span class=\"mb-text\">Obtenez des devis en 24 heures<\/span><\/a><\/p>\n<p style=\"text-align: justify;\">Un t\u00e9, le raccord de tuyauterie le plus courant, est utilis\u00e9 pour combiner (ou diviser) le d\u00e9bit fluide \/ eau. Il est disponible en 3 ouvertures. Ils peuvent \u00eatre filet\u00e9s m\u00e2les ou femelles.<\/p>\n<table style=\"border-collapse: collapse; width: 100%;\" border=\"0\">\n<tbody>\n<tr>\n<td style=\"width: 50%;\"><img loading=\"lazy\" decoding=\"async\" class=\"aligncenter wp-image-4824 size-full\" title=\"Bronze Pipe Fittings Tees\" src=\"http:\/\/conex-casting.com\/wp-content\/uploads\/2019\/02\/Bronze-Pipe-Fittings-Tees-002.jpg\" alt=\"Bronze Pipe Fittings Tees\" width=\"300\" height=\"300\" srcset=\"https:\/\/conex-casting.com\/wp-content\/uploads\/2019\/02\/Bronze-Pipe-Fittings-Tees-002.jpg 300w, https:\/\/conex-casting.com\/wp-content\/uploads\/2019\/02\/Bronze-Pipe-Fittings-Tees-002-150x150.jpg 150w\" sizes=\"auto, (max-width: 300px) 100vw, 300px\" \/><\/td>\n<td style=\"width: 50%;\"><img loading=\"lazy\" decoding=\"async\" class=\"aligncenter wp-image-4823 size-full\" title=\"Bronze Pipe Fittings Tees\" src=\"http:\/\/conex-casting.com\/wp-content\/uploads\/2019\/02\/Bronze-Pipe-Fittings-Tees-001.jpg\" alt=\"Bronze Pipe Fittings Tees\" width=\"300\" height=\"300\" srcset=\"https:\/\/conex-casting.com\/wp-content\/uploads\/2019\/02\/Bronze-Pipe-Fittings-Tees-001.jpg 300w, https:\/\/conex-casting.com\/wp-content\/uploads\/2019\/02\/Bronze-Pipe-Fittings-Tees-001-150x150.jpg 150w\" sizes=\"auto, (max-width: 300px) 100vw, 300px\" \/><\/td>\n<\/tr>\n<\/tbody>\n<\/table>\n","protected":false},"excerpt":{"rendered":"<p>T\u00e9s de raccords de tuyauterie en bronze Obtenez des devis en 24 heures Un t\u00e9, le raccord de tuyauterie le plus courant, est utilis\u00e9 pour combiner (ou diviser) le d\u00e9bit fluide \/ eau. Il est disponible en 3 ouvertures. Ils peuvent \u00eatre filet\u00e9s m\u00e2les ou femelles.<\/p>\n","protected":false},"author":1,"featured_media":0,"parent":0,"menu_order":0,"comment_status":"closed","ping_status":"closed","template":"","meta":{"_joinchat":[],"footnotes":""},"class_list":["post-4821","page","type-page","status-publish","hentry"],"_links":{"self":[{"href":"https:\/\/conex-casting.com\/fr\/wp-json\/wp\/v2\/pages\/4821","targetHints":{"allow":["GET"]}}],"collection":[{"href":"https:\/\/conex-casting.com\/fr\/wp-json\/wp\/v2\/pages"}],"about":[{"href":"https:\/\/conex-casting.com\/fr\/wp-json\/wp\/v2\/types\/page"}],"author":[{"embeddable":true,"href":"https:\/\/conex-casting.com\/fr\/wp-json\/wp\/v2\/users\/1"}],"replies":[{"embeddable":true,"href":"https:\/\/conex-casting.com\/fr\/wp-json\/wp\/v2\/comments?post=4821"}],"version-history":[{"count":3,"href":"https:\/\/conex-casting.com\/fr\/wp-json\/wp\/v2\/pages\/4821\/revisions"}],"predecessor-version":[{"id":6249,"href":"https:\/\/conex-casting.com\/fr\/wp-json\/wp\/v2\/pages\/4821\/revisions\/6249"}],"wp:attachment":[{"href":"https:\/\/conex-casting.com\/fr\/wp-json\/wp\/v2\/media?parent=4821"}],"curies":[{"name":"wp","href":"https:\/\/api.w.org\/{rel}","templated":true}]}}