{"id":4826,"date":"2021-03-10T10:53:49","date_gmt":"2021-03-10T10:53:49","guid":{"rendered":"http:\/\/conex-casting.com\/?page_id=4826"},"modified":"2021-03-10T10:53:49","modified_gmt":"2021-03-10T10:53:49","slug":"brides-de-pompe-en-bronze","status":"publish","type":"page","link":"https:\/\/conex-casting.com\/fr\/brides-de-pompe-en-bronze\/","title":{"rendered":"Brides de pompe en bronze"},"content":{"rendered":"<p style=\"text-align: center;\"><span style=\"text-decoration: underline; color: #800000;\"><span style=\"font-size: 18pt;\"><strong>Brides de pompe en bronze<\/strong><\/span><\/span><\/p>\n<p style=\"text-align: justify;\">Les dimensions de la bride de pompe en bronze sont conformes aux normes ASME B16.24 et sont disponibles en 1 \u201d, 1 \u00bc\u201d, 1 \u00bd \u201d, 2\u201d, 3 \u201d, 4\u201d, 6 \u201det 8\u201d. Toutes les brides ont des filetages NPT, NPS. Nous pouvons \u00e9galement proposer nos brides de pompe en bronze en filetage BSP \/ m\u00e9trique.<\/p>\n<p style=\"text-align: justify;\">Nos brides de pompe en bronze sont disponibles en version sans plomb et avec des variantes de plomb. Les brides de pompe en bronze sont g\u00e9n\u00e9ralement vendues en kits de 2.<\/p>\n<ul>\n<li>Caract\u00e9ristiques: Fabriqu\u00e9 \u00e0 partir de moulage en bronze de haute qualit\u00e9 et usin\u00e9 CNC<\/li>\n<li>Les threads sont v\u00e9rifi\u00e9s avec les jauges go et not go<\/li>\n<li>Ces brides de tuyau s&rsquo;adapteront \u00e0 tous les circulateurs en bronze<\/li>\n<\/ul>\n<table style=\"border-collapse: collapse; width: 100%;\" border=\"0\">\n<tbody>\n<tr>\n<td style=\"width: 50%;\"><img loading=\"lazy\" decoding=\"async\" class=\"aligncenter wp-image-4830 size-full\" title=\"Bronze Pump Flanges\" src=\"http:\/\/conex-casting.com\/wp-content\/uploads\/2019\/02\/Bronze-Pump-Flanges-003.jpg\" alt=\"Bronze Pump Flanges\" width=\"300\" height=\"300\" srcset=\"https:\/\/conex-casting.com\/wp-content\/uploads\/2019\/02\/Bronze-Pump-Flanges-003.jpg 300w, https:\/\/conex-casting.com\/wp-content\/uploads\/2019\/02\/Bronze-Pump-Flanges-003-150x150.jpg 150w\" sizes=\"auto, (max-width: 300px) 100vw, 300px\" \/><\/td>\n<td style=\"width: 50%;\"><img loading=\"lazy\" decoding=\"async\" class=\"aligncenter wp-image-4829 size-full\" title=\"Bronze Pump Flanges\" src=\"http:\/\/conex-casting.com\/wp-content\/uploads\/2019\/02\/Bronze-Pump-Flanges-001.jpg\" alt=\"Bronze Pump Flanges\" width=\"300\" height=\"300\" srcset=\"https:\/\/conex-casting.com\/wp-content\/uploads\/2019\/02\/Bronze-Pump-Flanges-001.jpg 300w, https:\/\/conex-casting.com\/wp-content\/uploads\/2019\/02\/Bronze-Pump-Flanges-001-150x150.jpg 150w\" sizes=\"auto, (max-width: 300px) 100vw, 300px\" \/><\/td>\n<\/tr>\n<\/tbody>\n<\/table>\n","protected":false},"excerpt":{"rendered":"<p>Brides de pompe en bronze Les dimensions de la bride de pompe en bronze sont conformes aux normes ASME B16.24 et sont disponibles en 1 \u201d, 1 \u00bc\u201d, 1 \u00bd \u201d, 2\u201d, 3 \u201d, 4\u201d, 6 \u201det 8\u201d. Toutes les brides ont des filetages NPT, NPS. Nous pouvons \u00e9galement proposer nos brides de pompe en [&hellip;]<\/p>\n","protected":false},"author":1,"featured_media":0,"parent":0,"menu_order":0,"comment_status":"closed","ping_status":"closed","template":"","meta":{"_joinchat":[],"footnotes":""},"class_list":["post-4826","page","type-page","status-publish","hentry"],"_links":{"self":[{"href":"https:\/\/conex-casting.com\/fr\/wp-json\/wp\/v2\/pages\/4826","targetHints":{"allow":["GET"]}}],"collection":[{"href":"https:\/\/conex-casting.com\/fr\/wp-json\/wp\/v2\/pages"}],"about":[{"href":"https:\/\/conex-casting.com\/fr\/wp-json\/wp\/v2\/types\/page"}],"author":[{"embeddable":true,"href":"https:\/\/conex-casting.com\/fr\/wp-json\/wp\/v2\/users\/1"}],"replies":[{"embeddable":true,"href":"https:\/\/conex-casting.com\/fr\/wp-json\/wp\/v2\/comments?post=4826"}],"version-history":[{"count":2,"href":"https:\/\/conex-casting.com\/fr\/wp-json\/wp\/v2\/pages\/4826\/revisions"}],"predecessor-version":[{"id":4828,"href":"https:\/\/conex-casting.com\/fr\/wp-json\/wp\/v2\/pages\/4826\/revisions\/4828"}],"wp:attachment":[{"href":"https:\/\/conex-casting.com\/fr\/wp-json\/wp\/v2\/media?parent=4826"}],"curies":[{"name":"wp","href":"https:\/\/api.w.org\/{rel}","templated":true}]}}