{"id":4835,"date":"2021-03-10T11:15:20","date_gmt":"2021-03-10T11:15:20","guid":{"rendered":"http:\/\/conex-casting.com\/?page_id=4835"},"modified":"2021-10-23T08:26:08","modified_gmt":"2021-10-23T08:26:08","slug":"raccords-de-coque-marine-a-peau-de-bronze","status":"publish","type":"page","link":"https:\/\/conex-casting.com\/fr\/raccords-de-coque-marine-a-peau-de-bronze\/","title":{"rendered":"Raccords de coque marine \u00e0 peau de bronze"},"content":{"rendered":"<p style=\"text-align: center;\"><strong><span style=\"text-decoration: underline; color: #800000;\"><span style=\"font-size: 18pt;\">Raccords de coque marine \u00e0 peau de bronze<\/span><\/span><\/strong><\/p>\n<p style=\"text-align: center;\"><a class=\"maxbutton-1 maxbutton maxbutton-product-page-button open-popup-modal\"><span class=\"mb-text\">Obtenez des devis en 24 heures<\/span><\/a><\/p>\n<table style=\"border-collapse: collapse; width: 100%;\" border=\"0\">\n<tbody>\n<tr>\n<td style=\"width: 50%;\"><img loading=\"lazy\" decoding=\"async\" class=\"aligncenter wp-image-4839 size-full\" title=\"Bronze Skin Fitting Marine Hull Fittings\" src=\"http:\/\/conex-casting.com\/wp-content\/uploads\/2019\/02\/Bronze-Skin-Fitting-Marine-Hull-Fittings-01.jpg\" alt=\"Bronze Skin Fitting Marine Hull Fittings-01\" width=\"300\" height=\"300\" srcset=\"https:\/\/conex-casting.com\/wp-content\/uploads\/2019\/02\/Bronze-Skin-Fitting-Marine-Hull-Fittings-01.jpg 350w, https:\/\/conex-casting.com\/wp-content\/uploads\/2019\/02\/Bronze-Skin-Fitting-Marine-Hull-Fittings-01-150x150.jpg 150w, https:\/\/conex-casting.com\/wp-content\/uploads\/2019\/02\/Bronze-Skin-Fitting-Marine-Hull-Fittings-01-300x300.jpg 300w\" sizes=\"auto, (max-width: 300px) 100vw, 300px\" \/><\/td>\n<td style=\"width: 50%;\"><img loading=\"lazy\" decoding=\"async\" class=\"aligncenter wp-image-4838 size-full\" title=\"Bronze Skin Fitting Marine Hull Fittings\" src=\"http:\/\/conex-casting.com\/wp-content\/uploads\/2019\/02\/Bronze-Skin-Fitting-Marine-Hull-Fittings-02.jpg\" alt=\"Bronze Skin Fitting Marine Hull Fittings\" width=\"300\" height=\"300\" srcset=\"https:\/\/conex-casting.com\/wp-content\/uploads\/2019\/02\/Bronze-Skin-Fitting-Marine-Hull-Fittings-02.jpg 350w, https:\/\/conex-casting.com\/wp-content\/uploads\/2019\/02\/Bronze-Skin-Fitting-Marine-Hull-Fittings-02-150x150.jpg 150w, https:\/\/conex-casting.com\/wp-content\/uploads\/2019\/02\/Bronze-Skin-Fitting-Marine-Hull-Fittings-02-300x300.jpg 300w\" sizes=\"auto, (max-width: 300px) 100vw, 300px\" \/><\/td>\n<\/tr>\n<\/tbody>\n<\/table>\n<p>&nbsp;<\/p>\n<table border=\"1\" width=\"500\">\n<tbody>\n<tr bgcolor=\"717e94\">\n<td><span style=\"color: #ffffff;\"><strong>No de pi\u00e8ce.<\/strong><\/span><\/td>\n<td><span style=\"color: #ffffff;\"><strong>Taille de filetage BSP<\/strong><\/span><\/td>\n<td><span style=\"color: #ffffff;\"><strong>\u00c0 l&rsquo;int\u00e9rieur Dia in MM<\/strong><\/span><\/td>\n<\/tr>\n<tr>\n<td>CONHULL1<\/td>\n<td>1\/2&Prime;<\/td>\n<td>13mm<\/td>\n<\/tr>\n<tr bgcolor=\"eeeeee\">\n<td>CONHULL2<\/td>\n<td>3\/4&Prime;<\/td>\n<td>19mm<\/td>\n<\/tr>\n<tr>\n<td>CONHULL3<\/td>\n<td>1&Prime;<\/td>\n<td>25mm<\/td>\n<\/tr>\n<tr bgcolor=\"eeeeee\">\n<td>CONHULL4<\/td>\n<td>11\/4&Prime;<\/td>\n<td>32mm<\/td>\n<\/tr>\n<tr>\n<td>CONHULL5<\/td>\n<td>11\/2&Prime;<\/td>\n<td>38mm<\/td>\n<\/tr>\n<tr bgcolor=\"eeeeee\">\n<td>CONHULL6<\/td>\n<td>2&Prime;<\/td>\n<td>50mm<\/td>\n<\/tr>\n<\/tbody>\n<\/table>\n<ul>\n<li>Traversant la coque moul\u00e9e en bronze, avec des pattes internes pour faciliter la fixation.<\/li>\n<li>Nos raccords de coque en bronze et nos raccords Huill pour une utilisation marine sont livr\u00e9s avec des \u00e9crous de blocage et des rondelles en bronze.<\/li>\n<li>BSP threaded<\/li>\n<li>Les raccords de peau de coque bronze bronze peuvent \u00e9galement \u00eatre livr\u00e9s avec un placage chrom\u00e9<\/li>\n<\/ul>\n","protected":false},"excerpt":{"rendered":"<p>Raccords de coque marine \u00e0 peau de bronze Obtenez des devis en 24 heures &nbsp; No de pi\u00e8ce. Taille de filetage BSP \u00c0 l&rsquo;int\u00e9rieur Dia in MM CONHULL1 1\/2&Prime; 13mm CONHULL2 3\/4&Prime; 19mm CONHULL3 1&Prime; 25mm CONHULL4 11\/4&Prime; 32mm CONHULL5 11\/2&Prime; 38mm CONHULL6 2&Prime; 50mm Traversant la coque moul\u00e9e en bronze, avec des pattes internes [&hellip;]<\/p>\n","protected":false},"author":1,"featured_media":0,"parent":0,"menu_order":0,"comment_status":"closed","ping_status":"closed","template":"","meta":{"_joinchat":[],"footnotes":""},"class_list":["post-4835","page","type-page","status-publish","hentry"],"_links":{"self":[{"href":"https:\/\/conex-casting.com\/fr\/wp-json\/wp\/v2\/pages\/4835","targetHints":{"allow":["GET"]}}],"collection":[{"href":"https:\/\/conex-casting.com\/fr\/wp-json\/wp\/v2\/pages"}],"about":[{"href":"https:\/\/conex-casting.com\/fr\/wp-json\/wp\/v2\/types\/page"}],"author":[{"embeddable":true,"href":"https:\/\/conex-casting.com\/fr\/wp-json\/wp\/v2\/users\/1"}],"replies":[{"embeddable":true,"href":"https:\/\/conex-casting.com\/fr\/wp-json\/wp\/v2\/comments?post=4835"}],"version-history":[{"count":3,"href":"https:\/\/conex-casting.com\/fr\/wp-json\/wp\/v2\/pages\/4835\/revisions"}],"predecessor-version":[{"id":6245,"href":"https:\/\/conex-casting.com\/fr\/wp-json\/wp\/v2\/pages\/4835\/revisions\/6245"}],"wp:attachment":[{"href":"https:\/\/conex-casting.com\/fr\/wp-json\/wp\/v2\/media?parent=4835"}],"curies":[{"name":"wp","href":"https:\/\/api.w.org\/{rel}","templated":true}]}}