{"id":4840,"date":"2021-03-10T11:24:10","date_gmt":"2021-03-10T11:24:10","guid":{"rendered":"http:\/\/conex-casting.com\/?page_id=4840"},"modified":"2021-10-23T08:24:28","modified_gmt":"2021-10-23T08:24:28","slug":"connecteurs-detau-en-bronze","status":"publish","type":"page","link":"https:\/\/conex-casting.com\/fr\/connecteurs-detau-en-bronze\/","title":{"rendered":"Connecteurs d&rsquo;\u00e9tau en bronze"},"content":{"rendered":"<p style=\"text-align: center;\"><span style=\"text-decoration: underline; color: #800000;\"><span style=\"font-size: 18pt;\"><strong>Connecteurs d&rsquo;\u00e9tau en bronze <\/strong><\/span><\/span><\/p>\n<p style=\"text-align: center;\"><a class=\"maxbutton-1 maxbutton maxbutton-product-page-button open-popup-modal\"><span class=\"mb-text\">Obtenez des devis en 24 heures<\/span><\/a><\/p>\n<p style=\"text-align: justify;\">Les pinces sont fabriqu\u00e9es en alliage de cuivre tel que C955 en utilisant un moulage de coquille pr\u00e9cis et fin. Utilis\u00e9 pour connecter des conducteurs de mise \u00e0 la terre de diff\u00e9rentes tailles, ainsi que des appareils de ligne polaire \u00e0 des conducteurs de mise \u00e0 la terre.<\/p>\n<table style=\"border-collapse: collapse; width: 100%;\" border=\"0\">\n<tbody>\n<tr>\n<td style=\"width: 50%;\"><img loading=\"lazy\" decoding=\"async\" class=\"aligncenter wp-image-1269 size-medium\" title=\"Bronze Vise Connectors\" src=\"http:\/\/conex-casting.com\/wp-content\/uploads\/2019\/02\/Bronze-Vise-Clamps-01-300x300.jpg\" alt=\"Bronze Vise Connectors\" width=\"300\" height=\"300\" srcset=\"https:\/\/conex-casting.com\/wp-content\/uploads\/2019\/02\/Bronze-Vise-Clamps-01-300x300.jpg 300w, https:\/\/conex-casting.com\/wp-content\/uploads\/2019\/02\/Bronze-Vise-Clamps-01-150x150.jpg 150w, https:\/\/conex-casting.com\/wp-content\/uploads\/2019\/02\/Bronze-Vise-Clamps-01.jpg 350w\" sizes=\"auto, (max-width: 300px) 100vw, 300px\" \/><\/td>\n<td style=\"width: 50%;\"><img loading=\"lazy\" decoding=\"async\" class=\"aligncenter wp-image-1270 size-medium\" title=\"Bronze Vise Connectors\" src=\"http:\/\/conex-casting.com\/wp-content\/uploads\/2019\/02\/Bronze-Vise-Clamps-02-300x300.jpg\" alt=\"Bronze Vise Connectors\" width=\"300\" height=\"300\" srcset=\"https:\/\/conex-casting.com\/wp-content\/uploads\/2019\/02\/Bronze-Vise-Clamps-02-300x300.jpg 300w, https:\/\/conex-casting.com\/wp-content\/uploads\/2019\/02\/Bronze-Vise-Clamps-02-150x150.jpg 150w, https:\/\/conex-casting.com\/wp-content\/uploads\/2019\/02\/Bronze-Vise-Clamps-02.jpg 350w\" sizes=\"auto, (max-width: 300px) 100vw, 300px\" \/><\/td>\n<\/tr>\n<\/tbody>\n<\/table>\n","protected":false},"excerpt":{"rendered":"<p>Connecteurs d&rsquo;\u00e9tau en bronze Obtenez des devis en 24 heures Les pinces sont fabriqu\u00e9es en alliage de cuivre tel que C955 en utilisant un moulage de coquille pr\u00e9cis et fin. Utilis\u00e9 pour connecter des conducteurs de mise \u00e0 la terre de diff\u00e9rentes tailles, ainsi que des appareils de ligne polaire \u00e0 des conducteurs de mise [&hellip;]<\/p>\n","protected":false},"author":1,"featured_media":0,"parent":0,"menu_order":0,"comment_status":"closed","ping_status":"closed","template":"","meta":{"_joinchat":[],"footnotes":""},"class_list":["post-4840","page","type-page","status-publish","hentry"],"_links":{"self":[{"href":"https:\/\/conex-casting.com\/fr\/wp-json\/wp\/v2\/pages\/4840","targetHints":{"allow":["GET"]}}],"collection":[{"href":"https:\/\/conex-casting.com\/fr\/wp-json\/wp\/v2\/pages"}],"about":[{"href":"https:\/\/conex-casting.com\/fr\/wp-json\/wp\/v2\/types\/page"}],"author":[{"embeddable":true,"href":"https:\/\/conex-casting.com\/fr\/wp-json\/wp\/v2\/users\/1"}],"replies":[{"embeddable":true,"href":"https:\/\/conex-casting.com\/fr\/wp-json\/wp\/v2\/comments?post=4840"}],"version-history":[{"count":3,"href":"https:\/\/conex-casting.com\/fr\/wp-json\/wp\/v2\/pages\/4840\/revisions"}],"predecessor-version":[{"id":6236,"href":"https:\/\/conex-casting.com\/fr\/wp-json\/wp\/v2\/pages\/4840\/revisions\/6236"}],"wp:attachment":[{"href":"https:\/\/conex-casting.com\/fr\/wp-json\/wp\/v2\/media?parent=4840"}],"curies":[{"name":"wp","href":"https:\/\/api.w.org\/{rel}","templated":true}]}}