{"id":4852,"date":"2021-03-10T19:42:05","date_gmt":"2021-03-10T19:42:05","guid":{"rendered":"http:\/\/conex-casting.com\/?page_id=4852"},"modified":"2021-03-10T19:42:05","modified_gmt":"2021-03-10T19:42:05","slug":"c83600-cda-836-alliages-de-bronze-en-laiton-rouge","status":"publish","type":"page","link":"https:\/\/conex-casting.com\/fr\/c83600-cda-836-alliages-de-bronze-en-laiton-rouge\/","title":{"rendered":"C83600 CDA 836 Alliages de bronze en laiton rouge"},"content":{"rendered":"<p style=\"text-align: center;\"><span style=\"text-decoration: underline; color: #800000;\"><span style=\"font-size: 18pt;\"><strong>C83600 \/ CDA 836 Alliages de bronze en laiton rouge<\/strong><\/span><\/span><\/p>\n<p><strong>sp\u00e9cification :<\/strong><\/p>\n<table border=\"1\" width=\"750\" cellspacing=\"0\" cellpadding=\"5\">\n<thead>\n<tr>\n<th>CDA<\/th>\n<th>ASTM<\/th>\n<th>Asarcon<\/th>\n<th>SAE<\/th>\n<th>AMS<\/th>\n<th>F\u00e9d\u00e9ral<\/th>\n<th>Militaire<\/th>\n<th>Autre<\/th>\n<\/tr>\n<\/thead>\n<tbody>\n<tr bgcolor=\"#eeeeee\">\n<td>C836<\/td>\n<td>B505<br \/>\nB505M<br \/>\nB62<br \/>\nB145-4A<\/td>\n<td>55<\/td>\n<td>40<br \/>\nJ461<br \/>\nJ462<\/td>\n<td>4855<\/td>\n<td>QQ-C-390, B5;<br \/>\nQQ-B-1005, COMP 2<\/td>\n<td>MIL-B-11553 COMP 2;<br \/>\nMIL-C-14345, ALLIAGE 1<\/td>\n<td>Once de m\u00e9tal<\/td>\n<\/tr>\n<\/tbody>\n<\/table>\n<p><strong>Composition chimique :<\/strong><\/p>\n<table border=\"1\" width=\"750\" cellspacing=\"0\" cellpadding=\"5\">\n<thead>\n<tr bgcolor=\"#eeeeee\">\n<th>Cu%<sup>1<\/sup><\/th>\n<th>Pb%<\/th>\n<th>Sn%<\/th>\n<th>Zn%<\/th>\n<th>Fe%<\/th>\n<th>P%<\/th>\n<th>Ni%<sup>2<\/sup><\/th>\n<th>Al%<\/th>\n<th>S%<\/th>\n<th>Sb%<\/th>\n<th>Si%<\/th>\n<\/tr>\n<\/thead>\n<tfoot>\n<tr bgcolor=\"#eeeeee\">\n<td colspan=\"12\">\n<div>Composition chimique selon ASTM B505\/B505M-18<\/div>\n<div><\/div>\n<div><sup>1<\/sup>Pour d\u00e9terminer Cu min., Cu peut \u00eatre calcul\u00e9 comme Cu + Ni. \u2003<sup>2<\/sup>La valeur Ni comprend Co.<\/div>\n<div>Les valeurs uniques repr\u00e9sentent les maximums.<\/div>\n<\/td>\n<\/tr>\n<\/tfoot>\n<tbody>\n<tr>\n<td>84.00-<br \/>\n86.00<\/td>\n<td>4.00-<br \/>\n6.00<\/td>\n<td>4.00-<br \/>\n6.00<\/td>\n<td>4.00-<br \/>\n6.00<\/td>\n<td>0.30<\/td>\n<td>0.05<\/td>\n<td>1.00<\/td>\n<td>0.005<\/td>\n<td>0.08<\/td>\n<td>0.25<\/td>\n<td>0.005<\/td>\n<\/tr>\n<\/tbody>\n<\/table>\n<p><strong>Usinabilit\u00e9 :<\/strong><\/p>\n<table border=\"1\" width=\"750\" cellspacing=\"0\" cellpadding=\"5\">\n<thead>\n<tr bgcolor=\"#eeeeee\">\n<th>Alliage de cuivre UNS No.<\/th>\n<th>\u00c9valuation d&rsquo;usinabilit\u00e9<\/th>\n<th>Densit\u00e9 (lb\/in<sup>3<\/sup>\u00a0at 68 \u00b0F)<\/th>\n<\/tr>\n<\/thead>\n<tbody>\n<tr>\n<td>C836<\/td>\n<td>84<\/td>\n<td>0.318<\/td>\n<\/tr>\n<\/tbody>\n<\/table>\n<p><strong>Propri\u00e9t\u00e9s m\u00e9caniques :<\/strong><\/p>\n<table border=\"1\" width=\"750\" cellspacing=\"0\" cellpadding=\"5\">\n<tfoot>\n<tr>\n<td colspan=\"12\">\n<div>Propri\u00e9t\u00e9s m\u00e9caniques selon ASTM B505\/B505M-18<\/div>\n<\/td>\n<\/tr>\n<\/tfoot>\n<thead>\n<tr bgcolor=\"#eeeeee\">\n<th colspan=\"2\">R\u00e9sistance \u00e0 la traction, min<\/th>\n<th colspan=\"2\">Limite d&rsquo;\u00e9lasticit\u00e9, \u00e0 0,5% d&rsquo;extension sous charge, min<\/th>\n<th>Allongement, en 2 po ou 50 mm min<\/th>\n<th>Duret\u00e9 Brinell<br \/>\n(500 kg charge)<\/th>\n<th>Remarques<\/th>\n<\/tr>\n<tr>\n<th>ksi<\/th>\n<th>MPa<\/th>\n<th>ksi<\/th>\n<th>MPa<\/th>\n<th>%<\/th>\n<th>typique BHN<\/th>\n<th><\/th>\n<\/tr>\n<\/thead>\n<tbody>\n<tr bgcolor=\"#eeeeee\">\n<td>36<\/td>\n<td>248<\/td>\n<td>19<\/td>\n<td>131<\/td>\n<td>15<\/td>\n<td>60<\/td>\n<td><\/td>\n<\/tr>\n<\/tbody>\n<\/table>\n<p><strong>Propri\u00e9t\u00e9s physiques :<\/strong><\/p>\n<table border=\"1\" width=\"750\" cellspacing=\"0\" cellpadding=\"5\">\n<tfoot>\n<tr>\n<td colspan=\"12\">\n<div>Propri\u00e9t\u00e9s physiques fournies par CDA<\/div>\n<\/td>\n<\/tr>\n<\/tfoot>\n<thead>\n<tr bgcolor=\"#eeeeee\">\n<th><\/th>\n<th>US Coutumi\u00e8re<\/th>\n<th>M\u00e9trique<\/th>\n<\/tr>\n<\/thead>\n<tbody>\n<tr>\n<td><strong>Point de fusion &#8211; Liquidus<\/strong><\/td>\n<td>1850 \u00b0F<\/td>\n<td>1010 \u00b0C<\/td>\n<\/tr>\n<tr bgcolor=\"#eeeeee\">\n<td><strong>Point de fusion &#8211; Solidus<\/strong><\/td>\n<td>1570 \u00b0F<\/td>\n<td>854 \u00b0C<\/td>\n<\/tr>\n<tr>\n<td><strong>Densit\u00e9<\/strong><\/td>\n<td>0.318 lb\/in<sup>3<\/sup>\u00a0at 68 \u00b0F<\/td>\n<td>8.83 gm\/cm<sup>3<\/sup>\u00a0at 20 \u00b0C<\/td>\n<\/tr>\n<tr bgcolor=\"#eeeeee\">\n<td><strong>Gravit\u00e9 sp\u00e9cifique<\/strong><\/td>\n<td>8.83<\/td>\n<td>8.83<\/td>\n<\/tr>\n<tr>\n<td><strong>Conductivit\u00e9 \u00e9lectrique<\/strong><\/td>\n<td>15% IACS at 68 \u00b0F<\/td>\n<td>0.087 MegaSiemens\/cm at 20 \u00b0C<\/td>\n<\/tr>\n<tr bgcolor=\"#eeeeee\">\n<td><strong>Conductivit\u00e9 thermique<\/strong><\/td>\n<td>41.6 BtuBtu\/sq ft\/ft hr\/\u00b0F at 68 \u00b0F<\/td>\n<td>72 W\/m at 20 \u00b0C<\/td>\n<\/tr>\n<tr>\n<td><strong>Coefficient de dilatation thermique 68-392<\/strong><\/td>\n<td>10 \u00b7 10<sup>-6\u00a0<\/sup>per \u00b0F (68-392 \u00b0F)<\/td>\n<td>17.3 \u00b7 10<sup>-6<\/sup>\u00a0per \u00b0C (20-200 \u00b0C)<\/td>\n<\/tr>\n<tr bgcolor=\"#eeeeee\">\n<td><strong>La capacit\u00e9 thermique sp\u00e9cifique<\/strong><\/td>\n<td>0.09 Btu\/lb\/\u00b0F at 68 \u00b0F<\/td>\n<td>377.1 J\/kg at 293 \u00b0C<\/td>\n<\/tr>\n<tr>\n<td><strong>Module d&rsquo;\u00e9lasticit\u00e9 en tension<\/strong><\/td>\n<td>13500 ksi<\/td>\n<td>93100 MPa<\/td>\n<\/tr>\n<tr bgcolor=\"#eeeeee\">\n<td><strong>Perm\u00e9abilit\u00e9 magn\u00e9tique<\/strong><\/td>\n<td>1<\/td>\n<td>1<\/td>\n<\/tr>\n<\/tbody>\n<\/table>\n<p><strong>Propri\u00e9t\u00e9s de fabrication :<\/strong><\/p>\n<table border=\"1\" width=\"750\" cellspacing=\"0\" cellpadding=\"5\">\n<tfoot>\n<tr>\n<td colspan=\"12\">\n<div>Propri\u00e9t\u00e9s de fabrication fournies par CDA<\/div>\n<\/td>\n<\/tr>\n<\/tfoot>\n<thead>\n<tr bgcolor=\"#eeeeee\">\n<th>Technique de jonction<\/th>\n<th>Pertinence<\/th>\n<\/tr>\n<\/thead>\n<tbody>\n<tr>\n<td><strong>Soudure<\/strong><\/td>\n<td>Excellent<\/td>\n<\/tr>\n<tr bgcolor=\"#eeeeee\">\n<td><strong>Brasage<\/strong><\/td>\n<td>Good<\/td>\n<\/tr>\n<tr>\n<td><strong>Soudage \u00e0 l&rsquo;oxyac\u00e9tyl\u00e8ne<\/strong><\/td>\n<td>Non recommand\u00e9<\/td>\n<\/tr>\n<tr bgcolor=\"#eeeeee\">\n<td><strong>Soudage \u00e0 l&rsquo;arc sous protection gazeuse<\/strong><\/td>\n<td>Non recommand\u00e9<\/td>\n<\/tr>\n<tr>\n<td><strong>Soudage \u00e0 l&rsquo;arc en m\u00e9tal enduit<\/strong><\/td>\n<td>Fair<\/td>\n<\/tr>\n<\/tbody>\n<\/table>\n<p>&nbsp;<\/p>\n","protected":false},"excerpt":{"rendered":"<p>C83600 \/ CDA 836 Alliages de bronze en laiton rouge sp\u00e9cification : CDA ASTM Asarcon SAE AMS F\u00e9d\u00e9ral Militaire Autre C836 B505 B505M B62 B145-4A 55 40 J461 J462 4855 QQ-C-390, B5; QQ-B-1005, COMP 2 MIL-B-11553 COMP 2; MIL-C-14345, ALLIAGE 1 Once de m\u00e9tal Composition chimique : Cu%1 Pb% Sn% Zn% Fe% P% Ni%2 Al% [&hellip;]<\/p>\n","protected":false},"author":1,"featured_media":0,"parent":0,"menu_order":0,"comment_status":"closed","ping_status":"closed","template":"","meta":{"_joinchat":[],"footnotes":""},"class_list":["post-4852","page","type-page","status-publish","hentry"],"_links":{"self":[{"href":"https:\/\/conex-casting.com\/fr\/wp-json\/wp\/v2\/pages\/4852","targetHints":{"allow":["GET"]}}],"collection":[{"href":"https:\/\/conex-casting.com\/fr\/wp-json\/wp\/v2\/pages"}],"about":[{"href":"https:\/\/conex-casting.com\/fr\/wp-json\/wp\/v2\/types\/page"}],"author":[{"embeddable":true,"href":"https:\/\/conex-casting.com\/fr\/wp-json\/wp\/v2\/users\/1"}],"replies":[{"embeddable":true,"href":"https:\/\/conex-casting.com\/fr\/wp-json\/wp\/v2\/comments?post=4852"}],"version-history":[{"count":2,"href":"https:\/\/conex-casting.com\/fr\/wp-json\/wp\/v2\/pages\/4852\/revisions"}],"predecessor-version":[{"id":4854,"href":"https:\/\/conex-casting.com\/fr\/wp-json\/wp\/v2\/pages\/4852\/revisions\/4854"}],"wp:attachment":[{"href":"https:\/\/conex-casting.com\/fr\/wp-json\/wp\/v2\/media?parent=4852"}],"curies":[{"name":"wp","href":"https:\/\/api.w.org\/{rel}","templated":true}]}}