{"id":4855,"date":"2021-03-10T19:52:08","date_gmt":"2021-03-10T19:52:08","guid":{"rendered":"http:\/\/conex-casting.com\/?page_id=4855"},"modified":"2021-03-22T10:55:52","modified_gmt":"2021-03-22T10:55:52","slug":"c83800-cda-838-alliages-de-bronze-en-laiton-rouge","status":"publish","type":"page","link":"https:\/\/conex-casting.com\/fr\/c83800-cda-838-alliages-de-bronze-en-laiton-rouge\/","title":{"rendered":"C83800 CDA 838 Alliages de bronze en laiton rouge"},"content":{"rendered":"<p style=\"text-align: center;\"><span style=\"text-decoration: underline;\"><span style=\"color: #800000;\"><strong><span style=\"font-size: 18pt;\">C83800 \/ CDA 838 Alliages de bronze en laiton rouge<\/span><\/strong><\/span><\/span><\/p>\n<p><strong>sp\u00e9cification :<\/strong><\/p>\n<table border=\"1\" width=\"750\" cellspacing=\"0\" cellpadding=\"4\">\n<thead>\n<tr>\n<th>CDA<\/th>\n<th>ASTM<\/th>\n<th>Asarcon<\/th>\n<th>SAE<\/th>\n<th>AMS<\/th>\n<th>F\u00e9d\u00e9ral<\/th>\n<th>Militaire<\/th>\n<th>Autre<\/th>\n<\/tr>\n<\/thead>\n<tbody>\n<tr bgcolor=\"eeeeee\">\n<td>C838<\/td>\n<td>B505<br \/>\nB505M<br \/>\nB145-4B<\/td>\n<td>46<\/td>\n<td><\/td>\n<td>4855<\/td>\n<td>QQ-C-390, B4;<br \/>\nQQ-B-1005, COMP 17<\/td>\n<td><\/td>\n<td>Bronze hydraulique<\/td>\n<\/tr>\n<\/tbody>\n<\/table>\n<p><strong>Composition chimique :<\/strong><\/p>\n<table border=\"1\" width=\"750\" cellspacing=\"0\" cellpadding=\"4\">\n<thead>\n<tr>\n<th>Cu%<sup>1<\/sup><\/th>\n<th>Pb%<\/th>\n<th>Sn%<\/th>\n<th>Zn%<\/th>\n<th>Fe%<\/th>\n<th>P%<\/th>\n<th>Ni%<sup>2<\/sup><\/th>\n<th>Al%<\/th>\n<th>S%<\/th>\n<th>Sb%<\/th>\n<th>Si%<\/th>\n<\/tr>\n<\/thead>\n<tfoot>\n<tr>\n<td colspan=\"12\">\n<div>Composition chimique selon ASTM B505\/B505M-18<\/div>\n<div><\/div>\n<div><sup>1<\/sup>Pour d\u00e9terminer Cu min., Cu peut \u00eatre calcul\u00e9 comme Cu + Ni.\u00a0 <sup>2<\/sup>La valeur Ni comprend Co.<\/div>\n<div>Les valeurs uniques repr\u00e9sentent les maximums.<\/div>\n<\/td>\n<\/tr>\n<\/tfoot>\n<tbody>\n<tr bgcolor=\"eeeeee\">\n<td>82.00-<br \/>\n83.80<\/td>\n<td>5.00-<br \/>\n7.00<\/td>\n<td>3.30-<br \/>\n4.20<\/td>\n<td>5.00-<br \/>\n8.00<\/td>\n<td>0.30<\/td>\n<td>0.03<\/td>\n<td>1.00<\/td>\n<td>0.005<\/td>\n<td>0.08<\/td>\n<td>0.25<\/td>\n<td>0.005<\/td>\n<\/tr>\n<\/tbody>\n<\/table>\n<p><strong>Propri\u00e9t\u00e9s de fabrication :<\/strong><\/p>\n<table border=\"1\" width=\"750\" cellspacing=\"0\" cellpadding=\"4\">\n<tfoot>\n<tr>\n<td colspan=\"12\">\n<div>Propri\u00e9t\u00e9s de fabrication fournies par CDA<\/div>\n<\/td>\n<\/tr>\n<\/tfoot>\n<thead>\n<tr>\n<th>Technique de jonction<\/th>\n<th>Pertinence<\/th>\n<\/tr>\n<\/thead>\n<tbody>\n<tr bgcolor=\"eeeeee\">\n<td><strong>Soudure<\/strong><\/td>\n<td>Excellent<\/td>\n<\/tr>\n<tr>\n<td><strong>Brasage<\/strong><\/td>\n<td>Good<\/td>\n<\/tr>\n<tr bgcolor=\"eeeeee\">\n<td><strong>Soudage \u00e0 l&rsquo;oxyac\u00e9tyl\u00e8ne<\/strong><\/td>\n<td>Non recommand\u00e9<\/td>\n<\/tr>\n<tr>\n<td><strong>Soudage \u00e0 l&rsquo;arc sous protection gazeuse<\/strong><\/td>\n<td>Not Recommended<\/td>\n<\/tr>\n<tr bgcolor=\"eeeeee\">\n<td><strong>Soudage \u00e0 l&rsquo;arc en m\u00e9tal enduit<\/strong><\/td>\n<td>Fair<\/td>\n<\/tr>\n<\/tbody>\n<\/table>\n<p><strong>Propri\u00e9t\u00e9s m\u00e9caniques :<\/strong><\/p>\n<table border=\"1\" width=\"750\" cellspacing=\"0\" cellpadding=\"4\">\n<tfoot>\n<tr>\n<td colspan=\"12\">\n<div>Propri\u00e9t\u00e9s m\u00e9caniques selon ASTM B505\/B505M-18<\/div>\n<\/td>\n<\/tr>\n<\/tfoot>\n<thead>\n<tr>\n<th colspan=\"2\">R\u00e9sistance \u00e0 la traction, min<\/th>\n<th colspan=\"2\">Limite d&rsquo;\u00e9lasticit\u00e9, \u00e0 0,5% d&rsquo;extension sous charge, min<\/th>\n<th>Allongement, en 2 po ou 50 mm min<\/th>\n<th>Duret\u00e9 Brinell (charge de 500 kg)<\/th>\n<th>Remarques<\/th>\n<\/tr>\n<tr>\n<th>ksi<\/th>\n<th>MPa<\/th>\n<th>ksi<\/th>\n<th>MPa<\/th>\n<th>%<\/th>\n<th>typique BHN<\/th>\n<th><\/th>\n<\/tr>\n<\/thead>\n<tbody>\n<tr>\n<td>30<\/td>\n<td>207<\/td>\n<td>15<\/td>\n<td>97<\/td>\n<td>16<\/td>\n<td>60<\/td>\n<td><\/td>\n<\/tr>\n<\/tbody>\n<\/table>\n<p><strong>Propri\u00e9t\u00e9s physiques :<\/strong><\/p>\n<table border=\"1\" width=\"750\" cellspacing=\"0\" cellpadding=\"4\">\n<tfoot>\n<tr>\n<td colspan=\"12\">\n<div>Propri\u00e9t\u00e9s physiques fournies par CDA<\/div>\n<\/td>\n<\/tr>\n<\/tfoot>\n<thead>\n<tr>\n<th><\/th>\n<th>US Coutumi\u00e8re<\/th>\n<th>M\u00e9trique<\/th>\n<\/tr>\n<\/thead>\n<tbody>\n<tr bgcolor=\"eeeeee\">\n<td><strong>Point de fusion &#8211; Liquidus<\/strong><\/td>\n<td>1840 \u00b0F<\/td>\n<td>1004 \u00b0C<\/td>\n<\/tr>\n<tr>\n<td><strong>Point de fusion &#8211; Solidus<\/strong><\/td>\n<td>1550 \u00b0F<\/td>\n<td>843 \u00b0C<\/td>\n<\/tr>\n<tr bgcolor=\"eeeeee\">\n<td><strong>Densit\u00e9<\/strong><\/td>\n<td>0.312 lb\/in<sup>3<\/sup>\u00a0at 68 \u00b0F<\/td>\n<td>8.64 gm\/cm<sup>3<\/sup>\u00a0at 20 \u00b0C<\/td>\n<\/tr>\n<tr>\n<td><strong>Gravit\u00e9 sp\u00e9cifique<\/strong><\/td>\n<td>8.64<\/td>\n<td>8.64<\/td>\n<\/tr>\n<tr bgcolor=\"eeeeee\">\n<td><strong>Conductivit\u00e9 \u00e9lectrique<\/strong><\/td>\n<td>15% IACS at 68 \u00b0F<\/td>\n<td>0.087 MegaSiemens\/cm at 20 \u00b0C<\/td>\n<\/tr>\n<tr>\n<td><strong>Conductivit\u00e9 thermique<\/strong><\/td>\n<td>41.8 Btu\/sq ft\/ft hr\/\u00b0F at 68 \u00b0F<\/td>\n<td>72.4 W\/m at 20 \u00b0C<\/td>\n<\/tr>\n<tr bgcolor=\"eeeeee\">\n<td><strong>Coefficient de dilatation thermique<\/strong><\/td>\n<td>10 \u00b7 10<sup>-6<\/sup>\u00a0per \u00b0F (68-392 \u00b0F)<\/td>\n<td>17.3 \u00b7 10<sup>-6<\/sup>\u00a0per \u00b0C (20-200 \u00b0C)<\/td>\n<\/tr>\n<tr>\n<td><strong>La capacit\u00e9 thermique sp\u00e9cifique<\/strong><\/td>\n<td>0.09 Btu\/lb\/\u00b0F at 68 \u00b0F<\/td>\n<td>377.1 J\/kg at 293 \u00b0C<\/td>\n<\/tr>\n<tr bgcolor=\"eeeeee\">\n<td><strong>Module d&rsquo;\u00e9lasticit\u00e9 en tension<\/strong><\/td>\n<td>13300 ksi<\/td>\n<td>91700 MPa<\/td>\n<\/tr>\n<tr>\n<td><strong>Perm\u00e9abilit\u00e9 magn\u00e9tique<\/strong><\/td>\n<td>1<\/td>\n<td>1<\/td>\n<\/tr>\n<\/tbody>\n<\/table>\n","protected":false},"excerpt":{"rendered":"<p>C83800 \/ CDA 838 Alliages de bronze en laiton rouge sp\u00e9cification : CDA ASTM Asarcon SAE AMS F\u00e9d\u00e9ral Militaire Autre C838 B505 B505M B145-4B 46 4855 QQ-C-390, B4; QQ-B-1005, COMP 17 Bronze hydraulique Composition chimique : Cu%1 Pb% Sn% Zn% Fe% P% Ni%2 Al% S% Sb% Si% Composition chimique selon ASTM B505\/B505M-18 1Pour d\u00e9terminer Cu [&hellip;]<\/p>\n","protected":false},"author":1,"featured_media":0,"parent":0,"menu_order":0,"comment_status":"closed","ping_status":"closed","template":"","meta":{"_joinchat":[],"footnotes":""},"class_list":["post-4855","page","type-page","status-publish","hentry"],"_links":{"self":[{"href":"https:\/\/conex-casting.com\/fr\/wp-json\/wp\/v2\/pages\/4855","targetHints":{"allow":["GET"]}}],"collection":[{"href":"https:\/\/conex-casting.com\/fr\/wp-json\/wp\/v2\/pages"}],"about":[{"href":"https:\/\/conex-casting.com\/fr\/wp-json\/wp\/v2\/types\/page"}],"author":[{"embeddable":true,"href":"https:\/\/conex-casting.com\/fr\/wp-json\/wp\/v2\/users\/1"}],"replies":[{"embeddable":true,"href":"https:\/\/conex-casting.com\/fr\/wp-json\/wp\/v2\/comments?post=4855"}],"version-history":[{"count":3,"href":"https:\/\/conex-casting.com\/fr\/wp-json\/wp\/v2\/pages\/4855\/revisions"}],"predecessor-version":[{"id":5511,"href":"https:\/\/conex-casting.com\/fr\/wp-json\/wp\/v2\/pages\/4855\/revisions\/5511"}],"wp:attachment":[{"href":"https:\/\/conex-casting.com\/fr\/wp-json\/wp\/v2\/media?parent=4855"}],"curies":[{"name":"wp","href":"https:\/\/api.w.org\/{rel}","templated":true}]}}