{"id":4869,"date":"2021-03-12T10:41:13","date_gmt":"2021-03-12T10:41:13","guid":{"rendered":"http:\/\/conex-casting.com\/?page_id=4869"},"modified":"2021-03-12T10:41:13","modified_gmt":"2021-03-12T10:41:13","slug":"c85200-cda-852-alliages-de-laiton-jaune","status":"publish","type":"page","link":"https:\/\/conex-casting.com\/fr\/c85200-cda-852-alliages-de-laiton-jaune\/","title":{"rendered":"C85200 CDA 852 Alliages de laiton jaune"},"content":{"rendered":"<p style=\"text-align: center;\"><span style=\"text-decoration: underline;\"><span style=\"font-size: 18pt; color: #800000;\"><strong>C85200 \/ CDA 852 Alliages de laiton jaune<\/strong><\/span><\/span><\/p>\n<table border=\"1\" width=\"700\" cellspacing=\"0\" cellpadding=\"5\">\n<tbody>\n<tr>\n<th>Propri\u00e9t\u00e9s physiques<\/th>\n<th>Metric<\/th>\n<th><\/th>\n<\/tr>\n<tr bgcolor=\"#eeeeee\">\n<td>Densit\u00e9<\/td>\n<td>8.50\u00a0g\/cc<\/td>\n<td>0.307\u00a0lb\/in\u00b3<\/td>\n<\/tr>\n<tr>\n<td colspan=\"4\"><\/td>\n<\/tr>\n<tr>\n<th>Propri\u00e9t\u00e9s m\u00e9caniques<\/th>\n<th>Metric<\/th>\n<th><\/th>\n<\/tr>\n<tr bgcolor=\"#eeeeee\">\n<td>Duret\u00e9, Brinell<\/td>\n<td>45<\/td>\n<td>45<\/td>\n<\/tr>\n<tr>\n<td>R\u00e9sistance \u00e0 la traction, ultime<\/td>\n<td>260\u00a0MPa<\/td>\n<td>37700\u00a0psi<\/td>\n<\/tr>\n<tr bgcolor=\"#eeeeee\">\n<td>R\u00e9sistance \u00e0 la traction, rendement<\/td>\n<td>90.0\u00a0MPa<br \/>\n@Strain 0.500 %<\/td>\n<td>13100\u00a0psi<br \/>\n@Strain 0.500 %<\/td>\n<\/tr>\n<tr>\n<td>Allongement \u00e0 la rupture<\/td>\n<td>35 %<\/td>\n<td>35 %<\/td>\n<\/tr>\n<tr bgcolor=\"#eeeeee\">\n<td>Module d&rsquo;\u00e9lasticit\u00e9<\/td>\n<td>76.0\u00a0GPa<\/td>\n<td>11000\u00a0ksi<\/td>\n<\/tr>\n<tr>\n<td>Usinabilit\u00e9<\/td>\n<td>80 %<\/td>\n<td>80 %<\/td>\n<\/tr>\n<tr>\n<td colspan=\"4\"><\/td>\n<\/tr>\n<tr>\n<th>Propri\u00e9t\u00e9s \u00e9lectriques<\/th>\n<th>Metric<\/th>\n<th><\/th>\n<\/tr>\n<tr bgcolor=\"#eeeeee\">\n<td>R\u00e9sistivit\u00e9 \u00e9lectrique<\/td>\n<td>0.000009269\u00a0ohm-cm<br \/>\n@Temperature 20.0 \u00b0C<\/td>\n<td>0.000009269\u00a0ohm-cm<br \/>\n@Temperature 68.0 \u00b0F<\/td>\n<\/tr>\n<tr>\n<td>Perm\u00e9abilit\u00e9 magn\u00e9tique<\/td>\n<td>1.0<\/td>\n<td>1.0<\/td>\n<\/tr>\n<tr>\n<td colspan=\"4\"><\/td>\n<\/tr>\n<tr>\n<th>Propri\u00e9t\u00e9s thermiques<\/th>\n<th>Metric<\/th>\n<th><\/th>\n<\/tr>\n<tr bgcolor=\"#eeeeee\">\n<td>CTE, linear<\/td>\n<td>21.0\u00a0\u00b5m\/m-\u00b0C<br \/>\n@Temp\u00e9rature 20.0 &#8211; 100 \u00b0C<\/td>\n<td>11.7\u00a0\u00b5in\/in-\u00b0F<br \/>\n@Temp\u00e9rature 68.0 &#8211; 212 \u00b0F<\/td>\n<\/tr>\n<tr>\n<td>La capacit\u00e9 thermique sp\u00e9cifique<\/td>\n<td>0.380\u00a0J\/g-\u00b0C<\/td>\n<td>0.0908\u00a0BTU\/lb-\u00b0F<\/td>\n<\/tr>\n<tr bgcolor=\"#eeeeee\">\n<td>Conductivit\u00e9 thermique<\/td>\n<td>83.9\u00a0W\/m-K<br \/>\n@Temp\u00e9rature 20.0 \u00b0C<\/td>\n<td>582\u00a0BTU-in\/hr-ft\u00b2-\u00b0F<br \/>\n@Temp\u00e9rature 68.0 \u00b0F<\/td>\n<\/tr>\n<tr>\n<td>Point de fusion<\/td>\n<td>925\u00a0&#8211;\u00a0940\u00a0\u00b0C<\/td>\n<td>1700\u00a0&#8211;\u00a01720\u00a0\u00b0F<\/td>\n<\/tr>\n<tr bgcolor=\"#eeeeee\">\n<td>Solidus<\/td>\n<td>25\u00a0\u00b0C<\/td>\n<td>1700\u00a0\u00b0F<\/td>\n<\/tr>\n<tr>\n<td>Liquidus<\/td>\n<td>940\u00a0\u00b0C<\/td>\n<td>1720\u00a0\u00b0F<\/td>\n<\/tr>\n<tr bgcolor=\"#eeeeee\">\n<td>R\u00e9tr\u00e9cissement<\/td>\n<td>1.60 %<\/td>\n<td>1.60 %<\/td>\n<\/tr>\n<tr>\n<td colspan=\"4\"><\/td>\n<\/tr>\n<tr>\n<th>Propri\u00e9t\u00e9s des \u00e9l\u00e9ments de composant<\/th>\n<th>Metric<\/th>\n<th><\/th>\n<\/tr>\n<tr bgcolor=\"#eeeeee\">\n<td>Aluminum, Al<\/td>\n<td>&lt;= 0.0050 %<\/td>\n<td>&lt;= 0.0050 %<\/td>\n<\/tr>\n<tr>\n<td>Antimoine, Sb<\/td>\n<td>&lt;= 0.20 %<\/td>\n<td>&lt;= 0.20 %<\/td>\n<\/tr>\n<tr bgcolor=\"#eeeeee\">\n<td>Le cuivre, Cu<\/td>\n<td>70 &#8211; 74 %<\/td>\n<td>70 &#8211; 74 %<\/td>\n<\/tr>\n<tr>\n<td>Le fer, Fe<\/td>\n<td>&lt;= 0.60 %<\/td>\n<td>&lt;= 0.60 %<\/td>\n<\/tr>\n<tr bgcolor=\"#eeeeee\">\n<td>Mener, Pb<\/td>\n<td>1.5 &#8211; 3.8 %<\/td>\n<td>1.5 &#8211; 3.8 %<\/td>\n<\/tr>\n<tr>\n<td>Nickel, Ni<\/td>\n<td>&lt;= 1.0 %<\/td>\n<td>&lt;= 1.0 %<\/td>\n<\/tr>\n<tr bgcolor=\"#eeeeee\">\n<td>Phosphoreux, P<\/td>\n<td>&lt;= 0.020 %<\/td>\n<td>&lt;= 0.020 %<\/td>\n<\/tr>\n<tr>\n<td>Silicium, Si<\/td>\n<td>&lt;= 0.050 %<\/td>\n<td>&lt;= 0.050 %<\/td>\n<\/tr>\n<tr bgcolor=\"#eeeeee\">\n<td>Soufre, S<\/td>\n<td>&lt;= 0.050 %<\/td>\n<td>&lt;= 0.050 %<\/td>\n<\/tr>\n<tr>\n<td>\u00c9tain, Sn<\/td>\n<td>0.70 &#8211; 2.0 %<\/td>\n<td>0.70 &#8211; 2.0 %<\/td>\n<\/tr>\n<tr bgcolor=\"#eeeeee\">\n<td>Zinc, Zn<\/td>\n<td>20 &#8211; 27 %<\/td>\n<td>20 &#8211; 27 %<\/td>\n<\/tr>\n<\/tbody>\n<\/table>\n","protected":false},"excerpt":{"rendered":"<p>C85200 \/ CDA 852 Alliages de laiton jaune Propri\u00e9t\u00e9s physiques Metric Densit\u00e9 8.50\u00a0g\/cc 0.307\u00a0lb\/in\u00b3 Propri\u00e9t\u00e9s m\u00e9caniques Metric Duret\u00e9, Brinell 45 45 R\u00e9sistance \u00e0 la traction, ultime 260\u00a0MPa 37700\u00a0psi R\u00e9sistance \u00e0 la traction, rendement 90.0\u00a0MPa @Strain 0.500 % 13100\u00a0psi @Strain 0.500 % Allongement \u00e0 la rupture 35 % 35 % Module d&rsquo;\u00e9lasticit\u00e9 76.0\u00a0GPa 11000\u00a0ksi Usinabilit\u00e9 80 [&hellip;]<\/p>\n","protected":false},"author":1,"featured_media":0,"parent":0,"menu_order":0,"comment_status":"closed","ping_status":"closed","template":"","meta":{"_joinchat":[],"footnotes":""},"class_list":["post-4869","page","type-page","status-publish","hentry"],"_links":{"self":[{"href":"https:\/\/conex-casting.com\/fr\/wp-json\/wp\/v2\/pages\/4869","targetHints":{"allow":["GET"]}}],"collection":[{"href":"https:\/\/conex-casting.com\/fr\/wp-json\/wp\/v2\/pages"}],"about":[{"href":"https:\/\/conex-casting.com\/fr\/wp-json\/wp\/v2\/types\/page"}],"author":[{"embeddable":true,"href":"https:\/\/conex-casting.com\/fr\/wp-json\/wp\/v2\/users\/1"}],"replies":[{"embeddable":true,"href":"https:\/\/conex-casting.com\/fr\/wp-json\/wp\/v2\/comments?post=4869"}],"version-history":[{"count":2,"href":"https:\/\/conex-casting.com\/fr\/wp-json\/wp\/v2\/pages\/4869\/revisions"}],"predecessor-version":[{"id":4871,"href":"https:\/\/conex-casting.com\/fr\/wp-json\/wp\/v2\/pages\/4869\/revisions\/4871"}],"wp:attachment":[{"href":"https:\/\/conex-casting.com\/fr\/wp-json\/wp\/v2\/media?parent=4869"}],"curies":[{"name":"wp","href":"https:\/\/api.w.org\/{rel}","templated":true}]}}