{"id":4872,"date":"2021-03-12T10:52:14","date_gmt":"2021-03-12T10:52:14","guid":{"rendered":"http:\/\/conex-casting.com\/?page_id=4872"},"modified":"2021-03-12T10:52:14","modified_gmt":"2021-03-12T10:52:14","slug":"c85700-cda-857-alliages-de-laiton-jaune","status":"publish","type":"page","link":"https:\/\/conex-casting.com\/fr\/c85700-cda-857-alliages-de-laiton-jaune\/","title":{"rendered":"C85700 CDA 857 Alliages de laiton jaune"},"content":{"rendered":"<p style=\"text-align: center;\"><span style=\"text-decoration: underline; color: #800000;\"><strong><span style=\"font-size: 18pt;\">C85700 \/ CDA 857 Alliages de laiton jaune<\/span><\/strong><\/span><\/p>\n<p><strong>sp\u00e9cification :<\/strong><\/p>\n<table border=\"1\" width=\"750\" cellspacing=\"0\" cellpadding=\"5\">\n<thead>\n<tr bgcolor=\"#eeeeee\">\n<th>CDA<\/th>\n<th>ASTM<\/th>\n<th>Asarcon<\/th>\n<th>SAE<\/th>\n<th>AMS<\/th>\n<th>F\u00e9d\u00e9ral<\/th>\n<th>Militaire<\/th>\n<th>Autre<\/th>\n<\/tr>\n<\/thead>\n<tbody>\n<tr bgcolor=\"#eeeeee\">\n<td>C857<\/td>\n<td>B505<br \/>\nB505M<\/td>\n<td><\/td>\n<td><\/td>\n<td><\/td>\n<td>QQ-C-390, A1;<br \/>\nQQ-B-621, CLASSER A<\/td>\n<td>MIL-C-15345, ALLIAGE 3<\/td>\n<td>Laiton naval plomb\u00e9<\/td>\n<\/tr>\n<\/tbody>\n<\/table>\n<p><strong>Composition chimique :<\/strong><\/p>\n<table border=\"1\" width=\"750\" cellspacing=\"0\" cellpadding=\"5\">\n<thead>\n<tr bgcolor=\"#eeeeee\">\n<th>Cu%<sup>1<\/sup><\/th>\n<th>Pb%<\/th>\n<th>Sn%<\/th>\n<th>Zn%<\/th>\n<th>Fe%<\/th>\n<th>Ni%<sup>2<\/sup><\/th>\n<th>Al%<\/th>\n<th>Si%<\/th>\n<\/tr>\n<\/thead>\n<tfoot>\n<tr>\n<td colspan=\"12\">\n<div>Composition chimique selon ASTM B505\/B505M-18<\/div>\n<div><\/div>\n<div><sup>1<\/sup>Pour d\u00e9terminer Cu min., Cu peut \u00eatre calcul\u00e9 comme Cu + Ni. \u00a0\u00a0<sup>2<\/sup>La valeur Ni comprend Co.<\/div>\n<div>Les valeurs uniques repr\u00e9sentent les maximums.<\/div>\n<\/td>\n<\/tr>\n<\/tfoot>\n<tbody>\n<tr bgcolor=\"#eeeeee\">\n<td>58.00-<br \/>\n64.00<\/td>\n<td>0.80-<br \/>\n1.50<\/td>\n<td>0.50-<br \/>\n1.50<\/td>\n<td>32.00-<br \/>\n40.00<\/td>\n<td>0.70<\/td>\n<td>1.00<\/td>\n<td>0.80<\/td>\n<td>0.05<\/td>\n<\/tr>\n<\/tbody>\n<\/table>\n<p><strong>Usinabilit\u00e9 :<\/strong><\/p>\n<table border=\"1\" width=\"750\" cellspacing=\"0\" cellpadding=\"5\">\n<thead>\n<tr bgcolor=\"#eeeeee\">\n<th>Alliage de cuivre UNS No.<\/th>\n<th>\u00c9valuation d&rsquo;usinabilit\u00e9<\/th>\n<th>Densit\u00e9(lb\/in<sup>3<\/sup>\u00a0at 68 \u00b0F)<\/th>\n<\/tr>\n<\/thead>\n<tbody>\n<tr bgcolor=\"#eeeeee\">\n<td>C857<\/td>\n<td>80<\/td>\n<td>0.304<\/td>\n<\/tr>\n<\/tbody>\n<\/table>\n<p><strong>Propri\u00e9t\u00e9s m\u00e9caniques :<\/strong><\/p>\n<table border=\"1\" width=\"750\" cellspacing=\"0\" cellpadding=\"5\">\n<tfoot>\n<tr>\n<td colspan=\"12\">\n<div>Propri\u00e9t\u00e9s m\u00e9caniques selon ASTM B505\/B505M-18<\/div>\n<\/td>\n<\/tr>\n<\/tfoot>\n<thead>\n<tr bgcolor=\"#eeeeee\">\n<th colspan=\"2\">R\u00e9sistance \u00e0 la traction, min<\/th>\n<th colspan=\"2\">Limite d&rsquo;\u00e9lasticit\u00e9, \u00e0 0,5% d&rsquo;extension sous charge, min<\/th>\n<th>Allongement, en 2 po. ou 50mm min<\/th>\n<th>Duret\u00e9 Brinell (charge de 500 kg)<\/th>\n<th>Remarks<\/th>\n<\/tr>\n<tr>\n<th>ksi<\/th>\n<th>MPa<\/th>\n<th>ksi<\/th>\n<th>MPa<\/th>\n<th>%<\/th>\n<th>typique BHN<\/th>\n<th><\/th>\n<\/tr>\n<\/thead>\n<tbody>\n<tr bgcolor=\"#eeeeee\">\n<td>40<\/td>\n<td>276<\/td>\n<td>14<\/td>\n<td>97<\/td>\n<td>15<\/td>\n<td>75<\/td>\n<td><\/td>\n<\/tr>\n<\/tbody>\n<\/table>\n<p><strong>Propri\u00e9t\u00e9s physiques :<\/strong><\/p>\n<table border=\"1\" width=\"750\" cellspacing=\"0\" cellpadding=\"5\">\n<tfoot>\n<tr>\n<td colspan=\"12\">\n<div>Propri\u00e9t\u00e9s physiques fournies par CDA<\/div>\n<\/td>\n<\/tr>\n<\/tfoot>\n<thead>\n<tr bgcolor=\"#eeeeee\">\n<th><\/th>\n<th>US Coutumi\u00e8re<\/th>\n<th>Metric<\/th>\n<\/tr>\n<\/thead>\n<tbody>\n<tr>\n<td><strong>Point de fusion &#8211; Liquidus<\/strong><\/td>\n<td>1725 \u00b0F<\/td>\n<td>941 \u00b0C<\/td>\n<\/tr>\n<tr bgcolor=\"#eeeeee\">\n<td><strong>Point de fusion &#8211; Solidus<\/strong><\/td>\n<td>1675 \u00b0F<\/td>\n<td>913 \u00b0C<\/td>\n<\/tr>\n<tr>\n<td><strong>Densit\u00e9<\/strong><\/td>\n<td>0.304 lb\/in<sup>3<\/sup>\u00a0at 68 \u00b0F<\/td>\n<td>8.41 gm\/cm<sup>3<\/sup>\u00a0at 20 \u00b0C<\/td>\n<\/tr>\n<tr bgcolor=\"#eeeeee\">\n<td><strong>Gravit\u00e9 sp\u00e9cifique<\/strong><\/td>\n<td>8.41<\/td>\n<td>8.41<\/td>\n<\/tr>\n<tr>\n<td><strong>Conductivit\u00e9 \u00e9lectrique<\/strong><\/td>\n<td>22% IACS at 68 \u00b0F<\/td>\n<td>0.128 MegaSiemens\/cm at 20 \u00b0C<\/td>\n<\/tr>\n<tr bgcolor=\"#eeeeee\">\n<td><strong>Conductivit\u00e9 thermique<\/strong><\/td>\n<td>48.5 Btu\/sq ft\/ft hr\/\u00b0F at 68 \u00b0F<\/td>\n<td>83.9 W\/m at 20 \u00b0C<\/td>\n<\/tr>\n<tr>\n<td><strong>Coefficient de dilatation thermique 68-572<\/strong><\/td>\n<td>12 \u00b7 10<sup>-6<\/sup>\u00a0per \u00b0F (68-572 \u00b0F)<\/td>\n<td>20.7 \u00b7 10<sup>-6<\/sup>\u00a0per \u00b0C (20-300 \u00b0C)<\/td>\n<\/tr>\n<tr bgcolor=\"#eeeeee\">\n<td><strong>La capacit\u00e9 thermique sp\u00e9cifique<\/strong><\/td>\n<td>0.09 Btu\/lb\/\u00b0F at 68 \u00b0F<\/td>\n<td>377.1 J\/kg at 293 \u00b0C<\/td>\n<\/tr>\n<tr>\n<td><strong>Module d&rsquo;\u00e9lasticit\u00e9 en tension<\/strong><\/td>\n<td>14000 ksi<\/td>\n<td>87000 MPa<\/td>\n<\/tr>\n<tr bgcolor=\"#eeeeee\">\n<td><strong>Perm\u00e9abilit\u00e9 magn\u00e9tique<\/strong><\/td>\n<td>1<\/td>\n<td>1<\/td>\n<\/tr>\n<\/tbody>\n<\/table>\n<p><strong>Propri\u00e9t\u00e9s de fabrication :<\/strong><\/p>\n<table style=\"width: 100.461%; height: 168px;\" border=\"1\" width=\"750\" cellspacing=\"0\" cellpadding=\"5\">\n<tfoot>\n<tr style=\"height: 24px;\" bgcolor=\"#eeeeee\">\n<td style=\"height: 24px;\" colspan=\"12\">\n<div>Propri\u00e9t\u00e9s de fabrication fournies par CDA<\/div>\n<\/td>\n<\/tr>\n<\/tfoot>\n<thead>\n<tr style=\"height: 24px;\" bgcolor=\"#eeeeee\">\n<th style=\"height: 24px;\"><strong>Technique de jonction<\/strong><\/th>\n<th style=\"height: 24px;\"><strong>Pertinence<\/strong><\/th>\n<\/tr>\n<\/thead>\n<tbody>\n<tr style=\"height: 24px;\">\n<td style=\"height: 24px;\">Soudure<\/td>\n<td style=\"height: 24px;\">Bon<\/td>\n<\/tr>\n<tr style=\"height: 24px;\" bgcolor=\"#eeeeee\">\n<td style=\"height: 24px;\">Brasage<\/td>\n<td style=\"height: 24px;\">\u00c9quitable<\/td>\n<\/tr>\n<tr style=\"height: 24px;\">\n<td style=\"height: 24px;\">Soudage \u00e0 l&rsquo;oxyac\u00e9tyl\u00e8ne<\/td>\n<td style=\"height: 24px;\">Non recommand\u00e9<\/td>\n<\/tr>\n<tr style=\"height: 24px;\" bgcolor=\"#eeeeee\">\n<td style=\"height: 24px;\">Soudage \u00e0 l&rsquo;arc sous protection gazeuse<\/td>\n<td style=\"height: 24px;\">Not Recommended<\/td>\n<\/tr>\n<tr style=\"height: 24px;\">\n<td style=\"height: 24px;\">Soudage \u00e0 l&rsquo;arc en m\u00e9tal enduit<\/td>\n<td style=\"height: 24px;\">Non recommand\u00e9<\/td>\n<\/tr>\n<\/tbody>\n<\/table>\n","protected":false},"excerpt":{"rendered":"<p>C85700 \/ CDA 857 Alliages de laiton jaune sp\u00e9cification : CDA ASTM Asarcon SAE AMS F\u00e9d\u00e9ral Militaire Autre C857 B505 B505M QQ-C-390, A1; QQ-B-621, CLASSER A MIL-C-15345, ALLIAGE 3 Laiton naval plomb\u00e9 Composition chimique : Cu%1 Pb% Sn% Zn% Fe% Ni%2 Al% Si% Composition chimique selon ASTM B505\/B505M-18 1Pour d\u00e9terminer Cu min., Cu peut \u00eatre [&hellip;]<\/p>\n","protected":false},"author":1,"featured_media":0,"parent":0,"menu_order":0,"comment_status":"closed","ping_status":"closed","template":"","meta":{"_joinchat":[],"footnotes":""},"class_list":["post-4872","page","type-page","status-publish","hentry"],"_links":{"self":[{"href":"https:\/\/conex-casting.com\/fr\/wp-json\/wp\/v2\/pages\/4872","targetHints":{"allow":["GET"]}}],"collection":[{"href":"https:\/\/conex-casting.com\/fr\/wp-json\/wp\/v2\/pages"}],"about":[{"href":"https:\/\/conex-casting.com\/fr\/wp-json\/wp\/v2\/types\/page"}],"author":[{"embeddable":true,"href":"https:\/\/conex-casting.com\/fr\/wp-json\/wp\/v2\/users\/1"}],"replies":[{"embeddable":true,"href":"https:\/\/conex-casting.com\/fr\/wp-json\/wp\/v2\/comments?post=4872"}],"version-history":[{"count":2,"href":"https:\/\/conex-casting.com\/fr\/wp-json\/wp\/v2\/pages\/4872\/revisions"}],"predecessor-version":[{"id":4874,"href":"https:\/\/conex-casting.com\/fr\/wp-json\/wp\/v2\/pages\/4872\/revisions\/4874"}],"wp:attachment":[{"href":"https:\/\/conex-casting.com\/fr\/wp-json\/wp\/v2\/media?parent=4872"}],"curies":[{"name":"wp","href":"https:\/\/api.w.org\/{rel}","templated":true}]}}