{"id":4875,"date":"2021-03-12T10:59:49","date_gmt":"2021-03-12T10:59:49","guid":{"rendered":"http:\/\/conex-casting.com\/?page_id=4875"},"modified":"2021-03-12T10:59:49","modified_gmt":"2021-03-12T10:59:49","slug":"c86200-cda-862-alliages-de-bronze-au-manganese","status":"publish","type":"page","link":"https:\/\/conex-casting.com\/fr\/c86200-cda-862-alliages-de-bronze-au-manganese\/","title":{"rendered":"C86200 CDA 862 Alliages de bronze au mangan\u00e8se"},"content":{"rendered":"<p style=\"text-align: center;\"><span style=\"text-decoration: underline; font-size: 18pt; color: #800000;\"><strong>C86200 \/ CDA 862 Alliages de bronze au mangan\u00e8se<\/strong><\/span><\/p>\n<p><strong>sp\u00e9cification :<\/strong><\/p>\n<table border=\"1\" width=\"750\" cellspacing=\"0\" cellpadding=\"5\">\n<thead>\n<tr>\n<th>CDA<\/th>\n<th>ASTM<\/th>\n<th>ASARCON<\/th>\n<th>SAE<\/th>\n<th>AMS<\/th>\n<th>F\u00e9d\u00e9ral<\/th>\n<th>Militaire<\/th>\n<th>Autre<\/th>\n<\/tr>\n<\/thead>\n<tbody>\n<tr bgcolor=\"#eeeeee\">\n<td>C862<\/td>\n<td>B505<br \/>\nB505M<\/td>\n<td><\/td>\n<td>430A<br \/>\nJ461<br \/>\nJ462<\/td>\n<td><\/td>\n<td>QQ-C-390, C4;<br \/>\nQQ-B-726, CLASSER B<\/td>\n<td>MIL-C-22229, COMP 9<\/td>\n<td><\/td>\n<\/tr>\n<\/tbody>\n<\/table>\n<p><strong>Composition chimique :<\/strong><\/p>\n<table border=\"1\" width=\"750\" cellspacing=\"0\" cellpadding=\"5\">\n<thead>\n<tr>\n<th>Cu%<sup>1<\/sup><\/th>\n<th>Pb%<\/th>\n<th>Sn%<\/th>\n<th>Zn%<\/th>\n<th>Fe%<\/th>\n<th>Ni%<sup>2<\/sup><\/th>\n<th>Al%<\/th>\n<th>Mn%<\/th>\n<\/tr>\n<\/thead>\n<tfoot>\n<tr>\n<td colspan=\"12\">\n<div>Composition chimique selon ASTM B505\/B505M-18<\/div>\n<div><\/div>\n<div><sup>1<\/sup>Pour d\u00e9terminer Cu min., Cu peut \u00eatre calcul\u00e9 comme Cu + Ni.\u00a0\u00a0<sup>2<\/sup>La valeur Ni comprend Co.<\/div>\n<div>Les valeurs uniques repr\u00e9sentent les maximums.<\/div>\n<\/td>\n<\/tr>\n<\/tfoot>\n<tbody>\n<tr bgcolor=\"#eeeeee\">\n<td>60.00-<br \/>\n66.00<\/td>\n<td>0.20<\/td>\n<td>0.20<\/td>\n<td>22.00-<br \/>\n28.00<\/td>\n<td>2.00-<br \/>\n4.00<\/td>\n<td>1.00<\/td>\n<td>3.00-<br \/>\n4.90<\/td>\n<td>2.50-<br \/>\n5.00<\/td>\n<\/tr>\n<\/tbody>\n<\/table>\n<p><strong>Usinabilit\u00e9 :<\/strong><\/p>\n<table border=\"1\" width=\"750\" cellspacing=\"0\" cellpadding=\"5\">\n<thead>\n<tr>\n<th>Alliage de cuivre UNS No.<\/th>\n<th>\u00c9valuation d&rsquo;usinabilit\u00e9<\/th>\n<th>Densit\u00e9 (lb\/in<sup>3<\/sup>\u00a0at 68 \u00b0F)<\/th>\n<\/tr>\n<\/thead>\n<tbody>\n<tr bgcolor=\"#eeeeee\">\n<td>C862<\/td>\n<td>30<\/td>\n<td>0.288<\/td>\n<\/tr>\n<\/tbody>\n<\/table>\n<p><strong>Propri\u00e9t\u00e9s m\u00e9caniques :<\/strong><\/p>\n<table border=\"1\" width=\"750\" cellspacing=\"0\" cellpadding=\"5\">\n<tfoot>\n<tr>\n<td colspan=\"12\">\n<div>Propri\u00e9t\u00e9s m\u00e9caniques selon ASTM B505\/B505M-18<\/div>\n<\/td>\n<\/tr>\n<\/tfoot>\n<thead>\n<tr>\n<th colspan=\"2\">R\u00e9sistance \u00e0 la traction, min<\/th>\n<th colspan=\"2\">Limite d&rsquo;\u00e9lasticit\u00e9, \u00e0 0,5% d&rsquo;extension sous charge, min<\/th>\n<th>Allongement, en 2 po. ou 50mm min<\/th>\n<th>Duret\u00e9 Brinell (charge de 3000 kg)<\/th>\n<th>Remarques<\/th>\n<\/tr>\n<tr>\n<th>ksi<\/th>\n<th>MPa<\/th>\n<th>ksi<\/th>\n<th>MPa<\/th>\n<th>%<\/th>\n<th>typique BHN<\/th>\n<th><\/th>\n<\/tr>\n<\/thead>\n<tbody>\n<tr bgcolor=\"#eeeeee\">\n<td>90<\/td>\n<td>621<\/td>\n<td>45<\/td>\n<td>310<\/td>\n<td>18<\/td>\n<td>180<\/td>\n<td><\/td>\n<\/tr>\n<\/tbody>\n<\/table>\n<p><strong>Propri\u00e9t\u00e9s physiques :<\/strong><\/p>\n<table border=\"1\" width=\"750\" cellspacing=\"0\" cellpadding=\"5\">\n<tfoot>\n<tr>\n<td colspan=\"12\">\n<div>Propri\u00e9t\u00e9s physiques fournies par CDA\u2003*\u00a0Force du champ 16 kA\/m<\/div>\n<\/td>\n<\/tr>\n<\/tfoot>\n<thead>\n<tr>\n<th><\/th>\n<th>US Coutumi\u00e8re<\/th>\n<th>Metric<\/th>\n<\/tr>\n<\/thead>\n<tbody>\n<tr>\n<td><strong>Point de fusion &#8211; Liquidus<\/strong><\/td>\n<td>1725 \u00b0F<\/td>\n<td>941 \u00b0C<\/td>\n<\/tr>\n<tr>\n<td><strong>Point de fusion &#8211; Solidus<\/strong><\/td>\n<td>1650 \u00b0F<\/td>\n<td>899 \u00b0C<\/td>\n<\/tr>\n<tr>\n<td><strong>Densit\u00e9<\/strong><\/td>\n<td>0.288 lb\/in<sup>3<\/sup>\u00a0at 68 \u00b0F<\/td>\n<td>7.97 gm\/cm<sup>3<\/sup>\u00a0at 20 \u00b0C<\/td>\n<\/tr>\n<tr>\n<td><strong>Gravit\u00e9 sp\u00e9cifique<\/strong><\/td>\n<td>7.97<\/td>\n<td>7.97<\/td>\n<\/tr>\n<tr>\n<td><strong>Conductivit\u00e9 \u00e9lectrique<\/strong><\/td>\n<td>8% IACS at 68 \u00b0F<\/td>\n<td>0.044 MegaSiemens\/cm at 20 \u00b0C<\/td>\n<\/tr>\n<tr>\n<td><strong>Conductivit\u00e9 thermique<\/strong><\/td>\n<td>20.5 Btu\/sq ft\/ft hr\/\u00b0F at 68 \u00b0F<\/td>\n<td>35.5 W\/m at 20 \u00b0C<\/td>\n<\/tr>\n<tr>\n<td><strong>Coefficient de dilatation thermique 68-572<\/strong><\/td>\n<td>12 \u00b7 10<sup>-6<\/sup>\u00a0per \u00b0F (68-572 \u00b0F)<\/td>\n<td>20.7 \u00b7 10<sup>-6<\/sup>\u00a0per \u00b0C (20-300 \u00b0C)<\/td>\n<\/tr>\n<tr>\n<td><strong>La capacit\u00e9 thermique sp\u00e9cifique<\/strong><\/td>\n<td>0.09 Btu\/lb\/\u00b0F at 68 \u00b0F<\/td>\n<td>377.1 J\/kg at 293 \u00b0C<\/td>\n<\/tr>\n<tr>\n<td><strong>Module d&rsquo;\u00e9lasticit\u00e9 en tension<\/strong><\/td>\n<td>15000 ksi<\/td>\n<td>103400 MPa<\/td>\n<\/tr>\n<tr>\n<td><strong>Perm\u00e9abilit\u00e9 magn\u00e9tique*<\/strong><\/td>\n<td>1.24<\/td>\n<\/tr>\n<\/tbody>\n<\/table>\n","protected":false},"excerpt":{"rendered":"<p>C86200 \/ CDA 862 Alliages de bronze au mangan\u00e8se sp\u00e9cification : CDA ASTM ASARCON SAE AMS F\u00e9d\u00e9ral Militaire Autre C862 B505 B505M 430A J461 J462 QQ-C-390, C4; QQ-B-726, CLASSER B MIL-C-22229, COMP 9 Composition chimique : Cu%1 Pb% Sn% Zn% Fe% Ni%2 Al% Mn% Composition chimique selon ASTM B505\/B505M-18 1Pour d\u00e9terminer Cu min., Cu peut [&hellip;]<\/p>\n","protected":false},"author":1,"featured_media":0,"parent":0,"menu_order":0,"comment_status":"closed","ping_status":"closed","template":"","meta":{"_joinchat":[],"footnotes":""},"class_list":["post-4875","page","type-page","status-publish","hentry"],"_links":{"self":[{"href":"https:\/\/conex-casting.com\/fr\/wp-json\/wp\/v2\/pages\/4875","targetHints":{"allow":["GET"]}}],"collection":[{"href":"https:\/\/conex-casting.com\/fr\/wp-json\/wp\/v2\/pages"}],"about":[{"href":"https:\/\/conex-casting.com\/fr\/wp-json\/wp\/v2\/types\/page"}],"author":[{"embeddable":true,"href":"https:\/\/conex-casting.com\/fr\/wp-json\/wp\/v2\/users\/1"}],"replies":[{"embeddable":true,"href":"https:\/\/conex-casting.com\/fr\/wp-json\/wp\/v2\/comments?post=4875"}],"version-history":[{"count":2,"href":"https:\/\/conex-casting.com\/fr\/wp-json\/wp\/v2\/pages\/4875\/revisions"}],"predecessor-version":[{"id":4878,"href":"https:\/\/conex-casting.com\/fr\/wp-json\/wp\/v2\/pages\/4875\/revisions\/4878"}],"wp:attachment":[{"href":"https:\/\/conex-casting.com\/fr\/wp-json\/wp\/v2\/media?parent=4875"}],"curies":[{"name":"wp","href":"https:\/\/api.w.org\/{rel}","templated":true}]}}