{"id":4889,"date":"2021-03-12T11:57:28","date_gmt":"2021-03-12T11:57:28","guid":{"rendered":"http:\/\/conex-casting.com\/?page_id=4889"},"modified":"2021-03-12T11:57:28","modified_gmt":"2021-03-12T11:57:28","slug":"c87200-cda-872-alliages-cuivre-silicium-bronze","status":"publish","type":"page","link":"https:\/\/conex-casting.com\/fr\/c87200-cda-872-alliages-cuivre-silicium-bronze\/","title":{"rendered":"C87200 CDA 872 Alliages cuivre silicium bronze"},"content":{"rendered":"<p style=\"text-align: center;\"><span style=\"text-decoration: underline; color: #800000;\"><strong><span style=\"font-size: 18pt;\">C87200 \/ CDA 872 Alliages cuivre silicium bronze<\/span><\/strong><\/span><\/p>\n<p><strong>Normes de moulage :<\/strong><\/p>\n<table border=\"1\" width=\"750\" cellspacing=\"0\" cellpadding=\"5\">\n<tbody>\n<tr bgcolor=\"#eeeeee\">\n<td>ASTM (B S\u00e9ries)<\/td>\n<td>B584<\/td>\n<\/tr>\n<tr>\n<td>SAE (J S\u00e9ries)<\/td>\n<td>J462<\/td>\n<\/tr>\n<tr bgcolor=\"#eeeeee\">\n<td>F\u00e9d\u00e9ral (QQ-C- Series)<\/td>\n<td>390<\/td>\n<\/tr>\n<tr>\n<td>Militaire (Mil-C- Series)<\/td>\n<td>22229<\/td>\n<\/tr>\n<\/tbody>\n<\/table>\n<p><strong>Sp\u00e9cification Composition :<\/strong><\/p>\n<table border=\"1\" width=\"750\" cellspacing=\"0\" cellpadding=\"5\">\n<tbody>\n<tr bgcolor=\"#717e94\">\n<td><\/td>\n<td><strong><span style=\"color: #ffffff;\">Le minimum<\/span><\/strong><\/td>\n<td><span style=\"color: #ffffff;\"><strong>Maximum<\/strong><\/span><\/td>\n<\/tr>\n<tr bgcolor=\"#eeeeee\">\n<td>Le cuivre (Cu)<\/td>\n<td>89<\/td>\n<td><\/td>\n<\/tr>\n<tr>\n<td>Tin (Sn)<\/td>\n<td><\/td>\n<td>1<\/td>\n<\/tr>\n<tr bgcolor=\"#eeeeee\">\n<td>Mener (Pb)<\/td>\n<td><\/td>\n<td>0.5<\/td>\n<\/tr>\n<tr>\n<td>Zinc (Zn)<\/td>\n<td><\/td>\n<td>5<\/td>\n<\/tr>\n<tr bgcolor=\"#eeeeee\">\n<td>Le fer (Fe)<\/td>\n<td><\/td>\n<td>2.5<\/td>\n<\/tr>\n<tr>\n<td>Antimoine (SB)<\/td>\n<td><\/td>\n<td>8<\/td>\n<\/tr>\n<tr bgcolor=\"#eeeeee\">\n<td>Aluminium (Al)<\/td>\n<td><\/td>\n<td>1.5<\/td>\n<\/tr>\n<tr>\n<td>Mangan\u00e8se (Mn)<\/td>\n<td><\/td>\n<td>1.5<\/td>\n<\/tr>\n<tr bgcolor=\"#eeeeee\">\n<td>Silicium (Si)<\/td>\n<td>1<\/td>\n<td>5<\/td>\n<\/tr>\n<\/tbody>\n<\/table>\n<p><strong>Propri\u00e9t\u00e9s de sp\u00e9cification :<\/strong><\/p>\n<table border=\"1\" width=\"750\" cellspacing=\"0\" cellpadding=\"5\">\n<tbody>\n<tr bgcolor=\"#717e94\">\n<td><strong><span style=\"color: #ffffff;\">Traitement thermique &lsquo;F&rsquo; D\u00e9note comme Cast<\/span><\/strong><\/td>\n<td><strong><span style=\"color: #ffffff;\">\u00c9tat de traitement thermique<\/span><\/strong><\/td>\n<td><strong><span style=\"color: #ffffff;\">Le minimum<\/span><\/strong><\/td>\n<\/tr>\n<tr bgcolor=\"#eeeeee\">\n<td>R\u00e9sistance \u00e0 la traction (ksi)<\/td>\n<td>F<\/td>\n<td>45<\/td>\n<\/tr>\n<tr>\n<td>Limite d&rsquo;\u00e9lasticit\u00e9 (.5% extension sous charge) (ksi)<\/td>\n<td>F<\/td>\n<td>18<\/td>\n<\/tr>\n<\/tbody>\n<\/table>\n<p><strong>Propri\u00e9t\u00e9s typiques :<\/strong><\/p>\n<table border=\"1\" width=\"750\" cellspacing=\"0\" cellpadding=\"5\">\n<tbody>\n<tr bgcolor=\"#717e94\">\n<td><\/td>\n<td><strong><span style=\"color: #ffffff;\">\u00c9tat de traitement thermique<\/span><\/strong><\/td>\n<td><strong><span style=\"color: #ffffff;\">Typique<\/span><\/strong><\/td>\n<\/tr>\n<tr bgcolor=\"#eeeeee\">\n<td>Module d&rsquo;\u00e9lasticit\u00e9 (ksi)<\/td>\n<td><\/td>\n<td>15000<\/td>\n<\/tr>\n<tr>\n<td>Duret\u00e9 (Brinell)(HB @ 3000kg)<\/td>\n<td><\/td>\n<td>85<\/td>\n<\/tr>\n<tr bgcolor=\"#eeeeee\">\n<td>Usinabilit\u00e9 (% of laiton de coupe libre)<\/td>\n<td><\/td>\n<td>40<\/td>\n<\/tr>\n<tr>\n<td>La r\u00e9sistance aux chocs (Izod) (ft-lb)<\/td>\n<td><\/td>\n<td>33<\/td>\n<\/tr>\n<tr bgcolor=\"#eeeeee\">\n<td>R\u00e9sistance au cisaillement (ksi)<\/td>\n<td><\/td>\n<td>28<\/td>\n<\/tr>\n<tr>\n<td>R\u00e9sistance \u00e0 la compression (0.001 in. set\/in.) (ksi)<\/td>\n<td><\/td>\n<td>18<\/td>\n<\/tr>\n<tr bgcolor=\"#eeeeee\">\n<td>R\u00e9sistance \u00e0 la compression (0.010 in. set\/in.) (ksi)<\/td>\n<td><\/td>\n<td>60<\/td>\n<\/tr>\n<tr>\n<td>Gamme de fusion (Liquidus-Solidus)(F)<\/td>\n<td><\/td>\n<td>1580-1780<\/td>\n<\/tr>\n<tr bgcolor=\"#eeeeee\">\n<td>Conductivit\u00e9 thermique(Btu\/sq.ft\/ft.\/hr\/F @ 68F)<\/td>\n<td><\/td>\n<td>16.4<\/td>\n<\/tr>\n<tr>\n<td>Chaleur sp\u00e9cifique (Btu\/lb\/F @ 68F)<\/td>\n<td><\/td>\n<td>0.09<\/td>\n<\/tr>\n<tr bgcolor=\"#eeeeee\">\n<td>Conductivit\u00e9 \u00e9lectrique (% IACS @ 68F)<\/td>\n<td><\/td>\n<td>6<\/td>\n<\/tr>\n<tr>\n<td>Densit\u00e9 (lb\/cu.in. @ 68F)<\/td>\n<td><\/td>\n<td>0.302<\/td>\n<\/tr>\n<tr bgcolor=\"#eeeeee\">\n<td>R\u00e9tr\u00e9cissement des mod\u00e9listes (in\/ft)<\/td>\n<td><\/td>\n<td>1\/4<\/td>\n<\/tr>\n<tr>\n<td>\u00c9cume<\/td>\n<td><\/td>\n<td>Low<\/td>\n<\/tr>\n<tr bgcolor=\"#eeeeee\">\n<td>Gazage<\/td>\n<td><\/td>\n<td>Haut<\/td>\n<\/tr>\n<tr>\n<td>Fluidit\u00e9<\/td>\n<td><\/td>\n<td>High<\/td>\n<\/tr>\n<tr bgcolor=\"#eeeeee\">\n<td>Allongement (longueur de jauge de 2 pouces) (%)<\/td>\n<td>F<\/td>\n<td>30<\/td>\n<\/tr>\n<\/tbody>\n<\/table>\n","protected":false},"excerpt":{"rendered":"<p>C87200 \/ CDA 872 Alliages cuivre silicium bronze Normes de moulage : ASTM (B S\u00e9ries) B584 SAE (J S\u00e9ries) J462 F\u00e9d\u00e9ral (QQ-C- Series) 390 Militaire (Mil-C- Series) 22229 Sp\u00e9cification Composition : Le minimum Maximum Le cuivre (Cu) 89 Tin (Sn) 1 Mener (Pb) 0.5 Zinc (Zn) 5 Le fer (Fe) 2.5 Antimoine (SB) 8 Aluminium [&hellip;]<\/p>\n","protected":false},"author":1,"featured_media":0,"parent":0,"menu_order":0,"comment_status":"closed","ping_status":"closed","template":"","meta":{"_joinchat":[],"footnotes":""},"class_list":["post-4889","page","type-page","status-publish","hentry"],"_links":{"self":[{"href":"https:\/\/conex-casting.com\/fr\/wp-json\/wp\/v2\/pages\/4889","targetHints":{"allow":["GET"]}}],"collection":[{"href":"https:\/\/conex-casting.com\/fr\/wp-json\/wp\/v2\/pages"}],"about":[{"href":"https:\/\/conex-casting.com\/fr\/wp-json\/wp\/v2\/types\/page"}],"author":[{"embeddable":true,"href":"https:\/\/conex-casting.com\/fr\/wp-json\/wp\/v2\/users\/1"}],"replies":[{"embeddable":true,"href":"https:\/\/conex-casting.com\/fr\/wp-json\/wp\/v2\/comments?post=4889"}],"version-history":[{"count":2,"href":"https:\/\/conex-casting.com\/fr\/wp-json\/wp\/v2\/pages\/4889\/revisions"}],"predecessor-version":[{"id":4891,"href":"https:\/\/conex-casting.com\/fr\/wp-json\/wp\/v2\/pages\/4889\/revisions\/4891"}],"wp:attachment":[{"href":"https:\/\/conex-casting.com\/fr\/wp-json\/wp\/v2\/media?parent=4889"}],"curies":[{"name":"wp","href":"https:\/\/api.w.org\/{rel}","templated":true}]}}