{"id":4896,"date":"2021-03-12T12:21:45","date_gmt":"2021-03-12T12:21:45","guid":{"rendered":"http:\/\/conex-casting.com\/?page_id=4896"},"modified":"2021-03-12T12:21:45","modified_gmt":"2021-03-12T12:21:45","slug":"c90300-cda-903-alliages-de-bronze-etain","status":"publish","type":"page","link":"https:\/\/conex-casting.com\/fr\/c90300-cda-903-alliages-de-bronze-etain\/","title":{"rendered":"C90300 CDA 903 Alliages de bronze \u00e9tain"},"content":{"rendered":"<p style=\"text-align: center;\"><span style=\"text-decoration: underline; color: #800000;\"><strong><span style=\"font-size: 18pt;\">C90300 \/ CDA 903 Alliages de bronze \u00e9tain<\/span><\/strong><\/span><\/p>\n<p><strong>Composition chimique :<\/strong><\/p>\n<table border=\"1\" width=\"750\" cellspacing=\"0\" cellpadding=\"5\">\n<thead>\n<tr>\n<th>Cu%<sup>1<\/sup><\/th>\n<th>Pb%<\/th>\n<th>Sn%<\/th>\n<th>Zn%<\/th>\n<th>Fe%<\/th>\n<th>P%<sup>2<\/sup><\/th>\n<th>Ni%<sup>3<\/sup><\/th>\n<th>Al%<\/th>\n<th>S%<\/th>\n<th>Sb%<\/th>\n<th>Si%<\/th>\n<\/tr>\n<\/thead>\n<tfoot>\n<tr>\n<td colspan=\"12\">\n<div>Composition chimique selon ASTM B505\/B505M-18<\/div>\n<div><\/div>\n<div><sup>1<\/sup>Pour d\u00e9terminer Cu min., Cu peut \u00eatre calcul\u00e9 comme Cu + Ni.\u00a0 <sup>2<\/sup>Pour les pi\u00e8ces coul\u00e9es en continu, P doit \u00eatre de 1,5%, max.<sup>3<\/sup>La valeur Ni comprend Co.<\/div>\n<div>Remarque: Cu + Somme des \u00e9l\u00e9ments nomm\u00e9s, 99,4% min. Les valeurs uniques repr\u00e9sentent les maximums.<\/div>\n<\/td>\n<\/tr>\n<\/tfoot>\n<tbody>\n<tr bgcolor=\"#eeeeee\">\n<td>86.00-<br \/>\n89.00<\/td>\n<td>0.30<\/td>\n<td>7.50-<br \/>\n9.00<\/td>\n<td>3.00-<br \/>\n5.00<\/td>\n<td>0.20<\/td>\n<td>0.05<\/td>\n<td>1.00<\/td>\n<td>0.005<\/td>\n<td>0.05<\/td>\n<td>0.20<\/td>\n<td>0.005<\/td>\n<\/tr>\n<\/tbody>\n<\/table>\n<p><strong>Usinabilit\u00e9:<\/strong><\/p>\n<table border=\"1\" width=\"750\" cellspacing=\"0\" cellpadding=\"5\">\n<thead>\n<tr>\n<th>Alliage de cuivre UNS No.<\/th>\n<th>\u00c9valuation d&rsquo;usinabilit\u00e9<\/th>\n<th>Densit\u00e9 (lb\/in<sup>3<\/sup>\u00a0at 68 \u00b0F)<\/th>\n<\/tr>\n<\/thead>\n<tbody>\n<tr bgcolor=\"#eeeeee\">\n<td>C903<\/td>\n<td>30<\/td>\n<td>0.318<\/td>\n<\/tr>\n<\/tbody>\n<\/table>\n<p><strong>Propri\u00e9t\u00e9s m\u00e9caniques :<\/strong><\/p>\n<table border=\"1\" width=\"750\" cellspacing=\"0\" cellpadding=\"5\">\n<tfoot>\n<tr>\n<td colspan=\"12\">\n<div>Propri\u00e9t\u00e9s m\u00e9caniques selon ASTM B505\/B505M-18<\/div>\n<\/td>\n<\/tr>\n<\/tfoot>\n<thead>\n<tr>\n<th colspan=\"2\">R\u00e9sistance \u00e0 la traction, min<\/th>\n<th colspan=\"2\">Limite d&rsquo;\u00e9lasticit\u00e9, \u00e0 0,5% d&rsquo;extension sous charge, min<\/th>\n<th>\u00c9longation, in 2 in. or 50 mm min<\/th>\n<th>Duret\u00e9 Brinell (charge de 500 kg)<\/th>\n<th>Remarques<\/th>\n<\/tr>\n<tr>\n<th>ksi<\/th>\n<th>MPa<\/th>\n<th>ksi<\/th>\n<th>MPa<\/th>\n<th>%<\/th>\n<th>typique BHN<\/th>\n<th><\/th>\n<\/tr>\n<\/thead>\n<tbody>\n<tr bgcolor=\"#eeeeee\">\n<td>44<\/td>\n<td>303<\/td>\n<td>22<\/td>\n<td>152<\/td>\n<td>18<\/td>\n<td>70<\/td>\n<td><\/td>\n<\/tr>\n<\/tbody>\n<\/table>\n<p><strong>Propri\u00e9t\u00e9s physiques :<\/strong><\/p>\n<table style=\"width: 100%;\" border=\"1\" width=\"750\" cellspacing=\"0\" cellpadding=\"5\">\n<tfoot>\n<tr>\n<td style=\"width: 101.379%;\" colspan=\"12\">\n<div>Propri\u00e9t\u00e9s physiques fournies par CDA<\/div>\n<\/td>\n<\/tr>\n<\/tfoot>\n<thead>\n<tr>\n<th style=\"width: 41.2069%;\"><\/th>\n<th style=\"width: 27.931%;\">US Coutumi\u00e8re<\/th>\n<th style=\"width: 30.5172%;\">M\u00e9trique<\/th>\n<\/tr>\n<\/thead>\n<tbody>\n<tr bgcolor=\"#eeeeee\">\n<td style=\"width: 41.2069%;\"><strong>Point de fusion &#8211; Liquidus<\/strong><\/td>\n<td style=\"width: 27.931%;\">1832 \u00b0F<\/td>\n<td style=\"width: 30.5172%;\">1000 \u00b0C<\/td>\n<\/tr>\n<tr>\n<td style=\"width: 41.2069%;\"><strong>Point de fusion &#8211; Solidus<\/strong><\/td>\n<td style=\"width: 27.931%;\">1570 \u00b0F<\/td>\n<td style=\"width: 30.5172%;\">854 \u00b0C<\/td>\n<\/tr>\n<tr bgcolor=\"#eeeeee\">\n<td style=\"width: 41.2069%;\"><strong>Densit\u00e9<\/strong><\/td>\n<td style=\"width: 27.931%;\">0.318 lb\/in<sup>3<\/sup>\u00a0at 68 \u00b0F<\/td>\n<td style=\"width: 30.5172%;\">8.80 gm\/cm<sup>3<\/sup>\u00a0at 20 \u00b0C<\/td>\n<\/tr>\n<tr>\n<td style=\"width: 41.2069%;\"><strong>Sgravit\u00e9 sp\u00e9cifique<\/strong><\/td>\n<td style=\"width: 27.931%;\">8.8<\/td>\n<td style=\"width: 30.5172%;\">8.8<\/td>\n<\/tr>\n<tr bgcolor=\"#eeeeee\">\n<td style=\"width: 41.2069%;\"><strong>Conductivit\u00e9 \u00e9lectrique<\/strong><\/td>\n<td style=\"width: 27.931%;\">12% IACS at 68 \u00b0F<\/td>\n<td style=\"width: 30.5172%;\">0.069 MegaSiemens\/cm at 20 \u00b0C<\/td>\n<\/tr>\n<tr>\n<td style=\"width: 41.2069%;\"><strong>Conductivit\u00e9 thermique<\/strong><\/td>\n<td style=\"width: 27.931%;\">43.2 Btu\/sq ft\/ft hr\/\u00b0F at 68 \u00b0F<\/td>\n<td style=\"width: 30.5172%;\">74.8 W\/m at 20 \u00b0C<\/td>\n<\/tr>\n<tr bgcolor=\"#eeeeee\">\n<td style=\"width: 41.2069%;\"><strong>Coefficient de dilatation thermique 68-392<\/strong><\/td>\n<td style=\"width: 27.931%;\">10 \u00b7 10<sup>-6<\/sup>\u00a0per \u00b0F (68-392 \u00b0F)<\/td>\n<td style=\"width: 30.5172%;\">17.3 \u00b7 10<sup>-6<\/sup>\u00a0per \u00b0C (20-200 \u00b0C)<\/td>\n<\/tr>\n<tr>\n<td style=\"width: 41.2069%;\"><strong>La capacit\u00e9 thermique sp\u00e9cifique<\/strong><\/td>\n<td style=\"width: 27.931%;\">0.09 Btu\/lb\/\u00b0F at 68 \u00b0F<\/td>\n<td style=\"width: 30.5172%;\">377.1 J\/kg at 293 \u00b0C<\/td>\n<\/tr>\n<tr bgcolor=\"#eeeeee\">\n<td style=\"width: 41.2069%;\"><strong>Module d&rsquo;\u00e9lasticit\u00e9 en tension<\/strong><\/td>\n<td style=\"width: 27.931%;\">14000 ksi<\/td>\n<td style=\"width: 30.5172%;\">96527 MPa<\/td>\n<\/tr>\n<tr>\n<td style=\"width: 41.2069%;\"><strong>Perm\u00e9abilit\u00e9 magn\u00e9tique*<\/strong><\/td>\n<\/tr>\n<\/tbody>\n<\/table>\n","protected":false},"excerpt":{"rendered":"<p>C90300 \/ CDA 903 Alliages de bronze \u00e9tain Composition chimique : Cu%1 Pb% Sn% Zn% Fe% P%2 Ni%3 Al% S% Sb% Si% Composition chimique selon ASTM B505\/B505M-18 1Pour d\u00e9terminer Cu min., Cu peut \u00eatre calcul\u00e9 comme Cu + Ni.\u00a0 2Pour les pi\u00e8ces coul\u00e9es en continu, P doit \u00eatre de 1,5%, max.3La valeur Ni comprend Co. [&hellip;]<\/p>\n","protected":false},"author":1,"featured_media":0,"parent":0,"menu_order":0,"comment_status":"closed","ping_status":"closed","template":"","meta":{"_joinchat":[],"footnotes":""},"class_list":["post-4896","page","type-page","status-publish","hentry"],"_links":{"self":[{"href":"https:\/\/conex-casting.com\/fr\/wp-json\/wp\/v2\/pages\/4896","targetHints":{"allow":["GET"]}}],"collection":[{"href":"https:\/\/conex-casting.com\/fr\/wp-json\/wp\/v2\/pages"}],"about":[{"href":"https:\/\/conex-casting.com\/fr\/wp-json\/wp\/v2\/types\/page"}],"author":[{"embeddable":true,"href":"https:\/\/conex-casting.com\/fr\/wp-json\/wp\/v2\/users\/1"}],"replies":[{"embeddable":true,"href":"https:\/\/conex-casting.com\/fr\/wp-json\/wp\/v2\/comments?post=4896"}],"version-history":[{"count":2,"href":"https:\/\/conex-casting.com\/fr\/wp-json\/wp\/v2\/pages\/4896\/revisions"}],"predecessor-version":[{"id":4898,"href":"https:\/\/conex-casting.com\/fr\/wp-json\/wp\/v2\/pages\/4896\/revisions\/4898"}],"wp:attachment":[{"href":"https:\/\/conex-casting.com\/fr\/wp-json\/wp\/v2\/media?parent=4896"}],"curies":[{"name":"wp","href":"https:\/\/api.w.org\/{rel}","templated":true}]}}