{"id":4899,"date":"2021-03-12T12:31:16","date_gmt":"2021-03-12T12:31:16","guid":{"rendered":"http:\/\/conex-casting.com\/?page_id=4899"},"modified":"2021-03-14T12:23:44","modified_gmt":"2021-03-14T12:23:44","slug":"c90500-cda-905-alliages-de-bronze-etain","status":"publish","type":"page","link":"https:\/\/conex-casting.com\/fr\/c90500-cda-905-alliages-de-bronze-etain\/","title":{"rendered":"C90500 CDA 905 Alliages de bronze \u00e9tain"},"content":{"rendered":"<p style=\"text-align: center;\"><span style=\"text-decoration: underline; font-size: 18pt; color: #800000;\"><strong>C90500 \/ CDA 905 Alliages de bronze \u00e9tain<\/strong><\/span><\/p>\n<p><strong>sp\u00e9cification :<\/strong><\/p>\n<table border=\"1\" width=\"750\" cellspacing=\"0\" cellpadding=\"5\">\n<thead>\n<tr>\n<th>CDA<\/th>\n<th>ASTM<\/th>\n<th>Asarcon<\/th>\n<th>SAE<\/th>\n<th>AMS<\/th>\n<th>F\u00e9d\u00e9ral<\/th>\n<th>Militaire<\/th>\n<th>Autre<\/th>\n<\/tr>\n<\/thead>\n<tbody>\n<tr bgcolor=\"#eeeeee\">\n<td>C905<\/td>\n<td>B505<br \/>\nB505M<br \/>\nB22<br \/>\nB22M<br \/>\nB143-1A<\/td>\n<td>100<\/td>\n<td>62<br \/>\nJ461<br \/>\nJ462<\/td>\n<td>4845<\/td>\n<td>QQ-C-390, D6<br \/>\nQQ-B-1005, COMP 16<\/td>\n<td>MIL-B-11553, COMP 16<\/td>\n<td>Gun Metal<\/td>\n<\/tr>\n<\/tbody>\n<\/table>\n<p><strong>Composition chimique :<\/strong><\/p>\n<table border=\"1\" width=\"750\" cellspacing=\"0\" cellpadding=\"5\">\n<thead>\n<tr>\n<th>Cu%<sup>1<\/sup><\/th>\n<th>Pb%<\/th>\n<th>Sn%<\/th>\n<th>Zn%<\/th>\n<th>Fe%<\/th>\n<th>P%<sup>2<\/sup><\/th>\n<th>Ni%3<\/th>\n<th>Al%<\/th>\n<th>S%<\/th>\n<th>Sb%<\/th>\n<th>Si%<\/th>\n<\/tr>\n<\/thead>\n<tfoot>\n<tr>\n<td colspan=\"12\">\n<div>Composition chimique selon ASTM B505\/B505M-18<\/div>\n<div><\/div>\n<div><sup>1<\/sup>Pour d\u00e9terminer Cu min., Cu peut \u00eatre calcul\u00e9 comme Cu + Ni. \u00a0\u00a0<sup>2<\/sup>Pour les pi\u00e8ces coul\u00e9es en continu, P doit \u00eatre de 1,5%, max.\u00a0\u00a0<sup>3<\/sup>La valeur Ni comprend Co.<\/div>\n<div>Remarque: Cu + Somme des \u00e9l\u00e9ments nomm\u00e9s, 99,7% min. Les valeurs uniques repr\u00e9sentent les maximums.<\/div>\n<\/td>\n<\/tr>\n<\/tfoot>\n<tbody>\n<tr bgcolor=\"#eeeeee\">\n<td>86.00-<br \/>\n89.00<\/td>\n<td>0.30<\/td>\n<td>9.00-<br \/>\n11.00<\/td>\n<td>1.00-<br \/>\n3.00<\/td>\n<td>0.20<\/td>\n<td>0.05<\/td>\n<td>1.00<\/td>\n<td>0.005<\/td>\n<td>0.05<\/td>\n<td>0.20<\/td>\n<td>0.005<\/td>\n<\/tr>\n<\/tbody>\n<\/table>\n<p><strong>Usinabilit\u00e9 :<\/strong><\/p>\n<table border=\"1\" width=\"750\" cellspacing=\"0\" cellpadding=\"5\">\n<thead>\n<tr>\n<th>Alliage<\/th>\n<th>\u00c9valuation d&rsquo;usinabilit\u00e9<\/th>\n<th>Densit\u00e9 (lb\/in<sup>3<\/sup>\u00a0at 68 \u00b0F)<\/th>\n<\/tr>\n<\/thead>\n<tbody>\n<tr bgcolor=\"#eeeeee\">\n<td>C905<\/td>\n<td>30<\/td>\n<td>0.315<\/td>\n<\/tr>\n<\/tbody>\n<\/table>\n<p><strong>Propri\u00e9t\u00e9s m\u00e9caniques :<\/strong><\/p>\n<table border=\"1\" width=\"750\" cellspacing=\"0\" cellpadding=\"5\">\n<tfoot>\n<tr>\n<td colspan=\"12\">\n<div>Propri\u00e9t\u00e9s m\u00e9caniques selon ASTM B505\/B505M-18<\/div>\n<\/td>\n<\/tr>\n<\/tfoot>\n<thead>\n<tr>\n<th colspan=\"2\">R\u00e9sistance \u00e0 la traction, min<\/th>\n<th colspan=\"2\">Limite d&rsquo;\u00e9lasticit\u00e9, \u00e0 0,5% d&rsquo;extension sous charge, min<\/th>\n<th>Allongement, en 2 po ou 50 mm min<\/th>\n<th>Duret\u00e9 Brinell (charge de 500 kg)<\/th>\n<th>Remarques<\/th>\n<\/tr>\n<tr>\n<th>ksi<\/th>\n<th>MPa<\/th>\n<th>ksi<\/th>\n<th>MPa<\/th>\n<th>%<\/th>\n<th>typique BHN<\/th>\n<th><\/th>\n<\/tr>\n<\/thead>\n<tbody>\n<tr bgcolor=\"#eeeeee\">\n<td>44<\/td>\n<td>303<\/td>\n<td>25<\/td>\n<td>172<\/td>\n<td>10<\/td>\n<td><\/td>\n<td><\/td>\n<\/tr>\n<\/tbody>\n<\/table>\n<p><strong>Propri\u00e9t\u00e9s physiques :<\/strong><\/p>\n<table border=\"1\" width=\"750\" cellspacing=\"0\" cellpadding=\"5\">\n<tfoot>\n<tr>\n<td colspan=\"12\">\n<div>Propri\u00e9t\u00e9s physiques fournies par CDA<\/div>\n<\/td>\n<\/tr>\n<\/tfoot>\n<thead>\n<tr>\n<th><\/th>\n<th>US Coutumi\u00e8re<\/th>\n<th>Metric<\/th>\n<\/tr>\n<\/thead>\n<tbody>\n<tr bgcolor=\"#eeeeee\">\n<td><strong>Point de fusion &#8211; Liquidus<\/strong><\/td>\n<td>1830 \u00b0F<\/td>\n<td>999 \u00b0C<\/td>\n<\/tr>\n<tr>\n<td><strong>Point de fusion &#8211; Solidus<\/strong><\/td>\n<td>1570 \u00b0F<\/td>\n<td>854 \u00b0C<\/td>\n<\/tr>\n<tr bgcolor=\"#eeeeee\">\n<td><strong>Densit\u00e9<\/strong><\/td>\n<td>0.315 lb\/in<sup>3<\/sup>\u00a0at 68 \u00b0F<\/td>\n<td>8.72 gm\/cm<sup>3<\/sup>\u00a0at 20 \u00b0C<\/td>\n<\/tr>\n<tr>\n<td><strong>Gravit\u00e9 sp\u00e9cifique<\/strong><\/td>\n<td>8.72<\/td>\n<td>8.72<\/td>\n<\/tr>\n<tr bgcolor=\"#eeeeee\">\n<td><strong>Conductivit\u00e9 \u00e9lectrique<\/strong><\/td>\n<td>11% IACS at 68 \u00b0F<\/td>\n<td>0.064 MegaSiemens\/cm at 20 \u00b0C<\/td>\n<\/tr>\n<tr>\n<td><strong>Conductivit\u00e9 thermique<\/strong><\/td>\n<td>43.2 Btu\/sq ft\/ft hr\/\u00b0F at 68 \u00b0F<\/td>\n<td>74.8 W\/m at 20 \u00b0C<\/td>\n<\/tr>\n<tr bgcolor=\"#eeeeee\">\n<td><strong>Coefficient de dilatation thermique 68-572<\/strong><\/td>\n<td>11 \u00b7 10<sup>-6<\/sup>\u00a0per \u00b0F (68-572 \u00b0F)<\/td>\n<td>19.8 \u00b7 10<sup>-6<\/sup>\u00a0per \u00b0C (20-300 \u00b0C)<\/td>\n<\/tr>\n<tr>\n<td><strong>La capacit\u00e9 thermique sp\u00e9cifique<\/strong><\/td>\n<td>0.09 Btu\/lb\/\u00b0F at 68 \u00b0F<\/td>\n<td>377.1 J\/kg at 293 \u00b0C<\/td>\n<\/tr>\n<tr bgcolor=\"#eeeeee\">\n<td><strong>Module d&rsquo;\u00e9lasticit\u00e9 en tension<\/strong><\/td>\n<td>15000 ksi<\/td>\n<td>103400 MPa<\/td>\n<\/tr>\n<tr>\n<td><strong>Perm\u00e9abilit\u00e9 magn\u00e9tique*<\/strong><\/td>\n<td>1<\/td>\n<td>1<\/td>\n<\/tr>\n<\/tbody>\n<\/table>\n<p><strong>Propri\u00e9t\u00e9s de fabrication :<\/strong><\/p>\n<table border=\"1\" width=\"750\" cellspacing=\"0\" cellpadding=\"5\">\n<tfoot>\n<tr>\n<td colspan=\"12\">\n<div>Propri\u00e9t\u00e9s de fabrication fournies par CDA<\/div>\n<\/td>\n<\/tr>\n<\/tfoot>\n<thead>\n<tr>\n<th>Technique de jonction<\/th>\n<th>Pertinence<\/th>\n<\/tr>\n<\/thead>\n<tbody>\n<tr bgcolor=\"#eeeeee\">\n<td><strong>Soudure<\/strong><\/td>\n<td>Excellent<\/td>\n<\/tr>\n<tr>\n<td><strong>Brasage<\/strong><\/td>\n<td>Bon<\/td>\n<\/tr>\n<tr bgcolor=\"#eeeeee\">\n<td><strong>Soudage \u00e0 l&rsquo;oxyac\u00e9tyl\u00e8ne<\/strong><\/td>\n<td>\u00c9quitable<\/td>\n<\/tr>\n<tr>\n<td><strong>Soudage \u00e0 l&rsquo;arc sous protection gazeuse<\/strong><\/td>\n<td>\u00c9quitable<\/td>\n<\/tr>\n<tr bgcolor=\"#eeeeee\">\n<td><strong>Soudage \u00e0 l&rsquo;arc en m\u00e9tal enduit<\/strong><\/td>\n<td>\u00c9quitable<\/td>\n<\/tr>\n<\/tbody>\n<\/table>\n<p><strong>Propri\u00e9t\u00e9s thermiques :<\/strong><\/p>\n<p>&nbsp;<\/p>\n<table style=\"width: 100%; height: 480px;\" border=\"1\" width=\"750\" cellspacing=\"0\" cellpadding=\"5\">\n<tfoot>\n<tr style=\"height: 32px;\">\n<td style=\"height: 32px;\" colspan=\"12\">\n<div>Propri\u00e9t\u00e9s thermiques fournies par CDA<\/div>\n<\/td>\n<\/tr>\n<\/tfoot>\n<thead>\n<tr style=\"height: 32px;\">\n<th style=\"height: 32px;\">Traitement<\/th>\n<th style=\"height: 32px;\">Temp.\/Heure &#8211; US<\/th>\n<th style=\"height: 32px;\">Temp.\/Heure &#8211; SI<\/th>\n<\/tr>\n<\/thead>\n<tbody>\n<tr style=\"height: 32px;\" bgcolor=\"#eeeeee\">\n<td style=\"height: 32px;\"><strong>Temp\u00e9rature de stress<\/strong><\/td>\n<td style=\"height: 32px;\">500<\/td>\n<td style=\"height: 32px;\">260<\/td>\n<\/tr>\n<tr style=\"height: 32px;\">\n<td style=\"height: 32px;\"><strong>Minimum de la solution<\/strong><\/td>\n<td style=\"height: 32px;\"><\/td>\n<td style=\"height: 32px;\"><\/td>\n<\/tr>\n<tr style=\"height: 32px;\" bgcolor=\"#eeeeee\">\n<td style=\"height: 32px;\"><strong>Solution Maximum<\/strong><\/td>\n<td style=\"height: 32px;\"><\/td>\n<td style=\"height: 32px;\"><\/td>\n<\/tr>\n<tr style=\"height: 32px;\">\n<td style=\"height: 32px;\"><strong>Temps de solution<\/strong><\/td>\n<td style=\"height: 32px;\">0.0<\/td>\n<td style=\"height: 32px;\"><\/td>\n<\/tr>\n<tr style=\"height: 32px;\" bgcolor=\"#eeeeee\">\n<td style=\"height: 32px;\"><strong>Solution moyenne<\/strong><\/td>\n<td style=\"height: 32px;\"><\/td>\n<td style=\"height: 32px;\"><\/td>\n<\/tr>\n<tr style=\"height: 32px;\">\n<td style=\"height: 32px;\"><strong>Valeur de pr\u00e9cipitation<\/strong><\/td>\n<td style=\"height: 32px;\"><\/td>\n<td style=\"height: 32px;\"><\/td>\n<\/tr>\n<tr style=\"height: 32px;\" bgcolor=\"#eeeeee\">\n<td style=\"height: 32px;\"><strong>Temps de pr\u00e9cipitation<\/strong><\/td>\n<td style=\"height: 32px;\"><\/td>\n<td style=\"height: 32px;\"><\/td>\n<\/tr>\n<tr style=\"height: 32px;\">\n<td style=\"height: 32px;\"><strong>Pr\u00e9cipitation moyenne<\/strong><\/td>\n<td style=\"height: 32px;\"><\/td>\n<td style=\"height: 32px;\"><\/td>\n<\/tr>\n<tr style=\"height: 32px;\" bgcolor=\"#eeeeee\">\n<td style=\"height: 32px;\"><strong>Minimum de recuit<\/strong><\/td>\n<td style=\"height: 32px;\"><\/td>\n<td style=\"height: 32px;\"><\/td>\n<\/tr>\n<tr style=\"height: 32px;\">\n<td style=\"height: 32px;\"><strong>Recuit maximum<\/strong><\/td>\n<td style=\"height: 32px;\"><\/td>\n<td style=\"height: 32px;\"><\/td>\n<\/tr>\n<tr style=\"height: 32px;\" bgcolor=\"#eeeeee\">\n<td style=\"height: 32px;\"><strong>Temps de recuit<\/strong><\/td>\n<td style=\"height: 32px;\"><\/td>\n<td style=\"height: 32px;\"><\/td>\n<\/tr>\n<tr style=\"height: 32px;\">\n<td style=\"height: 32px;\"><strong>Minimum de travaux \u00e0 chaud<\/strong><\/td>\n<td style=\"height: 32px;\"><\/td>\n<td style=\"height: 32px;\"><\/td>\n<\/tr>\n<tr style=\"height: 32px;\" bgcolor=\"#eeeeee\">\n<td style=\"height: 32px;\"><strong>Maximum de travaux \u00e0 chaud<\/strong><\/td>\n<\/tr>\n<\/tbody>\n<\/table>\n","protected":false},"excerpt":{"rendered":"<p>C90500 \/ CDA 905 Alliages de bronze \u00e9tain sp\u00e9cification : CDA ASTM Asarcon SAE AMS F\u00e9d\u00e9ral Militaire Autre C905 B505 B505M B22 B22M B143-1A 100 62 J461 J462 4845 QQ-C-390, D6 QQ-B-1005, COMP 16 MIL-B-11553, COMP 16 Gun Metal Composition chimique : Cu%1 Pb% Sn% Zn% Fe% P%2 Ni%3 Al% S% Sb% Si% Composition chimique [&hellip;]<\/p>\n","protected":false},"author":1,"featured_media":0,"parent":0,"menu_order":0,"comment_status":"closed","ping_status":"closed","template":"","meta":{"_joinchat":[],"footnotes":""},"class_list":["post-4899","page","type-page","status-publish","hentry"],"_links":{"self":[{"href":"https:\/\/conex-casting.com\/fr\/wp-json\/wp\/v2\/pages\/4899","targetHints":{"allow":["GET"]}}],"collection":[{"href":"https:\/\/conex-casting.com\/fr\/wp-json\/wp\/v2\/pages"}],"about":[{"href":"https:\/\/conex-casting.com\/fr\/wp-json\/wp\/v2\/types\/page"}],"author":[{"embeddable":true,"href":"https:\/\/conex-casting.com\/fr\/wp-json\/wp\/v2\/users\/1"}],"replies":[{"embeddable":true,"href":"https:\/\/conex-casting.com\/fr\/wp-json\/wp\/v2\/comments?post=4899"}],"version-history":[{"count":4,"href":"https:\/\/conex-casting.com\/fr\/wp-json\/wp\/v2\/pages\/4899\/revisions"}],"predecessor-version":[{"id":5258,"href":"https:\/\/conex-casting.com\/fr\/wp-json\/wp\/v2\/pages\/4899\/revisions\/5258"}],"wp:attachment":[{"href":"https:\/\/conex-casting.com\/fr\/wp-json\/wp\/v2\/media?parent=4899"}],"curies":[{"name":"wp","href":"https:\/\/api.w.org\/{rel}","templated":true}]}}