{"id":4902,"date":"2021-03-12T12:47:19","date_gmt":"2021-03-12T12:47:19","guid":{"rendered":"http:\/\/conex-casting.com\/?page_id=4902"},"modified":"2021-03-14T12:24:12","modified_gmt":"2021-03-14T12:24:12","slug":"c90700-cda-907-alliages-de-bronze-etain","status":"publish","type":"page","link":"https:\/\/conex-casting.com\/fr\/c90700-cda-907-alliages-de-bronze-etain\/","title":{"rendered":"C90700 CDA 907 Alliages de bronze \u00e9tain"},"content":{"rendered":"<p style=\"text-align: center;\"><span style=\"font-size: 18pt; color: #800000;\"><strong><span style=\"text-decoration: underline;\">C90700 \/ CDA 907 Alliages de bronze \u00e9tain<\/span><\/strong><\/span><\/p>\n<p><strong>Specification :<\/strong><\/p>\n<table border=\"1\" width=\"750\" cellspacing=\"0\" cellpadding=\"5\">\n<thead>\n<tr>\n<th>CDA<\/th>\n<th>ASTM<\/th>\n<th>ASARCON<\/th>\n<th>SAE<\/th>\n<th>AMS<\/th>\n<th>F\u00e9d\u00e9ral<\/th>\n<th>Militaire<\/th>\n<th>Autre<\/th>\n<\/tr>\n<\/thead>\n<tbody>\n<tr bgcolor=\"eeeeee\">\n<td>C907<\/td>\n<td>B505<br \/>\nB505M<\/td>\n<td>110<\/td>\n<td>65<br \/>\nJ461<br \/>\nJ462<\/td>\n<td>4845<\/td>\n<td><\/td>\n<td><\/td>\n<td>Bronze \u00e9tain, 65<\/td>\n<\/tr>\n<\/tbody>\n<\/table>\n<p><strong>Composition chimique :<\/strong><\/p>\n<table border=\"1\" width=\"750\" cellspacing=\"0\" cellpadding=\"5\">\n<thead>\n<tr>\n<th>Cu%<sup>1<\/sup><\/th>\n<th>Sn%<\/th>\n<th>Pb%<\/th>\n<th>Zn%<\/th>\n<th>Fe%<\/th>\n<th>Ni%<sup>2<\/sup><\/th>\n<th>Sb%<\/th>\n<th>P%<sup>3<\/sup><\/th>\n<th>S%<\/th>\n<th>Al%<\/th>\n<th>Si%<\/th>\n<\/tr>\n<\/thead>\n<tfoot>\n<tr>\n<td colspan=\"12\">\n<div>Composition chimique selon ASTM B505\/B505M-18<\/div>\n<div><sup>1<\/sup>Pour d\u00e9terminer Cu min., Cu peut \u00eatre calcul\u00e9 comme Cu + Ni. 2Pour les coul\u00e9es continues, P doit \u00eatre de 1,5%, max. La valeur 3Ni comprend Co.<\/div>\n<div>Remarque: Cu + Somme des \u00e9l\u00e9ments nomm\u00e9s, 99,4% min. Les valeurs uniques repr\u00e9sentent les maximums.<\/div>\n<\/td>\n<\/tr>\n<\/tfoot>\n<tbody>\n<tr bgcolor=\"eeeeee\">\n<td>88.00-<br \/>\n90.00<\/td>\n<td>10.00-<br \/>\n12.00<\/td>\n<td>0.50<\/td>\n<td>0.50<\/td>\n<td>0.15<\/td>\n<td>0.50<\/td>\n<td>0.20<\/td>\n<td>0.30<\/td>\n<td>0.05<\/td>\n<td>0.005<\/td>\n<td>0.005<\/td>\n<\/tr>\n<\/tbody>\n<\/table>\n<p><strong>Usinabilit\u00e9 :<\/strong><\/p>\n<table border=\"1\" width=\"750\" cellspacing=\"0\" cellpadding=\"5\">\n<thead>\n<tr>\n<th>Alliage<\/th>\n<th>\u00c9valuation d&rsquo;usinabilit\u00e9<\/th>\n<th>Densit\u00e9 (lb\/in<sup>3<\/sup>\u00a0at 68 \u00b0F)<\/th>\n<\/tr>\n<\/thead>\n<tbody>\n<tr bgcolor=\"eeeeee\">\n<td>C907<\/td>\n<td>20<\/td>\n<td>0.317<\/td>\n<\/tr>\n<\/tbody>\n<\/table>\n<p><strong>Propri\u00e9t\u00e9s m\u00e9caniques :<\/strong><\/p>\n<table border=\"1\" width=\"750\" cellspacing=\"0\" cellpadding=\"5\">\n<tfoot>\n<tr>\n<td colspan=\"12\">\n<div>Propri\u00e9t\u00e9s m\u00e9caniques selon ASTM B505\/B505M-18<\/div>\n<\/td>\n<\/tr>\n<\/tfoot>\n<thead>\n<tr>\n<th colspan=\"2\">R\u00e9sistance \u00e0 la traction, min<\/th>\n<th colspan=\"2\">Limite d&rsquo;\u00e9lasticit\u00e9, at .5% Extension sous charge, min<\/th>\n<th>Allongement, en 2 po ou 50 mm min<\/th>\n<th>Duret\u00e9 Brinell (charge de 500 kg)<\/th>\n<th>Remarques<\/th>\n<\/tr>\n<tr>\n<th>ksi<\/th>\n<th>MPa<\/th>\n<th>ksi<\/th>\n<th>MPa<\/th>\n<th>%<\/th>\n<th>typique BHN<\/th>\n<th><\/th>\n<\/tr>\n<\/thead>\n<tbody>\n<tr bgcolor=\"eeeeee\">\n<td>40<\/td>\n<td>276<\/td>\n<td>25<\/td>\n<td>172<\/td>\n<td>10<\/td>\n<td>102<\/td>\n<td><\/td>\n<\/tr>\n<\/tbody>\n<\/table>\n<p><strong>Propri\u00e9t\u00e9s physiques :<\/strong><\/p>\n<table border=\"1\" width=\"750\" cellspacing=\"0\" cellpadding=\"5\">\n<tfoot>\n<tr>\n<td colspan=\"12\">\n<div>Propri\u00e9t\u00e9s physiques fournies par CDA<\/div>\n<\/td>\n<\/tr>\n<\/tfoot>\n<thead>\n<tr>\n<th><\/th>\n<th>US Customary<\/th>\n<th>Metric<\/th>\n<\/tr>\n<\/thead>\n<tbody>\n<tr bgcolor=\"eeeeee\">\n<td><strong>Point de fusion &#8211; Liquidus<\/strong><\/td>\n<td>1830 \u00b0F<\/td>\n<td>999 \u00b0C<\/td>\n<\/tr>\n<tr>\n<td><strong>Point de fusion &#8211; Solidus<\/strong><\/td>\n<td>1528 \u00b0F<\/td>\n<td>831 \u00b0C<\/td>\n<\/tr>\n<tr bgcolor=\"eeeeee\">\n<td><strong>Densit\u00e9<\/strong><\/td>\n<td>0.317 lb\/in<sup>3<\/sup>\u00a0at 68 \u00b0F<\/td>\n<td>8.77 gm\/cm<sup>3<\/sup>\u00a0at 20 \u00b0C<\/td>\n<\/tr>\n<tr>\n<td><strong>Gravit\u00e9 sp\u00e9cifique<\/strong><\/td>\n<td>8.77<\/td>\n<td>8.77<\/td>\n<\/tr>\n<tr bgcolor=\"eeeeee\">\n<td><strong>Conductivit\u00e9 \u00e9lectrique<\/strong><\/td>\n<td>10% IACS at 68 \u00b0F<\/td>\n<td>0.056 MegaSiemens\/cm at 20 \u00b0C<\/td>\n<\/tr>\n<tr>\n<td><strong>Conductivit\u00e9 thermique<\/strong><\/td>\n<td>40.8 Btu\/sq ft\/ft hr\/\u00b0F at 68 \u00b0F<\/td>\n<td>70.6 W\/m at 20 \u00b0C<\/td>\n<\/tr>\n<tr bgcolor=\"eeeeee\">\n<td><strong>Coefficient de dilatation thermique 68-392<\/strong><\/td>\n<td>10.2 \u00b7 10<sup>-6<\/sup>\u00a0per \u00b0F (68-392 \u00b0F)<\/td>\n<td>18.4 \u00b7 10<sup>-6<\/sup>\u00a0per \u00b0C (20-200 \u00b0C)<\/td>\n<\/tr>\n<tr>\n<td><strong>La capacit\u00e9 thermique sp\u00e9cifique<\/strong><\/td>\n<td>0.09 Btu\/lb\/\u00b0F at 68 \u00b0F<\/td>\n<td>377.1 J\/kg at 293 \u00b0C<\/td>\n<\/tr>\n<tr bgcolor=\"eeeeee\">\n<td><strong>Module d&rsquo;\u00e9lasticit\u00e9 en tension<\/strong><\/td>\n<td>15000 ksi<\/td>\n<td>103400 MPa<\/td>\n<\/tr>\n<tr>\n<td><strong>Perm\u00e9abilit\u00e9 magn\u00e9tique<\/strong><\/td>\n<td>1<\/td>\n<td>1<\/td>\n<\/tr>\n<\/tbody>\n<\/table>\n<p><strong>Propri\u00e9t\u00e9s de fabrication :<\/strong><\/p>\n<table style=\"width: 82%;\" border=\"1\" width=\"750\" cellspacing=\"0\" cellpadding=\"5\">\n<tfoot>\n<tr>\n<td style=\"width: 101.2%;\" colspan=\"12\">\n<div>Propri\u00e9t\u00e9s de fabrication fournies par CDA<\/div>\n<\/td>\n<\/tr>\n<\/tfoot>\n<thead>\n<tr>\n<th style=\"width: 76.6667%;\">Technique de jonction<\/th>\n<th style=\"width: 23.2%;\">Pertinence<\/th>\n<\/tr>\n<\/thead>\n<tbody>\n<tr bgcolor=\"eeeeee\">\n<td style=\"width: 76.6667%;\"><strong>Soudure<\/strong><\/td>\n<td style=\"width: 23.2%;\">Excellent<\/td>\n<\/tr>\n<tr>\n<td style=\"width: 76.6667%;\"><strong>Brasage<\/strong><\/td>\n<td style=\"width: 23.2%;\">Bon<\/td>\n<\/tr>\n<tr bgcolor=\"eeeeee\">\n<td style=\"width: 76.6667%;\"><strong>Soudage \u00e0 l&rsquo;oxyac\u00e9tyl\u00e8ne<\/strong><\/td>\n<td style=\"width: 23.2%;\">\u00c9quitable<\/td>\n<\/tr>\n<tr>\n<td style=\"width: 76.6667%;\"><strong>Soudage \u00e0 l&rsquo;arc sous protection gazeuse<\/strong><\/td>\n<td style=\"width: 23.2%;\">\u00c9quitable<\/td>\n<\/tr>\n<tr bgcolor=\"eeeeee\">\n<td style=\"width: 76.6667%;\"><strong>Soudage \u00e0 l&rsquo;arc en m\u00e9tal enduit<\/strong><\/td>\n<td style=\"width: 23.2%;\">\u00c9quitable<\/td>\n<\/tr>\n<\/tbody>\n<\/table>\n<p><strong>Propri\u00e9t\u00e9s thermiques :<\/strong><\/p>\n<table border=\"1\" width=\"750\" cellspacing=\"0\" cellpadding=\"5\">\n<tfoot>\n<tr>\n<td colspan=\"12\">\n<div>Propri\u00e9t\u00e9s thermiques fournies par CDA<\/div>\n<\/td>\n<\/tr>\n<\/tfoot>\n<thead>\n<tr>\n<th>Traitement<\/th>\n<th>Temp.\/Heure &#8211; US<\/th>\n<th>Temp.\/Heure &#8211; SI<\/th>\n<\/tr>\n<\/thead>\n<tbody>\n<tr bgcolor=\"eeeeee\">\n<td><strong>Temp\u00e9rature de stress<\/strong><\/td>\n<td>500<\/td>\n<td>260<\/td>\n<\/tr>\n<tr>\n<td><strong>Minimum de la solution<\/strong><\/td>\n<td><\/td>\n<td><\/td>\n<\/tr>\n<tr bgcolor=\"eeeeee\">\n<td><strong>Solution Maximum<\/strong><\/td>\n<td><\/td>\n<td><\/td>\n<\/tr>\n<tr>\n<td><strong>Temps de solution<\/strong><\/td>\n<td>0.0<\/td>\n<td><\/td>\n<\/tr>\n<tr bgcolor=\"eeeeee\">\n<td><strong>Solution moyenne<\/strong><\/td>\n<td><\/td>\n<td><\/td>\n<\/tr>\n<tr>\n<td><strong>Valeur de pr\u00e9cipitation<\/strong><\/td>\n<td><\/td>\n<td><\/td>\n<\/tr>\n<tr bgcolor=\"eeeeee\">\n<td><strong>Temps de pr\u00e9cipitation<\/strong><\/td>\n<td><\/td>\n<td><\/td>\n<\/tr>\n<tr>\n<td><strong>Pr\u00e9cipitation moyenne<\/strong><\/td>\n<td><\/td>\n<td><\/td>\n<\/tr>\n<tr bgcolor=\"eeeeee\">\n<td><strong>Minimum de recuit<\/strong><\/td>\n<td><\/td>\n<td><\/td>\n<\/tr>\n<tr>\n<td><strong>Recuit maximum<\/strong><\/td>\n<td><\/td>\n<td><\/td>\n<\/tr>\n<tr bgcolor=\"eeeeee\">\n<td><strong>Temps de recuit<\/strong><\/td>\n<td><\/td>\n<td><\/td>\n<\/tr>\n<tr>\n<td><strong>Minimum de travaux \u00e0 chaud<\/strong><\/td>\n<td><\/td>\n<td><\/td>\n<\/tr>\n<tr bgcolor=\"eeeeee\">\n<td><strong>Maximum de travaux \u00e0 chaud<\/strong><\/td>\n<\/tr>\n<\/tbody>\n<\/table>\n","protected":false},"excerpt":{"rendered":"<p>C90700 \/ CDA 907 Alliages de bronze \u00e9tain Specification : CDA ASTM ASARCON SAE AMS F\u00e9d\u00e9ral Militaire Autre C907 B505 B505M 110 65 J461 J462 4845 Bronze \u00e9tain, 65 Composition chimique : Cu%1 Sn% Pb% Zn% Fe% Ni%2 Sb% P%3 S% Al% Si% Composition chimique selon ASTM B505\/B505M-18 1Pour d\u00e9terminer Cu min., Cu peut \u00eatre [&hellip;]<\/p>\n","protected":false},"author":1,"featured_media":0,"parent":0,"menu_order":0,"comment_status":"closed","ping_status":"closed","template":"","meta":{"_joinchat":[],"footnotes":""},"class_list":["post-4902","page","type-page","status-publish","hentry"],"_links":{"self":[{"href":"https:\/\/conex-casting.com\/fr\/wp-json\/wp\/v2\/pages\/4902","targetHints":{"allow":["GET"]}}],"collection":[{"href":"https:\/\/conex-casting.com\/fr\/wp-json\/wp\/v2\/pages"}],"about":[{"href":"https:\/\/conex-casting.com\/fr\/wp-json\/wp\/v2\/types\/page"}],"author":[{"embeddable":true,"href":"https:\/\/conex-casting.com\/fr\/wp-json\/wp\/v2\/users\/1"}],"replies":[{"embeddable":true,"href":"https:\/\/conex-casting.com\/fr\/wp-json\/wp\/v2\/comments?post=4902"}],"version-history":[{"count":3,"href":"https:\/\/conex-casting.com\/fr\/wp-json\/wp\/v2\/pages\/4902\/revisions"}],"predecessor-version":[{"id":5259,"href":"https:\/\/conex-casting.com\/fr\/wp-json\/wp\/v2\/pages\/4902\/revisions\/5259"}],"wp:attachment":[{"href":"https:\/\/conex-casting.com\/fr\/wp-json\/wp\/v2\/media?parent=4902"}],"curies":[{"name":"wp","href":"https:\/\/api.w.org\/{rel}","templated":true}]}}