{"id":4915,"date":"2021-03-13T05:37:29","date_gmt":"2021-03-13T05:37:29","guid":{"rendered":"http:\/\/conex-casting.com\/?page_id=4915"},"modified":"2021-03-14T12:25:21","modified_gmt":"2021-03-14T12:25:21","slug":"c92300-cda-923-alliages-de-bronze-etain-plombe","status":"publish","type":"page","link":"https:\/\/conex-casting.com\/fr\/c92300-cda-923-alliages-de-bronze-etain-plombe\/","title":{"rendered":"C92300 CDA 923 Alliages de bronze \u00e9tain plomb\u00e9"},"content":{"rendered":"<p style=\"text-align: center;\"><span style=\"color: #800000; font-size: 18pt;\"><strong><span style=\"text-decoration: underline;\">C92300 \/ CDA 923 Alliages de bronze \u00e9tain plomb\u00e9<\/span><\/strong><\/span><\/p>\n<p><strong>sp\u00e9cification :<\/strong><\/p>\n<table border=\"1\" width=\"750\" cellspacing=\"0\" cellpadding=\"5\">\n<thead>\n<tr>\n<th>CDA<\/th>\n<th>ASTM<\/th>\n<th>Asarcon<\/th>\n<th>SAE<\/th>\n<th>AMS<\/th>\n<th>F\u00e9d\u00e9ral<\/th>\n<th>Militaire<\/th>\n<th>Autre<\/th>\n<\/tr>\n<\/thead>\n<tbody>\n<tr bgcolor=\"#eeeeee\">\n<td>C923<\/td>\n<td>B505<br \/>\nB505M<br \/>\nB143-2B<\/td>\n<td>81<\/td>\n<td>621<br \/>\nJ461<br \/>\nJ462<\/td>\n<td><\/td>\n<td>QQ-C-390, D3;<br \/>\nQQ-B-1005, COMP 6<\/td>\n<td>MIL-B-11553, COMP 6<\/td>\n<td><\/td>\n<\/tr>\n<\/tbody>\n<\/table>\n<p><strong>Composition chimique :<\/strong><\/p>\n<table border=\"1\" width=\"750\" cellspacing=\"0\" cellpadding=\"5\">\n<thead>\n<tr>\n<th>Cu%<sup>1<\/sup><\/th>\n<th>Pb%<\/th>\n<th>Sn%<\/th>\n<th>Zn%<\/th>\n<th>Fe%<\/th>\n<th>P%<sup>2<\/sup><\/th>\n<th>Ni%<sup>3<\/sup><\/th>\n<th>Al%<\/th>\n<th>S%<\/th>\n<th>Sb%<\/th>\n<th>Si%<\/th>\n<\/tr>\n<\/thead>\n<tfoot>\n<tr>\n<td colspan=\"12\">\n<div>Composition chimique selon ASTM B505\/B505M-18<\/div>\n<div><\/div>\n<div><sup>1<\/sup>Pour d\u00e9terminer Cu min., Cu peut \u00eatre calcul\u00e9 comme Cu + Ni. <sup>2<\/sup>Pour les pi\u00e8ces coul\u00e9es en continu, P doit \u00eatre de 1,5%, max. <sup>3<\/sup>La valeur Ni comprend Co.<\/div>\n<div>Remarque: Cu + Somme des \u00e9l\u00e9ments nomm\u00e9s, 99,3% min. Les valeurs uniques repr\u00e9sentent les maximums.<\/div>\n<\/td>\n<\/tr>\n<\/tfoot>\n<tbody>\n<tr bgcolor=\"#eeeeee\">\n<td>85.00-<br \/>\n89.00<\/td>\n<td>0.30-<br \/>\n1.00<\/td>\n<td>7.50-<br \/>\n9.00<\/td>\n<td>2.50-<br \/>\n5.00<\/td>\n<td>0.25<\/td>\n<td>0.05<\/td>\n<td>1.00<\/td>\n<td>0.005<\/td>\n<td>0.05<\/td>\n<td>0.25<\/td>\n<td>0.005<\/td>\n<\/tr>\n<\/tbody>\n<\/table>\n<p><strong>Usinabilit\u00e9 :<\/strong><\/p>\n<table border=\"1\" width=\"750\" cellspacing=\"0\" cellpadding=\"5\">\n<thead>\n<tr>\n<th>Alliage de cuivre UNS No.<\/th>\n<th>\u00c9valuation d&rsquo;usinabilit\u00e9<\/th>\n<th>Densit\u00e9(lb\/in<sup>3<\/sup>\u00a0at 68\u00b0 F)<\/th>\n<\/tr>\n<\/thead>\n<tbody>\n<tr bgcolor=\"#eeeeee\">\n<td>C923<\/td>\n<td>42<\/td>\n<td>0.317<\/td>\n<\/tr>\n<\/tbody>\n<\/table>\n<p><strong>Propri\u00e9t\u00e9s m\u00e9caniques :<\/strong><\/p>\n<table border=\"1\" width=\"750\" cellspacing=\"0\" cellpadding=\"5\">\n<tfoot>\n<tr>\n<td colspan=\"12\">\n<div>Propri\u00e9t\u00e9s m\u00e9caniques selon ASTM B505\/B505M-18<\/div>\n<\/td>\n<\/tr>\n<\/tfoot>\n<thead>\n<tr>\n<th colspan=\"2\">R\u00e9sistance \u00e0 la traction, min<\/th>\n<th colspan=\"2\">Limite d&rsquo;\u00e9lasticit\u00e9, \u00e0 0,5% d&rsquo;extension sous charge, min<\/th>\n<th>Allongement, en 2 po ou 50 mm min<\/th>\n<th>Duret\u00e9 Brinell (charge de 500 kg)<\/th>\n<th>Remarques<\/th>\n<\/tr>\n<tr>\n<th>ksi<\/th>\n<th>MPa<\/th>\n<th>ksi<\/th>\n<th>MPa<\/th>\n<th>%<\/th>\n<th>typique BHN<\/th>\n<th><\/th>\n<\/tr>\n<\/thead>\n<tbody>\n<tr bgcolor=\"#eeeeee\">\n<td>40<\/td>\n<td>276<\/td>\n<td>19<\/td>\n<td>131<\/td>\n<td>16<\/td>\n<td>70<\/td>\n<td><\/td>\n<\/tr>\n<\/tbody>\n<\/table>\n<p><strong>Propri\u00e9t\u00e9s physiques :<\/strong><\/p>\n<table border=\"1\" width=\"750\" cellspacing=\"0\" cellpadding=\"5\">\n<tfoot>\n<tr>\n<td colspan=\"12\">\n<div>Propri\u00e9t\u00e9s physiques fournies par CDA<\/div>\n<\/td>\n<\/tr>\n<\/tfoot>\n<thead>\n<tr>\n<th><\/th>\n<th>US Coutumi\u00e8re<\/th>\n<th>M\u00e9trique<\/th>\n<\/tr>\n<\/thead>\n<tbody>\n<tr bgcolor=\"#eeeeee\">\n<td><strong>Point de fusion &#8211; Liquidus<\/strong><\/td>\n<td>1830\u00b0 F<\/td>\n<td>999 \u00b0C<\/td>\n<\/tr>\n<tr>\n<td><strong>Point de fusion &#8211; Solidus<\/strong><\/td>\n<td>1570\u00b0 F<\/td>\n<td>854 \u00b0C<\/td>\n<\/tr>\n<tr bgcolor=\"#eeeeee\">\n<td><strong>Fusion naissante<\/strong><\/td>\n<td>600\u00b0 F<\/td>\n<td>315 \u00b0C<\/td>\n<\/tr>\n<tr>\n<td><strong>Densit\u00e9<\/strong><\/td>\n<td>0.317 lb\/in<sup>3<\/sup>\u00a0at 68\u00b0 F<\/td>\n<td>8.77 gm\/cm<sup>3<\/sup>\u00a0at 20 \u00b0C<\/td>\n<\/tr>\n<tr bgcolor=\"#eeeeee\">\n<td><strong>Gravit\u00e9 sp\u00e9cifique<\/strong><\/td>\n<td>8.77<\/td>\n<td>8.77<\/td>\n<\/tr>\n<tr>\n<td><strong>Conductivit\u00e9 \u00e9lectrique<\/strong><\/td>\n<td>12% IACS at 68\u00b0 F<\/td>\n<td>0.07 MegaSiemens\/cm at 20 \u00b0C<\/td>\n<\/tr>\n<tr bgcolor=\"#eeeeee\">\n<td><strong>Conductivit\u00e9 thermique<\/strong><\/td>\n<td>43.20 Btu\/sq ft\/ft hr\/\u00b0F at 68 \u00b0F<\/td>\n<td>74.8 W\/m at 20 \u00b0C<\/td>\n<\/tr>\n<tr>\n<td><strong>Coefficient de dilatation thermique 68-392<\/strong><\/td>\n<td>10 \u00b7 10<sup>-6<\/sup>\u00a0per \u00b0F (68-392\u00b0 F)<\/td>\n<td>17.3 \u00b7 10<sup>-6<\/sup>\u00a0per \u00b0C (20-200 \u00b0C)<\/td>\n<\/tr>\n<tr bgcolor=\"#eeeeee\">\n<td><strong>La capacit\u00e9 thermique sp\u00e9cifique<\/strong><\/td>\n<td>0.09 Btu\/lb\/\u00b0F at 68\u00b0 F<\/td>\n<td>377.1 J\/kg at 293 \u00b0C<\/td>\n<\/tr>\n<tr>\n<td><strong>Module d&rsquo;\u00e9lasticit\u00e9 en tension<\/strong><\/td>\n<td>14000 ksi<\/td>\n<td>96500 MPa<\/td>\n<\/tr>\n<\/tbody>\n<\/table>\n<p><strong>Propri\u00e9t\u00e9s de fabrication :<\/strong><\/p>\n<table border=\"1\" width=\"750\" cellspacing=\"0\" cellpadding=\"5\">\n<tfoot>\n<tr>\n<td colspan=\"12\">\n<div>Propri\u00e9t\u00e9s de fabrication fournies par CDA<\/div>\n<\/td>\n<\/tr>\n<\/tfoot>\n<thead>\n<tr>\n<th>Technique de jonction<\/th>\n<th>Pertinence<\/th>\n<\/tr>\n<\/thead>\n<tbody>\n<tr bgcolor=\"#eeeeee\">\n<td><strong>Soudure<\/strong><\/td>\n<td>Excellent<\/td>\n<\/tr>\n<tr>\n<td><strong>Brasage<\/strong><\/td>\n<td>Bon<\/td>\n<\/tr>\n<tr bgcolor=\"#eeeeee\">\n<td><strong>Soudage \u00e0 l&rsquo;oxyac\u00e9tyl\u00e8ne<\/strong><\/td>\n<td>Non recommand\u00e9<\/td>\n<\/tr>\n<tr>\n<td><strong>Soudage \u00e0 l&rsquo;arc sous protection gazeuse<\/strong><\/td>\n<td>Non recommand\u00e9<\/td>\n<\/tr>\n<tr bgcolor=\"#eeeeee\">\n<td><strong>Soudage \u00e0 l&rsquo;arc en m\u00e9tal enduit<\/strong><\/td>\n<td>Non recommand\u00e9<\/td>\n<\/tr>\n<\/tbody>\n<\/table>\n<p><strong>Propri\u00e9t\u00e9s thermiques :<\/strong><\/p>\n<table border=\"1\" width=\"750\" cellspacing=\"0\" cellpadding=\"5\">\n<tfoot>\n<tr>\n<td colspan=\"12\">\n<div>Propri\u00e9t\u00e9s thermiques fournies par CDA<\/div>\n<\/td>\n<\/tr>\n<\/tfoot>\n<thead>\n<tr>\n<th>Traitement<\/th>\n<th>Temp.\/Heure &#8211; US<\/th>\n<th>Temp.\/Heure &#8211; SI<\/th>\n<\/tr>\n<\/thead>\n<tbody>\n<tr bgcolor=\"#eeeeee\">\n<td><strong>Temp\u00e9rature de stress<\/strong><\/td>\n<td>500<\/td>\n<td>260<\/td>\n<\/tr>\n<tr>\n<td><strong>Minimum de la solution<\/strong><\/td>\n<td><\/td>\n<td><\/td>\n<\/tr>\n<tr bgcolor=\"#eeeeee\">\n<td><strong>Solution maximum<\/strong><\/td>\n<td><\/td>\n<td><\/td>\n<\/tr>\n<tr>\n<td><strong>Temps de solution<\/strong><\/td>\n<td>0.0<\/td>\n<td><\/td>\n<\/tr>\n<tr bgcolor=\"#eeeeee\">\n<td><strong>Solution moyenne<\/strong><\/td>\n<td><\/td>\n<td><\/td>\n<\/tr>\n<tr>\n<td><strong>Valeur de pr\u00e9cipitation<\/strong><\/td>\n<td><\/td>\n<td><\/td>\n<\/tr>\n<tr bgcolor=\"#eeeeee\">\n<td><strong>Temps de pr\u00e9cipitation<\/strong><\/td>\n<td><\/td>\n<td><\/td>\n<\/tr>\n<tr>\n<td><strong>Pr\u00e9cipitation moyenne<\/strong><\/td>\n<td><\/td>\n<td><\/td>\n<\/tr>\n<tr bgcolor=\"#eeeeee\">\n<td><strong>Minimum de recuit<\/strong><\/td>\n<td><\/td>\n<td><\/td>\n<\/tr>\n<tr>\n<td><strong>Recuit maximum<\/strong><\/td>\n<td><\/td>\n<td><\/td>\n<\/tr>\n<tr bgcolor=\"#eeeeee\">\n<td><strong>Temps de recuit<\/strong><\/td>\n<td><\/td>\n<td><\/td>\n<\/tr>\n<tr>\n<td><strong>Minimum de travaux \u00e0 chaud<\/strong><\/td>\n<td><\/td>\n<td><\/td>\n<\/tr>\n<tr bgcolor=\"#eeeeee\">\n<td><strong>Maximum de travaux \u00e0 chaud<\/strong><\/td>\n<\/tr>\n<\/tbody>\n<\/table>\n","protected":false},"excerpt":{"rendered":"<p>C92300 \/ CDA 923 Alliages de bronze \u00e9tain plomb\u00e9 sp\u00e9cification : CDA ASTM Asarcon SAE AMS F\u00e9d\u00e9ral Militaire Autre C923 B505 B505M B143-2B 81 621 J461 J462 QQ-C-390, D3; QQ-B-1005, COMP 6 MIL-B-11553, COMP 6 Composition chimique : Cu%1 Pb% Sn% Zn% Fe% P%2 Ni%3 Al% S% Sb% Si% Composition chimique selon ASTM B505\/B505M-18 1Pour [&hellip;]<\/p>\n","protected":false},"author":1,"featured_media":0,"parent":0,"menu_order":0,"comment_status":"closed","ping_status":"closed","template":"","meta":{"_joinchat":[],"footnotes":""},"class_list":["post-4915","page","type-page","status-publish","hentry"],"_links":{"self":[{"href":"https:\/\/conex-casting.com\/fr\/wp-json\/wp\/v2\/pages\/4915","targetHints":{"allow":["GET"]}}],"collection":[{"href":"https:\/\/conex-casting.com\/fr\/wp-json\/wp\/v2\/pages"}],"about":[{"href":"https:\/\/conex-casting.com\/fr\/wp-json\/wp\/v2\/types\/page"}],"author":[{"embeddable":true,"href":"https:\/\/conex-casting.com\/fr\/wp-json\/wp\/v2\/users\/1"}],"replies":[{"embeddable":true,"href":"https:\/\/conex-casting.com\/fr\/wp-json\/wp\/v2\/comments?post=4915"}],"version-history":[{"count":3,"href":"https:\/\/conex-casting.com\/fr\/wp-json\/wp\/v2\/pages\/4915\/revisions"}],"predecessor-version":[{"id":5261,"href":"https:\/\/conex-casting.com\/fr\/wp-json\/wp\/v2\/pages\/4915\/revisions\/5261"}],"wp:attachment":[{"href":"https:\/\/conex-casting.com\/fr\/wp-json\/wp\/v2\/media?parent=4915"}],"curies":[{"name":"wp","href":"https:\/\/api.w.org\/{rel}","templated":true}]}}