{"id":4918,"date":"2021-03-13T05:45:24","date_gmt":"2021-03-13T05:45:24","guid":{"rendered":"http:\/\/conex-casting.com\/?page_id=4918"},"modified":"2021-03-13T05:45:24","modified_gmt":"2021-03-13T05:45:24","slug":"c92600-cda-926-alliages-de-bronze-etain-plombe","status":"publish","type":"page","link":"https:\/\/conex-casting.com\/fr\/c92600-cda-926-alliages-de-bronze-etain-plombe\/","title":{"rendered":"C92600 CDA 926 Alliages de bronze \u00e9tain plomb\u00e9"},"content":{"rendered":"<p style=\"text-align: center;\"><span style=\"text-decoration: underline; color: #800000;\"><strong><span style=\"font-size: 18pt;\">C92600 \/ CDA 926 Alliages de bronze \u00e9tain plomb\u00e9<\/span><\/strong><\/span><\/p>\n<p><strong>Composition chimique ( % by poids ) :<\/strong><\/p>\n<table border=\"1\" width=\"750\" cellspacing=\"0\" cellpadding=\"5\">\n<tbody>\n<tr bgcolor=\"#717e94\">\n<td><span style=\"color: #ffffff;\"><strong>\u00c9l\u00e9ment<\/strong><\/span><\/td>\n<td><span style=\"color: #ffffff;\"><strong>Nominale<\/strong><\/span><\/td>\n<td><span style=\"color: #ffffff;\"><strong>Le minimum<\/strong><\/span><\/td>\n<td><span style=\"color: #ffffff;\"><strong>Maximum<\/strong><\/span><\/td>\n<\/tr>\n<tr bgcolor=\"#eeeeee\">\n<td><strong>Aluminum<\/strong><\/td>\n<td>&#8211;<\/td>\n<td>&#8211;<\/td>\n<td>.005<\/td>\n<\/tr>\n<tr>\n<td><strong>Antimoine<\/strong><\/td>\n<td>&#8211;<\/td>\n<td>&#8211;<\/td>\n<td>.25<\/td>\n<\/tr>\n<tr bgcolor=\"#eeeeee\">\n<td><strong>Le cuivre<\/strong><\/td>\n<td>87<\/td>\n<td>86<\/td>\n<td>88.5<\/td>\n<\/tr>\n<tr>\n<td><strong>Le fer<\/strong><\/td>\n<td>&#8211;<\/td>\n<td>&#8211;<\/td>\n<td>.20<\/td>\n<\/tr>\n<tr bgcolor=\"#eeeeee\">\n<td><strong>Mener<\/strong><\/td>\n<td>1<\/td>\n<td>.8<\/td>\n<td>1.2<\/td>\n<\/tr>\n<tr>\n<td><strong>Nickel<\/strong><\/td>\n<td>1<\/td>\n<td>.8<\/td>\n<td>.7<\/td>\n<\/tr>\n<tr bgcolor=\"#eeeeee\">\n<td><strong>Phosphorus<\/strong><\/td>\n<td>&#8211;<\/td>\n<td>&#8211;<\/td>\n<td>.03<\/td>\n<\/tr>\n<tr>\n<td><strong>Silicium<\/strong><\/td>\n<td>&#8211;<\/td>\n<td>&#8211;<\/td>\n<td>.005<\/td>\n<\/tr>\n<tr bgcolor=\"#eeeeee\">\n<td><strong>Soufre<\/strong><\/td>\n<td>&#8211;<\/td>\n<td>&#8211;<\/td>\n<td>.05<\/td>\n<\/tr>\n<tr>\n<td><strong>\u00c9tain<\/strong><\/td>\n<td>10<\/td>\n<td>9.3<\/td>\n<td>10.5<\/td>\n<\/tr>\n<tr bgcolor=\"#eeeeee\">\n<td><strong>Zinc<\/strong><\/td>\n<td>2<\/td>\n<td>1.3<\/td>\n<td>2.5<\/td>\n<\/tr>\n<\/tbody>\n<\/table>\n<p><strong>Applications :<\/strong><br \/>\nRoulements, coussinets, roues de pompe, segments de piston, composants de soupape, raccords vapeur, engrenages.<\/p>\n<p><strong>Propri\u00e9t\u00e9s m\u00e9caniques : <\/strong>(M07 &#8211; En coul\u00e9e continue )<\/p>\n<table border=\"1\" width=\"750\" cellspacing=\"0\" cellpadding=\"5\">\n<tbody>\n<tr bgcolor=\"#eeeeee\">\n<td>Duret\u00e9*<\/td>\n<td>Duret\u00e9 Brinell (500 kg charge)<\/td>\n<td>70<\/td>\n<\/tr>\n<tr>\n<td>R\u00e9sistance \u00e0 la traction**<\/td>\n<td>KSI<\/td>\n<td>44<\/td>\n<\/tr>\n<tr bgcolor=\"#eeeeee\">\n<td>Limite d&rsquo;\u00e9lasticit\u00e9 **<\/td>\n<td>KSI (0.5% Ext. under load)<\/td>\n<td>20<\/td>\n<\/tr>\n<tr>\n<td>\u00c9longation**<\/td>\n<td>% in 2 inch<\/td>\n<td>30<\/td>\n<\/tr>\n<\/tbody>\n<\/table>\n<p>**Les valeurs d&rsquo;essai sont des approximations nominales et d\u00e9pendent de la taille et de l&rsquo;orientation de l&rsquo;\u00e9chantillon.<\/p>\n<p><strong>Propri\u00e9t\u00e9s physiques:<\/strong><\/p>\n<table border=\"1\" width=\"750\" cellspacing=\"0\" cellpadding=\"5\">\n<tbody>\n<tr bgcolor=\"#eeeeee\">\n<td>Conductivit\u00e9 thermique<\/td>\n<td>BTU\/ (sq ft-ft-hr-F)<\/td>\n<td>N\/A<\/td>\n<\/tr>\n<tr>\n<td>Chaleur sp\u00e9cifique<\/td>\n<td>BTU\/lb\/\u00baF @ 68F<\/td>\n<td>.09<\/td>\n<\/tr>\n<tr bgcolor=\"#eeeeee\">\n<td>Dilatation thermique<\/td>\n<td>Per \u00b0F from 68 F to 350 F<\/td>\n<td>.000010<\/td>\n<\/tr>\n<tr>\n<td>Densit\u00e9<\/td>\n<td>lb\/cu in @ 68 F<\/td>\n<td>.315<\/td>\n<\/tr>\n<tr bgcolor=\"#eeeeee\">\n<td>Conductivit\u00e9 \u00e9lectrique* (Annealed)<\/td>\n<td>% IACS @ 68 F<\/td>\n<td>9<\/td>\n<\/tr>\n<tr>\n<td>Module d&rsquo;\u00e9lasticit\u00e9<\/td>\n<td>KSI<\/td>\n<td>15,000<\/td>\n<\/tr>\n<\/tbody>\n<\/table>\n<p>*Volume basis<\/p>\n<p><strong>Pratiques de fabrication :<\/strong><\/p>\n<table border=\"1\" width=\"750\" cellspacing=\"0\" cellpadding=\"5\">\n<tbody>\n<tr bgcolor=\"#eeeeee\">\n<td>Temp\u00e9rature de soulagement du stress<\/td>\n<td>500 F or 260 C<\/td>\n<\/tr>\n<tr>\n<td>Temps \u00e0 temp\u00e9rature<\/td>\n<td>1 heure par pouce d&rsquo;\u00e9paisseur de section<\/td>\n<\/tr>\n<tr bgcolor=\"#eeeeee\">\n<td>R\u00e9pond au traitement thermique<\/td>\n<td>No<\/td>\n<\/tr>\n<tr>\n<td>Indice d&rsquo;usinabilit\u00e9 (Laiton de coupe libre=100)<\/td>\n<td>40<\/td>\n<\/tr>\n<tr bgcolor=\"#eeeeee\">\n<td>Aptitude \u00e0 \u00eatre rejoint par:<\/td>\n<td>Soudure \/ Excellent<\/td>\n<\/tr>\n<tr>\n<td><\/td>\n<td>Brasage \/ Bon*<\/td>\n<\/tr>\n<tr bgcolor=\"#eeeeee\">\n<td><\/td>\n<td>Soudage \u00e0 l&rsquo;oxyac\u00e9tyl\u00e8ne \/ non recommand\u00e9<\/td>\n<\/tr>\n<tr>\n<td><\/td>\n<td>Soudage \u00e0 l&rsquo;arc sous protection gazeuse \/ non recommand\u00e9<\/td>\n<\/tr>\n<tr bgcolor=\"#eeeeee\">\n<td><\/td>\n<td>Soudage \u00e0 l&rsquo;arc en m\u00e9tal rev\u00eatu \/ non recommand\u00e9<\/td>\n<\/tr>\n<\/tbody>\n<\/table>\n<p>*Etant donn\u00e9 que le brasage est effectu\u00e9 \u00e0 des temp\u00e9ratures dans la plage chaude-courte, il faut \u00e9viter toute d\u00e9formation pendant le brasage et le refroidissement de cet alliage.<\/p>\n<p>Les valeurs \u00e9num\u00e9r\u00e9es ci-dessus repr\u00e9sentent des approximations raisonnables adapt\u00e9es \u00e0 une utilisation g\u00e9n\u00e9rale en ing\u00e9nierie. En raison des variations commerciales de composition et des limites de fabrication, ils ne doivent pas \u00eatre utilis\u00e9s \u00e0 des fins de sp\u00e9cification. Voir A.S.T.M. r\u00e9f\u00e9rences de sp\u00e9cification.<\/p>\n","protected":false},"excerpt":{"rendered":"<p>C92600 \/ CDA 926 Alliages de bronze \u00e9tain plomb\u00e9 Composition chimique ( % by poids ) : \u00c9l\u00e9ment Nominale Le minimum Maximum Aluminum &#8211; &#8211; .005 Antimoine &#8211; &#8211; .25 Le cuivre 87 86 88.5 Le fer &#8211; &#8211; .20 Mener 1 .8 1.2 Nickel 1 .8 .7 Phosphorus &#8211; &#8211; .03 Silicium &#8211; &#8211; [&hellip;]<\/p>\n","protected":false},"author":1,"featured_media":0,"parent":0,"menu_order":0,"comment_status":"closed","ping_status":"closed","template":"","meta":{"_joinchat":[],"footnotes":""},"class_list":["post-4918","page","type-page","status-publish","hentry"],"_links":{"self":[{"href":"https:\/\/conex-casting.com\/fr\/wp-json\/wp\/v2\/pages\/4918","targetHints":{"allow":["GET"]}}],"collection":[{"href":"https:\/\/conex-casting.com\/fr\/wp-json\/wp\/v2\/pages"}],"about":[{"href":"https:\/\/conex-casting.com\/fr\/wp-json\/wp\/v2\/types\/page"}],"author":[{"embeddable":true,"href":"https:\/\/conex-casting.com\/fr\/wp-json\/wp\/v2\/users\/1"}],"replies":[{"embeddable":true,"href":"https:\/\/conex-casting.com\/fr\/wp-json\/wp\/v2\/comments?post=4918"}],"version-history":[{"count":2,"href":"https:\/\/conex-casting.com\/fr\/wp-json\/wp\/v2\/pages\/4918\/revisions"}],"predecessor-version":[{"id":4920,"href":"https:\/\/conex-casting.com\/fr\/wp-json\/wp\/v2\/pages\/4918\/revisions\/4920"}],"wp:attachment":[{"href":"https:\/\/conex-casting.com\/fr\/wp-json\/wp\/v2\/media?parent=4918"}],"curies":[{"name":"wp","href":"https:\/\/api.w.org\/{rel}","templated":true}]}}