{"id":4951,"date":"2021-03-13T13:52:16","date_gmt":"2021-03-13T13:52:16","guid":{"rendered":"http:\/\/conex-casting.com\/?page_id=4951"},"modified":"2021-03-14T12:30:46","modified_gmt":"2021-03-14T12:30:46","slug":"c95500-cda-955-alliages-de-bronze-en-aluminium","status":"publish","type":"page","link":"https:\/\/conex-casting.com\/fr\/c95500-cda-955-alliages-de-bronze-en-aluminium\/","title":{"rendered":"C95500 CDA 955 Alliages de bronze en aluminium"},"content":{"rendered":"<p style=\"text-align: center;\"><span style=\"text-decoration: underline; color: #800000;\"><strong><span style=\"font-size: 18pt;\">C95500 \/ CDA 955 Alliages de bronze en aluminium<\/span><\/strong><\/span><\/p>\n<p><strong>sp\u00e9cification :<\/strong><\/p>\n<table border=\"1\" width=\"700\" cellspacing=\"0\" cellpadding=\"5\">\n<thead>\n<tr>\n<th>CDA<\/th>\n<th>ASTM<\/th>\n<th>Asarcon<\/th>\n<th>SAE<\/th>\n<th>AMS<\/th>\n<th>F\u00e9d\u00e9ral<\/th>\n<th>Militaire<\/th>\n<th>Autre<\/th>\n<\/tr>\n<\/thead>\n<tbody>\n<tr bgcolor=\"#eeeeee\">\n<td>C955<\/td>\n<td>B505<br \/>\nB505M<\/td>\n<td><\/td>\n<td><\/td>\n<td><\/td>\n<td>QQ-C-390, G3<\/td>\n<td>MIL-B-16033, Classer 4<\/td>\n<td>Bronze aluminium 9D<\/td>\n<\/tr>\n<\/tbody>\n<\/table>\n<p><strong>Composition chimique :<\/strong><\/p>\n<table border=\"1\" width=\"700\" cellspacing=\"0\" cellpadding=\"5\">\n<thead>\n<tr>\n<th>Cu%<\/th>\n<th>Fe%<\/th>\n<th>Ni%<sup>1<\/sup><\/th>\n<th>Al%<\/th>\n<th>Mn%<\/th>\n<\/tr>\n<\/thead>\n<tfoot>\n<tr>\n<td colspan=\"12\">\n<div>Composition chimique selon ASTM B505\/B505M-18<\/div>\n<div><\/div>\n<div><sup>1<\/sup>La valeur Ni comprend Co.<\/div>\n<div>Remarque: Cu + Somme des \u00e9l\u00e9ments nomm\u00e9s, 99,5% min. Sauf indication contraire, les valeurs uniques repr\u00e9sentent des maximums.<\/div>\n<\/td>\n<\/tr>\n<\/tfoot>\n<tbody>\n<tr bgcolor=\"#eeeeee\">\n<td>78.00<br \/>\nmin<\/td>\n<td>3.00-<br \/>\n5.00<\/td>\n<td>3.00-<br \/>\n5.50<\/td>\n<td>10.00-<br \/>\n11.50<\/td>\n<td>3.50<\/td>\n<\/tr>\n<\/tbody>\n<\/table>\n<p><strong>Usinabilit\u00e9 :<\/strong><\/p>\n<table border=\"1\" width=\"700\" cellspacing=\"0\" cellpadding=\"5\">\n<thead>\n<tr>\n<th>Alliage de cuivre UNS No.<\/th>\n<th>\u00c9valuation d&rsquo;usinabilit\u00e9<\/th>\n<th>Densit\u00e9 (lb\/in<sup>3<\/sup>\u00a0at 68 \u00b0F)<\/th>\n<\/tr>\n<\/thead>\n<tbody>\n<tr bgcolor=\"#eeeeee\">\n<td>C955<\/td>\n<td>50<\/td>\n<td>0.272<\/td>\n<\/tr>\n<\/tbody>\n<\/table>\n<p><strong>Propri\u00e9t\u00e9s m\u00e9caniques :<\/strong><\/p>\n<table border=\"1\" width=\"700\" cellspacing=\"0\" cellpadding=\"5\">\n<tfoot>\n<tr>\n<td colspan=\"12\">\n<div>Propri\u00e9t\u00e9s m\u00e9caniques selon ASTM B505\/B505M-18<\/div>\n<\/td>\n<\/tr>\n<\/tfoot>\n<thead>\n<tr>\n<th colspan=\"2\">R\u00e9sistance \u00e0 la traction, min<\/th>\n<th colspan=\"2\">Limite d&rsquo;\u00e9lasticit\u00e9, \u00e0 0,5% d&rsquo;extension sous charge, min<\/th>\n<th>Allongement, en 2 po ou 50 mm min<\/th>\n<th>Duret\u00e9 Brinell (charge de 3000 kg)<\/th>\n<th>Remarques<\/th>\n<\/tr>\n<tr>\n<th>ksi<\/th>\n<th>MPa<\/th>\n<th>ksi<\/th>\n<th>MPa<\/th>\n<th>%<\/th>\n<th>typique BHN<\/th>\n<th><\/th>\n<\/tr>\n<\/thead>\n<tbody>\n<tr bgcolor=\"#eeeeee\">\n<td>95<\/td>\n<td>655<\/td>\n<td>42<\/td>\n<td>290<\/td>\n<td>10<\/td>\n<td>208<\/td>\n<td><\/td>\n<\/tr>\n<\/tbody>\n<\/table>\n<p><strong>Propri\u00e9t\u00e9s physiques :<\/strong><\/p>\n<table border=\"1\" width=\"700\" cellspacing=\"0\" cellpadding=\"5\">\n<thead>\n<tr>\n<th><\/th>\n<th>US Coutumi\u00e8re<\/th>\n<th>M\u00e9trique<\/th>\n<\/tr>\n<\/thead>\n<tfoot>\n<tr>\n<td colspan=\"12\">\n<div>Propri\u00e9t\u00e9s physiques fournies par CDA<\/div>\n<div><\/div>\n<div>*Sous forme moul\u00e9e, intensit\u00e9 de champ 16 kA \/ m ** \u00c9tat TQ 50, intensit\u00e9 de champ 16 kA \/ m<\/div>\n<\/td>\n<\/tr>\n<\/tfoot>\n<tbody>\n<tr bgcolor=\"#eeeeee\">\n<td><strong>Point de fusion &#8211; Liquidus<\/strong><\/td>\n<td>1930 \u00b0F<\/td>\n<td>1054 \u00b0C<\/td>\n<\/tr>\n<tr>\n<td><strong>Point de fusion &#8211; Solidus<\/strong><\/td>\n<td>1900 \u00b0F<\/td>\n<td>1038 \u00b0C<\/td>\n<\/tr>\n<tr bgcolor=\"#eeeeee\">\n<td><strong>Densit\u00e9<\/strong><\/td>\n<td>0.272 lb\/in<sup>3<\/sup>\u00a0at 68 \u00b0F<\/td>\n<td>7.53 gm\/cm<sup>3<\/sup>\u00a0at 20 \u00b0C<\/td>\n<\/tr>\n<tr>\n<td><strong>Gravit\u00e9 sp\u00e9cifique<\/strong><\/td>\n<td>7.53<\/td>\n<td>7.53<\/td>\n<\/tr>\n<tr bgcolor=\"#eeeeee\">\n<td><strong>Conductivit\u00e9 \u00e9lectrique<\/strong><\/td>\n<td>8% IACS at 68 \u00b0F<\/td>\n<td>0.049 MegaSiemens\/cm at 20 \u00b0C<\/td>\n<\/tr>\n<tr>\n<td><strong>Conductivit\u00e9 thermique<\/strong><\/td>\n<td>24.2 Btu\/sq ft\/ft hr\/\u00b0F at 68 \u00b0F<\/td>\n<td>41.9 W\/m at 20 \u00b0C<\/td>\n<\/tr>\n<tr bgcolor=\"#eeeeee\">\n<td><strong>Coefficient de dilatation thermique 68-572<\/strong><\/td>\n<td>9 \u00b7 10<sup>-6<\/sup>\u00a0per \u00b0F (68-572 \u00b0F)<\/td>\n<td>15.5 \u00b7 10<sup>-6<\/sup>\u00a0per \u00b0C (20-300 \u00b0C)<\/td>\n<\/tr>\n<tr>\n<td><strong>La capacit\u00e9 thermique sp\u00e9cifique<\/strong><\/td>\n<td>0.1 Btu\/lb\/\u00b0F at 68 \u00b0F<\/td>\n<td>419 J\/kg at 293 \u00b0C<\/td>\n<\/tr>\n<tr bgcolor=\"#eeeeee\">\n<td><strong>Module d&rsquo;\u00e9lasticit\u00e9 en tension<\/strong><\/td>\n<td>16000 ksi<\/td>\n<td>110000 MPa<\/td>\n<\/tr>\n<tr>\n<td><strong>Perm\u00e9abilit\u00e9 magn\u00e9tique*<\/strong><\/td>\n<td>1.32<\/td>\n<td>1.32<\/td>\n<\/tr>\n<tr bgcolor=\"#eeeeee\">\n<td><strong>Perm\u00e9abilit\u00e9 magn\u00e9tique**<\/strong><\/td>\n<td>1.2<\/td>\n<td>1.2<\/td>\n<\/tr>\n<tr>\n<td><strong>Ratio de Poisson<\/strong><\/td>\n<td>0.32<\/td>\n<td>0.32<\/td>\n<\/tr>\n<\/tbody>\n<\/table>\n<p><strong>Propri\u00e9t\u00e9s de fabrication :<\/strong><\/p>\n<table border=\"1\" width=\"700\" cellspacing=\"0\" cellpadding=\"5\">\n<tfoot>\n<tr>\n<td colspan=\"12\">\n<div>Propri\u00e9t\u00e9s de fabrication fournies par CDA<\/div>\n<\/td>\n<\/tr>\n<\/tfoot>\n<thead>\n<tr>\n<th>Technique de jonction<\/th>\n<th>Pertinence<\/th>\n<\/tr>\n<\/thead>\n<tbody>\n<tr bgcolor=\"#eeeeee\">\n<td><strong>Soudure<\/strong><\/td>\n<td>Bon<\/td>\n<\/tr>\n<tr>\n<td><strong>Brasage<\/strong><\/td>\n<td>\u00c9quitable<\/td>\n<\/tr>\n<tr bgcolor=\"#eeeeee\">\n<td><strong>Soudage \u00e0 l&rsquo;oxyac\u00e9tyl\u00e8ne<\/strong><\/td>\n<td>Non recommand\u00e9<\/td>\n<\/tr>\n<tr>\n<td><strong>Soudage \u00e0 l&rsquo;arc sous protection gazeuse<\/strong><\/td>\n<td>Bon<\/td>\n<\/tr>\n<tr bgcolor=\"#eeeeee\">\n<td><strong>Soudage \u00e0 l&rsquo;arc en m\u00e9tal enduit<\/strong><\/td>\n<td>Bon<\/td>\n<\/tr>\n<\/tbody>\n<\/table>\n<p><strong>Propri\u00e9t\u00e9s thermiques :<\/strong><\/p>\n<table border=\"1\" width=\"700\" cellspacing=\"0\" cellpadding=\"5\">\n<tfoot>\n<tr>\n<td colspan=\"12\">\n<div>Propri\u00e9t\u00e9s thermiques fournies par CDA<\/div>\n<\/td>\n<\/tr>\n<\/tfoot>\n<thead>\n<tr>\n<th>Treatment<\/th>\n<th>Temp.\/Heure &#8211; US<\/th>\n<th>Temp.\/Heure &#8211; SI<\/th>\n<\/tr>\n<\/thead>\n<tbody>\n<tr bgcolor=\"#eeeeee\">\n<td><strong>Temp\u00e9rature de stress<\/strong><\/td>\n<td>600<\/td>\n<td>316<\/td>\n<\/tr>\n<tr>\n<td><strong>Minimum de la solution<\/strong><\/td>\n<td>1600<\/td>\n<td>872<\/td>\n<\/tr>\n<tr bgcolor=\"#eeeeee\">\n<td><strong>Solution Maximum<\/strong><\/td>\n<td>1675<\/td>\n<td>914<\/td>\n<\/tr>\n<tr>\n<td><strong>Temps de solution<\/strong><\/td>\n<td>1<\/td>\n<td><\/td>\n<\/tr>\n<tr bgcolor=\"#eeeeee\">\n<td><strong>Solution moyenne<\/strong><\/td>\n<td>Water<\/td>\n<td><\/td>\n<\/tr>\n<tr>\n<td><strong>Valeur de pr\u00e9cipitation<\/strong><\/td>\n<td><\/td>\n<td><\/td>\n<\/tr>\n<tr bgcolor=\"#eeeeee\">\n<td><strong>Temps de pr\u00e9cipitation<\/strong><\/td>\n<td><\/td>\n<td><\/td>\n<\/tr>\n<tr>\n<td><strong>Pr\u00e9cipitation moyenne<\/strong><\/td>\n<td><\/td>\n<td><\/td>\n<\/tr>\n<tr bgcolor=\"#eeeeee\">\n<td><strong>Minimum de recuit<\/strong><\/td>\n<td>1150<\/td>\n<td>622<\/td>\n<\/tr>\n<tr>\n<td><strong>Recuit maximum<\/strong><\/td>\n<td>1225<\/td>\n<td>663<\/td>\n<\/tr>\n<tr bgcolor=\"#eeeeee\">\n<td><strong>Temps de recuit<\/strong><\/td>\n<td>1<\/td>\n<td><\/td>\n<\/tr>\n<tr>\n<td><strong>Minimum de travaux \u00e0 chaud<\/strong><\/td>\n<td><\/td>\n<td><\/td>\n<\/tr>\n<tr bgcolor=\"#eeeeee\">\n<td><strong>Maximum de travaux \u00e0 chaud<\/strong><\/td>\n<\/tr>\n<\/tbody>\n<\/table>\n","protected":false},"excerpt":{"rendered":"<p>C95500 \/ CDA 955 Alliages de bronze en aluminium sp\u00e9cification : CDA ASTM Asarcon SAE AMS F\u00e9d\u00e9ral Militaire Autre C955 B505 B505M QQ-C-390, G3 MIL-B-16033, Classer 4 Bronze aluminium 9D Composition chimique : Cu% Fe% Ni%1 Al% Mn% Composition chimique selon ASTM B505\/B505M-18 1La valeur Ni comprend Co. Remarque: Cu + Somme des \u00e9l\u00e9ments nomm\u00e9s, [&hellip;]<\/p>\n","protected":false},"author":1,"featured_media":0,"parent":0,"menu_order":0,"comment_status":"closed","ping_status":"closed","template":"","meta":{"_joinchat":[],"footnotes":""},"class_list":["post-4951","page","type-page","status-publish","hentry"],"_links":{"self":[{"href":"https:\/\/conex-casting.com\/fr\/wp-json\/wp\/v2\/pages\/4951","targetHints":{"allow":["GET"]}}],"collection":[{"href":"https:\/\/conex-casting.com\/fr\/wp-json\/wp\/v2\/pages"}],"about":[{"href":"https:\/\/conex-casting.com\/fr\/wp-json\/wp\/v2\/types\/page"}],"author":[{"embeddable":true,"href":"https:\/\/conex-casting.com\/fr\/wp-json\/wp\/v2\/users\/1"}],"replies":[{"embeddable":true,"href":"https:\/\/conex-casting.com\/fr\/wp-json\/wp\/v2\/comments?post=4951"}],"version-history":[{"count":4,"href":"https:\/\/conex-casting.com\/fr\/wp-json\/wp\/v2\/pages\/4951\/revisions"}],"predecessor-version":[{"id":5272,"href":"https:\/\/conex-casting.com\/fr\/wp-json\/wp\/v2\/pages\/4951\/revisions\/5272"}],"wp:attachment":[{"href":"https:\/\/conex-casting.com\/fr\/wp-json\/wp\/v2\/media?parent=4951"}],"curies":[{"name":"wp","href":"https:\/\/api.w.org\/{rel}","templated":true}]}}