{"id":4954,"date":"2021-03-13T14:00:42","date_gmt":"2021-03-13T14:00:42","guid":{"rendered":"http:\/\/conex-casting.com\/?page_id=4954"},"modified":"2021-03-13T14:00:42","modified_gmt":"2021-03-13T14:00:42","slug":"c95500-cda-955-alliage-de-bronze","status":"publish","type":"page","link":"https:\/\/conex-casting.com\/fr\/c95500-cda-955-alliage-de-bronze\/","title":{"rendered":"C95500 CDA 955 Alliage de bronze"},"content":{"rendered":"<p style=\"text-align: center;\"><span style=\"text-decoration: underline; color: #800000;\"><span style=\"font-size: 18pt;\"><strong>C95500 \/ CDA 955 Alliage de bronze<\/strong><\/span><\/span><\/p>\n<table style=\"height: 288px;\" border=\"1\" width=\"500\" cellspacing=\"0\" cellpadding=\"5\">\n<thead>\n<tr style=\"height: 24px;\" bgcolor=\"#eeeeee\">\n<th style=\"height: 24px;\"><b>\u00c9l\u00e9ment %<\/b><\/th>\n<th style=\"height: 24px;\"><b>Nominale<\/b><\/th>\n<th style=\"height: 24px;\"><b>Le minimum<\/b><\/th>\n<th style=\"height: 24px;\"><b>Maximum<\/b><\/th>\n<\/tr>\n<\/thead>\n<tbody>\n<tr style=\"height: 24px;\">\n<td style=\"height: 24px;\"><strong>Aluminum<\/strong><\/td>\n<td style=\"height: 24px;\">11<\/td>\n<td style=\"height: 24px;\">10<\/td>\n<td style=\"height: 24px;\">11.5<\/td>\n<\/tr>\n<tr style=\"height: 24px;\" bgcolor=\"#eeeeee\">\n<td style=\"height: 24px;\"><strong>Le cuivre<\/strong><\/td>\n<td style=\"height: 24px;\">81<\/td>\n<td style=\"height: 24px;\">78<\/td>\n<td style=\"height: 24px;\">&#8211;<\/td>\n<\/tr>\n<tr style=\"height: 24px;\">\n<td style=\"height: 24px;\"><strong>Le fer<\/strong><\/td>\n<td style=\"height: 24px;\">4<\/td>\n<td style=\"height: 24px;\">3<\/td>\n<td style=\"height: 24px;\">5<\/td>\n<\/tr>\n<tr style=\"height: 24px;\" bgcolor=\"#eeeeee\">\n<td style=\"height: 24px;\"><strong>Manganese<\/strong><\/td>\n<td style=\"height: 24px;\">&#8211;<\/td>\n<td style=\"height: 24px;\">&#8211;<\/td>\n<td style=\"height: 24px;\">3.5<\/td>\n<\/tr>\n<tr style=\"height: 24px;\">\n<td style=\"height: 24px;\"><strong>Nickel<\/strong><\/td>\n<td style=\"height: 24px;\">4<\/td>\n<td style=\"height: 24px;\">3<\/td>\n<td style=\"height: 24px;\">5.5<\/td>\n<\/tr>\n<tr style=\"height: 48px;\" bgcolor=\"#eeeeee\">\n<td style=\"height: 48px;\"><strong>Duret\u00e9 BHN (3000 kg charge)<\/strong><\/td>\n<td style=\"height: 48px;\">&#8211;<\/td>\n<td style=\"height: 48px;\">190<\/td>\n<td style=\"height: 48px;\">&#8211;<\/td>\n<\/tr>\n<tr style=\"height: 24px;\">\n<td style=\"height: 24px;\"><strong>R\u00e9sistance \u00e0 la traction ksi<\/strong><\/td>\n<td style=\"height: 24px;\">&#8211;<\/td>\n<td style=\"height: 24px;\">95<\/td>\n<td style=\"height: 24px;\">&#8211;<\/td>\n<\/tr>\n<tr style=\"height: 48px;\" bgcolor=\"#eeeeee\">\n<td style=\"height: 48px;\"><strong>Limite d&rsquo;\u00e9lasticit\u00e9 ksi (.5% ext. sous charge)<\/strong><\/td>\n<td style=\"height: 48px;\">&#8211;<\/td>\n<td style=\"height: 48px;\">42<\/td>\n<td style=\"height: 48px;\">&#8211;<\/td>\n<\/tr>\n<tr style=\"height: 24px;\">\n<td style=\"height: 24px;\"><strong>\u00c9longation % in 2 pouce<\/strong><\/td>\n<td style=\"height: 24px;\">&#8211;<\/td>\n<td style=\"height: 24px;\">10<\/td>\n<td style=\"height: 24px;\">&#8211;<\/td>\n<\/tr>\n<\/tbody>\n<\/table>\n<p style=\"text-align: justify;\">Les valeurs \u00e9num\u00e9r\u00e9es ci-dessus repr\u00e9sentent des approximations raisonnables adapt\u00e9es \u00e0 une utilisation g\u00e9n\u00e9rale en ing\u00e9nierie. En raison des variations commerciales de composition et des limites de fabrication, ils ne doivent pas \u00eatre utilis\u00e9s \u00e0 des fins de sp\u00e9cification.<\/p>\n<p><strong>Applications :<\/strong><br \/>\nGuides et si\u00e8ges de soupapes dans les moteurs d&rsquo;avion, pi\u00e8ces r\u00e9sistantes \u00e0 la corrosion, roulements, bagues, engrenages, engrenages \u00e0 vis sans fin, crochets et paniers de d\u00e9capage, agitateurs.<\/p>\n<p><strong>Propri\u00e9t\u00e9s physiques :<\/strong><\/p>\n<table border=\"1\" width=\"500\" cellspacing=\"0\" cellpadding=\"5\">\n<tbody>\n<tr bgcolor=\"#eeeeee\">\n<td><strong>Conductivit\u00e9 thermique<\/strong><\/td>\n<td>BTU\/ (sq ft-ft-hr-F)<\/td>\n<td>24.2<\/td>\n<\/tr>\n<tr>\n<td><strong>Chaleur sp\u00e9cifique<\/strong><\/td>\n<td>BTU\/lb\/\u00baF @ 68F<\/td>\n<td>.10<\/td>\n<\/tr>\n<tr bgcolor=\"#eeeeee\">\n<td><strong>Dilatation thermique<\/strong><\/td>\n<td>Per \u00b0F from 68 F to 572 F<\/td>\n<td>.000009<\/td>\n<\/tr>\n<tr>\n<td><strong>Densit\u00e9<\/strong><\/td>\n<td>lb\/cu in @ 68 F<\/td>\n<td>.272<\/td>\n<\/tr>\n<tr bgcolor=\"#eeeeee\">\n<td><strong>Conductivit\u00e9 \u00e9lectrique* (Recuit)<\/strong><\/td>\n<td>% IACS @ 68 F<\/td>\n<td>8.5<\/td>\n<\/tr>\n<tr>\n<td><strong>Module d&rsquo;\u00e9lasticit\u00e9<\/strong><\/td>\n<td>KSI<\/td>\n<td>16,000<\/td>\n<\/tr>\n<\/tbody>\n<\/table>\n<p><strong>Pratiques de fabrication :<\/strong><\/p>\n<table border=\"1\" width=\"500\" cellspacing=\"0\" cellpadding=\"5\">\n<tbody>\n<tr bgcolor=\"#eeeeee\">\n<td width=\"264\" height=\"26\"><strong>Temp\u00e9rature de soulagement du stress<\/strong><\/td>\n<td width=\"200\" height=\"26\">600 F or 316 C<\/td>\n<\/tr>\n<tr>\n<td width=\"264\" height=\"26\"><strong>Temps \u00e0 temp\u00e9rature<\/strong><\/td>\n<td width=\"200\" height=\"26\">1 heure par pouce d&rsquo;\u00e9paisseur de section<\/td>\n<\/tr>\n<tr bgcolor=\"#eeeeee\">\n<td width=\"264\" height=\"26\"><strong>R\u00e9pond au traitement thermique<\/strong><\/td>\n<td width=\"200\" height=\"26\">Yes<\/td>\n<\/tr>\n<tr>\n<td width=\"264\" height=\"26\"><strong>Temp\u00e9rature de traitement thermique de la solution<\/strong><\/td>\n<td width=\"200\" height=\"26\">1585-1635 F or 860-890 C<\/td>\n<\/tr>\n<tr bgcolor=\"#eeeeee\">\n<td width=\"264\" height=\"26\"><strong>Temps \u00e0 temp\u00e9rature<\/strong><\/td>\n<td width=\"200\" height=\"26\">1 heure par pouce d&rsquo;\u00e9paisseur de section<\/td>\n<\/tr>\n<tr>\n<td width=\"264\" height=\"26\"><strong>Milieu de trempe<\/strong><\/td>\n<td width=\"200\" height=\"26\">Trempe \u00e0 l&rsquo;eau ou \u00e0 l&rsquo;huile<\/td>\n<\/tr>\n<tr bgcolor=\"#eeeeee\">\n<td width=\"264\" height=\"26\"><strong>Temp\u00e9rature de recuit<\/strong><\/td>\n<td width=\"200\" height=\"26\">1150-1225 F or 620-660 C<\/td>\n<\/tr>\n<tr>\n<td width=\"264\" height=\"26\"><strong>Temps \u00e0 temp\u00e9rature<\/strong><\/td>\n<td width=\"200\" height=\"26\">1 heure par pouce d&rsquo;\u00e9paisseur de section<\/td>\n<\/tr>\n<tr bgcolor=\"#eeeeee\">\n<td width=\"264\" height=\"26\"><strong>Indice d&rsquo;usinabilit\u00e9 (Laiton de coupe libre=100)<\/strong><\/td>\n<td width=\"200\" height=\"26\">50<\/td>\n<\/tr>\n<tr>\n<td width=\"264\" height=\"26\"><strong>Aptitude \u00e0 \u00eatre rejoint par:<\/strong><\/td>\n<td width=\"200\" height=\"26\">Soudure \/ Bon<\/td>\n<\/tr>\n<tr bgcolor=\"#eeeeee\">\n<td width=\"264\" height=\"26\"><\/td>\n<td width=\"200\" height=\"26\">Brasage \/ juste<\/td>\n<\/tr>\n<tr>\n<td width=\"264\" height=\"26\"><\/td>\n<td width=\"200\" height=\"26\">Soudage \u00e0 l&rsquo;oxyac\u00e9tyl\u00e8ne \/ non recommand\u00e9<\/td>\n<\/tr>\n<tr bgcolor=\"#eeeeee\">\n<td width=\"264\" height=\"26\"><\/td>\n<td width=\"200\" height=\"26\">Soudage \u00e0 l&rsquo;arc au carbone \/ m\u00e9diocre<\/td>\n<\/tr>\n<tr>\n<td width=\"264\" height=\"26\"><\/td>\n<td width=\"200\" height=\"26\">Soudage \u00e0 l&rsquo;arc sous protection gazeuse \/ bon<\/td>\n<\/tr>\n<tr bgcolor=\"#eeeeee\">\n<td width=\"264\" height=\"26\"><\/td>\n<td width=\"200\" height=\"26\">Soudage \u00e0 l&rsquo;arc en m\u00e9tal enduit \/ bon<\/td>\n<\/tr>\n<\/tbody>\n<\/table>\n","protected":false},"excerpt":{"rendered":"<p>C95500 \/ CDA 955 Alliage de bronze \u00c9l\u00e9ment % Nominale Le minimum Maximum Aluminum 11 10 11.5 Le cuivre 81 78 &#8211; Le fer 4 3 5 Manganese &#8211; &#8211; 3.5 Nickel 4 3 5.5 Duret\u00e9 BHN (3000 kg charge) &#8211; 190 &#8211; R\u00e9sistance \u00e0 la traction ksi &#8211; 95 &#8211; Limite d&rsquo;\u00e9lasticit\u00e9 ksi (.5% [&hellip;]<\/p>\n","protected":false},"author":1,"featured_media":0,"parent":0,"menu_order":0,"comment_status":"closed","ping_status":"closed","template":"","meta":{"_joinchat":[],"footnotes":""},"class_list":["post-4954","page","type-page","status-publish","hentry"],"_links":{"self":[{"href":"https:\/\/conex-casting.com\/fr\/wp-json\/wp\/v2\/pages\/4954","targetHints":{"allow":["GET"]}}],"collection":[{"href":"https:\/\/conex-casting.com\/fr\/wp-json\/wp\/v2\/pages"}],"about":[{"href":"https:\/\/conex-casting.com\/fr\/wp-json\/wp\/v2\/types\/page"}],"author":[{"embeddable":true,"href":"https:\/\/conex-casting.com\/fr\/wp-json\/wp\/v2\/users\/1"}],"replies":[{"embeddable":true,"href":"https:\/\/conex-casting.com\/fr\/wp-json\/wp\/v2\/comments?post=4954"}],"version-history":[{"count":2,"href":"https:\/\/conex-casting.com\/fr\/wp-json\/wp\/v2\/pages\/4954\/revisions"}],"predecessor-version":[{"id":4956,"href":"https:\/\/conex-casting.com\/fr\/wp-json\/wp\/v2\/pages\/4954\/revisions\/4956"}],"wp:attachment":[{"href":"https:\/\/conex-casting.com\/fr\/wp-json\/wp\/v2\/media?parent=4954"}],"curies":[{"name":"wp","href":"https:\/\/api.w.org\/{rel}","templated":true}]}}