{"id":4957,"date":"2021-03-13T14:16:47","date_gmt":"2021-03-13T14:16:47","guid":{"rendered":"http:\/\/conex-casting.com\/?page_id=4957"},"modified":"2021-03-13T14:16:47","modified_gmt":"2021-03-13T14:16:47","slug":"c95600-cda-956-alliage-de-bronze","status":"publish","type":"page","link":"https:\/\/conex-casting.com\/fr\/c95600-cda-956-alliage-de-bronze\/","title":{"rendered":"C95600 CDA 956 Alliage de bronze"},"content":{"rendered":"<p style=\"text-align: center;\"><span style=\"text-decoration: underline; color: #800000;\"><span style=\"font-size: 18pt;\"><strong>C95600 \/ CDA 956 Alliage de bronze<\/strong><\/span><\/span><\/p>\n<table border=\"1\" width=\"500\" cellspacing=\"0\" cellpadding=\"5\">\n<tbody>\n<tr bgcolor=\"#717e94\">\n<td><span style=\"color: #ffffff;\"><strong>\u00c9l\u00e9ment<\/strong><\/span><\/td>\n<td><span style=\"color: #ffffff;\"><strong>Nominale<\/strong><\/span><\/td>\n<td><span style=\"color: #ffffff;\"><strong>Le minimum<\/strong><\/span><\/td>\n<td><span style=\"color: #ffffff;\"><strong>Maximum<\/strong><\/span><\/td>\n<\/tr>\n<tr>\n<td><strong>Le cuivre<\/strong><\/td>\n<td>90.3<\/td>\n<td>88<\/td>\n<td>Rem.<\/td>\n<\/tr>\n<tr bgcolor=\"#eeeeee\">\n<td><strong>Mener<\/strong><\/td>\n<td>&#8211;<\/td>\n<td>&#8211;<\/td>\n<td>&#8211;<\/td>\n<\/tr>\n<tr>\n<td><strong>Le fer<\/strong><\/td>\n<td>&#8211;<\/td>\n<td>&#8211;<\/td>\n<td>&#8211;<\/td>\n<\/tr>\n<tr bgcolor=\"#eeeeee\">\n<td><strong>Nickel (incl Co)<\/strong><\/td>\n<td>&#8211;<\/td>\n<td>&#8211;<\/td>\n<td>.25<\/td>\n<\/tr>\n<tr>\n<td><strong>Aluminum<\/strong><\/td>\n<td>7<\/td>\n<td>6<\/td>\n<td>8<\/td>\n<\/tr>\n<tr bgcolor=\"#eeeeee\">\n<td><strong>Mangan\u00e8se<\/strong><\/td>\n<td>&#8211;<\/td>\n<td>&#8211;<\/td>\n<td>&#8211;<\/td>\n<\/tr>\n<tr>\n<td><strong>Magn\u00e9sium<\/strong><\/td>\n<td>&#8211;<\/td>\n<td>&#8211;<\/td>\n<td>&#8211;<\/td>\n<\/tr>\n<tr bgcolor=\"#eeeeee\">\n<td><strong>Silicium<\/strong><\/td>\n<td>2.5<\/td>\n<td>1.8<\/td>\n<td>3.2<\/td>\n<\/tr>\n<tr>\n<td><strong>Zinc<\/strong><\/td>\n<td>&#8211;<\/td>\n<td>&#8211;<\/td>\n<td>&#8211;<\/td>\n<\/tr>\n<tr bgcolor=\"#eeeeee\">\n<td><strong>\u00c9tain<\/strong><\/td>\n<td>&#8211;<\/td>\n<td>&#8211;<\/td>\n<td>&#8211;<\/td>\n<\/tr>\n<\/tbody>\n<\/table>\n<p><strong>Propri\u00e9t\u00e9s physiques :<\/strong><\/p>\n<table border=\"1\" width=\"500\" cellspacing=\"0\" cellpadding=\"5\">\n<tbody>\n<tr bgcolor=\"#eeeeee\">\n<td><strong>Conductivit\u00e9 thermique<\/strong><\/td>\n<td>BTU\/ (sq ft-ft-hr-F)<\/td>\n<td>22.3<\/td>\n<\/tr>\n<tr>\n<td><strong>Chaleur sp\u00e9cifique<\/strong><\/td>\n<td>BTU\/lb\/\u00baF @ 68F<\/td>\n<td>.09<\/td>\n<\/tr>\n<tr bgcolor=\"#eeeeee\">\n<td><strong>Dilatation thermique<\/strong><\/td>\n<td>Per \u00b0F from 68 F to 572 F<\/td>\n<td>.000009<\/td>\n<\/tr>\n<tr>\n<td><strong>Densit\u00e9<\/strong><\/td>\n<td>lb\/cu in @ 68 F<\/td>\n<td>.278<\/td>\n<\/tr>\n<tr bgcolor=\"#eeeeee\">\n<td><strong>Conductivit\u00e9 \u00e9lectrique<\/strong><\/td>\n<td>% IACS @ 68 F<\/td>\n<td>8<\/td>\n<\/tr>\n<tr>\n<td><strong>Module d&rsquo;\u00e9lasticit\u00e9<\/strong><\/td>\n<td>KSI<\/td>\n<td>15,000<\/td>\n<\/tr>\n<\/tbody>\n<\/table>\n","protected":false},"excerpt":{"rendered":"<p>C95600 \/ CDA 956 Alliage de bronze \u00c9l\u00e9ment Nominale Le minimum Maximum Le cuivre 90.3 88 Rem. Mener &#8211; &#8211; &#8211; Le fer &#8211; &#8211; &#8211; Nickel (incl Co) &#8211; &#8211; .25 Aluminum 7 6 8 Mangan\u00e8se &#8211; &#8211; &#8211; Magn\u00e9sium &#8211; &#8211; &#8211; Silicium 2.5 1.8 3.2 Zinc &#8211; &#8211; &#8211; \u00c9tain &#8211; &#8211; [&hellip;]<\/p>\n","protected":false},"author":1,"featured_media":0,"parent":0,"menu_order":0,"comment_status":"closed","ping_status":"closed","template":"","meta":{"_joinchat":[],"footnotes":""},"class_list":["post-4957","page","type-page","status-publish","hentry"],"_links":{"self":[{"href":"https:\/\/conex-casting.com\/fr\/wp-json\/wp\/v2\/pages\/4957","targetHints":{"allow":["GET"]}}],"collection":[{"href":"https:\/\/conex-casting.com\/fr\/wp-json\/wp\/v2\/pages"}],"about":[{"href":"https:\/\/conex-casting.com\/fr\/wp-json\/wp\/v2\/types\/page"}],"author":[{"embeddable":true,"href":"https:\/\/conex-casting.com\/fr\/wp-json\/wp\/v2\/users\/1"}],"replies":[{"embeddable":true,"href":"https:\/\/conex-casting.com\/fr\/wp-json\/wp\/v2\/comments?post=4957"}],"version-history":[{"count":1,"href":"https:\/\/conex-casting.com\/fr\/wp-json\/wp\/v2\/pages\/4957\/revisions"}],"predecessor-version":[{"id":4958,"href":"https:\/\/conex-casting.com\/fr\/wp-json\/wp\/v2\/pages\/4957\/revisions\/4958"}],"wp:attachment":[{"href":"https:\/\/conex-casting.com\/fr\/wp-json\/wp\/v2\/media?parent=4957"}],"curies":[{"name":"wp","href":"https:\/\/api.w.org\/{rel}","templated":true}]}}