{"id":4959,"date":"2021-03-13T14:24:48","date_gmt":"2021-03-13T14:24:48","guid":{"rendered":"http:\/\/conex-casting.com\/?page_id=4959"},"modified":"2021-03-13T14:24:48","modified_gmt":"2021-03-13T14:24:48","slug":"c95800-cda-958-alliages-de-bronze-en-aluminium","status":"publish","type":"page","link":"https:\/\/conex-casting.com\/fr\/c95800-cda-958-alliages-de-bronze-en-aluminium\/","title":{"rendered":"C95800 CDA 958 Alliages de bronze en aluminium"},"content":{"rendered":"<p style=\"text-align: center;\"><span style=\"text-decoration: underline; color: #800000; font-size: 18pt;\"><strong>C95800 \/ CDA 958 Alliages de bronze en aluminium<\/strong><\/span><\/p>\n<p style=\"text-align: left;\">CDA 958 ASTM B 505 , ASTM B 271<br \/>\n<strong>Composition chimique % by peser :<\/strong><\/p>\n<table border=\"1\" width=\"700\" cellspacing=\"0\" cellpadding=\"5\">\n<tbody>\n<tr bgcolor=\"#717e94\">\n<td><span style=\"color: #ffffff;\"><strong>\u00c9l\u00e9ment<\/strong><\/span><\/td>\n<td><span style=\"color: #ffffff;\"><strong>Nominale<\/strong><\/span><\/td>\n<td><span style=\"color: #ffffff;\"><strong>Le minimum<\/strong><\/span><\/td>\n<td><span style=\"color: #ffffff;\"><strong>Maximum<\/strong><\/span><\/td>\n<\/tr>\n<tr bgcolor=\"#eeeeee\">\n<td><strong>Aluminum<\/strong><\/td>\n<td>9<\/td>\n<td>8.5<\/td>\n<td>9.5<\/td>\n<\/tr>\n<tr>\n<td><strong>Le cuivre<\/strong><\/td>\n<td>81<\/td>\n<td>79<\/td>\n<td>&#8211;<\/td>\n<\/tr>\n<tr bgcolor=\"#eeeeee\">\n<td><strong>Le fer<\/strong><\/td>\n<td>4<\/td>\n<td>3.5<\/td>\n<td>4.5<\/td>\n<\/tr>\n<tr>\n<td><strong>Mangan\u00e8se<\/strong><\/td>\n<td>1<\/td>\n<td>.8<\/td>\n<td>1.5<\/td>\n<\/tr>\n<tr bgcolor=\"#eeeeee\">\n<td><strong>Nickel<\/strong><\/td>\n<td>5<\/td>\n<td>4<\/td>\n<td>5<\/td>\n<\/tr>\n<tr>\n<td><strong>Silicium<\/strong><\/td>\n<td>&#8211;<\/td>\n<td>&#8211;<\/td>\n<td>.10<\/td>\n<\/tr>\n<\/tbody>\n<\/table>\n<p><strong>Applications :<\/strong><br \/>\nMoyeux d&rsquo;h\u00e9lice, pales et autres pi\u00e8ces en contact avec de l&rsquo;eau sal\u00e9e.<\/p>\n<p><strong>Propri\u00e9t\u00e9s m\u00e9caniques (comme fonte) :<\/strong><br \/>\n<em>M07 &#8211; En coul\u00e9e continue<\/em><\/p>\n<table border=\"1\" width=\"700\" cellspacing=\"0\" cellpadding=\"5\">\n<tbody>\n<tr bgcolor=\"#eeeeee\">\n<td>Duret\u00e9*<\/td>\n<td>Duret\u00e9 Brinell (3000 kg charge)<\/td>\n<td>159<\/td>\n<\/tr>\n<tr>\n<td>R\u00e9sistance \u00e0 la traction**<\/td>\n<td>KSI<\/td>\n<td>90<\/td>\n<\/tr>\n<tr bgcolor=\"#eeeeee\">\n<td>Limite d&rsquo;\u00e9lasticit\u00e9 **<\/td>\n<td>KSI (0.5% Ext. under load)<\/td>\n<td>38<\/td>\n<\/tr>\n<tr>\n<td>\u00c9longation**<\/td>\n<td>% in 2 pouce<\/td>\n<td>18<\/td>\n<\/tr>\n<\/tbody>\n<\/table>\n<p>**Les valeurs d&rsquo;essai sont des approximations nominales et d\u00e9pendent de la taille et de l&rsquo;orientation de l&rsquo;\u00e9chantillon.<\/p>\n<p><strong>Propri\u00e9t\u00e9s physiques :<\/strong><\/p>\n<table border=\"1\" width=\"700\" cellspacing=\"0\" cellpadding=\"5\">\n<tbody>\n<tr bgcolor=\"#eeeeee\">\n<td>Conductivit\u00e9 thermique<\/td>\n<td>BTU\/ (sq ft-ft-hr-F)<\/td>\n<td>20.8<\/td>\n<\/tr>\n<tr>\n<td>Chaleur sp\u00e9cifique<\/td>\n<td>BTU\/lb\/\u00baF @ 68F<\/td>\n<td>.105<\/td>\n<\/tr>\n<tr bgcolor=\"#eeeeee\">\n<td>Dilatation thermique<\/td>\n<td>Par \u00b0F de 68 F to 572 F<\/td>\n<td>.000009<\/td>\n<\/tr>\n<tr>\n<td>Densit\u00e9<\/td>\n<td>lb\/cu in @ 68 F<\/td>\n<td>.276<\/td>\n<\/tr>\n<tr bgcolor=\"#eeeeee\">\n<td>Conductivit\u00e9 \u00e9lectrique* (Annealed)<\/td>\n<td>% IACS @ 68 F<\/td>\n<td>7.1<\/td>\n<\/tr>\n<tr>\n<td>Module d&rsquo;\u00e9lasticit\u00e9<\/td>\n<td>KSI<\/td>\n<td>16,500<\/td>\n<\/tr>\n<\/tbody>\n<\/table>\n<p>*Volume basis<\/p>\n<p><strong>Pratiques de fabrication :<\/strong><\/p>\n<table border=\"1\" width=\"700\" cellspacing=\"0\" cellpadding=\"5\">\n<tbody>\n<tr bgcolor=\"#eeeeee\">\n<td>Temp\u00e9rature de soulagement du stress<\/td>\n<td>600 F or 316 C<\/td>\n<\/tr>\n<tr>\n<td>Temps \u00e0 temp\u00e9rature<\/td>\n<td>1 heure par pouce d&rsquo;\u00e9paisseur de section<\/td>\n<\/tr>\n<tr bgcolor=\"#eeeeee\">\n<td>R\u00e9pond au traitement thermique<\/td>\n<td>*<\/td>\n<\/tr>\n<tr>\n<td>Indice d&rsquo;usinabilit\u00e9 (laiton de coupe libre = 100)<\/td>\n<td>50<\/td>\n<\/tr>\n<tr bgcolor=\"#eeeeee\">\n<td>Aptitude \u00e0 \u00eatre rejoint par:<\/td>\n<td>Soudure \/ Bon<\/td>\n<\/tr>\n<tr>\n<td><\/td>\n<td>Brasage \/ juste<\/td>\n<\/tr>\n<tr bgcolor=\"#eeeeee\">\n<td><\/td>\n<td>Soudage \u00e0 l&rsquo;oxyac\u00e9tyl\u00e8ne \/ non recommand\u00e9<\/td>\n<\/tr>\n<tr>\n<td><\/td>\n<td>Soudage \u00e0 l&rsquo;arc au carbone \/ m\u00e9diocre<\/td>\n<\/tr>\n<tr bgcolor=\"#eeeeee\">\n<td><\/td>\n<td>Soudage \u00e0 l&rsquo;arc sous protection gazeuse \/ bon<\/td>\n<\/tr>\n<tr>\n<td><\/td>\n<td>Soudage \u00e0 l&rsquo;arc en m\u00e9tal enduit \/ bon<\/td>\n<\/tr>\n<\/tbody>\n<\/table>\n","protected":false},"excerpt":{"rendered":"<p>C95800 \/ CDA 958 Alliages de bronze en aluminium CDA 958 ASTM B 505 , ASTM B 271 Composition chimique % by peser : \u00c9l\u00e9ment Nominale Le minimum Maximum Aluminum 9 8.5 9.5 Le cuivre 81 79 &#8211; Le fer 4 3.5 4.5 Mangan\u00e8se 1 .8 1.5 Nickel 5 4 5 Silicium &#8211; &#8211; .10 [&hellip;]<\/p>\n","protected":false},"author":1,"featured_media":0,"parent":0,"menu_order":0,"comment_status":"closed","ping_status":"closed","template":"","meta":{"_joinchat":[],"footnotes":""},"class_list":["post-4959","page","type-page","status-publish","hentry"],"_links":{"self":[{"href":"https:\/\/conex-casting.com\/fr\/wp-json\/wp\/v2\/pages\/4959","targetHints":{"allow":["GET"]}}],"collection":[{"href":"https:\/\/conex-casting.com\/fr\/wp-json\/wp\/v2\/pages"}],"about":[{"href":"https:\/\/conex-casting.com\/fr\/wp-json\/wp\/v2\/types\/page"}],"author":[{"embeddable":true,"href":"https:\/\/conex-casting.com\/fr\/wp-json\/wp\/v2\/users\/1"}],"replies":[{"embeddable":true,"href":"https:\/\/conex-casting.com\/fr\/wp-json\/wp\/v2\/comments?post=4959"}],"version-history":[{"count":2,"href":"https:\/\/conex-casting.com\/fr\/wp-json\/wp\/v2\/pages\/4959\/revisions"}],"predecessor-version":[{"id":4962,"href":"https:\/\/conex-casting.com\/fr\/wp-json\/wp\/v2\/pages\/4959\/revisions\/4962"}],"wp:attachment":[{"href":"https:\/\/conex-casting.com\/fr\/wp-json\/wp\/v2\/media?parent=4959"}],"curies":[{"name":"wp","href":"https:\/\/api.w.org\/{rel}","templated":true}]}}