{"id":4981,"date":"2021-03-13T15:44:32","date_gmt":"2021-03-13T15:44:32","guid":{"rendered":"http:\/\/conex-casting.com\/?page_id=4981"},"modified":"2026-05-12T07:30:48","modified_gmt":"2026-05-12T07:30:48","slug":"cnc-moulage-usine","status":"publish","type":"page","link":"https:\/\/conex-casting.com\/fr\/cnc-moulage-usine\/","title":{"rendered":"CNC Moulage usin\u00e9"},"content":{"rendered":"<p style=\"text-align: center;\"><span style=\"text-decoration: underline; color: #800000; font-size: 18pt;\"><strong>CNC Moulage usin\u00e9<\/strong><\/span><\/p>\n<p style=\"text-align: center;\"><a class=\"maxbutton-1 maxbutton maxbutton-product-page-button open-popup-modal\"><span class=\"mb-text\">Obtenez des devis en 24 heures<\/span><\/a><\/p>\n<p style=\"text-align: justify;\">CNC Les services de moulage usin\u00e9 peuvent cr\u00e9er de grands volumes de pi\u00e8ces complexes avec une pr\u00e9cision de chaque composant. Nous nous assurons que chaque produit b\u00e9n\u00e9ficie de la plus haute pr\u00e9cision et exactitude disponible.<\/p>\n<p style=\"text-align: justify;\">Nos services de moulage usin\u00e9 CNC sont utilis\u00e9s pour une vari\u00e9t\u00e9 de m\u00e9taux et de plastiques, y compris le titane, l&rsquo;acier, le laiton et le cuivre. Nous sommes confiants dans notre usinage de pr\u00e9cision et nous fournissons des services \u00e0 certaines des industries les plus complexes du monde.<\/p>\n<table style=\"border-collapse: collapse; width: 100%;\" border=\"0\">\n<tbody>\n<tr>\n<td style=\"width: 33.3333%;\"><a href=\"https:\/\/conex-casting.com\/es\/fundiciones-de-acero-inoxidable-mecanizadas-por-cnc\/\"><img loading=\"lazy\" decoding=\"async\" class=\"aligncenter wp-image-4985 size-full\" title=\"CNC Machined Casting\" src=\"http:\/\/conex-casting.com\/wp-content\/uploads\/2019\/03\/CNC-Machined-Castings-03.jpg\" alt=\"CNC Machined Casting\" width=\"250\" height=\"250\" srcset=\"https:\/\/conex-casting.com\/wp-content\/uploads\/2019\/03\/CNC-Machined-Castings-03.jpg 250w, https:\/\/conex-casting.com\/wp-content\/uploads\/2019\/03\/CNC-Machined-Castings-03-150x150.jpg 150w\" sizes=\"auto, (max-width: 250px) 100vw, 250px\" \/><\/a><\/td>\n<td style=\"width: 33.3333%;\"><img loading=\"lazy\" decoding=\"async\" class=\"aligncenter wp-image-4984 size-full\" title=\"CNC Machined Casting\" src=\"http:\/\/conex-casting.com\/wp-content\/uploads\/2019\/03\/CNC-Machined-Castings-02.jpg\" alt=\"CNC Machined Casting\" width=\"250\" height=\"250\" srcset=\"https:\/\/conex-casting.com\/wp-content\/uploads\/2019\/03\/CNC-Machined-Castings-02.jpg 250w, https:\/\/conex-casting.com\/wp-content\/uploads\/2019\/03\/CNC-Machined-Castings-02-150x150.jpg 150w\" sizes=\"auto, (max-width: 250px) 100vw, 250px\" \/><\/td>\n<td style=\"width: 33.3333%;\"><img loading=\"lazy\" decoding=\"async\" class=\"aligncenter wp-image-4983 size-full\" title=\"CNC Machined Casting\" src=\"http:\/\/conex-casting.com\/wp-content\/uploads\/2019\/03\/CNC-Machined-Castings-01.jpg\" alt=\"CNC Machined Casting\" width=\"250\" height=\"250\" srcset=\"https:\/\/conex-casting.com\/wp-content\/uploads\/2019\/03\/CNC-Machined-Castings-01.jpg 250w, https:\/\/conex-casting.com\/wp-content\/uploads\/2019\/03\/CNC-Machined-Castings-01-150x150.jpg 150w\" sizes=\"auto, (max-width: 250px) 100vw, 250px\" \/><\/td>\n<\/tr>\n<\/tbody>\n<\/table>\n\n\n<table style=\"border-collapse: collapse; width: 100%;\">\n<tbody>\n<tr>\n<td style=\"width: 33.3333%;\">\n<p>\u00a0<\/p>\n<p><a href=\"https:\/\/conex-casting.com\/fr\/pieces-moulees-en-bronze-usinees-pieces-moulees-en-bronze-usinees-cnc\/\"><img loading=\"lazy\" decoding=\"async\" class=\"wp-image-2025\" title=\"Aluminum Bronze Machined Casting | Silicon Bronze Machined Castings | CNC Machining of Bronze Castings\" src=\"http:\/\/conex-casting.com\/wp-content\/uploads\/2025\/10\/Aluminum-bronze-machined-casting-Silicon-bronze-machined-castings-Bronze-Machined-Castings-CNC-machining-of-Bronze-Castings.webp\" alt=\"Aluminum Bronze Machined Casting | Silicon Bronze Machined Castings | CNC Machining of Bronze Castings\" width=\"261\" height=\"261\" \/><\/a><\/p>\n<\/td>\n<td style=\"width: 33.3333%;\">\u00a0<\/td>\n<td style=\"width: 33.3333%;\">\u00a0<\/td>\n<\/tr>\n<\/tbody>\n<tr><td style=\"width:33%;padding:10px;vertical-align:top;text-align:center;\"><a href=\"https:\/\/conex-casting.com\/fr\/cnc-moulage-usine\/c83600-moulage-bronze-usine-cda-836\/\"><img decoding=\"async\" src=\"http:\/\/conex-casting.com\/wp-content\/uploads\/2026\/05\/C83600-Machined-Bronze-Castings-CDA-836-Casting-Bronze-casting-C83600.jpeg\" alt=\"Moulages en Bronze Usin\u00e9 C83600 | Alliage CDA 836\" style=\"width:100%;max-width:261px;height:143px;object-fit:cover;\" \/><\/a><p style=\"text-align:center;margin:8px 0 0 0;\"><strong><a href=\"https:\/\/conex-casting.com\/fr\/cnc-moulage-usine\/c83600-moulage-bronze-usine-cda-836\/\">Moulages en Bronze Usin\u00e9 C83600 | Alliage CDA 836<\/a><\/strong><\/p><\/td><td style=\"width:33%;padding:10px;vertical-align:top;text-align:center;\"><a href=\"https:\/\/conex-casting.com\/fr\/cnc-moulage-usine\/bagues-en-bronze-usinees-tous-alliages\/\"><img decoding=\"async\" src=\"http:\/\/conex-casting.com\/wp-content\/uploads\/2026\/05\/Bronze-Bushes-Machined-Bronze-bushes-Bronze-Cast-and-machined-Bushes.jpeg\" alt=\"Bagues en Bronze Usin\u00e9es \u2013 Tous Alliages\" style=\"width:100%;max-width:261px;height:143px;object-fit:cover;\" \/><\/a><p style=\"text-align:center;margin:8px 0 0 0;\"><strong><a href=\"https:\/\/conex-casting.com\/fr\/cnc-moulage-usine\/bagues-en-bronze-usinees-tous-alliages\/\">Bagues en Bronze Usin\u00e9es \u2013 Tous Alliages<\/a><\/strong><\/p><\/td><td><\/td><\/tr><\/table>\n\n\n","protected":false},"excerpt":{"rendered":"<p>CNC Moulage usin\u00e9 Obtenez des devis en 24 heures CNC Les services de moulage usin\u00e9 peuvent cr\u00e9er de grands volumes de pi\u00e8ces complexes avec une pr\u00e9cision de chaque composant. Nous nous assurons que chaque produit b\u00e9n\u00e9ficie de la plus haute pr\u00e9cision et exactitude disponible. Nos services de moulage usin\u00e9 CNC sont utilis\u00e9s pour une vari\u00e9t\u00e9 [&hellip;]<\/p>\n","protected":false},"author":1,"featured_media":0,"parent":0,"menu_order":0,"comment_status":"closed","ping_status":"closed","template":"","meta":{"_joinchat":[],"footnotes":""},"class_list":["post-4981","page","type-page","status-publish","hentry"],"_links":{"self":[{"href":"https:\/\/conex-casting.com\/fr\/wp-json\/wp\/v2\/pages\/4981","targetHints":{"allow":["GET"]}}],"collection":[{"href":"https:\/\/conex-casting.com\/fr\/wp-json\/wp\/v2\/pages"}],"about":[{"href":"https:\/\/conex-casting.com\/fr\/wp-json\/wp\/v2\/types\/page"}],"author":[{"embeddable":true,"href":"https:\/\/conex-casting.com\/fr\/wp-json\/wp\/v2\/users\/1"}],"replies":[{"embeddable":true,"href":"https:\/\/conex-casting.com\/fr\/wp-json\/wp\/v2\/comments?post=4981"}],"version-history":[{"count":7,"href":"https:\/\/conex-casting.com\/fr\/wp-json\/wp\/v2\/pages\/4981\/revisions"}],"predecessor-version":[{"id":8883,"href":"https:\/\/conex-casting.com\/fr\/wp-json\/wp\/v2\/pages\/4981\/revisions\/8883"}],"wp:attachment":[{"href":"https:\/\/conex-casting.com\/fr\/wp-json\/wp\/v2\/media?parent=4981"}],"curies":[{"name":"wp","href":"https:\/\/api.w.org\/{rel}","templated":true}]}}