{"id":5009,"date":"2021-03-13T16:00:02","date_gmt":"2021-03-13T16:00:02","guid":{"rendered":"http:\/\/conex-casting.com\/?page_id=5009"},"modified":"2021-10-23T08:24:39","modified_gmt":"2021-10-23T08:24:39","slug":"boulons-a-oeil","status":"publish","type":"page","link":"https:\/\/conex-casting.com\/fr\/boulons-a-oeil\/","title":{"rendered":"Boulons \u00e0 oeil"},"content":{"rendered":"<p style=\"text-align: center;\"><span style=\"text-decoration: underline; color: #800000;\"><span style=\"font-size: 18pt;\"><strong>Boulons \u00e0 oeil<\/strong><\/span><\/span><\/p>\n<p style=\"text-align: center;\"><a class=\"maxbutton-1 maxbutton maxbutton-product-page-button open-popup-modal\"><span class=\"mb-text\">Obtenez des devis en 24 heures<\/span><\/a><\/p>\n<p style=\"text-align: justify;\">Fabriqu\u00e9 \u00e0 partir d&rsquo;alliage de cuivre C955 (bronze d&rsquo;aluminium) par moulage au sable fin, souvent utilis\u00e9 avec un assemblage de bornes et utilis\u00e9 pour mettre \u00e0 la terre les pi\u00e8ces du transformateur.<\/p>\n<p style=\"text-align: justify;\">Ils sont fabriqu\u00e9s en laiton, cuivre et bronze dans une vari\u00e9t\u00e9 de tailles et de fils. Ces boulons \u00e0 \u0153il sont utilis\u00e9s pour la fixation industrielle ainsi que pour les applications \u00e9lectriques. A \u00e9t\u00e9 fait pour ASTM A489, DIN 444 and 580.<\/p>\n<table style=\"border-collapse: collapse; width: 100%;\" border=\"0\">\n<tbody>\n<tr style=\"height: 357px;\">\n<td style=\"width: 50%; height: 357px;\"><img loading=\"lazy\" decoding=\"async\" class=\"aligncenter wp-image-5013 size-full\" title=\"Eye Bolts\" src=\"http:\/\/conex-casting.com\/wp-content\/uploads\/2019\/02\/Eye-Bolts-02.jpg\" alt=\"Eye Bolts\" width=\"300\" height=\"300\" srcset=\"https:\/\/conex-casting.com\/wp-content\/uploads\/2019\/02\/Eye-Bolts-02.jpg 350w, https:\/\/conex-casting.com\/wp-content\/uploads\/2019\/02\/Eye-Bolts-02-150x150.jpg 150w, https:\/\/conex-casting.com\/wp-content\/uploads\/2019\/02\/Eye-Bolts-02-300x300.jpg 300w\" sizes=\"auto, (max-width: 300px) 100vw, 300px\" \/><\/td>\n<td style=\"width: 50%; height: 357px;\"><img loading=\"lazy\" decoding=\"async\" class=\"aligncenter wp-image-5012 size-full\" title=\"Eye Bolts\" src=\"http:\/\/conex-casting.com\/wp-content\/uploads\/2019\/02\/Eye-Bolts-01.jpg\" alt=\"Eye Bolts\" width=\"300\" height=\"300\" srcset=\"https:\/\/conex-casting.com\/wp-content\/uploads\/2019\/02\/Eye-Bolts-01.jpg 350w, https:\/\/conex-casting.com\/wp-content\/uploads\/2019\/02\/Eye-Bolts-01-150x150.jpg 150w, https:\/\/conex-casting.com\/wp-content\/uploads\/2019\/02\/Eye-Bolts-01-300x300.jpg 300w\" sizes=\"auto, (max-width: 300px) 100vw, 300px\" \/><\/td>\n<\/tr>\n<\/tbody>\n<\/table>\n","protected":false},"excerpt":{"rendered":"<p>Boulons \u00e0 oeil Obtenez des devis en 24 heures Fabriqu\u00e9 \u00e0 partir d&rsquo;alliage de cuivre C955 (bronze d&rsquo;aluminium) par moulage au sable fin, souvent utilis\u00e9 avec un assemblage de bornes et utilis\u00e9 pour mettre \u00e0 la terre les pi\u00e8ces du transformateur. Ils sont fabriqu\u00e9s en laiton, cuivre et bronze dans une vari\u00e9t\u00e9 de tailles et [&hellip;]<\/p>\n","protected":false},"author":1,"featured_media":0,"parent":0,"menu_order":0,"comment_status":"closed","ping_status":"closed","template":"","meta":{"_joinchat":[],"footnotes":""},"class_list":["post-5009","page","type-page","status-publish","hentry"],"_links":{"self":[{"href":"https:\/\/conex-casting.com\/fr\/wp-json\/wp\/v2\/pages\/5009","targetHints":{"allow":["GET"]}}],"collection":[{"href":"https:\/\/conex-casting.com\/fr\/wp-json\/wp\/v2\/pages"}],"about":[{"href":"https:\/\/conex-casting.com\/fr\/wp-json\/wp\/v2\/types\/page"}],"author":[{"embeddable":true,"href":"https:\/\/conex-casting.com\/fr\/wp-json\/wp\/v2\/users\/1"}],"replies":[{"embeddable":true,"href":"https:\/\/conex-casting.com\/fr\/wp-json\/wp\/v2\/comments?post=5009"}],"version-history":[{"count":3,"href":"https:\/\/conex-casting.com\/fr\/wp-json\/wp\/v2\/pages\/5009\/revisions"}],"predecessor-version":[{"id":6238,"href":"https:\/\/conex-casting.com\/fr\/wp-json\/wp\/v2\/pages\/5009\/revisions\/6238"}],"wp:attachment":[{"href":"https:\/\/conex-casting.com\/fr\/wp-json\/wp\/v2\/media?parent=5009"}],"curies":[{"name":"wp","href":"https:\/\/api.w.org\/{rel}","templated":true}]}}