{"id":5035,"date":"2021-03-13T16:32:50","date_gmt":"2021-03-13T16:32:50","guid":{"rendered":"http:\/\/conex-casting.com\/?page_id=5035"},"modified":"2021-10-21T11:40:56","modified_gmt":"2021-10-21T11:40:56","slug":"pinces-de-tige-de-terre","status":"publish","type":"page","link":"https:\/\/conex-casting.com\/fr\/pinces-de-tige-de-terre\/","title":{"rendered":"Pinces de tige de terre"},"content":{"rendered":"<p style=\"text-align: center;\"><span style=\"text-decoration: underline; color: #800000;\"><span style=\"font-size: 18pt;\"><strong>Pinces de tige de terre<\/strong><\/span><\/span><\/p>\n<p style=\"text-align: justify;\">Utilis\u00e9 pour fixer les fils de cuivre aux tiges de terre pour l&rsquo;enfouissement dans la terre. Fabriqu\u00e9 \u00e0 partir d&rsquo;alliage de cuivre tel que C955 en utilisant un moulage au sable fin. Le mat\u00e9riel est disponible en bronze et en acier inoxydable. Gamme de 3\/8 \u00ab\u00a0\u00e0 3\/4\u00a0\u00bb.<\/p>\n<p style=\"text-align: center;\"><a href=\"javascript:void(0);\" class=\"maxbutton-1 maxbutton maxbutton-product-page-button open-popup-modal\"><span class=\"mb-text\">Obtenez des devis en 24 heures<\/span><\/a><\/p>\n<table style=\"border-collapse: collapse; width: 100%;\" border=\"0\">\n<tbody>\n<tr>\n<td style=\"width: 50%;\"><img loading=\"lazy\" decoding=\"async\" class=\"aligncenter wp-image-5038 size-full\" title=\"Ground Rod Clamps\" src=\"http:\/\/conex-casting.com\/wp-content\/uploads\/2019\/02\/Ground-Rod-Clamps-01.jpg\" alt=\"Ground Rod Clamps\" width=\"300\" height=\"300\" srcset=\"https:\/\/conex-casting.com\/wp-content\/uploads\/2019\/02\/Ground-Rod-Clamps-01.jpg 350w, https:\/\/conex-casting.com\/wp-content\/uploads\/2019\/02\/Ground-Rod-Clamps-01-150x150.jpg 150w, https:\/\/conex-casting.com\/wp-content\/uploads\/2019\/02\/Ground-Rod-Clamps-01-300x300.jpg 300w\" sizes=\"auto, (max-width: 300px) 100vw, 300px\" \/><\/td>\n<td style=\"width: 50%;\"><img loading=\"lazy\" decoding=\"async\" class=\"aligncenter wp-image-5039 size-full\" title=\"Ground Rod Clamps\" src=\"http:\/\/conex-casting.com\/wp-content\/uploads\/2019\/02\/Ground-Rod-Clamps-02.jpg\" alt=\"Ground Rod Clamps\" width=\"300\" height=\"300\" srcset=\"https:\/\/conex-casting.com\/wp-content\/uploads\/2019\/02\/Ground-Rod-Clamps-02.jpg 350w, https:\/\/conex-casting.com\/wp-content\/uploads\/2019\/02\/Ground-Rod-Clamps-02-150x150.jpg 150w, https:\/\/conex-casting.com\/wp-content\/uploads\/2019\/02\/Ground-Rod-Clamps-02-300x300.jpg 300w\" sizes=\"auto, (max-width: 300px) 100vw, 300px\" \/><\/td>\n<\/tr>\n<\/tbody>\n<\/table>\n","protected":false},"excerpt":{"rendered":"<p>Pinces de tige de terre Utilis\u00e9 pour fixer les fils de cuivre aux tiges de terre pour l&rsquo;enfouissement dans la terre. Fabriqu\u00e9 \u00e0 partir d&rsquo;alliage de cuivre tel que C955 en utilisant un moulage au sable fin. Le mat\u00e9riel est disponible en bronze et en acier inoxydable. Gamme de 3\/8 \u00ab\u00a0\u00e0 3\/4\u00a0\u00bb. Obtenez des devis [&hellip;]<\/p>\n","protected":false},"author":1,"featured_media":0,"parent":0,"menu_order":0,"comment_status":"closed","ping_status":"closed","template":"","meta":{"_joinchat":[],"footnotes":""},"class_list":["post-5035","page","type-page","status-publish","hentry"],"_links":{"self":[{"href":"https:\/\/conex-casting.com\/fr\/wp-json\/wp\/v2\/pages\/5035","targetHints":{"allow":["GET"]}}],"collection":[{"href":"https:\/\/conex-casting.com\/fr\/wp-json\/wp\/v2\/pages"}],"about":[{"href":"https:\/\/conex-casting.com\/fr\/wp-json\/wp\/v2\/types\/page"}],"author":[{"embeddable":true,"href":"https:\/\/conex-casting.com\/fr\/wp-json\/wp\/v2\/users\/1"}],"replies":[{"embeddable":true,"href":"https:\/\/conex-casting.com\/fr\/wp-json\/wp\/v2\/comments?post=5035"}],"version-history":[{"count":4,"href":"https:\/\/conex-casting.com\/fr\/wp-json\/wp\/v2\/pages\/5035\/revisions"}],"predecessor-version":[{"id":6059,"href":"https:\/\/conex-casting.com\/fr\/wp-json\/wp\/v2\/pages\/5035\/revisions\/6059"}],"wp:attachment":[{"href":"https:\/\/conex-casting.com\/fr\/wp-json\/wp\/v2\/media?parent=5035"}],"curies":[{"name":"wp","href":"https:\/\/api.w.org\/{rel}","templated":true}]}}