{"id":5041,"date":"2021-03-14T06:35:51","date_gmt":"2021-03-14T06:35:51","guid":{"rendered":"http:\/\/conex-casting.com\/?page_id=5041"},"modified":"2021-10-23T08:27:45","modified_gmt":"2021-10-23T08:27:45","slug":"coulee-centrifuge-en-alliage-de-cuivre-salut","status":"publish","type":"page","link":"https:\/\/conex-casting.com\/fr\/coulee-centrifuge-en-alliage-de-cuivre-salut\/","title":{"rendered":"Coul\u00e9e centrifuge en alliage de cuivre Salut"},"content":{"rendered":"\n<p style=\"text-align: center;\"><span style=\"text-decoration: underline; color: #800000;\"><span style=\"font-size: 18pt;\"><strong>Coul\u00e9e centrifuge en alliage de cuivre Salut<\/strong><\/span><\/span><\/p>\n<p style=\"text-align: center;\"><a class=\"maxbutton-1 maxbutton maxbutton-product-page-button open-popup-modal\"><span class=\"mb-text\">Obtenez des devis en 24 heures<\/span><\/a><\/p>\n<p style=\"text-align: justify;\">Notre fonderie fabrique des alliages \u00e0 base de cuivre depuis sa conception en tant que producteur de fonderie depuis des d\u00e9cennies. Tous les alliages sont coul\u00e9s au sable en utilisant le processus de prise au sable vert ou \u00e0 l&rsquo;air. Tous les alliages sont conformes \u00e0 BS1400.<\/p>\n<table style=\"border-collapse: collapse; width: 100%;\">\n<tbody>\n<tr>\n<td style=\"width: 33.3333%;\"><img loading=\"lazy\" decoding=\"async\" class=\"size-full wp-image-4980 aligncenter\" src=\"http:\/\/conex-casting.com\/wp-content\/uploads\/2020\/08\/Hi-Copper-Alloy-Centrifugal-Casting-01.jpg\" alt=\"Hi Copper Alloy Centrifugal Casting\" width=\"250\" height=\"250\" srcset=\"https:\/\/conex-casting.com\/wp-content\/uploads\/2020\/08\/Hi-Copper-Alloy-Centrifugal-Casting-01.jpg 250w, https:\/\/conex-casting.com\/wp-content\/uploads\/2020\/08\/Hi-Copper-Alloy-Centrifugal-Casting-01-150x150.jpg 150w\" sizes=\"auto, (max-width: 250px) 100vw, 250px\" \/><\/td>\n<td style=\"width: 33.3333%;\"><img loading=\"lazy\" decoding=\"async\" class=\"size-full wp-image-5044 aligncenter\" src=\"http:\/\/conex-casting.com\/wp-content\/uploads\/2020\/08\/Hi-Copper-Alloy-Centrifugal-Casting-03.jpg\" alt=\"Hi-Copper-Alloy-Centrifugal-Casting\" width=\"250\" height=\"250\" srcset=\"https:\/\/conex-casting.com\/wp-content\/uploads\/2020\/08\/Hi-Copper-Alloy-Centrifugal-Casting-03.jpg 250w, https:\/\/conex-casting.com\/wp-content\/uploads\/2020\/08\/Hi-Copper-Alloy-Centrifugal-Casting-03-150x150.jpg 150w\" sizes=\"auto, (max-width: 250px) 100vw, 250px\" \/><\/td>\n<td style=\"width: 33.3333%;\"><img loading=\"lazy\" decoding=\"async\" class=\"size-full wp-image-5043 aligncenter\" src=\"http:\/\/conex-casting.com\/wp-content\/uploads\/2020\/08\/Hi-Copper-Alloy-Centrifugal-Casting-02.jpg\" alt=\"Hi-Copper-Alloy-Centrifugal-Casting\" width=\"250\" height=\"250\" srcset=\"https:\/\/conex-casting.com\/wp-content\/uploads\/2020\/08\/Hi-Copper-Alloy-Centrifugal-Casting-02.jpg 250w, https:\/\/conex-casting.com\/wp-content\/uploads\/2020\/08\/Hi-Copper-Alloy-Centrifugal-Casting-02-150x150.jpg 150w\" sizes=\"auto, (max-width: 250px) 100vw, 250px\" \/><\/td>\n<\/tr>\n<\/tbody>\n<\/table>\n","protected":false},"excerpt":{"rendered":"<p>Coul\u00e9e centrifuge en alliage de cuivre Salut Obtenez des devis en 24 heures Notre fonderie fabrique des alliages \u00e0 base de cuivre depuis sa conception en tant que producteur de fonderie depuis des d\u00e9cennies. Tous les alliages sont coul\u00e9s au sable en utilisant le processus de prise au sable vert ou \u00e0 l&rsquo;air. Tous les [&hellip;]<\/p>\n","protected":false},"author":1,"featured_media":0,"parent":0,"menu_order":0,"comment_status":"closed","ping_status":"closed","template":"","meta":{"_joinchat":[],"footnotes":""},"class_list":["post-5041","page","type-page","status-publish","hentry"],"_links":{"self":[{"href":"https:\/\/conex-casting.com\/fr\/wp-json\/wp\/v2\/pages\/5041","targetHints":{"allow":["GET"]}}],"collection":[{"href":"https:\/\/conex-casting.com\/fr\/wp-json\/wp\/v2\/pages"}],"about":[{"href":"https:\/\/conex-casting.com\/fr\/wp-json\/wp\/v2\/types\/page"}],"author":[{"embeddable":true,"href":"https:\/\/conex-casting.com\/fr\/wp-json\/wp\/v2\/users\/1"}],"replies":[{"embeddable":true,"href":"https:\/\/conex-casting.com\/fr\/wp-json\/wp\/v2\/comments?post=5041"}],"version-history":[{"count":3,"href":"https:\/\/conex-casting.com\/fr\/wp-json\/wp\/v2\/pages\/5041\/revisions"}],"predecessor-version":[{"id":6255,"href":"https:\/\/conex-casting.com\/fr\/wp-json\/wp\/v2\/pages\/5041\/revisions\/6255"}],"wp:attachment":[{"href":"https:\/\/conex-casting.com\/fr\/wp-json\/wp\/v2\/media?parent=5041"}],"curies":[{"name":"wp","href":"https:\/\/api.w.org\/{rel}","templated":true}]}}