{"id":5046,"date":"2021-03-14T06:39:40","date_gmt":"2021-03-14T06:39:40","guid":{"rendered":"http:\/\/conex-casting.com\/?page_id=5046"},"modified":"2021-03-14T21:07:27","modified_gmt":"2021-03-14T21:07:27","slug":"page-daccueil","status":"publish","type":"page","link":"https:\/\/conex-casting.com\/fr\/","title":{"rendered":"Page d&rsquo;accueil"},"content":{"rendered":"<h2 style=\"background: linear-gradient(90deg, rgba(182,182,182,1) 0%, rgba(182,182,182,1) 38%, rgba(255,255,255,0.6951155462184874) 100%); padding: 5px; border-radius: 8px; text-shadow: 0 6px 7px #929292;\"><strong>Bienvenue chez Conex Casting India<\/strong><\/h2>\n<p style=\"text-align: justify;\">Nous nous sp\u00e9cialisons dans le moulage d&rsquo;une vari\u00e9t\u00e9 d&rsquo;alliages de cuivre et d&rsquo;acier inoxydable. Nous coulons et usinons des pi\u00e8ces moul\u00e9es de pr\u00e9cision utilis\u00e9es dans diverses applications industrielles \u00e0 travers le monde. En tant que fonderie de fonderie de premier plan, nous sommes experts dans l&rsquo;utilisation de l&rsquo;alliage appropri\u00e9 pour vos besoins de moulage requis. Diff\u00e9rents types d&rsquo;alliages de cuivre, de bronze, de laiton et d&rsquo;acier inoxydable de diff\u00e9rentes formes, tailles et poids. Les march\u00e9s que nous desservons t\u00e9moignent de la qualit\u00e9 des pi\u00e8ces moul\u00e9es en m\u00e9tal que nous proposons. En plus du moulage de haute qualit\u00e9, nous pouvons \u00e9galement offrir des installations d&rsquo;usinage CNC selon les besoins du client.<\/p>\n<p><img loading=\"lazy\" decoding=\"async\" class=\"aligncenter\" src=\"http:\/\/conex-casting.com\/wp-content\/uploads\/2018\/07\/Brass-Hose-Fittings-Components1.png\" alt=\"\" width=\"567\" height=\"238\" \/><\/p>\n<p style=\"text-align: justify;\">Des investissements continus dans les derni\u00e8res technologies de moulage, les \u00e9quipements et nos employ\u00e9s font de Conex Casting plus qu&rsquo;une simple fonderie. Notre installation \u00e0 la fine pointe de la technologie utilise un processus de moulage au sable automatis\u00e9 et de moulage en coquille pour produire des produits de haute qualit\u00e9 reproductibles. Nos avanc\u00e9es technologiques nous permettent de produire et de fournir des pi\u00e8ces moul\u00e9es en laiton, en cuivre, en bronze et en acier inoxydable de qualit\u00e9 sup\u00e9rieure, personnalis\u00e9es pour r\u00e9pondre \u00e0 toutes vos exigences. Notre fonderie bas\u00e9e \u00e0 Jamnagar Gujarat produit des pi\u00e8ces moul\u00e9es pour une vari\u00e9t\u00e9 d&rsquo;industries et se sp\u00e9cialise dans la fabrication de bagues compliqu\u00e9es, de connecteurs \u00e9lectriques, de pinces de mise \u00e0 la terre, de pi\u00e8ces de pompe, de joints, de roulements et de logements de roulements \u00e0 l&rsquo;aide de divers alliages m\u00e9talliques.<\/p>\n<p style=\"text-align: justify;\">Notre personnel exp\u00e9riment\u00e9 et comp\u00e9tent prend le temps de comprendre vos exigences pour fournir le plus haut niveau de service \u00e0 la client\u00e8le. Nous pouvons \u00e9galement offrir des \u00e9conomies substantielles par rapport aux fonderies am\u00e9ricaines \/ europ\u00e9ennes, ce qui peut \u00e0 son tour aider nos clients \u00e0 \u00eatre plus comp\u00e9titifs sur leur march\u00e9.<\/p>\n<h2 style=\"background: linear-gradient(90deg, rgba(182,182,182,1) 0%, rgba(182,182,182,1) 38%, rgba(255,255,255,0.6951155462184874) 100%); padding: 5px; border-radius: 8px; text-shadow: 0 6px 7px #929292;\"><strong>Nos produits cl\u00e9s<\/strong><\/h2>\n<table style=\"border-collapse: collapse; width: 0%;\">\n<tbody>\n<tr style=\"height: 234px;\">\n<td style=\"height: 234px;\" valign=\"top\">\n<p><figure style=\"width: 230px\" class=\"wp-caption aligncenter\"><a href=\"https:\/\/conex-casting.com\/fr\/pinces-hot-line\/\"><img loading=\"lazy\" decoding=\"async\" title=\"Gravity Die Casting\" src=\"http:\/\/conex-casting.com\/wp-content\/uploads\/2021\/02\/Hot-Line-Clamps-01.jpg\" alt=\"Hot Line Clamps\" width=\"230\" height=\"230\" \/><\/a><figcaption class=\"wp-caption-text\"><a href=\"https:\/\/conex-casting.com\/fr\/pinces-hot-line\/\"><strong>Pinces Hot Line<\/strong><\/a><\/figcaption><\/figure><\/td>\n<td style=\"height: 234px;\" valign=\"top\">\n<p><figure style=\"width: 230px\" class=\"wp-caption aligncenter\"><a href=\"https:\/\/conex-casting.com\/fr\/connecteurs-detau-en-bronze\/\"><img loading=\"lazy\" decoding=\"async\" title=\"Bronze Casting\" src=\"http:\/\/conex-casting.com\/wp-content\/uploads\/2021\/02\/Bronze-Vise-Clamps-01.jpg\" alt=\"Bronze Vise Clamps\" width=\"230\" height=\"230\" \/><\/a><figcaption class=\"wp-caption-text\"><a href=\"https:\/\/conex-casting.com\/fr\/connecteurs-detau-en-bronze\/\"><strong>Connecteurs d&rsquo;\u00e9tau en bronze<\/strong><\/a><\/figcaption><\/figure><\/td>\n<td style=\"height: 234px;\" valign=\"top\">\n<p><figure id=\"attachment_1025\" aria-describedby=\"caption-attachment-1025\" style=\"width: 230px\" class=\"wp-caption aligncenter\"><a href=\"https:\/\/conex-casting.com\/fr\/connecteurs-de-reservoir-de-transformateur\/\"><img loading=\"lazy\" decoding=\"async\" class=\"wp-image-1025 size-full\" title=\"Centrifugal Casting\" src=\"http:\/\/conex-casting.com\/wp-content\/uploads\/2021\/02\/Transformer-Tank-Connectors-01.jpg\" alt=\"Transformer Tank Connectors\" width=\"230\" height=\"230\" \/><\/a><figcaption id=\"caption-attachment-1025\" class=\"wp-caption-text\"><a href=\"https:\/\/conex-casting.com\/fr\/connecteurs-de-reservoir-de-transformateur\/\"><strong>Connecteurs de r\u00e9servoir de transformateur<\/strong><\/a><\/figcaption><\/figure><\/td>\n<\/tr>\n<\/tbody>\n<\/table>\n<table style=\"border-collapse: collapse; width: 0%;\">\n<tbody>\n<tr style=\"height: 234px;\">\n<td style=\"height: 234px;\" valign=\"top\">\n<p><figure style=\"width: 230px\" class=\"wp-caption aligncenter\"><a href=\"https:\/\/conex-casting.com\/fr\/crepines-de-coque-en-bronze-crepines-marines-de-scoop-de-mer\/\"><img loading=\"lazy\" decoding=\"async\" title=\"CNC Machined Castings\" src=\"http:\/\/conex-casting.com\/wp-content\/uploads\/2021\/02\/Bronze-Hull-Strainers-Marine-Sea-Scoop-Strainers-01-1.jpg\" alt=\"Bronze Hull Strainers Marine Sea Scoop Strainers\" width=\"230\" height=\"230\" \/><\/a><figcaption class=\"wp-caption-text\"><a href=\"https:\/\/conex-casting.com\/fr\/crepines-de-coque-en-bronze-crepines-marines-de-scoop-de-mer\/\"><strong>Cr\u00e9pines de coque en bronze Cr\u00e9pines marines de scoop de mer<\/strong><\/a><\/figcaption><\/figure><\/td>\n<td style=\"height: 234px;\" valign=\"top\">\n<p><figure style=\"width: 230px\" class=\"wp-caption aligncenter\"><a href=\"https:\/\/conex-casting.com\/fr\/raccords-en-bronze-coudes-reducteurs-coudes-filetes\/\"><img loading=\"lazy\" decoding=\"async\" title=\"Bronze Casting\" src=\"http:\/\/conex-casting.com\/wp-content\/uploads\/2021\/02\/Bronze-Reducing-Elbows-Threaded-Elbows-02.jpg\" alt=\"Bronze Elbows Reducing Elbows Bronze Threaded Elbows\" width=\"230\" height=\"230\" \/><\/a><figcaption class=\"wp-caption-text\"><a href=\"https:\/\/conex-casting.com\/fr\/raccords-en-bronze-coudes-reducteurs-coudes-filetes\/\"><strong>Coudes en bronze Coudes r\u00e9ducteurs Coudes filet\u00e9s en bronze<\/strong><\/a><\/figcaption><\/figure><\/td>\n<td style=\"height: 234px;\" valign=\"top\">\n<p><figure id=\"attachment_1025\" aria-describedby=\"caption-attachment-1025\" style=\"width: 230px\" class=\"wp-caption aligncenter\"><a href=\"https:\/\/conex-casting.com\/fr\/roues-de-pompe-en-acier-inoxydable\/\"><img loading=\"lazy\" decoding=\"async\" class=\"wp-image-1025 size-full\" title=\"Centrifugal Casting\" src=\"http:\/\/conex-casting.com\/wp-content\/uploads\/2021\/02\/Stainless-Steel-Pump-Impellers-01.jpg\" alt=\"Stainless Steel Pump Impellers\" width=\"230\" height=\"230\" \/><\/a><figcaption id=\"caption-attachment-1025\" class=\"wp-caption-text\"><a href=\"https:\/\/conex-casting.com\/fr\/roues-de-pompe-en-acier-inoxydable\/\"><strong>Roues de pompe en acier inoxydable<\/strong><\/a><\/figcaption><\/figure><\/td>\n<\/tr>\n<\/tbody>\n<\/table>\n","protected":false},"excerpt":{"rendered":"<p>Bienvenue chez Conex Casting India Nous nous sp\u00e9cialisons dans le moulage d&rsquo;une vari\u00e9t\u00e9 d&rsquo;alliages de cuivre et d&rsquo;acier inoxydable. Nous coulons et usinons des pi\u00e8ces moul\u00e9es de pr\u00e9cision utilis\u00e9es dans diverses applications industrielles \u00e0 travers le monde. En tant que fonderie de fonderie de premier plan, nous sommes experts dans l&rsquo;utilisation de l&rsquo;alliage appropri\u00e9 pour [&hellip;]<\/p>\n","protected":false},"author":1,"featured_media":5050,"parent":0,"menu_order":0,"comment_status":"closed","ping_status":"closed","template":"","meta":{"_joinchat":[],"footnotes":""},"class_list":["post-5046","page","type-page","status-publish","has-post-thumbnail","hentry"],"_links":{"self":[{"href":"https:\/\/conex-casting.com\/fr\/wp-json\/wp\/v2\/pages\/5046","targetHints":{"allow":["GET"]}}],"collection":[{"href":"https:\/\/conex-casting.com\/fr\/wp-json\/wp\/v2\/pages"}],"about":[{"href":"https:\/\/conex-casting.com\/fr\/wp-json\/wp\/v2\/types\/page"}],"author":[{"embeddable":true,"href":"https:\/\/conex-casting.com\/fr\/wp-json\/wp\/v2\/users\/1"}],"replies":[{"embeddable":true,"href":"https:\/\/conex-casting.com\/fr\/wp-json\/wp\/v2\/comments?post=5046"}],"version-history":[{"count":5,"href":"https:\/\/conex-casting.com\/fr\/wp-json\/wp\/v2\/pages\/5046\/revisions"}],"predecessor-version":[{"id":5279,"href":"https:\/\/conex-casting.com\/fr\/wp-json\/wp\/v2\/pages\/5046\/revisions\/5279"}],"wp:featuredmedia":[{"embeddable":true,"href":"https:\/\/conex-casting.com\/fr\/wp-json\/wp\/v2\/media\/5050"}],"wp:attachment":[{"href":"https:\/\/conex-casting.com\/fr\/wp-json\/wp\/v2\/media?parent=5046"}],"curies":[{"name":"wp","href":"https:\/\/api.w.org\/{rel}","templated":true}]}}