{"id":5068,"date":"2021-03-14T06:52:10","date_gmt":"2021-03-14T06:52:10","guid":{"rendered":"http:\/\/conex-casting.com\/?page_id=5068"},"modified":"2021-10-23T08:24:45","modified_gmt":"2021-10-23T08:24:45","slug":"poser-dans-les-cosses","status":"publish","type":"page","link":"https:\/\/conex-casting.com\/fr\/poser-dans-les-cosses\/","title":{"rendered":"Poser dans les cosses"},"content":{"rendered":"<p style=\"text-align: center;\"><span style=\"text-decoration: underline; color: #800000;\"><span style=\"font-size: 18pt;\"><strong>Poser dans les cosses<\/strong><\/span><\/span><\/p>\n<p style=\"text-align: center;\"><a class=\"maxbutton-1 maxbutton maxbutton-product-page-button open-popup-modal\"><span class=\"mb-text\">Obtenez des devis en 24 heures<\/span><\/a><\/p>\n<p style=\"text-align: justify;\">Fabriqu\u00e9 \u00e0 partir de 99,99% de cuivre et a une dentelure \u00e0 la fin. La vis de fixation du fil est en acier inoxydable. Il convient aux conducteurs en aluminium et en cuivre et trouve une grande utilit\u00e9 dans la pose de fils sur un panneau solaire.<\/p>\n<table style=\"border-collapse: collapse; width: 100%;\" border=\"0\">\n<tbody>\n<tr>\n<td style=\"width: 50%;\"><img loading=\"lazy\" decoding=\"async\" class=\"aligncenter wp-image-5071 size-full\" title=\"Lay in Lugs\" src=\"http:\/\/conex-casting.com\/wp-content\/uploads\/2019\/02\/Lay-in-Lugs-01.jpg\" alt=\"Lay in Lugs\" width=\"300\" height=\"300\" srcset=\"https:\/\/conex-casting.com\/wp-content\/uploads\/2019\/02\/Lay-in-Lugs-01.jpg 350w, https:\/\/conex-casting.com\/wp-content\/uploads\/2019\/02\/Lay-in-Lugs-01-150x150.jpg 150w, https:\/\/conex-casting.com\/wp-content\/uploads\/2019\/02\/Lay-in-Lugs-01-300x300.jpg 300w\" sizes=\"auto, (max-width: 300px) 100vw, 300px\" \/><\/td>\n<td style=\"width: 50%;\"><img loading=\"lazy\" decoding=\"async\" class=\"aligncenter wp-image-5072 size-full\" title=\"Lay in Lugs\" src=\"http:\/\/conex-casting.com\/wp-content\/uploads\/2019\/02\/Lay-in-Lugs-02.jpg\" alt=\"Lay in Lugs\" width=\"300\" height=\"300\" srcset=\"https:\/\/conex-casting.com\/wp-content\/uploads\/2019\/02\/Lay-in-Lugs-02.jpg 350w, https:\/\/conex-casting.com\/wp-content\/uploads\/2019\/02\/Lay-in-Lugs-02-150x150.jpg 150w, https:\/\/conex-casting.com\/wp-content\/uploads\/2019\/02\/Lay-in-Lugs-02-300x300.jpg 300w\" sizes=\"auto, (max-width: 300px) 100vw, 300px\" \/><\/td>\n<\/tr>\n<\/tbody>\n<\/table>\n","protected":false},"excerpt":{"rendered":"<p>Poser dans les cosses Obtenez des devis en 24 heures Fabriqu\u00e9 \u00e0 partir de 99,99% de cuivre et a une dentelure \u00e0 la fin. La vis de fixation du fil est en acier inoxydable. Il convient aux conducteurs en aluminium et en cuivre et trouve une grande utilit\u00e9 dans la pose de fils sur un [&hellip;]<\/p>\n","protected":false},"author":1,"featured_media":0,"parent":0,"menu_order":0,"comment_status":"closed","ping_status":"closed","template":"","meta":{"_joinchat":[],"footnotes":""},"class_list":["post-5068","page","type-page","status-publish","hentry"],"_links":{"self":[{"href":"https:\/\/conex-casting.com\/fr\/wp-json\/wp\/v2\/pages\/5068","targetHints":{"allow":["GET"]}}],"collection":[{"href":"https:\/\/conex-casting.com\/fr\/wp-json\/wp\/v2\/pages"}],"about":[{"href":"https:\/\/conex-casting.com\/fr\/wp-json\/wp\/v2\/types\/page"}],"author":[{"embeddable":true,"href":"https:\/\/conex-casting.com\/fr\/wp-json\/wp\/v2\/users\/1"}],"replies":[{"embeddable":true,"href":"https:\/\/conex-casting.com\/fr\/wp-json\/wp\/v2\/comments?post=5068"}],"version-history":[{"count":3,"href":"https:\/\/conex-casting.com\/fr\/wp-json\/wp\/v2\/pages\/5068\/revisions"}],"predecessor-version":[{"id":6239,"href":"https:\/\/conex-casting.com\/fr\/wp-json\/wp\/v2\/pages\/5068\/revisions\/6239"}],"wp:attachment":[{"href":"https:\/\/conex-casting.com\/fr\/wp-json\/wp\/v2\/media?parent=5068"}],"curies":[{"name":"wp","href":"https:\/\/api.w.org\/{rel}","templated":true}]}}