{"id":5090,"date":"2021-03-14T08:27:56","date_gmt":"2021-03-14T08:27:56","guid":{"rendered":"http:\/\/conex-casting.com\/?page_id=5090"},"modified":"2021-03-14T08:27:56","modified_gmt":"2021-03-14T08:27:56","slug":"qualite","status":"publish","type":"page","link":"https:\/\/conex-casting.com\/fr\/qualite\/","title":{"rendered":"Qualit\u00e9"},"content":{"rendered":"<p><img loading=\"lazy\" decoding=\"async\" class=\"size-full wp-image-790 aligncenter\" src=\"http:\/\/conex-casting.com\/wp-content\/uploads\/2018\/07\/quality-control-1.jpg\" alt=\"\" width=\"500\" height=\"223\" srcset=\"https:\/\/conex-casting.com\/wp-content\/uploads\/2018\/07\/quality-control-1.jpg 500w, https:\/\/conex-casting.com\/wp-content\/uploads\/2018\/07\/quality-control-1-300x134.jpg 300w\" sizes=\"auto, (max-width: 500px) 100vw, 500px\" \/><\/p>\n<p class=\"marg-lg-b30\" style=\"text-align: justify;\">La qualit\u00e9 est importante pour notre entreprise parce que nous appr\u00e9cions nos clients et leur fid\u00e9lisation. Nous nous effor\u00e7ons de fournir \u00e0 nos clients des produits et services qui r\u00e9pondent ou d\u00e9passent leurs attentes et conduisent \u00e0 une relation fructueuse \u00e0 long terme entre nous. Nous sommes fiers d&rsquo;avoir une relation durable avec nos clients et d&rsquo;\u00eatre un guichet unique pour tous leurs besoins en composants en laiton.<\/p>\n<p style=\"text-align: justify;\">Notre strict respect de normes de qualit\u00e9 \u00e9lev\u00e9es nous a amen\u00e9s l\u00e0 o\u00f9 nous sommes. Nous avons commenc\u00e9 comme une entreprise familiale il y a 33 ans et sommes aujourd&rsquo;hui devenus l&rsquo;un des plus grands exportateurs de composants en laiton de l&rsquo;Inde.<\/p>\n<p style=\"text-align: justify;\">Cette politique est affich\u00e9e sur le bureau de l&rsquo;entreprise et tous les employ\u00e9s doivent s&rsquo;efforcer chaque jour dans leur travail de la respecter.<\/p>\n","protected":false},"excerpt":{"rendered":"<p>La qualit\u00e9 est importante pour notre entreprise parce que nous appr\u00e9cions nos clients et leur fid\u00e9lisation. Nous nous effor\u00e7ons de fournir \u00e0 nos clients des produits et services qui r\u00e9pondent ou d\u00e9passent leurs attentes et conduisent \u00e0 une relation fructueuse \u00e0 long terme entre nous. Nous sommes fiers d&rsquo;avoir une relation durable avec nos clients [&hellip;]<\/p>\n","protected":false},"author":1,"featured_media":0,"parent":0,"menu_order":0,"comment_status":"closed","ping_status":"closed","template":"","meta":{"_joinchat":[],"footnotes":""},"class_list":["post-5090","page","type-page","status-publish","hentry"],"_links":{"self":[{"href":"https:\/\/conex-casting.com\/fr\/wp-json\/wp\/v2\/pages\/5090","targetHints":{"allow":["GET"]}}],"collection":[{"href":"https:\/\/conex-casting.com\/fr\/wp-json\/wp\/v2\/pages"}],"about":[{"href":"https:\/\/conex-casting.com\/fr\/wp-json\/wp\/v2\/types\/page"}],"author":[{"embeddable":true,"href":"https:\/\/conex-casting.com\/fr\/wp-json\/wp\/v2\/users\/1"}],"replies":[{"embeddable":true,"href":"https:\/\/conex-casting.com\/fr\/wp-json\/wp\/v2\/comments?post=5090"}],"version-history":[{"count":2,"href":"https:\/\/conex-casting.com\/fr\/wp-json\/wp\/v2\/pages\/5090\/revisions"}],"predecessor-version":[{"id":5092,"href":"https:\/\/conex-casting.com\/fr\/wp-json\/wp\/v2\/pages\/5090\/revisions\/5092"}],"wp:attachment":[{"href":"https:\/\/conex-casting.com\/fr\/wp-json\/wp\/v2\/media?parent=5090"}],"curies":[{"name":"wp","href":"https:\/\/api.w.org\/{rel}","templated":true}]}}