{"id":5094,"date":"2021-03-14T08:36:36","date_gmt":"2021-03-14T08:36:36","guid":{"rendered":"http:\/\/conex-casting.com\/?page_id=5094"},"modified":"2021-10-23T08:24:51","modified_gmt":"2021-10-23T08:24:51","slug":"pinces-darmature","status":"publish","type":"page","link":"https:\/\/conex-casting.com\/fr\/pinces-darmature\/","title":{"rendered":"Pinces d&rsquo;armature"},"content":{"rendered":"<p style=\"text-align: center;\"><span style=\"text-decoration: underline; color: #800000;\"><span style=\"font-size: 18pt;\"><strong>Pinces d&rsquo;armature<\/strong><\/span><\/span><\/p>\n<p style=\"text-align: center;\"><a class=\"maxbutton-1 maxbutton maxbutton-product-page-button open-popup-modal\"><span class=\"mb-text\">Obtenez des devis en 24 heures<\/span><\/a><\/p>\n<p style=\"text-align: justify;\">Le collier d&rsquo;armature est tr\u00e8s similaire au collier de serrage dans son utilisation et sa fonction. La pince est fabriqu\u00e9e \u00e0 partir d&rsquo;un alliage de bronze \u00e0 haute r\u00e9sistance et d&rsquo;une quincaillerie en acier. La section \u00e0 poser en haut le rend rapide \u00e0 installer et facile \u00e0 utiliser.<\/p>\n<table style=\"border-collapse: collapse; width: 100%;\" border=\"0\">\n<tbody>\n<tr>\n<td style=\"width: 50%;\"><img loading=\"lazy\" decoding=\"async\" class=\"aligncenter wp-image-5096 size-full\" title=\"Rebar Clamps\" src=\"http:\/\/conex-casting.com\/wp-content\/uploads\/2019\/02\/Rebar-Clamps-01.jpg\" alt=\"Rebar Clamps\" width=\"300\" height=\"300\" srcset=\"https:\/\/conex-casting.com\/wp-content\/uploads\/2019\/02\/Rebar-Clamps-01.jpg 350w, https:\/\/conex-casting.com\/wp-content\/uploads\/2019\/02\/Rebar-Clamps-01-150x150.jpg 150w, https:\/\/conex-casting.com\/wp-content\/uploads\/2019\/02\/Rebar-Clamps-01-300x300.jpg 300w\" sizes=\"auto, (max-width: 300px) 100vw, 300px\" \/><\/td>\n<td style=\"width: 50%;\"><img loading=\"lazy\" decoding=\"async\" class=\"aligncenter wp-image-5097 size-full\" title=\"Rebar Clamps\" src=\"http:\/\/conex-casting.com\/wp-content\/uploads\/2019\/02\/Rebar-Clamps-02.jpg\" alt=\"Rebar Clamps\" width=\"300\" height=\"300\" srcset=\"https:\/\/conex-casting.com\/wp-content\/uploads\/2019\/02\/Rebar-Clamps-02.jpg 350w, https:\/\/conex-casting.com\/wp-content\/uploads\/2019\/02\/Rebar-Clamps-02-150x150.jpg 150w, https:\/\/conex-casting.com\/wp-content\/uploads\/2019\/02\/Rebar-Clamps-02-300x300.jpg 300w\" sizes=\"auto, (max-width: 300px) 100vw, 300px\" \/><\/td>\n<\/tr>\n<\/tbody>\n<\/table>\n","protected":false},"excerpt":{"rendered":"<p>Pinces d&rsquo;armature Obtenez des devis en 24 heures Le collier d&rsquo;armature est tr\u00e8s similaire au collier de serrage dans son utilisation et sa fonction. La pince est fabriqu\u00e9e \u00e0 partir d&rsquo;un alliage de bronze \u00e0 haute r\u00e9sistance et d&rsquo;une quincaillerie en acier. La section \u00e0 poser en haut le rend rapide \u00e0 installer et facile [&hellip;]<\/p>\n","protected":false},"author":1,"featured_media":0,"parent":0,"menu_order":0,"comment_status":"closed","ping_status":"closed","template":"","meta":{"_joinchat":[],"footnotes":""},"class_list":["post-5094","page","type-page","status-publish","hentry"],"_links":{"self":[{"href":"https:\/\/conex-casting.com\/fr\/wp-json\/wp\/v2\/pages\/5094","targetHints":{"allow":["GET"]}}],"collection":[{"href":"https:\/\/conex-casting.com\/fr\/wp-json\/wp\/v2\/pages"}],"about":[{"href":"https:\/\/conex-casting.com\/fr\/wp-json\/wp\/v2\/types\/page"}],"author":[{"embeddable":true,"href":"https:\/\/conex-casting.com\/fr\/wp-json\/wp\/v2\/users\/1"}],"replies":[{"embeddable":true,"href":"https:\/\/conex-casting.com\/fr\/wp-json\/wp\/v2\/comments?post=5094"}],"version-history":[{"count":2,"href":"https:\/\/conex-casting.com\/fr\/wp-json\/wp\/v2\/pages\/5094\/revisions"}],"predecessor-version":[{"id":6240,"href":"https:\/\/conex-casting.com\/fr\/wp-json\/wp\/v2\/pages\/5094\/revisions\/6240"}],"wp:attachment":[{"href":"https:\/\/conex-casting.com\/fr\/wp-json\/wp\/v2\/media?parent=5094"}],"curies":[{"name":"wp","href":"https:\/\/api.w.org\/{rel}","templated":true}]}}