{"id":5103,"date":"2021-03-14T08:43:38","date_gmt":"2021-03-14T08:43:38","guid":{"rendered":"http:\/\/conex-casting.com\/?page_id=5103"},"modified":"2021-10-23T08:26:49","modified_gmt":"2021-10-23T08:26:49","slug":"ecrous-en-bronze-au-silicium","status":"publish","type":"page","link":"https:\/\/conex-casting.com\/fr\/ecrous-en-bronze-au-silicium\/","title":{"rendered":"\u00c9crous en bronze au silicium"},"content":{"rendered":"<p style=\"text-align: center;\"><span style=\"text-decoration: underline; color: #800000; font-size: 18pt;\"><strong>\u00c9crous en bronze au silicium<\/strong><\/span><\/p>\n<p style=\"text-align: center;\"><a class=\"maxbutton-1 maxbutton maxbutton-product-page-button open-popup-modal\"><span class=\"mb-text\">Obtenez des devis en 24 heures<\/span><\/a><\/p>\n<p style=\"text-align: justify;\">Le bronze au silicium est le choix pr\u00e9f\u00e9r\u00e9 pour la plupart des environnements marins en raison de sa r\u00e9sistance sup\u00e9rieure \u00e0 la corrosion et de sa durabilit\u00e9 et de sa r\u00e9sistance. Les \u00e9crous en bronze au silicium sont g\u00e9n\u00e9ralement utilis\u00e9s dans les bateaux &#8211; construction navale, industries de l&rsquo;\u00e9nergie et de l&rsquo;\u00e9nergie, raffineries et industrie g\u00e9n\u00e9rale de la construction.<\/p>\n<p style=\"text-align: justify;\">Nos \u00e9crous en bronze au silicium sont disponibles dans des tailles allant de M3 \u00e0 M30. Diff\u00e9rents types d&rsquo;\u00e9crous en bronze au silicium fabriqu\u00e9s par nos soins comprennent les \u00e9crous hexagonaux en bronze au silicium, les \u00e9crous carr\u00e9s en bronze au silicium, les \u00e9crous \u00e0 t\u00eate bomb\u00e9e en bronze au silicium, les contre-\u00e9crous, les contre-\u00e9crous \u00e0 bride, les \u00e9crous de blocage en bronze au silicium et les \u00e9crous de couplage hexagonaux en bronze au silicium, etc.<\/p>\n<p>Les \u00e9crous en bronze au silicium sont disponibles en alliages de bronze au silicium 651*, 655* and 661*.<\/p>\n<table style=\"border-collapse: collapse; width: 100%;\" border=\"1\">\n<tbody>\n<tr valign=\"top\">\n<td style=\"width: 31.954%;\">Tailles de <strong>\u00c9crous en bronze au silicium<\/strong><\/td>\n<td style=\"width: 1.72414%; text-align: center;\">:<\/td>\n<td style=\"width: 66.6091%;\">3\/16\u201d , \u00bc\u201d, 5\/16\u201d, 3\/8\u201d, \u00bd\u201d, \u00be\u201d, 1\u201d, 1-1\/2\u201d and M3, M4, M5, M6, M8, M10, M12, M16, M20, M24, M30<\/td>\n<\/tr>\n<tr valign=\"top\">\n<td style=\"width: 31.954%;\">Fils de <strong>\u00c9crous en bronze au silicium<\/strong><\/td>\n<td style=\"width: 1.72414%; text-align: center;\">:<\/td>\n<td style=\"width: 66.6091%;\">UNC, UNF, Metric, UNEF<\/td>\n<\/tr>\n<\/tbody>\n<\/table>\n<p><strong>Les alliages de bronze au silicium doivent \u00eatre s\u00e9lectionn\u00e9s en fonction de leur utilisation pr\u00e9vue. Sp\u00e9cifiquement :<\/strong><\/p>\n<ul>\n<li style=\"text-align: justify;\">L&rsquo;alliage de bronze au silicium 651, \u00e0 98,5% de Cu et 1,5% de Si, est g\u00e9n\u00e9ralement le meilleur dans les pi\u00e8ces \u00e0 t\u00eate froide.<\/li>\n<li style=\"text-align: justify;\">L&rsquo;alliage de bronze au silicium 655, \u00e0 97% Cu et 3% Si, est mieux utilis\u00e9 pour les fixations qui doivent \u00eatre fabriqu\u00e9es \u00e0 chaud.<\/li>\n<li style=\"text-align: justify;\">L&rsquo;alliage de bronze au silicium 661, compos\u00e9 de 95% de Cu, 3% de Si et 0,5% de Pb, est un choix solide pour les pi\u00e8ces qui n\u00e9cessiteront un usinage.<\/li>\n<\/ul>\n<table style=\"border-collapse: collapse; width: 100%;\" border=\"0\">\n<tbody>\n<tr valign=\"top\">\n<td style=\"width: 50%;\"><img loading=\"lazy\" decoding=\"async\" class=\"wp-image-5106 size-full aligncenter\" title=\"Silicon Bronze Nuts\" src=\"http:\/\/conex-casting.com\/wp-content\/uploads\/2019\/02\/Silicon-Bronze-Nuts-02.jpg\" alt=\"Silicon Bronze Nuts\" width=\"300\" height=\"300\" srcset=\"https:\/\/conex-casting.com\/wp-content\/uploads\/2019\/02\/Silicon-Bronze-Nuts-02.jpg 300w, https:\/\/conex-casting.com\/wp-content\/uploads\/2019\/02\/Silicon-Bronze-Nuts-02-150x150.jpg 150w\" sizes=\"auto, (max-width: 300px) 100vw, 300px\" \/><\/td>\n<td style=\"width: 50%;\"><img loading=\"lazy\" decoding=\"async\" class=\"aligncenter wp-image-5107 size-full\" title=\"Silicon Bronze Nuts\" src=\"http:\/\/conex-casting.com\/wp-content\/uploads\/2021\/02\/silicon-bronze-nuts-01.jpg\" alt=\"Silicon Bronze Nuts\" width=\"300\" height=\"300\" srcset=\"https:\/\/conex-casting.com\/wp-content\/uploads\/2021\/02\/silicon-bronze-nuts-01.jpg 300w, https:\/\/conex-casting.com\/wp-content\/uploads\/2021\/02\/silicon-bronze-nuts-01-150x150.jpg 150w\" sizes=\"auto, (max-width: 300px) 100vw, 300px\" \/><\/td>\n<\/tr>\n<\/tbody>\n<\/table>\n","protected":false},"excerpt":{"rendered":"<p>\u00c9crous en bronze au silicium Obtenez des devis en 24 heures Le bronze au silicium est le choix pr\u00e9f\u00e9r\u00e9 pour la plupart des environnements marins en raison de sa r\u00e9sistance sup\u00e9rieure \u00e0 la corrosion et de sa durabilit\u00e9 et de sa r\u00e9sistance. Les \u00e9crous en bronze au silicium sont g\u00e9n\u00e9ralement utilis\u00e9s dans les bateaux &#8211; [&hellip;]<\/p>\n","protected":false},"author":1,"featured_media":0,"parent":0,"menu_order":0,"comment_status":"closed","ping_status":"closed","template":"","meta":{"_joinchat":[],"footnotes":""},"class_list":["post-5103","page","type-page","status-publish","hentry"],"_links":{"self":[{"href":"https:\/\/conex-casting.com\/fr\/wp-json\/wp\/v2\/pages\/5103","targetHints":{"allow":["GET"]}}],"collection":[{"href":"https:\/\/conex-casting.com\/fr\/wp-json\/wp\/v2\/pages"}],"about":[{"href":"https:\/\/conex-casting.com\/fr\/wp-json\/wp\/v2\/types\/page"}],"author":[{"embeddable":true,"href":"https:\/\/conex-casting.com\/fr\/wp-json\/wp\/v2\/users\/1"}],"replies":[{"embeddable":true,"href":"https:\/\/conex-casting.com\/fr\/wp-json\/wp\/v2\/comments?post=5103"}],"version-history":[{"count":3,"href":"https:\/\/conex-casting.com\/fr\/wp-json\/wp\/v2\/pages\/5103\/revisions"}],"predecessor-version":[{"id":6251,"href":"https:\/\/conex-casting.com\/fr\/wp-json\/wp\/v2\/pages\/5103\/revisions\/6251"}],"wp:attachment":[{"href":"https:\/\/conex-casting.com\/fr\/wp-json\/wp\/v2\/media?parent=5103"}],"curies":[{"name":"wp","href":"https:\/\/api.w.org\/{rel}","templated":true}]}}