{"id":5154,"date":"2021-03-14T09:29:45","date_gmt":"2021-03-14T09:29:45","guid":{"rendered":"http:\/\/conex-casting.com\/?page_id=5154"},"modified":"2021-10-23T08:25:02","modified_gmt":"2021-10-23T08:25:02","slug":"u-pinces-a-boulons","status":"publish","type":"page","link":"https:\/\/conex-casting.com\/fr\/u-pinces-a-boulons\/","title":{"rendered":"U Pinces \u00e0 boulons"},"content":{"rendered":"<p style=\"text-align: center;\"><span style=\"text-decoration: underline; color: #800000;\"><span style=\"font-size: 18pt;\"><strong>U Pinces \u00e0 boulons<\/strong><\/span><\/span><\/p>\n<p style=\"text-align: center;\"><a class=\"maxbutton-1 maxbutton maxbutton-product-page-button open-popup-modal\"><span class=\"mb-text\">Obtenez des devis en 24 heures<\/span><\/a><\/p>\n<p style=\"text-align: justify;\">Ceux-ci sont utilis\u00e9s pour connecter un conducteur circulaire solide \u00e0 une tige de mise \u00e0 la terre en cuivre. Ils sont fabriqu\u00e9s avec du mat\u00e9riel en cuivre et en bronze de haute qualit\u00e9.<\/p>\n<table style=\"border-collapse: collapse; width: 100%;\" border=\"0\">\n<tbody>\n<tr>\n<td style=\"width: 50%;\"><img loading=\"lazy\" decoding=\"async\" class=\"aligncenter wp-image-5156 size-full\" title=\"U Bolt Clamps\" src=\"http:\/\/conex-casting.com\/wp-content\/uploads\/2019\/02\/U-Bolt-Clamps-01.jpg\" alt=\"U Bolt Clamps\" width=\"300\" height=\"300\" srcset=\"https:\/\/conex-casting.com\/wp-content\/uploads\/2019\/02\/U-Bolt-Clamps-01.jpg 350w, https:\/\/conex-casting.com\/wp-content\/uploads\/2019\/02\/U-Bolt-Clamps-01-150x150.jpg 150w, https:\/\/conex-casting.com\/wp-content\/uploads\/2019\/02\/U-Bolt-Clamps-01-300x300.jpg 300w\" sizes=\"auto, (max-width: 300px) 100vw, 300px\" \/><\/td>\n<td style=\"width: 50%;\"><img loading=\"lazy\" decoding=\"async\" class=\"aligncenter wp-image-5157 size-full\" title=\"U Bolt Clamps\" src=\"http:\/\/conex-casting.com\/wp-content\/uploads\/2019\/02\/U-Bolt-Clamps-02.jpg\" alt=\"U Bolt Clamps\" width=\"300\" height=\"300\" srcset=\"https:\/\/conex-casting.com\/wp-content\/uploads\/2019\/02\/U-Bolt-Clamps-02.jpg 350w, https:\/\/conex-casting.com\/wp-content\/uploads\/2019\/02\/U-Bolt-Clamps-02-150x150.jpg 150w, https:\/\/conex-casting.com\/wp-content\/uploads\/2019\/02\/U-Bolt-Clamps-02-300x300.jpg 300w\" sizes=\"auto, (max-width: 300px) 100vw, 300px\" \/><\/td>\n<\/tr>\n<\/tbody>\n<\/table>\n","protected":false},"excerpt":{"rendered":"<p>U Pinces \u00e0 boulons Obtenez des devis en 24 heures Ceux-ci sont utilis\u00e9s pour connecter un conducteur circulaire solide \u00e0 une tige de mise \u00e0 la terre en cuivre. Ils sont fabriqu\u00e9s avec du mat\u00e9riel en cuivre et en bronze de haute qualit\u00e9.<\/p>\n","protected":false},"author":1,"featured_media":0,"parent":0,"menu_order":0,"comment_status":"closed","ping_status":"closed","template":"","meta":{"_joinchat":[],"footnotes":""},"class_list":["post-5154","page","type-page","status-publish","hentry"],"_links":{"self":[{"href":"https:\/\/conex-casting.com\/fr\/wp-json\/wp\/v2\/pages\/5154","targetHints":{"allow":["GET"]}}],"collection":[{"href":"https:\/\/conex-casting.com\/fr\/wp-json\/wp\/v2\/pages"}],"about":[{"href":"https:\/\/conex-casting.com\/fr\/wp-json\/wp\/v2\/types\/page"}],"author":[{"embeddable":true,"href":"https:\/\/conex-casting.com\/fr\/wp-json\/wp\/v2\/users\/1"}],"replies":[{"embeddable":true,"href":"https:\/\/conex-casting.com\/fr\/wp-json\/wp\/v2\/comments?post=5154"}],"version-history":[{"count":2,"href":"https:\/\/conex-casting.com\/fr\/wp-json\/wp\/v2\/pages\/5154\/revisions"}],"predecessor-version":[{"id":6242,"href":"https:\/\/conex-casting.com\/fr\/wp-json\/wp\/v2\/pages\/5154\/revisions\/6242"}],"wp:attachment":[{"href":"https:\/\/conex-casting.com\/fr\/wp-json\/wp\/v2\/media?parent=5154"}],"curies":[{"name":"wp","href":"https:\/\/api.w.org\/{rel}","templated":true}]}}