{"id":5475,"date":"2021-03-17T05:44:54","date_gmt":"2021-03-17T05:44:54","guid":{"rendered":"http:\/\/conex-casting.com\/?page_id=5475"},"modified":"2021-03-17T05:44:54","modified_gmt":"2021-03-17T05:44:54","slug":"c87500-cda-875-alliages-de-cuivre-et-de-bronze-au-silicium","status":"publish","type":"page","link":"https:\/\/conex-casting.com\/fr\/c87500-cda-875-alliages-de-cuivre-et-de-bronze-au-silicium\/","title":{"rendered":"C87500 CDA 875 Alliages de cuivre et de bronze au silicium"},"content":{"rendered":"<p style=\"text-align: center;\"><span style=\"text-decoration: underline; font-size: 18pt; color: #800000;\"><strong>C87500 \/ CDA 875 Alliages de cuivre et de bronze au silicium<\/strong><\/span><\/p>\n<p><strong>Normes de coul\u00e9e :<\/strong><\/p>\n<table border=\"1\" width=\"750\" cellspacing=\"0\" cellpadding=\"5\">\n<tbody>\n<tr bgcolor=\"#eeeeee\">\n<td>ASTM (B S\u00e9ries)<\/td>\n<td>B584<\/td>\n<\/tr>\n<tr>\n<td>SAE (J S\u00e9ries)<\/td>\n<td>J462<\/td>\n<\/tr>\n<tr bgcolor=\"#eeeeee\">\n<td>F\u00e9d\u00e9ral (QQ-C- S\u00e9ries)<\/td>\n<td>390<\/td>\n<\/tr>\n<\/tbody>\n<\/table>\n<p><strong>Composition du cahier des charges :<\/strong><\/p>\n<table border=\"1\" width=\"750\" cellspacing=\"0\" cellpadding=\"5\">\n<tbody>\n<tr bgcolor=\"#717e94\">\n<td><\/td>\n<td><strong><span style=\"color: #ffffff;\">Minimum<\/span><\/strong><\/td>\n<td><span style=\"color: #ffffff;\"><strong>Maximum<\/strong><\/span><\/td>\n<\/tr>\n<tr bgcolor=\"#eeeeee\">\n<td>Le cuivre (Cu)<\/td>\n<td>79<\/td>\n<td><\/td>\n<\/tr>\n<tr>\n<td>Mener (Pb)<\/td>\n<td><\/td>\n<td>0.5<\/td>\n<\/tr>\n<tr bgcolor=\"#eeeeee\">\n<td>Zinc (Zn)<\/td>\n<td>12<\/td>\n<td>16<\/td>\n<\/tr>\n<tr>\n<td>Aluminum (Al)<\/td>\n<td>&#8211;<\/td>\n<td>0.5<\/td>\n<\/tr>\n<tr bgcolor=\"#eeeeee\">\n<td>Silicium (Si)<\/td>\n<td>3<\/td>\n<td>5<\/td>\n<\/tr>\n<tr>\n<td>Cuivre + somme des \u00e9l\u00e9ments nomm\u00e9s<\/td>\n<td>99.5<\/td>\n<td>5<\/td>\n<\/tr>\n<\/tbody>\n<\/table>\n<p><strong>Propri\u00e9t\u00e9s des sp\u00e9cifications :<\/strong><\/p>\n<table border=\"1\" width=\"750\" cellspacing=\"0\" cellpadding=\"5\">\n<tbody>\n<tr bgcolor=\"#717e94\">\n<td><strong><span style=\"color: #ffffff;\">Le traitement thermique \u00ab\u00a0F\u00a0\u00bb indique une fusion<\/span><\/strong><\/td>\n<td><strong><span style=\"color: #ffffff;\">\u00c9tat du traitement thermique<\/span><\/strong><\/td>\n<td><strong><span style=\"color: #ffffff;\">Le minimum<\/span><\/strong><\/td>\n<\/tr>\n<tr bgcolor=\"#eeeeee\">\n<td>R\u00e9sistance \u00e0 la traction (ksi)<\/td>\n<td>F<\/td>\n<td>60<\/td>\n<\/tr>\n<tr>\n<td>Limite d&rsquo;\u00e9lasticit\u00e9 (extension de 0,5% sous charge) (ksi)<\/td>\n<td>F<\/td>\n<td>24<\/td>\n<\/tr>\n<\/tbody>\n<\/table>\n<p><strong>propri\u00e9t\u00e9s typiques :<\/strong><\/p>\n<table border=\"1\" width=\"750\" cellspacing=\"0\" cellpadding=\"5\">\n<tbody>\n<tr bgcolor=\"#717e94\">\n<td><\/td>\n<td><strong><span style=\"color: #ffffff;\">\u00c9tat du traitement thermique<\/span><\/strong><\/td>\n<td><strong><span style=\"color: #ffffff;\">Typique<\/span><\/strong><\/td>\n<\/tr>\n<tr bgcolor=\"#eeeeee\">\n<td>R\u00e9duction de surface (%)<\/td>\n<td><\/td>\n<td>20<\/td>\n<\/tr>\n<tr>\n<td>Module d&rsquo;\u00e9lasticit\u00e9 (ksi)<\/td>\n<td><\/td>\n<td>15400<\/td>\n<\/tr>\n<tr bgcolor=\"#eeeeee\">\n<td>Duret\u00e9 (Brinell) (HB @ 500kg)<\/td>\n<td><\/td>\n<td>115<\/td>\n<\/tr>\n<tr>\n<td>Usinabilit\u00e9 (% de laiton coup\u00e9 libre)<\/td>\n<td><\/td>\n<td>50<\/td>\n<\/tr>\n<tr bgcolor=\"#eeeeee\">\n<td>R\u00e9sistance \u00e0 la fatigue (10 ^ 8 cycles) (ksi)<\/td>\n<td><\/td>\n<td>22<\/td>\n<\/tr>\n<tr>\n<td>R\u00e9sistance \u00e0 la fatigue (10 ^ 8 cycles) (ft-lb)<\/td>\n<td><\/td>\n<td>32<\/td>\n<\/tr>\n<tr bgcolor=\"#eeeeee\">\n<td>R\u00e9sistance \u00e0 la compression (0.001 in. set\/in.) (ksi)<\/td>\n<td><\/td>\n<td>26.5<\/td>\n<\/tr>\n<tr>\n<td>R\u00e9sistance \u00e0 la compression (0.010 in. set\/in.) (ksi)<\/td>\n<td><\/td>\n<td>43<\/td>\n<\/tr>\n<tr bgcolor=\"#eeeeee\">\n<td>R\u00e9sistance \u00e0 la compression (0.100 in. set\/in.) (ksi)<\/td>\n<td><\/td>\n<td>75<\/td>\n<\/tr>\n<tr>\n<td>Force de fluage (0.00001% per hour) (ksi)<\/td>\n<td><\/td>\n<td>28 @ 350F<\/td>\n<\/tr>\n<tr bgcolor=\"#eeeeee\">\n<td>Gamme de fusion (Liquidus-Solidus)(F)<\/td>\n<td><\/td>\n<td>1510-1683<\/td>\n<\/tr>\n<tr>\n<td>Coefficient de dilatation thermique (per F @ 68-400F)<\/td>\n<td><\/td>\n<td>0.0000109<\/td>\n<\/tr>\n<tr bgcolor=\"#eeeeee\">\n<td>Conductivit\u00e9 thermique (Btu\/sq.ft\/ft.\/hr\/F @ 68F)<\/td>\n<td><\/td>\n<td>16<\/td>\n<\/tr>\n<tr>\n<td>Chaleur sp\u00e9cifique(Btu\/lb\/F @ 68F)<\/td>\n<td><\/td>\n<td>0.09<\/td>\n<\/tr>\n<tr bgcolor=\"#eeeeee\">\n<td>Conductivit\u00e9 \u00e9lectrique(% IACS @ 68F)<\/td>\n<td><\/td>\n<td>6.7<\/td>\n<\/tr>\n<tr>\n<td>Densit\u00e9(lb\/cu.in. @ 68F)<\/td>\n<td><\/td>\n<td>0.299<\/td>\n<\/tr>\n<tr bgcolor=\"#eeeeee\">\n<td>Temp\u00e9rature de coul\u00e9e (moulages l\u00e9gers) (F)<\/td>\n<td><\/td>\n<td>1900-2000<\/td>\n<\/tr>\n<tr>\n<td>Temp\u00e9rature de coul\u00e9e (pi\u00e8ces moul\u00e9es lourdes) (F)<\/td>\n<td><\/td>\n<td>1800-1900<\/td>\n<\/tr>\n<tr bgcolor=\"#eeeeee\">\n<td>R\u00e9ducteurs de mod\u00e8les (in\/ft)<\/td>\n<td><\/td>\n<td>15\/64<\/td>\n<\/tr>\n<tr>\n<td>Scories<\/td>\n<td><\/td>\n<td>Low<\/td>\n<\/tr>\n<tr bgcolor=\"#eeeeee\">\n<td>Gazage<\/td>\n<td><\/td>\n<td>Moyen<\/td>\n<\/tr>\n<tr>\n<td>Fluidit\u00e9<\/td>\n<td><\/td>\n<td>High<\/td>\n<\/tr>\n<tr bgcolor=\"#eeeeee\">\n<td>Allongement (longueur de jauge de 2 pouces) (%)<\/td>\n<td>F<\/td>\n<td>17<\/td>\n<\/tr>\n<\/tbody>\n<\/table>\n","protected":false},"excerpt":{"rendered":"<p>C87500 \/ CDA 875 Alliages de cuivre et de bronze au silicium Normes de coul\u00e9e : ASTM (B S\u00e9ries) B584 SAE (J S\u00e9ries) J462 F\u00e9d\u00e9ral (QQ-C- S\u00e9ries) 390 Composition du cahier des charges : Minimum Maximum Le cuivre (Cu) 79 Mener (Pb) 0.5 Zinc (Zn) 12 16 Aluminum (Al) &#8211; 0.5 Silicium (Si) 3 5 [&hellip;]<\/p>\n","protected":false},"author":1,"featured_media":0,"parent":0,"menu_order":0,"comment_status":"closed","ping_status":"closed","template":"","meta":{"_joinchat":[],"footnotes":""},"class_list":["post-5475","page","type-page","status-publish","hentry"],"_links":{"self":[{"href":"https:\/\/conex-casting.com\/fr\/wp-json\/wp\/v2\/pages\/5475","targetHints":{"allow":["GET"]}}],"collection":[{"href":"https:\/\/conex-casting.com\/fr\/wp-json\/wp\/v2\/pages"}],"about":[{"href":"https:\/\/conex-casting.com\/fr\/wp-json\/wp\/v2\/types\/page"}],"author":[{"embeddable":true,"href":"https:\/\/conex-casting.com\/fr\/wp-json\/wp\/v2\/users\/1"}],"replies":[{"embeddable":true,"href":"https:\/\/conex-casting.com\/fr\/wp-json\/wp\/v2\/comments?post=5475"}],"version-history":[{"count":2,"href":"https:\/\/conex-casting.com\/fr\/wp-json\/wp\/v2\/pages\/5475\/revisions"}],"predecessor-version":[{"id":5477,"href":"https:\/\/conex-casting.com\/fr\/wp-json\/wp\/v2\/pages\/5475\/revisions\/5477"}],"wp:attachment":[{"href":"https:\/\/conex-casting.com\/fr\/wp-json\/wp\/v2\/media?parent=5475"}],"curies":[{"name":"wp","href":"https:\/\/api.w.org\/{rel}","templated":true}]}}