{"id":5497,"date":"2021-03-22T12:41:23","date_gmt":"2021-03-22T12:41:23","guid":{"rendered":"http:\/\/conex-casting.com\/?page_id=5497"},"modified":"2021-03-23T19:40:40","modified_gmt":"2021-03-23T19:40:40","slug":"alliages-de-bronze-au-manganese","status":"publish","type":"page","link":"https:\/\/conex-casting.com\/fr\/alliages-de-bronze-au-manganese\/","title":{"rendered":"C86500 CDA 865 Alliages de bronze au mangan\u00e8se"},"content":{"rendered":"<p style=\"text-align: center;\"><span style=\"text-decoration: underline; color: #800000;\"><strong><span style=\"font-size: 18pt;\">C86500 \/ CDA 865 Alliages de bronze au mangan\u00e8se<\/span><\/strong><\/span><\/p>\n<p><strong>Sp\u00e9cifique :<\/strong><\/p>\n<table border=\"1\" width=\"750\" cellspacing=\"0\" cellpadding=\"5\">\n<thead>\n<tr>\n<th>CDA<\/th>\n<th>ASTM<\/th>\n<th>Asarcon<\/th>\n<th>SAE<\/th>\n<th>AMS<\/th>\n<th>F\u00e9d\u00e9ral<\/th>\n<th>Militaire<\/th>\n<th>Autre<\/th>\n<\/tr>\n<\/thead>\n<tbody>\n<tr bgcolor=\"#eeeeee\">\n<td>C865<\/td>\n<td>B505<br \/>\nB505M<\/td>\n<td><\/td>\n<td>J461<br \/>\nJ462<\/td>\n<td>4860<\/td>\n<td>QQ-C-390, C3<br \/>\nQQ-B-726, CLASS A<\/td>\n<td>MIL-C-22229, COMP 7<\/td>\n<td><\/td>\n<\/tr>\n<\/tbody>\n<\/table>\n<p><strong>Composition chimique :<\/strong><\/p>\n<table border=\"1\" width=\"750\" cellspacing=\"0\" cellpadding=\"5\">\n<thead>\n<tr>\n<th>Cu%<sup>1<\/sup><\/th>\n<th>Pb%<\/th>\n<th>Sn%<\/th>\n<th>Zn%<\/th>\n<th>Fe%<\/th>\n<th>Ni%<sup>2<\/sup><\/th>\n<th>Al%<\/th>\n<th>Mn%<\/th>\n<\/tr>\n<\/thead>\n<tfoot>\n<tr>\n<td colspan=\"12\">\n<div>Composition chimique selon ASTM B505\/B505M-18<\/div>\n<div><\/div>\n<div><sup>1<\/sup>Pour d\u00e9terminer Cu min., Cu peut \u00eatre calcul\u00e9 comme Cu + Ni. La valeur de 2Ni comprend Co.<br \/>\nRemarque: Cu + somme des \u00e9l\u00e9ments nomm\u00e9s, 99,0% min. Les valeurs uniques repr\u00e9sentent les maximums.<\/div>\n<\/td>\n<\/tr>\n<\/tfoot>\n<tbody>\n<tr bgcolor=\"#eeeeee\">\n<td>55.00-<br \/>\n60.00<\/td>\n<td>0.40<\/td>\n<td>1.00<\/td>\n<td>36.00-<br \/>\n42.00<\/td>\n<td>0.40-<br \/>\n2.00<\/td>\n<td>1.00<\/td>\n<td>0.50-<br \/>\n1.50<\/td>\n<td>0.10-<br \/>\n1.50<\/td>\n<\/tr>\n<\/tbody>\n<\/table>\n<p><strong>Usinabilit\u00e9 :<\/strong><\/p>\n<table border=\"1\" width=\"750\" cellspacing=\"0\" cellpadding=\"5\">\n<thead>\n<tr>\n<th>Alliage de cuivre UNS No.<\/th>\n<th>Classification de l&rsquo;ouvrabilit\u00e9<\/th>\n<th>Densit\u00e9 (lb\/in<sup>3<\/sup>\u00a0at 68 \u00b0F)<\/th>\n<\/tr>\n<\/thead>\n<tbody>\n<tr bgcolor=\"#eeeeee\">\n<td>C865<\/td>\n<td>26<\/td>\n<td>0.301<\/td>\n<\/tr>\n<\/tbody>\n<\/table>\n<p><strong>Propri\u00e9t\u00e9s m\u00e9caniques :<\/strong><\/p>\n<table border=\"1\" width=\"750\" cellspacing=\"0\" cellpadding=\"5\">\n<tfoot>\n<tr>\n<td colspan=\"12\">\n<div>Propri\u00e9t\u00e9s m\u00e9caniques selon ASTM B505\/B505M-18<\/div>\n<\/td>\n<\/tr>\n<\/tfoot>\n<thead>\n<tr>\n<th colspan=\"2\">R\u00e9sistance \u00e0 la traction, min<\/th>\n<th colspan=\"2\">Limite d&rsquo;\u00e9lasticit\u00e9, extension de 0,5% sous charge, min<\/th>\n<th>Allongement, en 2 pouces. ou 50 mm min<\/th>\n<th>Duret\u00e9 Brinell (charge 3000 kg)<\/th>\n<th>Remarques<\/th>\n<\/tr>\n<tr>\n<th>ksi<\/th>\n<th>MPa<\/th>\n<th>ksi<\/th>\n<th>MPa<\/th>\n<th>%<\/th>\n<th>typical BHN<\/th>\n<th><\/th>\n<\/tr>\n<\/thead>\n<tbody>\n<tr bgcolor=\"#eeeeee\">\n<td>70<\/td>\n<td>483<\/td>\n<td>25<\/td>\n<td>172<\/td>\n<td>25<\/td>\n<td>130<\/td>\n<td><\/td>\n<\/tr>\n<\/tbody>\n<\/table>\n<p><strong>Physical properties :<\/strong><\/p>\n<table border=\"1\" width=\"750\" cellspacing=\"0\" cellpadding=\"5\">\n<tfoot>\n<tr>\n<td colspan=\"12\">\n<div>Physical Properties provided by CDA\u2003*\u00a0Field Strength 16 kA\/m<\/div>\n<\/td>\n<\/tr>\n<\/tfoot>\n<thead>\n<tr>\n<th><\/th>\n<th>US Personnalis\u00e9<\/th>\n<th>M\u00e9trique<\/th>\n<\/tr>\n<\/thead>\n<tbody>\n<tr bgcolor=\"#eeeeee\">\n<td><strong>Point de fusion &#8211; Liquidus<\/strong><\/td>\n<td>1616 \u00b0F<\/td>\n<td>880 \u00b0C<\/td>\n<\/tr>\n<tr>\n<td><strong>Point de fusion &#8211; Solidus<\/strong><\/td>\n<td>1583 \u00b0F<\/td>\n<td>862 \u00b0C<\/td>\n<\/tr>\n<tr bgcolor=\"#eeeeee\">\n<td>Densit\u00e9<\/td>\n<td>0.301 lb\/in<sup>3<\/sup>\u00a0at 68 \u00b0F<\/td>\n<td>8.33 gm\/cm<sup>3<\/sup>\u00a0at 20 \u00b0C<\/td>\n<\/tr>\n<tr>\n<td>Poids sp\u00e9cifique<\/td>\n<td>8.33<\/td>\n<td>8.33<\/td>\n<\/tr>\n<tr bgcolor=\"#eeeeee\">\n<td>Conductivit\u00e9 \u00e9lectrique<\/td>\n<td>22% IACS at 68 \u00b0F<\/td>\n<td>0.128 MegaSiemens\/cm at 20 \u00b0C<\/td>\n<\/tr>\n<tr>\n<td>Conductivit\u00e9 thermique<\/td>\n<td>49.6 Btu\/sq ft\/ft hr\/\u00b0F at 68 \u00b0F<\/td>\n<td>85.8 W\/m at 20 \u00b0C<\/td>\n<\/tr>\n<tr bgcolor=\"#eeeeee\">\n<td><strong>Coefficient de dilatation thermique 68-212<\/strong><\/td>\n<td>11.3 \u00b7 10<sup>-6<\/sup>\u00a0per \u00b0F (68-212 \u00b0F)<\/td>\n<td>19.5 \u00b7 10<sup>-6<\/sup>\u00a0per \u00b0C (20-100 \u00b0C)<\/td>\n<\/tr>\n<tr>\n<td><strong>La capacit\u00e9 thermique sp\u00e9cifique<\/strong><\/td>\n<td>0.09 Btu\/lb\/\u00b0F at 68 \u00b0F<\/td>\n<td>377.1 J\/kg at 293 \u00b0C<\/td>\n<\/tr>\n<tr bgcolor=\"#eeeeee\">\n<td><strong>Module d&rsquo;\u00e9lasticit\u00e9 en tension<\/strong><\/td>\n<td>15000 ksi<\/td>\n<td>103400 MPa<\/td>\n<\/tr>\n<tr>\n<td><strong>Perm\u00e9abilit\u00e9 magn\u00e9tique*<\/strong><\/td>\n<td>1.09<\/td>\n<td>1.09<\/td>\n<\/tr>\n<\/tbody>\n<\/table>\n<p><strong>Propri\u00e9t\u00e9s de fabrication :<\/strong><\/p>\n<table border=\"1\" width=\"750\" cellspacing=\"0\" cellpadding=\"5\">\n<tfoot>\n<tr>\n<td colspan=\"12\">\n<div>Propri\u00e9t\u00e9s de fabrication fournies par CDA<\/div>\n<\/td>\n<\/tr>\n<\/tfoot>\n<thead>\n<tr>\n<th>Technique d&rsquo;assemblage<\/th>\n<th>adeguatezza<\/th>\n<\/tr>\n<\/thead>\n<tbody>\n<tr bgcolor=\"#eeeeee\">\n<td><strong>Soudage<\/strong><\/td>\n<td>Fair<\/td>\n<\/tr>\n<tr>\n<td><strong>Brasage<\/strong><\/td>\n<td>Fair<\/td>\n<\/tr>\n<tr bgcolor=\"#eeeeee\">\n<td><strong>Soudage \u00e0 l&rsquo;oxyac\u00e9tyl\u00e8ne<\/strong><\/td>\n<td>Povera<\/td>\n<\/tr>\n<tr>\n<td><strong>Arc soudage avec protection contre les gaz<\/strong><\/td>\n<td>Poor<\/td>\n<\/tr>\n<tr bgcolor=\"#eeeeee\">\n<td><strong>Arc soudage en m\u00e9tal rev\u00eatu<\/strong><\/td>\n<td>Povera<\/td>\n<\/tr>\n<\/tbody>\n<\/table>\n<p><strong>Propri\u00e9t\u00e9s thermiques :<\/strong><\/p>\n<table style=\"width: 100%; height: 480px;\" border=\"1\" width=\"750\" cellspacing=\"0\" cellpadding=\"5\">\n<tfoot>\n<tr style=\"height: 32px;\">\n<td style=\"height: 32px;\" colspan=\"12\">\n<div>Propri\u00e9t\u00e9s thermiques fournies par CDA<\/div>\n<\/td>\n<\/tr>\n<\/tfoot>\n<thead>\n<tr style=\"height: 32px;\">\n<th style=\"height: 32px;\">Trattamento<\/th>\n<th style=\"height: 32px;\">Temp.\/Heure &#8211; US<\/th>\n<th style=\"height: 32px;\">Temp.\/Heure &#8211; SI<\/th>\n<\/tr>\n<\/thead>\n<tbody>\n<tr style=\"height: 32px;\" bgcolor=\"#eeeeee\">\n<td style=\"height: 32px;\"><strong>Temp\u00e9rature de stress<\/strong><\/td>\n<td style=\"height: 32px;\">500<\/td>\n<td style=\"height: 32px;\">260<\/td>\n<\/tr>\n<tr style=\"height: 32px;\">\n<td style=\"height: 32px;\"><strong>Solution minimale<\/strong><\/td>\n<td style=\"height: 32px;\"><\/td>\n<td style=\"height: 32px;\"><\/td>\n<\/tr>\n<tr style=\"height: 32px;\" bgcolor=\"#eeeeee\">\n<td style=\"height: 32px;\"><strong>Solution maximale<\/strong><\/td>\n<td style=\"height: 32px;\"><\/td>\n<td style=\"height: 32px;\"><\/td>\n<\/tr>\n<tr style=\"height: 32px;\">\n<td style=\"height: 32px;\"><strong>Temps de solution<\/strong><\/td>\n<td style=\"height: 32px;\">0.0<\/td>\n<td style=\"height: 32px;\"><\/td>\n<\/tr>\n<tr style=\"height: 32px;\" bgcolor=\"#eeeeee\">\n<td style=\"height: 32px;\"><strong>Solution moyenne<\/strong><\/td>\n<td style=\"height: 32px;\"><\/td>\n<td style=\"height: 32px;\"><\/td>\n<\/tr>\n<tr style=\"height: 32px;\">\n<td style=\"height: 32px;\"><strong>Valeur des pr\u00e9cipitations<\/strong><\/td>\n<td style=\"height: 32px;\"><\/td>\n<td style=\"height: 32px;\"><\/td>\n<\/tr>\n<tr style=\"height: 32px;\" bgcolor=\"#eeeeee\">\n<td style=\"height: 32px;\"><strong>Heure des pr\u00e9cipitations<\/strong><\/td>\n<td style=\"height: 32px;\"><\/td>\n<td style=\"height: 32px;\"><\/td>\n<\/tr>\n<tr style=\"height: 32px;\">\n<td style=\"height: 32px;\"><strong>Pr\u00e9cipitations moyennes<\/strong><\/td>\n<td style=\"height: 32px;\"><\/td>\n<td style=\"height: 32px;\"><\/td>\n<\/tr>\n<tr style=\"height: 32px;\" bgcolor=\"#eeeeee\">\n<td style=\"height: 32px;\"><strong>Recuit minimum<\/strong><\/td>\n<td style=\"height: 32px;\"><\/td>\n<td style=\"height: 32px;\"><\/td>\n<\/tr>\n<tr style=\"height: 32px;\">\n<td style=\"height: 32px;\"><strong>Recuit maximum<\/strong><\/td>\n<td style=\"height: 32px;\"><\/td>\n<td style=\"height: 32px;\"><\/td>\n<\/tr>\n<tr style=\"height: 32px;\" bgcolor=\"#eeeeee\">\n<td style=\"height: 32px;\"><strong>Temps de recuit<\/strong><\/td>\n<td style=\"height: 32px;\"><\/td>\n<td style=\"height: 32px;\"><\/td>\n<\/tr>\n<tr style=\"height: 32px;\">\n<td style=\"height: 32px;\"><strong>Travail \u00e0 chaud minimum<\/strong><\/td>\n<td style=\"height: 32px;\"><\/td>\n<td style=\"height: 32px;\"><\/td>\n<\/tr>\n<tr style=\"height: 32px;\" bgcolor=\"#eeeeee\">\n<td style=\"height: 32px;\"><strong>Warm Works Massimo<\/strong><\/td>\n<\/tr>\n<\/tbody>\n<\/table>\n","protected":false},"excerpt":{"rendered":"<p>C86500 \/ CDA 865 Alliages de bronze au mangan\u00e8se Sp\u00e9cifique : CDA ASTM Asarcon SAE AMS F\u00e9d\u00e9ral Militaire Autre C865 B505 B505M J461 J462 4860 QQ-C-390, C3 QQ-B-726, CLASS A MIL-C-22229, COMP 7 Composition chimique : Cu%1 Pb% Sn% Zn% Fe% Ni%2 Al% Mn% Composition chimique selon ASTM B505\/B505M-18 1Pour d\u00e9terminer Cu min., Cu peut [&hellip;]<\/p>\n","protected":false},"author":1,"featured_media":0,"parent":0,"menu_order":0,"comment_status":"closed","ping_status":"closed","template":"","meta":{"_joinchat":[],"footnotes":""},"class_list":["post-5497","page","type-page","status-publish","hentry"],"_links":{"self":[{"href":"https:\/\/conex-casting.com\/fr\/wp-json\/wp\/v2\/pages\/5497","targetHints":{"allow":["GET"]}}],"collection":[{"href":"https:\/\/conex-casting.com\/fr\/wp-json\/wp\/v2\/pages"}],"about":[{"href":"https:\/\/conex-casting.com\/fr\/wp-json\/wp\/v2\/types\/page"}],"author":[{"embeddable":true,"href":"https:\/\/conex-casting.com\/fr\/wp-json\/wp\/v2\/users\/1"}],"replies":[{"embeddable":true,"href":"https:\/\/conex-casting.com\/fr\/wp-json\/wp\/v2\/comments?post=5497"}],"version-history":[{"count":2,"href":"https:\/\/conex-casting.com\/fr\/wp-json\/wp\/v2\/pages\/5497\/revisions"}],"predecessor-version":[{"id":5520,"href":"https:\/\/conex-casting.com\/fr\/wp-json\/wp\/v2\/pages\/5497\/revisions\/5520"}],"wp:attachment":[{"href":"https:\/\/conex-casting.com\/fr\/wp-json\/wp\/v2\/media?parent=5497"}],"curies":[{"name":"wp","href":"https:\/\/api.w.org\/{rel}","templated":true}]}}