{"id":5499,"date":"2021-03-17T11:29:59","date_gmt":"2021-03-17T11:29:59","guid":{"rendered":"http:\/\/conex-casting.com\/?page_id=5499"},"modified":"2021-03-17T11:29:59","modified_gmt":"2021-03-17T11:29:59","slug":"c86500-cda-865-alliage-de-bronze-2","status":"publish","type":"page","link":"https:\/\/conex-casting.com\/fr\/c86500-cda-865-alliage-de-bronze-2\/","title":{"rendered":"C86500 CDA 865 Alliage de bronze"},"content":{"rendered":"<p style=\"text-align: center;\"><span style=\"text-decoration: underline;\"><span style=\"font-size: 18pt; color: #800000;\"><strong>C86500 \/ CDA 865 Alliage de bronze<\/strong><\/span><\/span><\/p>\n<p style=\"text-align: left;\"><strong>Sp\u00e9cification \u00e9quivalente :<\/strong><\/p>\n<table style=\"height: 92px;\" border=\"1\" width=\"500\" cellspacing=\"0\" cellpadding=\"5\">\n<thead>\n<tr style=\"height: 24px;\">\n<th style=\"height: 24px;\">CDA<\/th>\n<th style=\"height: 24px;\">ASTM<\/th>\n<th style=\"height: 24px;\">ASARCON<\/th>\n<th style=\"height: 24px;\">SAE<\/th>\n<th style=\"height: 24px;\">AMS<\/th>\n<th style=\"height: 24px;\">F\u00e9d\u00e9ral<\/th>\n<th style=\"height: 24px;\">Militaire<\/th>\n<\/tr>\n<\/thead>\n<tbody>\n<tr style=\"height: 68px;\">\n<td style=\"height: 68px;\">C86500<\/td>\n<td style=\"height: 68px;\">B505 &#8211; B505M<\/td>\n<td style=\"height: 68px;\"><\/td>\n<td style=\"height: 68px;\">J461 &#8211; J462<\/td>\n<td style=\"height: 68px;\">4860<\/td>\n<td style=\"height: 68px;\">QQ-C-390, C3<br \/>\nQQ-B-726, CLASS A<\/td>\n<td style=\"height: 68px;\">MIL-C-22229, COMP 7<\/td>\n<\/tr>\n<\/tbody>\n<\/table>\n<p><strong>Composition chimique :<\/strong><\/p>\n<table border=\"1\" width=\"500\" cellspacing=\"0\" cellpadding=\"5\">\n<thead>\n<tr>\n<th>Cu%1<\/th>\n<th>Pb%<\/th>\n<th>Sn%<\/th>\n<th>Zn%<\/th>\n<th>Fe%<\/th>\n<th>Ni%2<\/th>\n<th>Al%<\/th>\n<th>Mn%<\/th>\n<\/tr>\n<\/thead>\n<tfoot>\n<tr>\n<td colspan=\"12\">\n<div>Composition chimique selon ASTM B505\/B505M-18<\/div>\n<div><sup>1<\/sup>Pour d\u00e9terminer Cu min., Cu peut \u00eatre calcul\u00e9 comme Cu + Ni. La valeur de 2Ni comprend Co.<\/div>\n<div><strong>Noter :<\/strong> Cu + somme des \u00e9l\u00e9ments nomm\u00e9s, 99,0% min. Les valeurs uniques repr\u00e9sentent les maximums.<\/div>\n<\/td>\n<\/tr>\n<\/tfoot>\n<tbody>\n<tr>\n<td>55.00 &#8211; 60.00<\/td>\n<td>0.40<\/td>\n<td>1.00<\/td>\n<td>36.00 &#8211; 42.00<\/td>\n<td>0.40 &#8211; 2.00<\/td>\n<td>1.0<\/td>\n<td>0.50 &#8211; 1.50<\/td>\n<td>0.10 &#8211; 1.50<\/td>\n<\/tr>\n<\/tbody>\n<\/table>\n<p><strong>Usinabilit\u00e9 :<\/strong><\/p>\n<table style=\"height: 92px;\" border=\"1\" width=\"500\" cellspacing=\"0\" cellpadding=\"5\">\n<thead>\n<tr style=\"height: 24px;\">\n<th style=\"height: 24px;\">Ligue Non.<\/th>\n<th style=\"height: 24px;\">Classification de l&rsquo;ouvrabilit\u00e9<\/th>\n<th style=\"height: 24px;\">Densit\u00e9 (lb\/cu in at 68\u00b0 F)<\/th>\n<\/tr>\n<\/thead>\n<tbody>\n<tr style=\"height: 68px;\">\n<td style=\"height: 68px; text-align: center;\">C86500<\/td>\n<td style=\"height: 68px; text-align: center;\">26<\/td>\n<td style=\"height: 68px; text-align: center;\">0.301<\/td>\n<\/tr>\n<\/tbody>\n<\/table>\n<p><strong>Propri\u00e9t\u00e9s m\u00e9caniques :<\/strong><\/p>\n<table border=\"1\" width=\"663\" cellspacing=\"0\" cellpadding=\"5\">\n<tbody>\n<tr>\n<th colspan=\"2\">R\u00e9sistance \u00e0 la traction, min<\/th>\n<th colspan=\"2\">Limite d&rsquo;\u00e9lasticit\u00e9, extension de 0,5% sous charge, min<\/th>\n<th width=\"105\">Allongement, en 2 pouces. ou 50 mm min<\/th>\n<th width=\"98\">Duret\u00e9 Brinell<\/th>\n<th width=\"121\">Remarques<\/th>\n<\/tr>\n<tr>\n<th width=\"34\">Ksi<\/th>\n<th width=\"66\">MPa<\/th>\n<th width=\"65\">Ksi<\/th>\n<th width=\"88\">MPa<\/th>\n<th>%<\/th>\n<th>typique BHN<\/th>\n<th><\/th>\n<\/tr>\n<tr>\n<td>70<\/td>\n<td>483<\/td>\n<td>25<\/td>\n<td>172<\/td>\n<td>25<\/td>\n<td>130 (3000 kg)<\/td>\n<td><\/td>\n<\/tr>\n<\/tbody>\n<\/table>\n<p><strong>Propri\u00e9t\u00e9s physiques :<\/strong><\/p>\n<table style=\"width: 100%; height: 484px;\" border=\"1\" width=\"500\" cellspacing=\"0\" cellpadding=\"5\">\n<tfoot>\n<tr style=\"height: 32px;\">\n<td style=\"height: 32px;\" colspan=\"12\">\n<div>Propri\u00e9t\u00e9s physiques fournies par CDA * Force du champ 16 kA\/m<\/div>\n<\/td>\n<\/tr>\n<\/tfoot>\n<thead>\n<tr style=\"height: 32px;\">\n<th style=\"height: 32px;\"><\/th>\n<th style=\"height: 32px;\">US Personnalis\u00e9<\/th>\n<th style=\"height: 32px;\">Metric<\/th>\n<\/tr>\n<\/thead>\n<tbody>\n<tr style=\"height: 32px;\" bgcolor=\"#eeeeee\">\n<td style=\"height: 32px;\">Point de fusion &#8211; Liquidus<\/td>\n<td style=\"height: 32px;\">1616\u00b0 F<\/td>\n<td style=\"height: 32px;\">880\u00b0 C<\/td>\n<\/tr>\n<tr style=\"height: 32px;\">\n<td style=\"height: 32px;\">Point de fusion &#8211; Solidus<\/td>\n<td style=\"height: 32px;\">1583\u00b0 F<\/td>\n<td style=\"height: 32px;\">862\u00b0 C<\/td>\n<\/tr>\n<tr style=\"height: 32px;\" bgcolor=\"#eeeeee\">\n<td style=\"height: 32px;\">Densit\u00e9<\/td>\n<td style=\"height: 32px;\">0.301 lb\/in3\u00a0at 68\u00b0 F<\/td>\n<td style=\"height: 32px;\">8.33 gm\/cm3\u00a0at 20\u00b0 C<\/td>\n<\/tr>\n<tr style=\"height: 32px;\">\n<td style=\"height: 32px;\">Poids sp\u00e9cifique<\/td>\n<td style=\"height: 32px;\">8.33<\/td>\n<td style=\"height: 32px;\">8.33<\/td>\n<\/tr>\n<tr style=\"height: 72px;\" bgcolor=\"#eeeeee\">\n<td style=\"height: 72px;\">Conductivit\u00e9 \u00e9lectrique<\/td>\n<td style=\"height: 72px;\">22% IACS at 68\u00b0 F<\/td>\n<td style=\"height: 72px;\">0.128 MegaSiemens\/cm at 20\u00b0 C<\/td>\n<\/tr>\n<tr style=\"height: 52px;\">\n<td style=\"height: 52px;\">Conductivit\u00e9 thermique<\/td>\n<td style=\"height: 52px;\">49.6 Btu \u00b7 ft\/(hr \u00b7 ft2\u00a0\u00b7 \u00b0F) at 68\u00b0 F<\/td>\n<td style=\"height: 52px;\">85.8 W\/m at 20\u00b0 C<\/td>\n<\/tr>\n<tr style=\"height: 52px;\" bgcolor=\"#eeeeee\">\n<td style=\"height: 52px;\">Coefficient de dilatation thermique<\/td>\n<td style=\"height: 52px;\">11.3 \u00b7 10-6\u00a0per \u00b0F (68\u00b0-212\u00b0 F)<\/td>\n<td style=\"height: 52px;\">19.5 \u00b7 10-6\u00a0per \u00b0C (20\u00b0-100\u00b0 C)<\/td>\n<\/tr>\n<tr style=\"height: 32px;\">\n<td style=\"height: 32px;\">La capacit\u00e9 thermique sp\u00e9cifique<\/td>\n<td style=\"height: 32px;\">0.09 Btu\/lb\/\u00b0F at 68\u00b0 F<\/td>\n<td style=\"height: 32px;\">377.1 J\/kg at 293\u00b0 C<\/td>\n<\/tr>\n<tr style=\"height: 52px;\" bgcolor=\"#eeeeee\">\n<td style=\"height: 52px;\">Module d&rsquo;\u00e9lasticit\u00e9 en tension<\/td>\n<td style=\"height: 52px;\">15000 ksi<\/td>\n<td style=\"height: 52px;\">103400 MPa<\/td>\n<\/tr>\n<tr style=\"height: 32px;\">\n<td style=\"height: 32px;\">Perm\u00e9abilit\u00e9 magn\u00e9tique*<\/td>\n<td style=\"height: 32px;\">1.09<\/td>\n<td style=\"height: 32px;\">1.09<\/td>\n<\/tr>\n<\/tbody>\n<\/table>\n","protected":false},"excerpt":{"rendered":"<p>C86500 \/ CDA 865 Alliage de bronze Sp\u00e9cification \u00e9quivalente : CDA ASTM ASARCON SAE AMS F\u00e9d\u00e9ral Militaire C86500 B505 &#8211; B505M J461 &#8211; J462 4860 QQ-C-390, C3 QQ-B-726, CLASS A MIL-C-22229, COMP 7 Composition chimique : Cu%1 Pb% Sn% Zn% Fe% Ni%2 Al% Mn% Composition chimique selon ASTM B505\/B505M-18 1Pour d\u00e9terminer Cu min., Cu peut [&hellip;]<\/p>\n","protected":false},"author":1,"featured_media":0,"parent":0,"menu_order":0,"comment_status":"closed","ping_status":"closed","template":"","meta":{"_joinchat":[],"footnotes":""},"class_list":["post-5499","page","type-page","status-publish","hentry"],"_links":{"self":[{"href":"https:\/\/conex-casting.com\/fr\/wp-json\/wp\/v2\/pages\/5499","targetHints":{"allow":["GET"]}}],"collection":[{"href":"https:\/\/conex-casting.com\/fr\/wp-json\/wp\/v2\/pages"}],"about":[{"href":"https:\/\/conex-casting.com\/fr\/wp-json\/wp\/v2\/types\/page"}],"author":[{"embeddable":true,"href":"https:\/\/conex-casting.com\/fr\/wp-json\/wp\/v2\/users\/1"}],"replies":[{"embeddable":true,"href":"https:\/\/conex-casting.com\/fr\/wp-json\/wp\/v2\/comments?post=5499"}],"version-history":[{"count":1,"href":"https:\/\/conex-casting.com\/fr\/wp-json\/wp\/v2\/pages\/5499\/revisions"}],"predecessor-version":[{"id":5500,"href":"https:\/\/conex-casting.com\/fr\/wp-json\/wp\/v2\/pages\/5499\/revisions\/5500"}],"wp:attachment":[{"href":"https:\/\/conex-casting.com\/fr\/wp-json\/wp\/v2\/media?parent=5499"}],"curies":[{"name":"wp","href":"https:\/\/api.w.org\/{rel}","templated":true}]}}