{"id":6963,"date":"2024-08-23T10:17:52","date_gmt":"2024-08-23T10:17:52","guid":{"rendered":"https:\/\/conex-casting.com\/?page_id=6963"},"modified":"2026-02-07T08:19:57","modified_gmt":"2026-02-07T08:19:57","slug":"pieces-en-laiton-usinees-par-cnc-fonderie-de-laiton-en-inde","status":"publish","type":"page","link":"https:\/\/conex-casting.com\/fr\/pieces-en-laiton-usinees-par-cnc-fonderie-de-laiton-en-inde\/","title":{"rendered":"Pi\u00e8ces en laiton usin\u00e9es par CNC, Fonderie de laiton en Inde"},"content":{"rendered":"\n<p><img loading=\"lazy\" decoding=\"async\" class=\"alignnone size-medium wp-image-6916\" src=\"http:\/\/conex-casting.com\/wp-content\/uploads\/2024\/08\/Brass-CNC-machined-Castings-300x300.jpeg\" alt=\"Brass CNC machined Castings\" width=\"300\" height=\"300\" srcset=\"https:\/\/conex-casting.com\/wp-content\/uploads\/2024\/08\/Brass-CNC-machined-Castings-300x300.jpeg 300w, https:\/\/conex-casting.com\/wp-content\/uploads\/2024\/08\/Brass-CNC-machined-Castings-150x150.jpeg 150w, https:\/\/conex-casting.com\/wp-content\/uploads\/2024\/08\/Brass-CNC-machined-Castings.jpeg 512w\" sizes=\"auto, (max-width: 300px) 100vw, 300px\" \/> <img loading=\"lazy\" decoding=\"async\" class=\"alignnone size-medium wp-image-6910\" src=\"http:\/\/conex-casting.com\/wp-content\/uploads\/2024\/08\/Brass-CNC-machined-Castings-2-300x300.jpeg\" alt=\"Brass CNC machined Castings 2\" width=\"300\" height=\"300\" srcset=\"https:\/\/conex-casting.com\/wp-content\/uploads\/2024\/08\/Brass-CNC-machined-Castings-2-300x300.jpeg 300w, https:\/\/conex-casting.com\/wp-content\/uploads\/2024\/08\/Brass-CNC-machined-Castings-2-150x150.jpeg 150w, https:\/\/conex-casting.com\/wp-content\/uploads\/2024\/08\/Brass-CNC-machined-Castings-2.jpeg 512w\" sizes=\"auto, (max-width: 300px) 100vw, 300px\" \/> <img loading=\"lazy\" decoding=\"async\" class=\"alignnone size-medium wp-image-6904\" src=\"http:\/\/conex-casting.com\/wp-content\/uploads\/2024\/08\/Brass-CNC-machined-Castings-3-300x300.jpeg\" alt=\"Brass CNC machined Castings 3\" width=\"300\" height=\"300\" srcset=\"https:\/\/conex-casting.com\/wp-content\/uploads\/2024\/08\/Brass-CNC-machined-Castings-3-300x300.jpeg 300w, https:\/\/conex-casting.com\/wp-content\/uploads\/2024\/08\/Brass-CNC-machined-Castings-3-150x150.jpeg 150w, https:\/\/conex-casting.com\/wp-content\/uploads\/2024\/08\/Brass-CNC-machined-Castings-3.jpeg 512w\" sizes=\"auto, (max-width: 300px) 100vw, 300px\" \/> <img loading=\"lazy\" decoding=\"async\" class=\"alignnone wp-image-6898 size-medium\" src=\"http:\/\/conex-casting.com\/wp-content\/uploads\/2024\/08\/Brass-CNC-machined-Castings-4-300x300.jpeg\" alt=\"Brass CNC machined Castings 4\" width=\"300\" height=\"300\" srcset=\"https:\/\/conex-casting.com\/wp-content\/uploads\/2024\/08\/Brass-CNC-machined-Castings-4-300x300.jpeg 300w, https:\/\/conex-casting.com\/wp-content\/uploads\/2024\/08\/Brass-CNC-machined-Castings-4-150x150.jpeg 150w, https:\/\/conex-casting.com\/wp-content\/uploads\/2024\/08\/Brass-CNC-machined-Castings-4.jpeg 512w\" sizes=\"auto, (max-width: 300px) 100vw, 300px\" \/><\/p>\n<p style=\"text-align: center;\"><strong><a class=\"maxbutton-1 maxbutton maxbutton-product-page-button open-popup-modal\"><span class=\"mb-text\">Get Quotes In 24 Hours<\/span><\/a><\/strong><\/p>\n<p><strong>Excellence d&rsquo;ing\u00e9nierie de pr\u00e9cision dans les pi\u00e8ces coul\u00e9es en laiton et les composants usin\u00e9s CNC.<\/strong><br \/>Les pi\u00e8ces coul\u00e9es en laiton usin\u00e9es par CNC combinent les avantages des m\u00e9thodes de coul\u00e9e traditionnelles avec la pr\u00e9cision de l&rsquo;usinage \u00e0 commande num\u00e9rique par ordinateur (CNC). Ce processus permet la cr\u00e9ation de composants en laiton complexes avec des tol\u00e9rances serr\u00e9es et d&rsquo;excellentes finitions de surface. Nous proposons la coul\u00e9e en sable, le moulage en coquille, la coul\u00e9e \u00e0 la cire perdue, la coul\u00e9e par gravit\u00e9, la coul\u00e9e en moule ouvert, la coul\u00e9e en moule permanent, etc. \u00e0 partir de divers grades de laiton.<\/p>\n<p>Chez Conex Casting, nous sommes sp\u00e9cialis\u00e9s dans la production de pi\u00e8ces coul\u00e9es en laiton usin\u00e9es par CNC de haute qualit\u00e9 pour un large \u00e9ventail d&rsquo;industries. Notre technologie CNC de pointe, combin\u00e9e \u00e0 notre expertise en coul\u00e9e de laiton, nous permet de fournir des composants d&rsquo;une pr\u00e9cision et d&rsquo;une constance in\u00e9gal\u00e9es.<\/p>\n<p><strong>Notre processus :<\/strong><\/p>\n<ul>\n<li><strong>Coul\u00e9e :<\/strong> Nous commen\u00e7ons avec des alliages de laiton de qualit\u00e9 sup\u00e9rieure, soigneusement coul\u00e9s en forme presque nette en utilisant la coul\u00e9e en sable, le moulage en coquille, la coul\u00e9e \u00e0 la cire perdue, la coul\u00e9e par gravit\u00e9, la coul\u00e9e en moule ouvert, la coul\u00e9e en moule permanent, etc.<\/li>\n<li><strong>Mat\u00e9riau :<\/strong> Tous les grades de laiton peuvent \u00eatre coul\u00e9s par nous, y compris le laiton \u00e0 coupe libre, les laitons au silicium et les laitons sans plomb.<\/li>\n<li><strong>Usinage CNC :<\/strong> Nos machines CNC avanc\u00e9es affinent pr\u00e9cis\u00e9ment les pi\u00e8ces coul\u00e9es selon vos sp\u00e9cifications exactes.<\/li>\n<li><strong>Contr\u00f4le de qualit\u00e9 :<\/strong> Des inspections rigoureuses garantissent que chaque pi\u00e8ce r\u00e9pond \u00e0 nos propres normes strictes ainsi qu&rsquo;aux normes ISO et qu&rsquo;elle se conforme \u00e0 un plan d&rsquo;inspection strict.<\/li>\n<\/ul>\n<p><strong>Alliages coul\u00e9s :<\/strong><\/p>\n<ul>\n<li><strong>Laiton rouge (C83600) :<\/strong> Cet alliage est connu pour sa r\u00e9sistance \u00e0 la corrosion, son usinabilit\u00e9 et sa ductilit\u00e9. Il est largement utilis\u00e9 dans les appareils de plomberie, les accessoires marins et les objets d\u00e9coratifs.<\/li>\n<li><strong>Laiton jaune (C36000) :<\/strong> Cet alliage est populaire pour les pi\u00e8ces coul\u00e9es \u00e0 usage g\u00e9n\u00e9ral en raison de sa bonne usinabilit\u00e9, sa ductilit\u00e9 et sa r\u00e9sistance. Il est utilis\u00e9 dans une large gamme d&rsquo;applications, y compris les raccords de plomberie, les accessoires et les composants \u00e9lectriques.<\/li>\n<li><strong>Laiton naval (C46400) :<\/strong> Offrant une grande r\u00e9sistance et une r\u00e9sistance \u00e0 la corrosion, le laiton naval est souvent utilis\u00e9 dans les applications marines, les \u00e9changeurs de chaleur et les turbines de pompe.<\/li>\n<li><strong>Bronze au mangan\u00e8se (C61400) :<\/strong> Cet alliage combine une bonne r\u00e9sistance, ductilit\u00e9 et r\u00e9sistance \u00e0 la corrosion, ce qui le rend adapt\u00e9 pour les engrenages, les roulements et d&rsquo;autres composants \u00e0 haute contrainte.<\/li>\n<li><strong>Laiton plomb\u00e9 (C37700) :<\/strong> Connu pour sa grande usinabilit\u00e9, le laiton plomb\u00e9 est utilis\u00e9 dans les applications o\u00f9 la facilit\u00e9 d&rsquo;usinage est cruciale. Cependant, en raison des pr\u00e9occupations environnementales, les alternatives sans plomb gagnent en popularit\u00e9.<\/li>\n<li><strong>Laiton au silicium (C35600) :<\/strong> Cet alliage offre une bonne coulabilit\u00e9 et usinabilit\u00e9, ce qui le rend adapt\u00e9 aux pi\u00e8ces coul\u00e9es complexes. Il est souvent utilis\u00e9 dans les composants automobiles et de plomberie.<\/li>\n<\/ul>\n<p><strong>Applications :<\/strong><\/p>\n<ul>\n<li>Connecteurs et composants \u00e9lectriques, y compris les composants de transformateurs et d&rsquo;appareillage de commutation<\/li>\n<li>Appareils de plomberie et raccords<\/li>\n<li>Accessoires marins<\/li>\n<li>Pi\u00e8ces de machines industrielles<\/li>\n<\/ul>\n<p><strong>Produits cl\u00e9s :<\/strong> Parmi les principaux produits des pi\u00e8ces coul\u00e9es en laiton usin\u00e9es par CNC, on trouve des raccords de tuyaux en laiton, des raccords de tuyaux, des connecteurs, des brides, des vannes, des pi\u00e8ces de pompe, des pi\u00e8ces d&rsquo;engrenages, des blocs de bornes, entre autres.<\/p>\n\n\n","protected":false},"excerpt":{"rendered":"<p>Get Quotes In 24 Hours Excellence d&rsquo;ing\u00e9nierie de pr\u00e9cision dans les pi\u00e8ces coul\u00e9es en laiton et les composants usin\u00e9s CNC.Les pi\u00e8ces coul\u00e9es en laiton usin\u00e9es par CNC combinent les avantages des m\u00e9thodes de coul\u00e9e traditionnelles avec la pr\u00e9cision de l&rsquo;usinage \u00e0 commande num\u00e9rique par ordinateur (CNC). Ce processus permet la cr\u00e9ation de composants en laiton [&hellip;]<\/p>\n","protected":false},"author":1,"featured_media":0,"parent":0,"menu_order":0,"comment_status":"closed","ping_status":"closed","template":"","meta":{"_joinchat":[],"footnotes":""},"class_list":["post-6963","page","type-page","status-publish","hentry"],"_links":{"self":[{"href":"https:\/\/conex-casting.com\/fr\/wp-json\/wp\/v2\/pages\/6963","targetHints":{"allow":["GET"]}}],"collection":[{"href":"https:\/\/conex-casting.com\/fr\/wp-json\/wp\/v2\/pages"}],"about":[{"href":"https:\/\/conex-casting.com\/fr\/wp-json\/wp\/v2\/types\/page"}],"author":[{"embeddable":true,"href":"https:\/\/conex-casting.com\/fr\/wp-json\/wp\/v2\/users\/1"}],"replies":[{"embeddable":true,"href":"https:\/\/conex-casting.com\/fr\/wp-json\/wp\/v2\/comments?post=6963"}],"version-history":[{"count":2,"href":"https:\/\/conex-casting.com\/fr\/wp-json\/wp\/v2\/pages\/6963\/revisions"}],"predecessor-version":[{"id":8629,"href":"https:\/\/conex-casting.com\/fr\/wp-json\/wp\/v2\/pages\/6963\/revisions\/8629"}],"wp:attachment":[{"href":"https:\/\/conex-casting.com\/fr\/wp-json\/wp\/v2\/media?parent=6963"}],"curies":[{"name":"wp","href":"https:\/\/api.w.org\/{rel}","templated":true}]}}