{"id":6987,"date":"2024-08-23T12:01:12","date_gmt":"2024-08-23T12:01:12","guid":{"rendered":"https:\/\/conex-casting.com\/?page_id=6987"},"modified":"2026-02-07T08:16:44","modified_gmt":"2026-02-07T08:16:44","slug":"pieces-en-cuivre-usinees-par-cnc","status":"publish","type":"page","link":"https:\/\/conex-casting.com\/fr\/pieces-en-cuivre-usinees-par-cnc\/","title":{"rendered":"Pi\u00e8ces en cuivre usin\u00e9es par CNC"},"content":{"rendered":"\n<p><img loading=\"lazy\" decoding=\"async\" class=\"alignnone size-medium wp-image-6828\" src=\"http:\/\/conex-casting.com\/wp-content\/uploads\/2024\/05\/Copper-CNC-machined-castings-300x300.jpeg\" alt=\"Copper CNC machined castings\" width=\"300\" height=\"300\" srcset=\"https:\/\/conex-casting.com\/wp-content\/uploads\/2024\/05\/Copper-CNC-machined-castings-300x300.jpeg 300w, https:\/\/conex-casting.com\/wp-content\/uploads\/2024\/05\/Copper-CNC-machined-castings-150x150.jpeg 150w, https:\/\/conex-casting.com\/wp-content\/uploads\/2024\/05\/Copper-CNC-machined-castings.jpeg 512w\" sizes=\"auto, (max-width: 300px) 100vw, 300px\" \/> <img loading=\"lazy\" decoding=\"async\" class=\"alignnone size-medium wp-image-6834\" src=\"http:\/\/conex-casting.com\/wp-content\/uploads\/2024\/05\/Copper-CNC-machined-castings-2-300x300.jpeg\" alt=\"Copper CNC machined castings 2\" width=\"300\" height=\"300\" srcset=\"https:\/\/conex-casting.com\/wp-content\/uploads\/2024\/05\/Copper-CNC-machined-castings-2-300x300.jpeg 300w, https:\/\/conex-casting.com\/wp-content\/uploads\/2024\/05\/Copper-CNC-machined-castings-2-150x150.jpeg 150w, https:\/\/conex-casting.com\/wp-content\/uploads\/2024\/05\/Copper-CNC-machined-castings-2.jpeg 512w\" sizes=\"auto, (max-width: 300px) 100vw, 300px\" \/><\/p>\n<p style=\"text-align: center;\"><strong><a class=\"maxbutton-1 maxbutton maxbutton-product-page-button open-popup-modal\"><span class=\"mb-text\">Get Quotes In 24 Hours<\/span><\/a><\/strong><\/p>\n<p>Solutions de haute performance, fabriqu\u00e9es avec pr\u00e9cision. Chez Conex Casting, nous nous sp\u00e9cialisons dans la production de pi\u00e8ces en cuivre usin\u00e9es par CNC de haute qualit\u00e9 dans notre fonderie en Inde, combinant la robustesse et la durabilit\u00e9 du cuivre avec la pr\u00e9cision de l&rsquo;usinage par commande num\u00e9rique par ordinateur (CNC). Nos composants en cuivre moul\u00e9s sont con\u00e7us pour r\u00e9pondre aux exigences industrielles et d&rsquo;ing\u00e9nierie les plus strictes, garantissant des performances exceptionnelles et une fiabilit\u00e9 in\u00e9gal\u00e9e.<\/p>\n<p><strong>Large gamme de grades de cuivre<\/strong> Nous proposons des pi\u00e8ces usin\u00e9es par CNC dans diverses qualit\u00e9s de cuivre, y compris mais sans s&rsquo;y limiter :<\/p>\n<ul>\n<li><strong>Cuivre ETP (Electrolytic Tough Pitch):<\/strong> Excellente conductivit\u00e9 \u00e9lectrique et thermique, id\u00e9al pour les applications \u00e9lectriques et \u00e9lectroniques.<\/li>\n<li><strong>Alliage de cuivre 194 (Bronze d&rsquo;aluminium):<\/strong> Haute r\u00e9sistance, r\u00e9sistance \u00e0 la corrosion et \u00e0 l&rsquo;usure, adapt\u00e9 aux environnements marins et industriels.<\/li>\n<li><strong>Alliage de cuivre 688 (Laiton aluminium):<\/strong> Excellente usinabilit\u00e9 et r\u00e9sistance \u00e0 la corrosion, utilis\u00e9 dans les industries automobile, de la plomberie et de la quincaillerie.<\/li>\n<li><strong>Alliages de cuivre C1100 et C1200:<\/strong> Qualit\u00e9s de cuivre \u00e0 haute conductivit\u00e9 utilis\u00e9es dans l&rsquo;industrie \u00e9lectrique.<\/li>\n<li><strong>Alliage de cuivre 675 (Cuivre-Silicium):<\/strong> Haute conductivit\u00e9 thermique et r\u00e9sistance \u00e0 l&rsquo;usure, adapt\u00e9 aux \u00e9changeurs de chaleur et aux roulements.<\/li>\n<li><strong>Alliage de cuivre 706 (Cuivre-Nickel):<\/strong> R\u00e9sistance \u00e0 la corrosion sup\u00e9rieure dans les environnements marins et chimiques.<\/li>\n<\/ul>\n<p><strong>Les avantages des pi\u00e8ces usin\u00e9es en cuivre par CNC:<\/strong> Le cuivre est reconnu pour sa conductivit\u00e9 thermique et \u00e9lectrique exceptionnelle, en faisant un choix de mat\u00e9riau id\u00e9al pour les applications n\u00e9cessitant un transfert de chaleur efficace ou un flux de courant \u00e9lectrique. Nos pi\u00e8ces usin\u00e9es en cuivre par CNC offrent les avantages suivants :<\/p>\n<ul>\n<li><strong>Pr\u00e9cision dimensionnelle:<\/strong> En utilisant une technologie d&rsquo;usinage CNC de pointe, nous garantissons que nos pi\u00e8ces en cuivre respectent les tol\u00e9rances les plus strictes et sp\u00e9cifications, offrant des r\u00e9sultats coh\u00e9rents et pr\u00e9cis.<\/li>\n<li><strong>Finition de surface sup\u00e9rieure:<\/strong> Notre processus d&rsquo;usinage CNC assure une finition de surface lisse et uniforme sur nos pi\u00e8ces en cuivre, r\u00e9duisant la friction et l&rsquo;usure tout en am\u00e9liorant les performances globales du composant.<\/li>\n<li><strong>G\u00e9om\u00e9tries complexes:<\/strong> Avec l&rsquo;usinage CNC, nous pouvons cr\u00e9er des formes complexes et intriqu\u00e9es, nous permettant de produire des pi\u00e8ces en cuivre m\u00eame pour les applications et exigences de conception les plus exigeantes.<\/li>\n<\/ul>\n<p><strong>Capacit\u00e9s de personnalisation<\/strong> Notre \u00e9quipe interne de conception et d&rsquo;ing\u00e9nierie travaille en \u00e9troite collaboration avec les clients pour d\u00e9velopper des solutions de moulage en cuivre personnalis\u00e9es adapt\u00e9es \u00e0 leurs besoins sp\u00e9cifiques, garantissant une fonctionnalit\u00e9 et des performances optimales.<\/p>\n<p><strong>Applications des pi\u00e8ces en cuivre usin\u00e9es par CNC<\/strong> Nos pi\u00e8ces en cuivre usin\u00e9es par CNC trouvent des applications dans un large \u00e9ventail d&rsquo;industries, y compris :<\/p>\n<ul>\n<li>\u00c9lectronique et t\u00e9l\u00e9communications<\/li>\n<li>Automobile et a\u00e9rospatiale<\/li>\n<li>Production et distribution d&rsquo;\u00e9nergie<\/li>\n<li>CVC et r\u00e9frig\u00e9ration<\/li>\n<li>Traitement chimique et p\u00e9trochimique<\/li>\n<li>Syst\u00e8mes d&rsquo;\u00e9nergie renouvelable<\/li>\n<li>Et bien plus encore<\/li>\n<\/ul>\n<p><strong>Qualit\u00e9 et fiabilit\u00e9 en qui vous pouvez avoir confiance<\/strong> Chez Conex Casting, nous nous engageons \u00e0 fournir des produits de la plus haute qualit\u00e9 et fiabilit\u00e9. Nos pi\u00e8ces en cuivre usin\u00e9es par CNC subissent des processus de contr\u00f4le qualit\u00e9 rigoureux, garantissant des performances constantes et le respect des normes de l&rsquo;industrie et des sp\u00e9cifications des clients.<\/p>\n<p><strong>Partenariat avec nous<\/strong> Que vous ayez besoin d&rsquo;une solution de moulage en cuivre standard ou personnalis\u00e9e, notre \u00e9quipe d&rsquo;experts est pr\u00eate \u00e0 vous aider. Contactez-nous d\u00e8s aujourd&rsquo;hui pour discuter de vos exigences sp\u00e9cifiques, et laissez-nous vous fournir les pi\u00e8ces usin\u00e9es en cuivre par CNC haute performance dont vous avez besoin pour r\u00e9ussir.<\/p>\n\n\n","protected":false},"excerpt":{"rendered":"<p>Get Quotes In 24 Hours Solutions de haute performance, fabriqu\u00e9es avec pr\u00e9cision. Chez Conex Casting, nous nous sp\u00e9cialisons dans la production de pi\u00e8ces en cuivre usin\u00e9es par CNC de haute qualit\u00e9 dans notre fonderie en Inde, combinant la robustesse et la durabilit\u00e9 du cuivre avec la pr\u00e9cision de l&rsquo;usinage par commande num\u00e9rique par ordinateur (CNC). [&hellip;]<\/p>\n","protected":false},"author":1,"featured_media":0,"parent":0,"menu_order":0,"comment_status":"closed","ping_status":"closed","template":"","meta":{"_joinchat":[],"footnotes":""},"class_list":["post-6987","page","type-page","status-publish","hentry"],"_links":{"self":[{"href":"https:\/\/conex-casting.com\/fr\/wp-json\/wp\/v2\/pages\/6987","targetHints":{"allow":["GET"]}}],"collection":[{"href":"https:\/\/conex-casting.com\/fr\/wp-json\/wp\/v2\/pages"}],"about":[{"href":"https:\/\/conex-casting.com\/fr\/wp-json\/wp\/v2\/types\/page"}],"author":[{"embeddable":true,"href":"https:\/\/conex-casting.com\/fr\/wp-json\/wp\/v2\/users\/1"}],"replies":[{"embeddable":true,"href":"https:\/\/conex-casting.com\/fr\/wp-json\/wp\/v2\/comments?post=6987"}],"version-history":[{"count":2,"href":"https:\/\/conex-casting.com\/fr\/wp-json\/wp\/v2\/pages\/6987\/revisions"}],"predecessor-version":[{"id":8621,"href":"https:\/\/conex-casting.com\/fr\/wp-json\/wp\/v2\/pages\/6987\/revisions\/8621"}],"wp:attachment":[{"href":"https:\/\/conex-casting.com\/fr\/wp-json\/wp\/v2\/media?parent=6987"}],"curies":[{"name":"wp","href":"https:\/\/api.w.org\/{rel}","templated":true}]}}