{"id":7577,"date":"2024-09-06T13:22:05","date_gmt":"2024-09-06T13:22:05","guid":{"rendered":"https:\/\/conex-casting.com\/?page_id=7577"},"modified":"2026-02-09T06:18:37","modified_gmt":"2026-02-09T06:18:37","slug":"moulage-en-sable-de-laiton","status":"publish","type":"page","link":"https:\/\/conex-casting.com\/fr\/moulage-en-sable-de-laiton\/","title":{"rendered":"Moulage en Sable de Laiton"},"content":{"rendered":"\n<p><img loading=\"lazy\" decoding=\"async\" class=\"alignnone size-medium wp-image-7446\" src=\"http:\/\/conex-casting.com\/wp-content\/uploads\/2024\/09\/Coulee-en-sable-de-laiton-2-300x300.webp\" alt=\"Coul\u00e9e en sable de laiton 2\" width=\"300\" height=\"300\" srcset=\"https:\/\/conex-casting.com\/wp-content\/uploads\/2024\/09\/Coulee-en-sable-de-laiton-2-300x300.webp 300w, https:\/\/conex-casting.com\/wp-content\/uploads\/2024\/09\/Coulee-en-sable-de-laiton-2-150x150.webp 150w, https:\/\/conex-casting.com\/wp-content\/uploads\/2024\/09\/Coulee-en-sable-de-laiton-2.webp 512w\" sizes=\"auto, (max-width: 300px) 100vw, 300px\" \/> <img loading=\"lazy\" decoding=\"async\" class=\"alignnone size-medium wp-image-7464\" src=\"http:\/\/conex-casting.com\/wp-content\/uploads\/2024\/09\/Coulee-en-sable-de-laiton-300x300.webp\" alt=\"Coul\u00e9e en sable de laiton\" width=\"300\" height=\"300\" srcset=\"https:\/\/conex-casting.com\/wp-content\/uploads\/2024\/09\/Coulee-en-sable-de-laiton-300x300.webp 300w, https:\/\/conex-casting.com\/wp-content\/uploads\/2024\/09\/Coulee-en-sable-de-laiton-150x150.webp 150w, https:\/\/conex-casting.com\/wp-content\/uploads\/2024\/09\/Coulee-en-sable-de-laiton.webp 512w\" sizes=\"auto, (max-width: 300px) 100vw, 300px\" \/> <img loading=\"lazy\" decoding=\"async\" class=\"alignnone size-medium wp-image-7458\" src=\"http:\/\/conex-casting.com\/wp-content\/uploads\/2024\/09\/Coulee-en-sable-de-laiton-4-300x300.webp\" alt=\"Coul\u00e9e en sable de laiton 4\" width=\"300\" height=\"300\" srcset=\"https:\/\/conex-casting.com\/wp-content\/uploads\/2024\/09\/Coulee-en-sable-de-laiton-4-300x300.webp 300w, https:\/\/conex-casting.com\/wp-content\/uploads\/2024\/09\/Coulee-en-sable-de-laiton-4-150x150.webp 150w, https:\/\/conex-casting.com\/wp-content\/uploads\/2024\/09\/Coulee-en-sable-de-laiton-4.webp 512w\" sizes=\"auto, (max-width: 300px) 100vw, 300px\" \/> <img loading=\"lazy\" decoding=\"async\" class=\"alignnone size-medium wp-image-7452\" src=\"http:\/\/conex-casting.com\/wp-content\/uploads\/2024\/09\/Coulee-en-sable-de-laiton-3-300x300.webp\" alt=\"Coul\u00e9e en sable de laiton 3\" width=\"300\" height=\"300\" srcset=\"https:\/\/conex-casting.com\/wp-content\/uploads\/2024\/09\/Coulee-en-sable-de-laiton-3-300x300.webp 300w, https:\/\/conex-casting.com\/wp-content\/uploads\/2024\/09\/Coulee-en-sable-de-laiton-3-150x150.webp 150w, https:\/\/conex-casting.com\/wp-content\/uploads\/2024\/09\/Coulee-en-sable-de-laiton-3.webp 512w\" sizes=\"auto, (max-width: 300px) 100vw, 300px\" \/><\/p>\n<p style=\"text-align: center;\"><a class=\"maxbutton-1 maxbutton maxbutton-product-page-button open-popup-modal\"><span class=\"mb-text\">Get Quote In 24 Hours<\/span><\/a><\/p>\n<div class=\"flex-shrink-0 flex flex-col relative items-end\">\n<div>\n<div class=\"pt-0\">\n<div class=\"gizmo-bot-avatar flex h-8 w-8 items-center justify-center overflow-hidden rounded-full\">\n<div class=\"relative p-1 rounded-sm flex items-center justify-center bg-token-main-surface-primary text-token-text-primary h-8 w-8\">\u00a0<\/div>\n<\/div>\n<\/div>\n<\/div>\n<\/div>\n<div class=\"group\/conversation-turn relative flex w-full min-w-0 flex-col agent-turn\">\n<div class=\"flex-col gap-1 md:gap-3\">\n<div class=\"flex max-w-full flex-col flex-grow\">\n<div class=\"text-message flex w-full flex-col items-end gap-2 whitespace-normal break-words [.text-message+&amp;]:mt-5 overflow-x-auto\" dir=\"auto\" data-message-author-role=\"assistant\" data-message-id=\"3bc2849c-3298-4254-bf4d-35a7be344d72\">\n<div class=\"flex w-full flex-col gap-1 empty:hidden first:pt-[3px]\">\n<div class=\"markdown prose w-full break-words dark:prose-invert dark\">\n<p>Voici la traduction et l&rsquo;adaptation du texte en fran\u00e7ais :<\/p>\n<hr \/>\n<p><strong>Le moulage en sable du laiton<\/strong> est une m\u00e9thode polyvalente et \u00e9conomique pour fabriquer des pi\u00e8ces en laiton. Ce processus permet de cr\u00e9er des formes complexes avec une bonne pr\u00e9cision dimensionnelle et une qualit\u00e9 de surface satisfaisante. Le laiton, un alliage de cuivre et de zinc, est appr\u00e9ci\u00e9 pour sa r\u00e9sistance \u00e0 la corrosion, son esth\u00e9tique et sa bonne usinabilit\u00e9. Nous sommes l&rsquo;un des plus grands fabricants, fournisseurs et exportateurs de pi\u00e8ces moul\u00e9es en laiton en Inde, et notre fonderie \u00e0 Jamnagar (Inde) est bien \u00e9quip\u00e9e pour fournir des moulages en laiton pesant de 20 grammes \u00e0 20 kilogrammes. Nous pouvons \u00e9galement proposer l&rsquo;usinage de ces moulages en laiton sur des machines CNC, ainsi que des rev\u00eatements en chrome, nickel et \u00e9tain, si n\u00e9cessaire.<\/p>\n<h3>M\u00e9thodes de moulage en sable du laiton :<\/h3>\n<ol>\n<li>\n<p><strong>Moulage en sable vert \/ Moulage en sable noir<\/strong><br \/>Le moulage en sable vert est la m\u00e9thode la plus couramment utilis\u00e9e pour le moulage du laiton.<\/p>\n<p><strong>Processus :<\/strong><\/p>\n<ul>\n<li>Pr\u00e9paration du m\u00e9lange de sable (sable de silice, argile, eau et additifs)<\/li>\n<li>Cr\u00e9ation du moule en compactant le sable autour du mod\u00e8le<\/li>\n<li>Retrait du mod\u00e8le, cr\u00e9ant ainsi la cavit\u00e9<\/li>\n<li>Ajout de noyaux si n\u00e9cessaire pour des cavit\u00e9s internes<\/li>\n<li>Coul\u00e9e du laiton fondu dans le moule<\/li>\n<li>Refroidissement et solidification de la pi\u00e8ce moul\u00e9e<\/li>\n<li>Destruction du moule en sable et extraction de la pi\u00e8ce moul\u00e9e<\/li>\n<li>Finitions suppl\u00e9mentaires si n\u00e9cessaire<\/li>\n<\/ul>\n<p><strong>Avantages du moulage en sable du laiton :<\/strong><\/p>\n<ul>\n<li>Co\u00fbt r\u00e9duit<\/li>\n<li>Production rapide<\/li>\n<li>Convient aux petites et grandes s\u00e9ries<\/li>\n<li>Compatible avec une large gamme d&rsquo;alliages de laiton<\/li>\n<\/ul>\n<\/li>\n<li>\n<p><strong>Moulage en sable chimique (Air Set Sand Casting)<\/strong><br \/>Cette m\u00e9thode utilise du sable li\u00e9 chimiquement pour am\u00e9liorer la pr\u00e9cision.<\/p>\n<p><strong>Processus :<\/strong><\/p>\n<ul>\n<li>M\u00e9lange du sable avec des liants chimiques<\/li>\n<li>Cr\u00e9ation du moule \u00e0 l&rsquo;aide de sable li\u00e9 chimiquement<\/li>\n<li>Attente de la solidification du moule<\/li>\n<li>Coul\u00e9e du laiton fondu dans le moule<\/li>\n<li>Refroidissement et solidification de la pi\u00e8ce moul\u00e9e<\/li>\n<li>Destruction du moule et extraction de la pi\u00e8ce moul\u00e9e<\/li>\n<\/ul>\n<p><strong>Avantages :<\/strong><\/p>\n<ul>\n<li>Meilleure pr\u00e9cision dimensionnelle par rapport au moulage en sable vert<\/li>\n<li>Surface plus lisse<\/li>\n<li>Convient aux formes plus complexes<\/li>\n<\/ul>\n<\/li>\n<\/ol>\n<h3>Alliages de laiton pour le moulage en sable<\/h3>\n<table border=\"1\">\n<thead>\n<tr style=\"background-color: #ccc;\">\n<th>D\u00e9signation de l&rsquo;alliage<\/th>\n<th>Nom commun<\/th>\n<th>Composition<\/th>\n<th>Propri\u00e9t\u00e9s<\/th>\n<th>Propri\u00e9t\u00e9s m\u00e9caniques<\/th>\n<th>Applications typiques<\/th>\n<\/tr>\n<\/thead>\n<tbody>\n<tr>\n<td><strong>C83600<\/strong><\/td>\n<td>Laiton rouge ou 85-5-5-5<\/td>\n<td>85% Cu, 5% Sn, 5% Pb, 5% Zn<\/td>\n<td>Bonne r\u00e9sistance \u00e0 la corrosion, haute r\u00e9sistance, bonne usinabilit\u00e9<\/td>\n<td>R\u00e9sistance \u00e0 la traction : 234 MPa, Limite d&rsquo;\u00e9lasticit\u00e9 : 117 MPa, Allongement : 20%<\/td>\n<td>Raccords de plomberie, quincaillerie marine, roues de pompes<\/td>\n<\/tr>\n<tr>\n<td><strong>C84400<\/strong><\/td>\n<td>Laiton demi-rouge ou 81-3-7-9<\/td>\n<td>81% Cu, 3% Sn, 7% Pb, 9% Zn<\/td>\n<td>Bonne usinabilit\u00e9, r\u00e9sistance mod\u00e9r\u00e9e, \u00e9tanch\u00e9it\u00e9<\/td>\n<td>R\u00e9sistance \u00e0 la traction : 221 MPa, Limite d&rsquo;\u00e9lasticit\u00e9 : 110 MPa, Allongement : 25%<\/td>\n<td>Engrenages, bagues, valves, moulages universels<\/td>\n<\/tr>\n<tr>\n<td><strong>C85200<\/strong><\/td>\n<td>Laiton jaune<\/td>\n<td>72% Cu, 1% Sn, 3% Pb, 24% Zn<\/td>\n<td>Haute ductilit\u00e9, bonne usinabilit\u00e9 \u00e0 froid, r\u00e9sistance mod\u00e9r\u00e9e \u00e0 la corrosion<\/td>\n<td>R\u00e9sistance \u00e0 la traction : 303 MPa, Limite d&rsquo;\u00e9lasticit\u00e9 : 152 MPa, Allongement : 35%<\/td>\n<td>Quincaillerie d\u00e9corative, valves basse pression, \u00e9l\u00e9ments d\u00e9coratifs<\/td>\n<\/tr>\n<tr>\n<td><strong>C86300<\/strong><\/td>\n<td>Bronze mangan\u00e8se<\/td>\n<td>60% Cu, 39% Zn, 1% Mn, traces de Fe<\/td>\n<td>Haute r\u00e9sistance, bonne r\u00e9sistance \u00e0 l&rsquo;usure, r\u00e9sistance mod\u00e9r\u00e9e \u00e0 la corrosion<\/td>\n<td>R\u00e9sistance \u00e0 la traction : 586 MPa, Limite d&rsquo;\u00e9lasticit\u00e9 : 276 MPa, Allongement : 25%<\/td>\n<td>Engrenages, roues de vis sans fin, h\u00e9lices marines, bagues haute r\u00e9sistance<\/td>\n<\/tr>\n<tr>\n<td><strong>C87850<\/strong><\/td>\n<td>Laiton au silicium<\/td>\n<td>82% Cu, 14% Zn, 4% Si<\/td>\n<td>Excellente r\u00e9sistance \u00e0 la corrosion, haute r\u00e9sistance, sans plomb<\/td>\n<td>R\u00e9sistance \u00e0 la traction : 379 MPa, Limite d&rsquo;\u00e9lasticit\u00e9 : 193 MPa, Allongement : 20%<\/td>\n<td>Applications dans l&rsquo;eau potable, quincaillerie marine, \u00e9quipements alimentaires<\/td>\n<\/tr>\n<tr>\n<td><strong>C90300<\/strong><\/td>\n<td>Bronze \u00e0 l&rsquo;\u00e9tain<\/td>\n<td>88% Cu, 8% Sn, 4% Zn<\/td>\n<td>Haute r\u00e9sistance \u00e0 la corrosion, bonne r\u00e9sistance, r\u00e9sistance \u00e0 l&rsquo;usure<\/td>\n<td>R\u00e9sistance \u00e0 la traction : 310 MPa, Limite d&rsquo;\u00e9lasticit\u00e9 : 152 MPa, Allongement : 25%<\/td>\n<td>Composants marins, roues de pompes, valves, engrenages<\/td>\n<\/tr>\n<tr>\n<td><strong>C92200<\/strong><\/td>\n<td>Alliage marin<\/td>\n<td>88% Cu, 6% Sn, 1,5% Pb, 4,5% Zn<\/td>\n<td>Excellente r\u00e9sistance \u00e0 la corrosion en eau sal\u00e9e, bonne r\u00e9sistance<\/td>\n<td>R\u00e9sistance \u00e0 la traction : 276 MPa, Limite d&rsquo;\u00e9lasticit\u00e9 : 138 MPa, Allongement : 20%<\/td>\n<td>Valves marines, h\u00e9lices, carters de pompes, accessoires de bateaux<\/td>\n<\/tr>\n<tr>\n<td><strong>C93200<\/strong><\/td>\n<td>Bronze \u00e0 haute teneur en plomb<\/td>\n<td>83% Cu, 7% Sn, 7% Pb, 3% Zn<\/td>\n<td>Excellente usinabilit\u00e9, bonnes propri\u00e9t\u00e9s de roulement<\/td>\n<td>R\u00e9sistance \u00e0 la traction : 241 MPa, Limite d&rsquo;\u00e9lasticit\u00e9 : 124 MPa, Allongement : 20%<\/td>\n<td>Paliers, bagues, plaques d&rsquo;usure, rondelles<\/td>\n<\/tr>\n<tr>\n<td><strong>C94300<\/strong><\/td>\n<td>Bronze \u00e0 haute teneur en plomb<\/td>\n<td>70% Cu, 5% Sn, 25% Pb<\/td>\n<td>Usinabilit\u00e9 exceptionnelle, faible friction, autolubrifiant<\/td>\n<td>R\u00e9sistance \u00e0 la traction : 172 MPa, Limite d&rsquo;\u00e9lasticit\u00e9 : 83 MPa, Allongement : 20%<\/td>\n<td>Paliers haute r\u00e9sistance, surfaces de glissement, bagues<\/td>\n<\/tr>\n<tr>\n<td><strong>C95400<\/strong><\/td>\n<td>Bronze \u00e0 l&rsquo;aluminium<\/td>\n<td>85% Cu, 11% Al, 4% Fe<\/td>\n<td>Haute r\u00e9sistance, excellente r\u00e9sistance \u00e0 l&rsquo;usure, bonne r\u00e9sistance \u00e0 la corrosion<\/td>\n<td>R\u00e9sistance \u00e0 la traction : 586 MPa, Limite d&rsquo;\u00e9lasticit\u00e9 : 241 MPa, Allongement : 18%<\/td>\n<td>Paliers, engrenages, h\u00e9lices marines, composants de pompes<\/td>\n<\/tr>\n<tr>\n<td><strong>C87500<\/strong><\/td>\n<td>Laiton au silicium<\/td>\n<td>80% Cu, 16% Zn, 4% Si<\/td>\n<td>Bonne r\u00e9sistance, excellente r\u00e9sistance \u00e0 la corrosion, sans plomb<\/td>\n<td>R\u00e9sistance \u00e0 la traction : 414 MPa, Limite d&rsquo;\u00e9lasticit\u00e9 : 207 MPa, Allongement : 20%<\/td>\n<td>Valves, raccords, quincaillerie marine, \u00e9quipements alimentaires<\/td>\n<\/tr>\n<tr>\n<td><strong>C87800<\/strong><\/td>\n<td>Bronze au silicium<\/td>\n<td>95% Cu, 1% Zn, 4% Si<\/td>\n<td>Haute r\u00e9sistance, excellente r\u00e9sistance \u00e0 la corrosion, bonne soudabilit\u00e9<\/td>\n<td>R\u00e9sistance \u00e0 la traction : 482 MPa, Limite d&rsquo;\u00e9lasticit\u00e9 : 207 MPa, Allongement : 20%<\/td>\n<td>Raccords marins, quincaillerie architecturale, composants \u00e9lectriques<\/td>\n<\/tr>\n<tr>\n<td><strong>C95500<\/strong><\/td>\n<td>Bronze aluminium-nickel<\/td>\n<td>81% Cu, 9% Al, 5% Ni, 5% Fe<\/td>\n<td>Tr\u00e8s haute r\u00e9sistance, excellente r\u00e9sistance \u00e0 la corrosion et \u00e0 l&rsquo;usure<\/td>\n<td>R\u00e9sistance \u00e0 la traction : 724 MPa, Limite d&rsquo;\u00e9lasticit\u00e9 : 414 MPa, Allongement : 15%<\/td>\n<td>H\u00e9lices marines, engrenages, plaques d&rsquo;usure<\/td>\n<\/tr>\n<\/tbody>\n<\/table>\n<h3>Industries desservies par les fonderies de laiton<\/h3>\n<ul>\n<li><strong>Construction :<\/strong> Composants architecturaux tels que poign\u00e9es de porte, rampes, luminaires.<\/li>\n<li><strong>Automobile :<\/strong> Composants tels que radiateurs, carburateurs, raccords de plomberie.<\/li>\n<li><strong>Marine :<\/strong> H\u00e9lices, gouvernails, accessoires de bateaux, filtres pour eau de mer.<\/li>\n<li><strong>Instruments de musique :<\/strong> Instruments \u00e0 vent et composants acoustiques.<\/li>\n<li><strong>\u00c9lectricit\u00e9 :<\/strong> Composants tels que connecteurs, bornes et interrupteurs.<\/li>\n<li><strong>A\u00e9rospatiale :<\/strong> Composants non structurels n\u00e9cessitant une haute r\u00e9sistance et une r\u00e9sistance \u00e0 la corrosion.<\/li>\n<\/ul>\n<h3>Pi\u00e8ces moul\u00e9es typiques en laiton<\/h3>\n<ul>\n<li>Raccords de plomberie (robinets, valves, raccords de tuyauterie)<\/li>\n<li>Raccords de tuyaux en laiton, accouplements et buses<\/li>\n<li>Quincaillerie marine (h\u00e9lices, gouvernails, accessoires de bateaux, filtres, accessoires de navires)<\/li>\n<li>\u00c9l\u00e9ments architecturaux d\u00e9coratifs (poign\u00e9es de porte, rampes, luminaires)<\/li>\n<li>Composants industriels (roues de pompe, carters de valves, engrenages)<\/li>\n<li>Composants \u00e9lectriques (carters d&rsquo;interrupteurs, blocs de bornes, lignes de connexion)<\/li>\n<li>Pi\u00e8ces automobiles (radiateurs, carburateurs)<\/li>\n<li>Paliers, bagues et plaques d&rsquo;usure<\/li>\n<li>Accouplements et raccords hydrauliques<\/li>\n<li>Connecteurs \u00e9lectriques en laiton pour interrupteurs ext\u00e9rieurs<\/li>\n<\/ul>\n<h3>Applications du moulage en laiton dans le sable<\/h3>\n<ul>\n<li><strong>Syst\u00e8mes d&rsquo;eau et de plomberie :<\/strong> La r\u00e9sistance \u00e0 la corrosion et les propri\u00e9t\u00e9s antimicrobiennes du laiton en font un choix id\u00e9al pour le contact avec l&rsquo;eau.<\/li>\n<li><strong>Industrie marine :<\/strong> Excellente r\u00e9sistance \u00e0 la corrosion dans l&rsquo;eau sal\u00e9e.<\/li>\n<li><strong>Industrie automobile :<\/strong> Utilis\u00e9 dans les radiateurs et divers composants sous le capot.<\/li>\n<li><strong>\u00c9lectricit\u00e9 et \u00e9lectronique :<\/strong> Bonne conductivit\u00e9 \u00e9lectrique et r\u00e9sistance \u00e0 la corrosion.<\/li>\n<li><strong>Architecture et design d&rsquo;int\u00e9rieur :<\/strong> Esth\u00e9tique et durabilit\u00e9 pour les \u00e9l\u00e9ments d\u00e9coratifs.<\/li>\n<li><strong>\u00c9quipements industriels :<\/strong> R\u00e9sistance \u00e0 l&rsquo;usure et bonne usinabilit\u00e9 font du laiton un bon choix pour divers composants m\u00e9caniques.<\/li>\n<li><strong>Instruments de musique :<\/strong> Les propri\u00e9t\u00e9s acoustiques et l&rsquo;usinabilit\u00e9 du laiton sont id\u00e9ales pour la fabrication d&rsquo;instruments.<\/li>\n<li><strong>Industrie p\u00e9troli\u00e8re et gazi\u00e8re :<\/strong> R\u00e9sistance \u00e0 la corrosion et s\u00e9curit\u00e9 contre les \u00e9tincelles dans les environnements potentiellement explosifs.<\/li>\n<li><strong>A\u00e9rospatiale :<\/strong> Utilis\u00e9 dans divers composants non structurels gr\u00e2ce \u00e0 son usinabilit\u00e9 et sa r\u00e9sistance \u00e0 la corrosion.<\/li>\n<\/ul>\n<p>Le moulage en sable du laiton offre une m\u00e9thode de production polyvalente et \u00e9conomique pour une large gamme de composants dans diverses industries. Le choix d&rsquo;un alliage sp\u00e9cifique de laiton d\u00e9pend des propri\u00e9t\u00e9s requises pour chaque application, telles que la r\u00e9sistance, la r\u00e9sistance \u00e0 la corrosion ou l&rsquo;usinabilit\u00e9.<\/p>\n<h3>Termes associ\u00e9s au moulage en laiton<\/h3>\n<ul>\n<li>Moulage en laiton<\/li>\n<li>Moulage en sable de laiton<\/li>\n<li>Moulage en laiton permanent<\/li>\n<li>Moulage LG2, moulage LG1<\/li>\n<li>Moulage Ab1, moulage Ab2<\/li>\n<li>Moulage de bronze et de laiton<\/li>\n<li>Moulage en laiton en Inde<\/li>\n<li>Moulage en cire perdue de laiton<\/li>\n<li>Moulage CDA 360<\/li>\n<li>Moulage centrifuge de laiton<\/li>\n<li>Moulage par gravit\u00e9 du laiton<\/li>\n<li>Alliages de laiton pour moulage<\/li>\n<li>Moulage en laiton jaune<\/li>\n<li>Moulage en laiton rouge<\/li>\n<li>Moulage de bronze (souvent recherch\u00e9 avec le laiton)<\/li>\n<li>Fournisseurs de moulage en laiton<\/li>\n<li>Processus de moulage en laiton<\/li>\n<li>Propri\u00e9t\u00e9s du moulage en laiton<\/li>\n<li>Applications du moulage en laiton<\/li>\n<li>Guide de conception de moulage en laiton<\/li>\n<li>M\u00e9thodes de finition du moulage en laiton<\/li>\n<li>Moulage en laiton vs. usinage<\/li>\n<li>Moules pour moulage en laiton<\/li>\n<li>Mod\u00e8les pour moulage en laiton<\/li>\n<li>M\u00e9tallurgie du laiton pour moulage<\/li>\n<li>Moulage en laiton sans plomb<\/li>\n<li>Moulage en laiton haute r\u00e9sistance<\/li>\n<li>Moulage en laiton pour plomberie<\/li>\n<li>Moulage en laiton pour applications marines<\/li>\n<li>Moulage en laiton pour l&rsquo;architecture<\/li>\n<li>Moulage en laiton pour applications industrielles<\/li>\n<li>Moulage en laiton pour instruments de musique<\/li>\n<li>Traitement thermique du moulage en laiton<\/li>\n<li>Porosit\u00e9 dans le moulage en laiton<\/li>\n<li>Retrait lors du moulage en laiton<\/li>\n<li>Analyse des co\u00fbts de moulage en laiton<\/li>\n<\/ul>\n<\/div>\n<\/div>\n<\/div>\n<\/div>\n<\/div>\n<\/div>\n\n\n\n\n","protected":false},"excerpt":{"rendered":"<p>Get Quote In 24 Hours \u00a0 Voici la traduction et l&rsquo;adaptation du texte en fran\u00e7ais : Le moulage en sable du laiton est une m\u00e9thode polyvalente et \u00e9conomique pour fabriquer des pi\u00e8ces en laiton. Ce processus permet de cr\u00e9er des formes complexes avec une bonne pr\u00e9cision dimensionnelle et une qualit\u00e9 de surface satisfaisante. Le laiton, [&hellip;]<\/p>\n","protected":false},"author":1,"featured_media":0,"parent":0,"menu_order":0,"comment_status":"closed","ping_status":"closed","template":"","meta":{"_joinchat":[],"footnotes":""},"class_list":["post-7577","page","type-page","status-publish","hentry"],"_links":{"self":[{"href":"https:\/\/conex-casting.com\/fr\/wp-json\/wp\/v2\/pages\/7577","targetHints":{"allow":["GET"]}}],"collection":[{"href":"https:\/\/conex-casting.com\/fr\/wp-json\/wp\/v2\/pages"}],"about":[{"href":"https:\/\/conex-casting.com\/fr\/wp-json\/wp\/v2\/types\/page"}],"author":[{"embeddable":true,"href":"https:\/\/conex-casting.com\/fr\/wp-json\/wp\/v2\/users\/1"}],"replies":[{"embeddable":true,"href":"https:\/\/conex-casting.com\/fr\/wp-json\/wp\/v2\/comments?post=7577"}],"version-history":[{"count":2,"href":"https:\/\/conex-casting.com\/fr\/wp-json\/wp\/v2\/pages\/7577\/revisions"}],"predecessor-version":[{"id":8671,"href":"https:\/\/conex-casting.com\/fr\/wp-json\/wp\/v2\/pages\/7577\/revisions\/8671"}],"wp:attachment":[{"href":"https:\/\/conex-casting.com\/fr\/wp-json\/wp\/v2\/media?parent=7577"}],"curies":[{"name":"wp","href":"https:\/\/api.w.org\/{rel}","templated":true}]}}