{"id":8038,"date":"2026-01-03T07:26:00","date_gmt":"2026-01-03T07:26:00","guid":{"rendered":"https:\/\/conex-casting.com\/?page_id=8038"},"modified":"2026-02-06T06:18:52","modified_gmt":"2026-02-06T06:18:52","slug":"moulage-permanent","status":"publish","type":"page","link":"https:\/\/conex-casting.com\/fr\/moulage-permanent\/","title":{"rendered":"Moulage permanent"},"content":{"rendered":"\n<p><img loading=\"lazy\" decoding=\"async\" class=\"size-medium wp-image-7947 aligncenter\" src=\"http:\/\/conex-casting.com\/wp-content\/uploads\/2026\/01\/bronze-permanent-mold-casting-300x300.jpg\" alt=\"bronze-permanent-mold-casting\" width=\"300\" height=\"300\" srcset=\"https:\/\/conex-casting.com\/wp-content\/uploads\/2026\/01\/bronze-permanent-mold-casting-300x300.jpg 300w, https:\/\/conex-casting.com\/wp-content\/uploads\/2026\/01\/bronze-permanent-mold-casting-150x150.jpg 150w, https:\/\/conex-casting.com\/wp-content\/uploads\/2026\/01\/bronze-permanent-mold-casting-768x768.jpg 768w, https:\/\/conex-casting.com\/wp-content\/uploads\/2026\/01\/bronze-permanent-mold-casting-640x640.jpg 640w, https:\/\/conex-casting.com\/wp-content\/uploads\/2026\/01\/bronze-permanent-mold-casting.jpg 1024w\" sizes=\"auto, (max-width: 300px) 100vw, 300px\" \/><\/p>\n<p><strong><span dir=\"auto\">Le moulage en moule permanent<\/span><\/strong><span dir=\"auto\">\u00a0, \u00e9galement appel\u00e9\u00a0<\/span><strong><span dir=\"auto\">moulage par gravit\u00e9<\/span><\/strong><span dir=\"auto\">\u00a0, est un proc\u00e9d\u00e9 de formage des m\u00e9taux de pointe. Il consiste \u00e0 couler du m\u00e9tal en fusion dans des moules m\u00e9talliques r\u00e9utilisables afin de produire des pi\u00e8ces moul\u00e9es de haute qualit\u00e9, pr\u00e9sentant une pr\u00e9cision dimensionnelle sup\u00e9rieure, un excellent \u00e9tat de surface et des propri\u00e9t\u00e9s m\u00e9caniques am\u00e9lior\u00e9es. Contrairement au moulage en sable, o\u00f9 les moules sont d\u00e9truits apr\u00e8s chaque utilisation, les moules permanents en acier ou en fonte permettent de produire des centaines, voire des milliers de pi\u00e8ces, ce qui rend ce proc\u00e9d\u00e9 tr\u00e8s \u00e9conomique pour les moyennes et grandes s\u00e9ries.<\/span><\/p>\n<p style=\"text-align: center;\"><a class=\"maxbutton-1 maxbutton maxbutton-product-page-button open-popup-modal\"><span dir=\"auto\">Obtenez un devis en 24 heures<\/span><\/a><\/p>\n<table style=\"border-collapse: collapse; width: 100%;\">\n<tbody>\n<tr>\n<td style=\"width: 33.3333%;\">\n<p><a href=\"https:\/\/conex-casting.com\/fr\/coulee-de-bronze-en-moule-permanent\/\"><img loading=\"lazy\" decoding=\"async\" class=\"wp-image-7940 aligncenter\" src=\"http:\/\/conex-casting.com\/wp-content\/uploads\/2026\/01\/bronze-permanent-mold-casting1-300x300.jpg\" alt=\"bronze-permanent-mold-casting1\" width=\"215\" height=\"215\" srcset=\"https:\/\/conex-casting.com\/wp-content\/uploads\/2026\/01\/bronze-permanent-mold-casting1-300x300.jpg 300w, https:\/\/conex-casting.com\/wp-content\/uploads\/2026\/01\/bronze-permanent-mold-casting1-150x150.jpg 150w, https:\/\/conex-casting.com\/wp-content\/uploads\/2026\/01\/bronze-permanent-mold-casting1-768x768.jpg 768w, https:\/\/conex-casting.com\/wp-content\/uploads\/2026\/01\/bronze-permanent-mold-casting1-640x640.jpg 640w, https:\/\/conex-casting.com\/wp-content\/uploads\/2026\/01\/bronze-permanent-mold-casting1.jpg 1024w\" sizes=\"auto, (max-width: 215px) 100vw, 215px\" \/><\/a><\/p>\n<strong><a href=\"https:\/\/conex-casting.com\/fr\/coulee-de-bronze-en-moule-permanent\/\">Moulage en moule permanent en bronze et<\/a><\/strong><br data-start=\"512\" data-end=\"515\" \/><br \/><\/td>\n<td style=\"width: 33.3333%;\">\n<p><a href=\"https:\/\/conex-casting.com\/fr\/coulee-en-moule-permanent-en-laiton\/\"><img loading=\"lazy\" decoding=\"async\" class=\"alignnone size-medium wp-image-8064 aligncenter\" src=\"http:\/\/conex-casting.com\/wp-content\/uploads\/2026\/01\/Brass-Permanent-Mold-Casting1-300x200.jpg\" alt=\"Brass Permanent Mold Casting1\" width=\"300\" height=\"200\" srcset=\"https:\/\/conex-casting.com\/wp-content\/uploads\/2026\/01\/Brass-Permanent-Mold-Casting1-300x200.jpg 300w, https:\/\/conex-casting.com\/wp-content\/uploads\/2026\/01\/Brass-Permanent-Mold-Casting1-1024x683.jpg 1024w, https:\/\/conex-casting.com\/wp-content\/uploads\/2026\/01\/Brass-Permanent-Mold-Casting1-768x512.jpg 768w, https:\/\/conex-casting.com\/wp-content\/uploads\/2026\/01\/Brass-Permanent-Mold-Casting1-1170x782.jpg 1170w, https:\/\/conex-casting.com\/wp-content\/uploads\/2026\/01\/Brass-Permanent-Mold-Casting1.jpg 1536w\" sizes=\"auto, (max-width: 300px) 100vw, 300px\" \/><\/a><\/p>\n<p data-start=\"471\" data-end=\"553\"><a href=\"https:\/\/conex-casting.com\/fr\/coulee-en-moule-permanent-en-laiton\/\"><strong data-start=\"471\" data-end=\"553\">moulage en moule permanent en laiton<\/strong><\/a><\/p>\n<\/td>\n<td style=\"width: 33.3333%;\">\u00a0<\/td>\n<\/tr>\n<\/tbody>\n<\/table>\n","protected":false},"excerpt":{"rendered":"<p>Le moulage en moule permanent\u00a0, \u00e9galement appel\u00e9\u00a0moulage par gravit\u00e9\u00a0, est un proc\u00e9d\u00e9 de formage des m\u00e9taux de pointe. Il consiste \u00e0 couler du m\u00e9tal en fusion dans des moules m\u00e9talliques r\u00e9utilisables afin de produire des pi\u00e8ces moul\u00e9es de haute qualit\u00e9, pr\u00e9sentant une pr\u00e9cision dimensionnelle sup\u00e9rieure, un excellent \u00e9tat de surface et des propri\u00e9t\u00e9s m\u00e9caniques am\u00e9lior\u00e9es. [&hellip;]<\/p>\n","protected":false},"author":1,"featured_media":0,"parent":0,"menu_order":0,"comment_status":"closed","ping_status":"closed","template":"","meta":{"_joinchat":[],"footnotes":""},"class_list":["post-8038","page","type-page","status-publish","hentry"],"_links":{"self":[{"href":"https:\/\/conex-casting.com\/fr\/wp-json\/wp\/v2\/pages\/8038","targetHints":{"allow":["GET"]}}],"collection":[{"href":"https:\/\/conex-casting.com\/fr\/wp-json\/wp\/v2\/pages"}],"about":[{"href":"https:\/\/conex-casting.com\/fr\/wp-json\/wp\/v2\/types\/page"}],"author":[{"embeddable":true,"href":"https:\/\/conex-casting.com\/fr\/wp-json\/wp\/v2\/users\/1"}],"replies":[{"embeddable":true,"href":"https:\/\/conex-casting.com\/fr\/wp-json\/wp\/v2\/comments?post=8038"}],"version-history":[{"count":5,"href":"https:\/\/conex-casting.com\/fr\/wp-json\/wp\/v2\/pages\/8038\/revisions"}],"predecessor-version":[{"id":8514,"href":"https:\/\/conex-casting.com\/fr\/wp-json\/wp\/v2\/pages\/8038\/revisions\/8514"}],"wp:attachment":[{"href":"https:\/\/conex-casting.com\/fr\/wp-json\/wp\/v2\/media?parent=8038"}],"curies":[{"name":"wp","href":"https:\/\/api.w.org\/{rel}","templated":true}]}}