{"id":8457,"date":"2026-01-23T06:28:15","date_gmt":"2026-01-23T06:28:15","guid":{"rendered":"https:\/\/conex-casting.com\/?page_id=8457"},"modified":"2026-02-09T06:50:15","modified_gmt":"2026-02-09T06:50:15","slug":"connecteurs-detau-en-aluminium","status":"publish","type":"page","link":"https:\/\/conex-casting.com\/fr\/connecteurs-detau-en-aluminium\/","title":{"rendered":"Connecteurs d&rsquo;\u00e9tau en aluminium"},"content":{"rendered":"\n<h1><strong><span dir=\"auto\">Connecteurs d&rsquo;\u00e9tau en aluminium et pinces d&rsquo;\u00e9tau en aluminium<\/span><\/strong><\/h1>\n<p><strong><span dir=\"auto\">(Connecteurs d&rsquo;\u00e9tau en aluminium et pinces d&rsquo;\u00e9tau en aluminium)<\/span><\/strong><\/p>\n<p><img loading=\"lazy\" decoding=\"async\" class=\"alignnone  wp-image-8444\" src=\"http:\/\/conex-casting.com\/wp-content\/uploads\/2026\/01\/Aluminum-ground-clamps-connectors-300x300.jpeg\" alt=\"Aluminum-ground-clamps-connectors\" width=\"430\" height=\"430\" srcset=\"https:\/\/conex-casting.com\/wp-content\/uploads\/2026\/01\/Aluminum-ground-clamps-connectors-300x300.jpeg 300w, https:\/\/conex-casting.com\/wp-content\/uploads\/2026\/01\/Aluminum-ground-clamps-connectors-150x150.jpeg 150w, https:\/\/conex-casting.com\/wp-content\/uploads\/2026\/01\/Aluminum-ground-clamps-connectors-768x768.jpeg 768w, https:\/\/conex-casting.com\/wp-content\/uploads\/2026\/01\/Aluminum-ground-clamps-connectors-640x640.jpeg 640w, https:\/\/conex-casting.com\/wp-content\/uploads\/2026\/01\/Aluminum-ground-clamps-connectors.jpeg 1024w\" sizes=\"auto, (max-width: 430px) 100vw, 430px\" \/><\/p>\n<p><img loading=\"lazy\" decoding=\"async\" class=\"alignnone  wp-image-8438\" src=\"http:\/\/conex-casting.com\/wp-content\/uploads\/2026\/01\/Aluminum-vise-connectors-300x300.jpeg\" alt=\"Aluminum-vise-connectors\" width=\"430\" height=\"430\" srcset=\"https:\/\/conex-casting.com\/wp-content\/uploads\/2026\/01\/Aluminum-vise-connectors-300x300.jpeg 300w, https:\/\/conex-casting.com\/wp-content\/uploads\/2026\/01\/Aluminum-vise-connectors-150x150.jpeg 150w, https:\/\/conex-casting.com\/wp-content\/uploads\/2026\/01\/Aluminum-vise-connectors-768x768.jpeg 768w, https:\/\/conex-casting.com\/wp-content\/uploads\/2026\/01\/Aluminum-vise-connectors-640x640.jpeg 640w, https:\/\/conex-casting.com\/wp-content\/uploads\/2026\/01\/Aluminum-vise-connectors.jpeg 1024w\" sizes=\"auto, (max-width: 430px) 100vw, 430px\" \/><\/p>\n<p style=\"text-align: center;\"><a class=\"maxbutton-1 maxbutton maxbutton-product-page-button open-popup-modal\"><span class=\"mb-text\">Get Quote In 24 Hours<\/span><\/a><\/p>\n<p><strong><span dir=\"auto\">Description du produit<\/span><\/strong><\/p>\n<p><strong><span dir=\"auto\">Les connecteurs \u00e0 \u00e9tau en aluminium<\/span><\/strong><span dir=\"auto\">\u00a0sont des connecteurs m\u00e9caniques sans soudure con\u00e7us pour les applications de mise \u00e0 la terre et de liaison \u00e9quipotentielle. Ces connecteurs utilisent un m\u00e9canisme de serrage \u00e0 vis de type \u00e9tau qui accepte fermement\u00a0<\/span><strong><span dir=\"auto\">deux conducteurs dans la plage sp\u00e9cifi\u00e9e, quelle que soit leur combinaison<\/span><\/strong><span dir=\"auto\">\u00a0.<\/span><\/p>\n<p><span dir=\"auto\">Fabriqu\u00e9s \u00e0 l&rsquo;aide d&rsquo;\u00a0<\/span><strong><span dir=\"auto\">un proc\u00e9d\u00e9 de moulage sous pression (DGC) d&rsquo;aluminium<\/span><\/strong><span dir=\"auto\">\u00a0suivi d&rsquo;\u00a0<\/span><strong><span dir=\"auto\">un usinage CNC de pr\u00e9cision<\/span><\/strong><span dir=\"auto\">\u00a0, ces connecteurs offrent des dimensions constantes, une forte adh\u00e9rence m\u00e9canique et une continuit\u00e9 \u00e9lectrique fiable pour les syst\u00e8mes de mise \u00e0 la terre des services publics et industriels.<\/span><\/p>\n<p><strong><span dir=\"auto\">Principales caract\u00e9ristiques de conception et de performance<\/span><\/strong><\/p>\n<ul>\n<li><span dir=\"auto\">Accepte\u00a0<\/span><strong><span dir=\"auto\">deux conducteurs dont la plage de conducteurs est indiqu\u00e9e<\/span><\/strong><span dir=\"auto\">\u00a0, dans n&rsquo;importe quelle combinaison.<\/span><\/li>\n<li><strong><span dir=\"auto\">Action de serrage de type \u00e9tau<\/span><\/strong><span dir=\"auto\">\u00a0pour des connexions s\u00fbres et r\u00e9sistantes aux vibrations<\/span><\/li>\n<li><strong><span dir=\"auto\">Conception monobloc \u00e0 ouverture lat\u00e9rale<\/span><\/strong><span dir=\"auto\">\u00a0pour une installation facile et une r\u00e9duction des pi\u00e8ces d\u00e9tach\u00e9es<\/span><\/li>\n<li><strong><span dir=\"auto\">Une large gamme de conducteurs<\/span><\/strong><span dir=\"auto\">\u00a0permet de r\u00e9duire les stocks et le nombre de r\u00e9f\u00e9rences.<\/span><\/li>\n<li><span dir=\"auto\">Convient \u00e0\u00a0<\/span><strong><span dir=\"auto\">la mise \u00e0 la terre et \u00e0 la liaison \u00e9quipotentielle<\/span><\/strong><span dir=\"auto\">\u00a0des structures, armoires, enceintes et \u00e9quipements<\/span><\/li>\n<li><span dir=\"auto\">La construction en aluminium offre\u00a0<\/span><strong><span dir=\"auto\">un excellent rapport r\u00e9sistance\/poids<\/span><\/strong><span dir=\"auto\">\u00a0et une bonne r\u00e9sistance \u00e0 la corrosion<\/span><\/li>\n<li><span dir=\"auto\">Con\u00e7u pour\u00a0<\/span><strong><span dir=\"auto\">une installation sur site \u00e0 l&rsquo;aide d&rsquo;outils standard<\/span><\/strong><span dir=\"auto\">\u00a0, y compris la manipulation avec des gants.<\/span><\/li>\n<\/ul>\n<p><strong><span dir=\"auto\">Processus de fabrication<\/span><\/strong><\/p>\n<ul>\n<li><strong><span dir=\"auto\">Proc\u00e9d\u00e9 principal\u00a0:<\/span><\/strong><span dir=\"auto\">\u00a0Moulage sous pression d\u2019aluminium (DGC)<\/span><\/li>\n<li><strong><span dir=\"auto\">Proc\u00e9d\u00e9 secondaire\u00a0:<\/span><\/strong><span dir=\"auto\">\u00a0Usinage CNC (dimensions critiques, rainures pour conducteurs, filetages)<\/span><\/li>\n<li><strong><span dir=\"auto\">Quincaillerie :<\/span><\/strong><span dir=\"auto\">\u00a0Acier inoxydable ou acier plaqu\u00e9 (selon les sp\u00e9cifications)<\/span><\/li>\n<li><strong><span dir=\"auto\">Finition :<\/span><\/strong><span dir=\"auto\">\u00a0Brut de fonderie ou traitement de surface sp\u00e9cifi\u00e9 par le client<\/span><\/li>\n<\/ul>\n<p><strong><span dir=\"auto\">Applications typiques<\/span><\/strong><\/p>\n<ul>\n<li><span dir=\"auto\">Prises de terre et de liaison \u00e9quipotentielle<\/span><\/li>\n<li><span dir=\"auto\">Mise \u00e0 la terre de l&rsquo;armoire et du bo\u00eetier<\/span><\/li>\n<li><span dir=\"auto\">Liaisons d&rsquo;\u00e9quipement<\/span><\/li>\n<li><span dir=\"auto\">syst\u00e8mes de mise \u00e0 la terre des services publics<\/span><\/li>\n<li><span dir=\"auto\">R\u00e9seaux de mise \u00e0 la terre industriels<\/span><\/li>\n<li><span dir=\"auto\">mise \u00e0 la terre des t\u00e9l\u00e9communications et des infrastructures<\/span><\/li>\n<\/ul>\n<p><strong><span dir=\"auto\">Tailles et dimensions standard<\/span><\/strong><\/p>\n<p><em><span dir=\"auto\">(Bas\u00e9 sur la g\u00e9om\u00e9trie industrielle de r\u00e9f\u00e9rence \u2013 Version aluminium)<\/span><\/em><\/p>\n<p><strong><span dir=\"auto\">Remarque :<\/span><\/strong><span dir=\"auto\">\u00a0Tous les connecteurs acceptent\u00a0<\/span><strong><span dir=\"auto\">deux conducteurs<\/span><\/strong><span dir=\"auto\">\u00a0dans la plage de conducteurs indiqu\u00e9e, dans n&rsquo;importe quelle combinaison.<\/span><\/p>\n<p><strong><span dir=\"auto\">Gamme de conducteurs (toutes variantes)<\/span><\/strong><\/p>\n<ul>\n<li><strong><span dir=\"auto\">8 SOL \u2013 1\/0 STR<\/span><\/strong><\/li>\n<\/ul>\n<p><strong><span dir=\"auto\">Connecteur d&rsquo;\u00e9tau en aluminium \u2013 Tableau des tailles<\/span><\/strong><\/p>\n<table>\n<thead>\n<tr>\n<td>\n<p><strong><span dir=\"auto\">Code catalogue<\/span><\/strong><\/p>\n<\/td>\n<td>\n<p><strong><span dir=\"auto\">Gamme de conducteurs<\/span><\/strong><\/p>\n<\/td>\n<td>\n<p><strong><span dir=\"auto\">Taille du filetage du boulon<\/span><\/strong><\/p>\n<\/td>\n<td>\n<p><strong><span dir=\"auto\">Taille de l&rsquo;hexagone du boulon<\/span><\/strong><\/p>\n<\/td>\n<td>\n<p><strong><span dir=\"auto\">A (dans)<\/span><\/strong><\/p>\n<\/td>\n<td>\n<p><strong><span dir=\"auto\">B (dans)<\/span><\/strong><\/p>\n<\/td>\n<td>\n<p><strong><span dir=\"auto\">C (dans)<\/span><\/strong><\/p>\n<\/td>\n<td>\n<p><strong><span dir=\"auto\">D (Filet)<\/span><\/strong><\/p>\n<\/td>\n<td>\n<p><strong><span dir=\"auto\">Paquet standard<\/span><\/strong><\/p>\n<\/td>\n<\/tr>\n<\/thead>\n<tbody>\n<tr>\n<td>\n<p><strong><span dir=\"auto\">AVC-207<\/span><\/strong><\/p>\n<\/td>\n<td>\n<p><span dir=\"auto\">8 SOL \u2013 1\/0 STR<\/span><\/p>\n<\/td>\n<td>\n<p><span dir=\"auto\">5\/16\u2033<\/span><\/p>\n<\/td>\n<td>\n<p><span dir=\"auto\">9\/16\u2033<\/span><\/p>\n<\/td>\n<td>\n<p><span dir=\"auto\">1.02<\/span><\/p>\n<\/td>\n<td>\n<p><span dir=\"auto\">0,77<\/span><\/p>\n<\/td>\n<td>\n<p><span dir=\"auto\">2.00<\/span><\/p>\n<\/td>\n<td>\n<p><span dir=\"auto\">1\/2\u2033-13<\/span><\/p>\n<\/td>\n<td>\n<p><span dir=\"auto\">100<\/span><\/p>\n<\/td>\n<\/tr>\n<tr>\n<td>\n<p><strong><span dir=\"auto\">AVC-207-FT<\/span><\/strong><\/p>\n<\/td>\n<td>\n<p><span dir=\"auto\">8 SOL \u2013 1\/0 STR<\/span><\/p>\n<\/td>\n<td>\n<p><span dir=\"auto\">5\/16\u2033<\/span><\/p>\n<\/td>\n<td>\n<p><span dir=\"auto\">9\/16\u2033<\/span><\/p>\n<\/td>\n<td>\n<p><span dir=\"auto\">1.02<\/span><\/p>\n<\/td>\n<td>\n<p><span dir=\"auto\">0,77<\/span><\/p>\n<\/td>\n<td>\n<p><span dir=\"auto\">1,50<\/span><\/p>\n<\/td>\n<td>\n<p><span dir=\"auto\">1\/2\u2033-13<\/span><\/p>\n<\/td>\n<td>\n<p><span dir=\"auto\">100<\/span><\/p>\n<\/td>\n<\/tr>\n<tr>\n<td>\n<p><strong><span dir=\"auto\">AVC-207-IT<\/span><\/strong><\/p>\n<\/td>\n<td>\n<p><span dir=\"auto\">8 SOL \u2013 1\/0 STR<\/span><\/p>\n<\/td>\n<td>\n<p><span dir=\"auto\">5\/16\u2033<\/span><\/p>\n<\/td>\n<td>\n<p><span dir=\"auto\">9\/16\u2033<\/span><\/p>\n<\/td>\n<td>\n<p><span dir=\"auto\">1.02<\/span><\/p>\n<\/td>\n<td>\n<p><span dir=\"auto\">0,77<\/span><\/p>\n<\/td>\n<td>\n<p><span dir=\"auto\">2.00<\/span><\/p>\n<\/td>\n<td>\n<p><span dir=\"auto\">3\/8\u2033-16<\/span><\/p>\n<\/td>\n<td>\n<p><span dir=\"auto\">100<\/span><\/p>\n<\/td>\n<\/tr>\n<tr>\n<td>\n<p><strong><span dir=\"auto\">AVC-207-ST<\/span><\/strong><\/p>\n<\/td>\n<td>\n<p><span dir=\"auto\">8 SOL \u2013 1\/0 STR<\/span><\/p>\n<\/td>\n<td>\n<p><span dir=\"auto\">5\/16\u2033<\/span><\/p>\n<\/td>\n<td>\n<p><span dir=\"auto\">9\/16\u2033<\/span><\/p>\n<\/td>\n<td>\n<p><span dir=\"auto\">1.02<\/span><\/p>\n<\/td>\n<td>\n<p><span dir=\"auto\">0,77<\/span><\/p>\n<\/td>\n<td>\n<p><span dir=\"auto\">1,75<\/span><\/p>\n<\/td>\n<td>\n<p><span dir=\"auto\">1\/2\u2033-13<\/span><\/p>\n<\/td>\n<td>\n<p><span dir=\"auto\">100<\/span><\/p>\n<\/td>\n<\/tr>\n<\/tbody>\n<\/table>\n<p><strong><span dir=\"auto\">Mat\u00e9riaux et construction<\/span><\/strong><\/p>\n<ul>\n<li><strong><span dir=\"auto\">Corps \/ M\u00e2choires :<\/span><\/strong><span dir=\"auto\">\u00a0Alliage d&rsquo;aluminium moul\u00e9 sous pression<\/span><\/li>\n<li><strong><span dir=\"auto\">M\u00e9canisme de serrage\u00a0:<\/span><\/strong><span dir=\"auto\">\u00a0\u00e9tau \u00e0 vis<\/span><\/li>\n<li><strong><span dir=\"auto\">Filetages et faces critiques :<\/span><\/strong><span dir=\"auto\">\u00a0usin\u00e9s CNC<\/span><\/li>\n<li><strong><span dir=\"auto\">Quincaillerie :<\/span><\/strong><span dir=\"auto\">\u00a0Boulons et rondelles en acier inoxydable 304\/316<\/span><\/li>\n<\/ul>\n<p><strong><span dir=\"auto\">Qualit\u00e9 et inspection<\/span><\/strong><\/p>\n<ul>\n<li><span dir=\"auto\">V\u00e9rification dimensionnelle apr\u00e8s usinage CNC<\/span><\/li>\n<li><span dir=\"auto\">Inspection du filetage et de l&rsquo;ajustement<\/span><\/li>\n<li><span dir=\"auto\">Inspection visuelle de l&rsquo;int\u00e9grit\u00e9 de la pi\u00e8ce moul\u00e9e<\/span><\/li>\n<li><span dir=\"auto\">Emballage contr\u00f4l\u00e9 pour pr\u00e9venir les dommages li\u00e9s au transport<\/span><\/li>\n<\/ul>\n<p><strong><span dir=\"auto\">Notes<\/span><\/strong><\/p>\n<ul>\n<li><span dir=\"auto\">Les dimensions et les plages de conducteurs peuvent \u00eatre personnalis\u00e9es sur demande.<\/span><\/li>\n<li><span dir=\"auto\">Fils sp\u00e9ciaux, rev\u00eatements ou quantit\u00e9s d&#8217;emballage disponibles<\/span><\/li>\n<\/ul>\n<p><span dir=\"auto\">Les connecteurs \u00e0 \u00e9tau en aluminium sont destin\u00e9s\u00a0<\/span><strong><span dir=\"auto\">uniquement aux applications de mise \u00e0 la terre et de liaison<\/span><\/strong><span dir=\"auto\">\u00a0\u00e9quipotentielle, sauf indication contraire.<\/span><\/p>\n","protected":false},"excerpt":{"rendered":"<p>Connecteurs d&rsquo;\u00e9tau en aluminium et pinces d&rsquo;\u00e9tau en aluminium (Connecteurs d&rsquo;\u00e9tau en aluminium et pinces d&rsquo;\u00e9tau en aluminium) Get Quote In 24 Hours Description du produit Les connecteurs \u00e0 \u00e9tau en aluminium\u00a0sont des connecteurs m\u00e9caniques sans soudure con\u00e7us pour les applications de mise \u00e0 la terre et de liaison \u00e9quipotentielle. Ces connecteurs utilisent un m\u00e9canisme [&hellip;]<\/p>\n","protected":false},"author":1,"featured_media":0,"parent":0,"menu_order":0,"comment_status":"closed","ping_status":"closed","template":"","meta":{"_joinchat":[],"footnotes":""},"class_list":["post-8457","page","type-page","status-publish","hentry"],"_links":{"self":[{"href":"https:\/\/conex-casting.com\/fr\/wp-json\/wp\/v2\/pages\/8457","targetHints":{"allow":["GET"]}}],"collection":[{"href":"https:\/\/conex-casting.com\/fr\/wp-json\/wp\/v2\/pages"}],"about":[{"href":"https:\/\/conex-casting.com\/fr\/wp-json\/wp\/v2\/types\/page"}],"author":[{"embeddable":true,"href":"https:\/\/conex-casting.com\/fr\/wp-json\/wp\/v2\/users\/1"}],"replies":[{"embeddable":true,"href":"https:\/\/conex-casting.com\/fr\/wp-json\/wp\/v2\/comments?post=8457"}],"version-history":[{"count":2,"href":"https:\/\/conex-casting.com\/fr\/wp-json\/wp\/v2\/pages\/8457\/revisions"}],"predecessor-version":[{"id":8717,"href":"https:\/\/conex-casting.com\/fr\/wp-json\/wp\/v2\/pages\/8457\/revisions\/8717"}],"wp:attachment":[{"href":"https:\/\/conex-casting.com\/fr\/wp-json\/wp\/v2\/media?parent=8457"}],"curies":[{"name":"wp","href":"https:\/\/api.w.org\/{rel}","templated":true}]}}