{"id":5304,"date":"2021-03-15T08:14:19","date_gmt":"2021-03-15T08:14:19","guid":{"rendered":"http:\/\/conex-casting.com\/?page_id=5304"},"modified":"2021-10-23T08:40:14","modified_gmt":"2021-10-23T08:40:14","slug":"parti-di-stampaggio-a-conchiglia-in-ottone","status":"publish","type":"page","link":"https:\/\/conex-casting.com\/it\/parti-di-stampaggio-a-conchiglia-in-ottone\/","title":{"rendered":"Parti di stampaggio a conchiglia in ottone"},"content":{"rendered":"<p style=\"text-align: center;\"><span style=\"text-decoration: underline; color: #800000;\"><span style=\"font-size: 18pt;\"><strong>Parti di stampaggio a conchiglia in ottone<\/strong><\/span><\/span><\/p>\n<p style=\"text-align: center;\"><a class=\"maxbutton-1 maxbutton maxbutton-product-page-button open-popup-modal\"><span class=\"mb-text\">Richiedi un preventivo<\/span><\/a><\/p>\n<p style=\"text-align: justify;\">Abbiamo fuso vari pezzi stampati in conchiglia in ottone nella nostra fonderia in quanto \u00e8 un modo economico per realizzare fusioni complesse. La maggior parte di queste parti prodotte nella nostra fonderia di stampaggio in conchiglia richiedono una lavorazione minima e sono altamente efficienti in termini di costi.<\/p>\n<table style=\"border-collapse: collapse; width: 100%;\">\n<tbody>\n<tr>\n<td style=\"width: 50%;\"><img loading=\"lazy\" decoding=\"async\" class=\"aligncenter wp-image-5307\" title=\"Brass Shell Moulding Parts\" src=\"http:\/\/conex-casting.com\/wp-content\/uploads\/2020\/10\/Brass-Shell-Moulding-Parts-01.jpg\" alt=\"Brass Shell Moulding Parts\" width=\"250\" height=\"250\" srcset=\"https:\/\/conex-casting.com\/wp-content\/uploads\/2020\/10\/Brass-Shell-Moulding-Parts-01.jpg 300w, https:\/\/conex-casting.com\/wp-content\/uploads\/2020\/10\/Brass-Shell-Moulding-Parts-01-150x150.jpg 150w\" sizes=\"auto, (max-width: 250px) 100vw, 250px\" \/><\/td>\n<td style=\"width: 50%;\"><img loading=\"lazy\" decoding=\"async\" class=\"aligncenter wp-image-5308\" title=\"Brass Shell Moulding Parts\" src=\"http:\/\/conex-casting.com\/wp-content\/uploads\/2020\/10\/Brass-Shell-Moulding-Parts-02.jpg\" alt=\"Brass Shell Moulding Parts\" width=\"250\" height=\"250\" srcset=\"https:\/\/conex-casting.com\/wp-content\/uploads\/2020\/10\/Brass-Shell-Moulding-Parts-02.jpg 300w, https:\/\/conex-casting.com\/wp-content\/uploads\/2020\/10\/Brass-Shell-Moulding-Parts-02-150x150.jpg 150w\" sizes=\"auto, (max-width: 250px) 100vw, 250px\" \/><\/td>\n<\/tr>\n<\/tbody>\n<\/table>\n<p style=\"text-align: justify;\">La differenza fondamentale tra Shell Mold Casting e Sand Casting \u00e8 lo stampo. In Shell Mold Casting, lo stampo \u00e8 un guscio a parete sottile creato applicando una miscela di sabbia e uva passa attorno al motivo. Il modello \u00e8 un pezzo di metallo nella forma della parte da fondere. Il modello viene riutilizzato per formare pi\u00f9 stampi a conchiglia.<\/p>\n<p><strong>I vantaggi delle parti di stampaggio a conchiglia includono :<\/strong><\/p>\n<ul>\n<li>La finitura superficiale \u00e8 generalmente buona e costante, con conseguente riduzione dei requisiti e dei costi di lavorazione<\/li>\n<li>Shell Moulding Casting consente la produzione di parti complesse con tolleranza dimensionale di circa 0,2 mm<\/li>\n<li>I costi degli utensili sono relativamente bassi e sono richiesti tempi di consegna pi\u00f9 brevi<\/li>\n<\/ul>\n<p><strong>Tipiche parti in ottone per stampaggio a conchiglia :<\/strong><\/p>\n<ul>\n<li>Connettori e terminali elettrici in ottone<\/li>\n<li>Raccordi per manichette antincendio in ottone e raccordi per tubi flessibili<\/li>\n<li>Coni portanti e parti portanti in ottone<\/li>\n<li>Parti del motore<\/li>\n<li>Sanitari, rubinetteria, rubinetteria con anima<\/li>\n<li>Parti idrauliche e pneumatiche, flange e raccordi per tubi flessibili<\/li>\n<li>Raccordi marini in ottone e bronzo e rifornimenti nautici<\/li>\n<\/ul>\n<p><strong>Gradi di ottone utilizzati per lo stampaggio in conchiglia :<\/strong><\/p>\n<table style=\"width: 92.8503%;\" border=\"1\" width=\"50%\" cellspacing=\"0\" cellpadding=\"1\">\n<tbody>\n<tr>\n<th style=\"text-align: center; width: 10.3011%;\">Lega di rame No.<\/th>\n<th style=\"text-align: center; width: 6.81458%;\">Cu<\/th>\n<th style=\"text-align: center; width: 6.81458%;\">Zn<\/th>\n<th style=\"text-align: center; width: 5.54675%;\">Pb<\/th>\n<th style=\"text-align: center; width: 5.22979%;\">Sn<\/th>\n<th style=\"text-align: center; width: 5.07587%;\">Sb<\/th>\n<th style=\"text-align: center; width: 5.22903%;\">Ni<\/th>\n<th style=\"text-align: center; width: 4.11968%;\">Fe<\/th>\n<th style=\"text-align: center; width: 6.4946%;\">Al<\/th>\n<th style=\"text-align: center; width: 8.71632%;\">Mn<\/th>\n<th style=\"text-align: center; width: 5.39357%;\">As<\/th>\n<th style=\"text-align: center; width: 7.28472%;\">S<\/th>\n<th style=\"text-align: center; width: 5.23358%;\">P<\/th>\n<th style=\"text-align: center; width: 4.43361%;\">Si<\/th>\n<th style=\"text-align: center; width: 20.957%;\">Altri elementi denominati<\/th>\n<\/tr>\n<tr bgcolor=\"#eeeeee\">\n<td style=\"width: 10.3011%;\">C85200<\/td>\n<td style=\"width: 6.81458%; text-align: center;\">70.0-74.0<\/td>\n<td style=\"width: 6.81458%; text-align: center;\">20.0-27.0<\/td>\n<td style=\"width: 5.54675%; text-align: center;\">1.5-3.8<\/td>\n<td style=\"width: 5.22979%; text-align: center;\">.7-2.0<\/td>\n<td style=\"width: 5.07587%; text-align: center;\">.20<\/td>\n<td style=\"width: 5.22903%; text-align: center;\">1.0<\/td>\n<td style=\"width: 4.11968%; text-align: center;\">.6<\/td>\n<td style=\"width: 6.4946%; text-align: center;\">.005<\/td>\n<td style=\"width: 8.71632%; text-align: center;\">&#8211;<\/td>\n<td style=\"width: 5.39357%; text-align: center;\">&#8211;<\/td>\n<td style=\"width: 7.28472%; text-align: center;\">.05<\/td>\n<td style=\"width: 5.23358%; text-align: center;\">.02<\/td>\n<td style=\"width: 4.43361%; text-align: center;\">.05<\/td>\n<td style=\"width: 20.957%; text-align: center;\">&#8211;<\/td>\n<\/tr>\n<tr bgcolor=\"#d5d5d5\">\n<td style=\"width: 10.3011%;\">C85400<\/td>\n<td style=\"width: 6.81458%; text-align: center;\">65.0-70.0<\/td>\n<td style=\"width: 6.81458%; text-align: center;\">24.0-32.0<\/td>\n<td style=\"width: 5.54675%; text-align: center;\">1.5-3.8<\/td>\n<td style=\"width: 5.22979%; text-align: center;\">.50-1.5<\/td>\n<td style=\"width: 5.07587%; text-align: center;\">&#8211;<\/td>\n<td style=\"width: 5.22903%; text-align: center;\">1.0<\/td>\n<td style=\"width: 4.11968%; text-align: center;\">.7<\/td>\n<td style=\"width: 6.4946%; text-align: center;\">.35<\/td>\n<td style=\"width: 8.71632%; text-align: center;\">&#8211;<\/td>\n<td style=\"width: 5.39357%; text-align: center;\">&#8211;<\/td>\n<td style=\"width: 7.28472%; text-align: center;\">&#8211;<\/td>\n<td style=\"width: 5.23358%; text-align: center;\">&#8211;<\/td>\n<td style=\"width: 4.43361%; text-align: center;\">.05<\/td>\n<td style=\"width: 20.957%; text-align: center;\">&#8211;<\/td>\n<\/tr>\n<tr bgcolor=\"#eeeeee\">\n<td style=\"width: 10.3011%;\">C85450<\/td>\n<td style=\"width: 6.81458%; text-align: center;\">60.0-64.0<\/td>\n<td style=\"width: 6.81458%; text-align: center;\">Rem.<\/td>\n<td style=\"width: 5.54675%; text-align: center;\">.09<\/td>\n<td style=\"width: 5.22979%; text-align: center;\">.50-1.5<\/td>\n<td style=\"width: 5.07587%; text-align: center;\">&#8211;<\/td>\n<td style=\"width: 5.22903%; text-align: center;\">1.0<\/td>\n<td style=\"width: 4.11968%; text-align: center;\">.30-1.0<\/td>\n<td style=\"width: 6.4946%; text-align: center;\">1.0<\/td>\n<td style=\"width: 8.71632%; text-align: center;\">.6<\/td>\n<td style=\"width: 5.39357%; text-align: center;\">&#8211;<\/td>\n<td style=\"width: 7.28472%; text-align: center;\">&#8211;<\/td>\n<td style=\"width: 5.23358%; text-align: center;\">&#8211;<\/td>\n<td style=\"width: 4.43361%; text-align: center;\">&#8211;<\/td>\n<td style=\"width: 20.957%; text-align: center;\">&#8211;<\/td>\n<\/tr>\n<tr bgcolor=\"#d5d5d5\">\n<td style=\"width: 10.3011%;\">C85500<\/td>\n<td style=\"width: 6.81458%; text-align: center;\">59.0-63.0<\/td>\n<td style=\"width: 6.81458%; text-align: center;\">Rem.<\/td>\n<td style=\"width: 5.54675%; text-align: center;\">.20<\/td>\n<td style=\"width: 5.22979%; text-align: center;\">.20<\/td>\n<td style=\"width: 5.07587%; text-align: center;\">&#8211;<\/td>\n<td style=\"width: 5.22903%; text-align: center;\">.20<\/td>\n<td style=\"width: 4.11968%; text-align: center;\">.20<\/td>\n<td style=\"width: 6.4946%; text-align: center;\">&#8211;<\/td>\n<td style=\"width: 8.71632%; text-align: center;\">.20<\/td>\n<td style=\"width: 5.39357%; text-align: center;\">&#8211;<\/td>\n<td style=\"width: 7.28472%; text-align: center;\">&#8211;<\/td>\n<td style=\"width: 5.23358%; text-align: center;\">&#8211;<\/td>\n<td style=\"width: 4.43361%; text-align: center;\">&#8211;<\/td>\n<td style=\"width: 20.957%; text-align: center;\">&#8211;<\/td>\n<\/tr>\n<tr bgcolor=\"#eeeeee\">\n<td style=\"width: 10.3011%;\">C85550<\/td>\n<td style=\"width: 6.81458%; text-align: center;\">59.0-64.0<\/td>\n<td style=\"width: 6.81458%; text-align: center;\">Rem.<\/td>\n<td style=\"width: 5.54675%; text-align: center;\">.09<\/td>\n<td style=\"width: 5.22979%; text-align: center;\">.30<\/td>\n<td style=\"width: 5.07587%; text-align: center;\">&#8211;<\/td>\n<td style=\"width: 5.22903%; text-align: center;\">.20<\/td>\n<td style=\"width: 4.11968%; text-align: center;\">.15<\/td>\n<td style=\"width: 6.4946%; text-align: center;\">.30<\/td>\n<td style=\"width: 8.71632%; text-align: center;\">&#8211;<\/td>\n<td style=\"width: 5.39357%; text-align: center;\">&#8211;<\/td>\n<td style=\"width: 7.28472%; text-align: center;\">&#8211;<\/td>\n<td style=\"width: 5.23358%; text-align: center;\">&#8211;<\/td>\n<td style=\"width: 4.43361%; text-align: center;\">.30-1.0<\/td>\n<td style=\"width: 20.957%; text-align: center;\">&#8211;<\/td>\n<\/tr>\n<tr bgcolor=\"#d5d5d5\">\n<td style=\"width: 10.3011%;\">C85700<\/td>\n<td style=\"width: 6.81458%; text-align: center;\">58.0-64.0<\/td>\n<td style=\"width: 6.81458%; text-align: center;\">32.0-40.0<\/td>\n<td style=\"width: 5.54675%; text-align: center;\">.8-1.5<\/td>\n<td style=\"width: 5.22979%; text-align: center;\">.50-1.5<\/td>\n<td style=\"width: 5.07587%; text-align: center;\">&#8211;<\/td>\n<td style=\"width: 5.22903%; text-align: center;\">1.0<\/td>\n<td style=\"width: 4.11968%; text-align: center;\">.7<\/td>\n<td style=\"width: 6.4946%; text-align: center;\">.8<\/td>\n<td style=\"width: 8.71632%; text-align: center;\">&#8211;<\/td>\n<td style=\"width: 5.39357%; text-align: center;\">&#8211;<\/td>\n<td style=\"width: 7.28472%; text-align: center;\">&#8211;<\/td>\n<td style=\"width: 5.23358%; text-align: center;\">&#8211;<\/td>\n<td style=\"width: 4.43361%; text-align: center;\">.05<\/td>\n<td style=\"width: 20.957%; text-align: center;\">&#8211;<\/td>\n<\/tr>\n<tr bgcolor=\"#eeeeee\">\n<td style=\"width: 10.3011%;\">C85800<\/td>\n<td style=\"width: 6.81458%; text-align: center;\">57.0 min<\/td>\n<td style=\"width: 6.81458%; text-align: center;\">31.0-41.0<\/td>\n<td style=\"width: 5.54675%; text-align: center;\">1.5<\/td>\n<td style=\"width: 5.22979%; text-align: center;\">1.5<\/td>\n<td style=\"width: 5.07587%; text-align: center;\">.05<\/td>\n<td style=\"width: 5.22903%; text-align: center;\">.50<\/td>\n<td style=\"width: 4.11968%; text-align: center;\">.50<\/td>\n<td style=\"width: 6.4946%; text-align: center;\">.55<\/td>\n<td style=\"width: 8.71632%; text-align: center;\">.25<\/td>\n<td style=\"width: 5.39357%; text-align: center;\">.05<\/td>\n<td style=\"width: 7.28472%; text-align: center;\">.05<\/td>\n<td style=\"width: 5.23358%; text-align: center;\">.01<\/td>\n<td style=\"width: 4.43361%; text-align: center;\">.25<\/td>\n<td style=\"width: 20.957%; text-align: center;\">&#8211;<\/td>\n<\/tr>\n<tr bgcolor=\"#d5d5d5\">\n<td style=\"width: 10.3011%;\">C85900<\/td>\n<td style=\"width: 6.81458%; text-align: center;\">58.0-62.0<\/td>\n<td style=\"width: 6.81458%; text-align: center;\">31.0-41.0<\/td>\n<td style=\"width: 5.54675%; text-align: center;\">.09<\/td>\n<td style=\"width: 5.22979%; text-align: center;\">1.5<\/td>\n<td style=\"width: 5.07587%; text-align: center;\">.20<\/td>\n<td style=\"width: 5.22903%; text-align: center;\">1.5<\/td>\n<td style=\"width: 4.11968%; text-align: center;\">.50<\/td>\n<td style=\"width: 6.4946%; text-align: center;\">.10- .6<\/td>\n<td style=\"width: 8.71632%; text-align: center;\">.01<\/td>\n<td style=\"width: 5.39357%; text-align: center;\">&#8211;<\/td>\n<td style=\"width: 7.28472%; text-align: center;\">.10- .65<\/td>\n<td style=\"width: 5.23358%; text-align: center;\">.01<\/td>\n<td style=\"width: 4.43361%; text-align: center;\">.25<\/td>\n<td style=\"width: 20.957%; text-align: center;\">.20B .20Zr<\/td>\n<\/tr>\n<tr bgcolor=\"#eeeeee\">\n<td style=\"width: 10.3011%;\">C85910<\/td>\n<td style=\"width: 6.81458%; text-align: center;\">58.0-62.0<\/td>\n<td style=\"width: 6.81458%; text-align: center;\">31.0-41.0<\/td>\n<td style=\"width: 5.54675%; text-align: center;\">.09<\/td>\n<td style=\"width: 5.22979%; text-align: center;\">1.5<\/td>\n<td style=\"width: 5.07587%; text-align: center;\">.20<\/td>\n<td style=\"width: 5.22903%; text-align: center;\">1.5<\/td>\n<td style=\"width: 4.11968%; text-align: center;\">.50<\/td>\n<td style=\"width: 6.4946%; text-align: center;\">.10- .6<\/td>\n<td style=\"width: 8.71632%; text-align: center;\">.01- .20<\/td>\n<td style=\"width: 5.39357%; text-align: center;\">&#8211;<\/td>\n<td style=\"width: 7.28472%; text-align: center;\">.10- .65<\/td>\n<td style=\"width: 5.23358%; text-align: center;\">.01<\/td>\n<td style=\"width: 4.43361%; text-align: center;\">.25<\/td>\n<td style=\"width: 20.957%; text-align: center;\">.20B .20Zr<\/td>\n<\/tr>\n<tr bgcolor=\"#d5d5d5\">\n<td style=\"width: 10.3011%;\">C85920<\/td>\n<td style=\"width: 6.81458%; text-align: center;\">58.0-62.0<\/td>\n<td style=\"width: 6.81458%; text-align: center;\">31.0-41.0<\/td>\n<td style=\"width: 5.54675%; text-align: center;\">.09<\/td>\n<td style=\"width: 5.22979%; text-align: center;\">1.5<\/td>\n<td style=\"width: 5.07587%; text-align: center;\">.20<\/td>\n<td style=\"width: 5.22903%; text-align: center;\">1.5<\/td>\n<td style=\"width: 4.11968%; text-align: center;\">.50<\/td>\n<td style=\"width: 6.4946%; text-align: center;\">.10- .6<\/td>\n<td style=\"width: 8.71632%; text-align: center;\">.20<\/td>\n<td style=\"width: 5.39357%; text-align: center;\">&#8211;<\/td>\n<td style=\"width: 7.28472%; text-align: center;\">.1<\/td>\n<td style=\"width: 5.23358%; text-align: center;\">.01<\/td>\n<td style=\"width: 4.43361%; text-align: center;\">.25<\/td>\n<td style=\"width: 20.957%; text-align: center;\">.20B .10C .30Ti .20Zr<\/td>\n<\/tr>\n<tr bgcolor=\"#eeeeee\">\n<td style=\"width: 10.3011%;\">C85930<\/td>\n<td style=\"width: 6.81458%; text-align: center;\">58.0-62.0<\/td>\n<td style=\"width: 6.81458%; text-align: center;\">31.0-41.0<\/td>\n<td style=\"width: 5.54675%; text-align: center;\">.09<\/td>\n<td style=\"width: 5.22979%; text-align: center;\">1.5<\/td>\n<td style=\"width: 5.07587%; text-align: center;\">.10-1.5<\/td>\n<td style=\"width: 5.22903%; text-align: center;\">1.5<\/td>\n<td style=\"width: 4.11968%; text-align: center;\">.50<\/td>\n<td style=\"width: 6.4946%; text-align: center;\">.10- .6<\/td>\n<td style=\"width: 8.71632%; text-align: center;\">.20<\/td>\n<td style=\"width: 5.39357%; text-align: center;\">&#8211;<\/td>\n<td style=\"width: 7.28472%; text-align: center;\">.10- .65<\/td>\n<td style=\"width: 5.23358%; text-align: center;\">.01<\/td>\n<td style=\"width: 4.43361%; text-align: center;\">.25<\/td>\n<td style=\"width: 20.957%; text-align: center;\">.20B .10C .30Ti .20Zr<\/td>\n<\/tr>\n<\/tbody>\n<\/table>\n<p>&nbsp;<\/p>\n","protected":false},"excerpt":{"rendered":"<p>Parti di stampaggio a conchiglia in ottone Richiedi un preventivo Abbiamo fuso vari pezzi stampati in conchiglia in ottone nella nostra fonderia in quanto \u00e8 un modo economico per realizzare fusioni complesse. La maggior parte di queste parti prodotte nella nostra fonderia di stampaggio in conchiglia richiedono una lavorazione minima e sono altamente efficienti in [&hellip;]<\/p>\n","protected":false},"author":1,"featured_media":0,"parent":0,"menu_order":0,"comment_status":"closed","ping_status":"closed","template":"","meta":{"_joinchat":[],"footnotes":""},"class_list":["post-5304","page","type-page","status-publish","hentry"],"_links":{"self":[{"href":"https:\/\/conex-casting.com\/it\/wp-json\/wp\/v2\/pages\/5304","targetHints":{"allow":["GET"]}}],"collection":[{"href":"https:\/\/conex-casting.com\/it\/wp-json\/wp\/v2\/pages"}],"about":[{"href":"https:\/\/conex-casting.com\/it\/wp-json\/wp\/v2\/types\/page"}],"author":[{"embeddable":true,"href":"https:\/\/conex-casting.com\/it\/wp-json\/wp\/v2\/users\/1"}],"replies":[{"embeddable":true,"href":"https:\/\/conex-casting.com\/it\/wp-json\/wp\/v2\/comments?post=5304"}],"version-history":[{"count":3,"href":"https:\/\/conex-casting.com\/it\/wp-json\/wp\/v2\/pages\/5304\/revisions"}],"predecessor-version":[{"id":6306,"href":"https:\/\/conex-casting.com\/it\/wp-json\/wp\/v2\/pages\/5304\/revisions\/6306"}],"wp:attachment":[{"href":"https:\/\/conex-casting.com\/it\/wp-json\/wp\/v2\/media?parent=5304"}],"curies":[{"name":"wp","href":"https:\/\/api.w.org\/{rel}","templated":true}]}}