{"id":5309,"date":"2021-03-15T08:24:12","date_gmt":"2021-03-15T08:24:12","guid":{"rendered":"http:\/\/conex-casting.com\/?page_id=5309"},"modified":"2021-10-23T08:35:39","modified_gmt":"2021-10-23T08:35:39","slug":"boccole-in-bronzo","status":"publish","type":"page","link":"https:\/\/conex-casting.com\/it\/boccole-in-bronzo\/","title":{"rendered":"Boccole in bronzo"},"content":{"rendered":"<p style=\"text-align: center;\"><span style=\"text-decoration: underline; color: #800000;\"><span style=\"font-size: 18pt;\"><strong>Boccole in bronzo<\/strong><\/span><\/span><\/p>\n<p style=\"text-align: center;\"><a class=\"maxbutton-1 maxbutton maxbutton-product-page-button open-popup-modal\"><span class=\"mb-text\">Richiedi un preventivo<\/span><\/a><\/p>\n<p style=\"text-align: justify;\">Le boccole in bronzo sono principalmente una parte cilindrica cava simile a tubi sottili che funge da supporto per mandrino. Le boccole in bronzo vengono utilizzate per ridurre l&#8217;attrito tra due superfici facendo scorrere l&#8217;una contro l&#8217;altra.<\/p>\n<p style=\"text-align: justify;\">Le boccole in bronzo fuso sono molto pi\u00f9 forti, pi\u00f9 durevoli e pi\u00f9 resistenti alle forze di compressione, rendendole ideali per essere utilizzate in applicazioni industriali ad alto carico, bassa velocit\u00e0 e pesanti come :<\/p>\n<ul>\n<li>Sistemi di sospensione e freni per autocarri<\/li>\n<li>Motori della Terra<\/li>\n<li>Trattrici<\/li>\n<li>Frantoi rotanti<\/li>\n<\/ul>\n<p style=\"text-align: justify;\">Le boccole in bronzo possono essere piane, scanalate o flangiate. La flangia \u00e8 progettata per facilitare il montaggio e il posizionamento della boccola in bronzo.<\/p>\n<p style=\"text-align: justify;\">Le boccole in bronzo da noi prodotte sono realizzate in bronzo al manganese C86300, bronzo stagno al piombo C93200 e bronzo alluminio C95400.<\/p>\n<p style=\"text-align: justify;\">Le boccole in bronzo possono essere prodotte in varie dimensioni dove il diametro interno varia da 0,2362 &#8220;[6 mm] a 3,937&#8221; [100 mm] e la lunghezza varia da 0,2362 &#8220;[6 mm] a 4,7244&#8221; [120 mm].<\/p>\n<p><strong>I vantaggi delle boccole in bronzo sono :<\/strong><\/p>\n<ul>\n<li>Resistono efficacemente a urti, urti, usura e corrosione.<\/li>\n<li>Possono essere utilizzati ad alte temperature senza subire danni<\/li>\n<\/ul>\n<p>&nbsp;<\/p>\n<table style=\"border-collapse: collapse; width: 100%;\" border=\"0\">\n<tbody>\n<tr>\n<td style=\"width: 50%;\"><img loading=\"lazy\" decoding=\"async\" class=\"aligncenter wp-image-5312 size-full\" title=\"Bronze Bushings\" src=\"http:\/\/conex-casting.com\/wp-content\/uploads\/2019\/02\/Bronze-Bushings-001.jpg\" alt=\"Bronze Bushings\" width=\"300\" height=\"300\" srcset=\"https:\/\/conex-casting.com\/wp-content\/uploads\/2019\/02\/Bronze-Bushings-001.jpg 300w, https:\/\/conex-casting.com\/wp-content\/uploads\/2019\/02\/Bronze-Bushings-001-150x150.jpg 150w\" sizes=\"auto, (max-width: 300px) 100vw, 300px\" \/><\/td>\n<td style=\"width: 50%;\"><img loading=\"lazy\" decoding=\"async\" class=\"aligncenter wp-image-5313 size-full\" title=\"Bronze Bushings\" src=\"http:\/\/conex-casting.com\/wp-content\/uploads\/2019\/02\/Bronze-Bushings-002.jpg\" alt=\"Bronze Bushings\" width=\"300\" height=\"300\" srcset=\"https:\/\/conex-casting.com\/wp-content\/uploads\/2019\/02\/Bronze-Bushings-002.jpg 300w, https:\/\/conex-casting.com\/wp-content\/uploads\/2019\/02\/Bronze-Bushings-002-150x150.jpg 150w\" sizes=\"auto, (max-width: 300px) 100vw, 300px\" \/><\/td>\n<\/tr>\n<\/tbody>\n<\/table>\n","protected":false},"excerpt":{"rendered":"<p>Boccole in bronzo Richiedi un preventivo Le boccole in bronzo sono principalmente una parte cilindrica cava simile a tubi sottili che funge da supporto per mandrino. Le boccole in bronzo vengono utilizzate per ridurre l&#8217;attrito tra due superfici facendo scorrere l&#8217;una contro l&#8217;altra. Le boccole in bronzo fuso sono molto pi\u00f9 forti, pi\u00f9 durevoli e [&hellip;]<\/p>\n","protected":false},"author":1,"featured_media":0,"parent":0,"menu_order":0,"comment_status":"closed","ping_status":"closed","template":"","meta":{"_joinchat":[],"footnotes":""},"class_list":["post-5309","page","type-page","status-publish","hentry"],"_links":{"self":[{"href":"https:\/\/conex-casting.com\/it\/wp-json\/wp\/v2\/pages\/5309","targetHints":{"allow":["GET"]}}],"collection":[{"href":"https:\/\/conex-casting.com\/it\/wp-json\/wp\/v2\/pages"}],"about":[{"href":"https:\/\/conex-casting.com\/it\/wp-json\/wp\/v2\/types\/page"}],"author":[{"embeddable":true,"href":"https:\/\/conex-casting.com\/it\/wp-json\/wp\/v2\/users\/1"}],"replies":[{"embeddable":true,"href":"https:\/\/conex-casting.com\/it\/wp-json\/wp\/v2\/comments?post=5309"}],"version-history":[{"count":3,"href":"https:\/\/conex-casting.com\/it\/wp-json\/wp\/v2\/pages\/5309\/revisions"}],"predecessor-version":[{"id":6283,"href":"https:\/\/conex-casting.com\/it\/wp-json\/wp\/v2\/pages\/5309\/revisions\/6283"}],"wp:attachment":[{"href":"https:\/\/conex-casting.com\/it\/wp-json\/wp\/v2\/media?parent=5309"}],"curies":[{"name":"wp","href":"https:\/\/api.w.org\/{rel}","templated":true}]}}