{"id":5653,"date":"2021-03-28T19:48:13","date_gmt":"2021-03-28T19:48:13","guid":{"rendered":"http:\/\/conex-casting.com\/?page_id=5653"},"modified":"2021-10-23T08:32:10","modified_gmt":"2021-10-23T08:32:10","slug":"pressofusione-a-gravita","status":"publish","type":"page","link":"https:\/\/conex-casting.com\/it\/pressofusione-a-gravita\/","title":{"rendered":"Pressofusione a gravit\u00e0"},"content":{"rendered":"<p style=\"text-align: center;\"><strong><span style=\"text-decoration: underline; color: #800000;\"><span style=\"font-size: 18pt;\">Pressofusione a gravit\u00e0<\/span><\/span><\/strong><\/p>\n<p style=\"text-align: center;\"><a class=\"maxbutton-1 maxbutton maxbutton-product-page-button open-popup-modal\"><span class=\"mb-text\">Richiedi un preventivo<\/span><\/a><\/p>\n<p style=\"text-align: justify;\">Stiamo producendo ed esportando una vasta gamma di pressofusione, pressofusione a gravit\u00e0. Produciamo questi getti sotto la supervisione dei nostri professionisti ben addestrati e macchinari avanzati. I nostri prodotti Gravity Die Casting sono ben noti per la loro affidabilit\u00e0, esistenza prolungata e durata.<\/p>\n<p style=\"text-align: justify;\">La nostra gamma \u00e8 prodotta utilizzando tecnologie e macchinari altamente sofisticati per soddisfare gli standard internazionali di qualit\u00e0. \u00c8 comune nelle industrie, che richiedono una fusione di buona durata e un&#8217;eccellente resistenza alla trazione.<\/p>\n<p style=\"text-align: justify;\">\u00c8 utilizzato nelle industrie pesanti e su larga scala. \u00c8 una richiesta immediata nel mercato delle materie prime.<\/p>\n<p><strong>Materiale : Alluminio, Ottone, Zinco.<\/strong><\/p>\n<table style=\"border-collapse: collapse; width: 100%;\" border=\"0\">\n<tbody>\n<tr>\n<td style=\"width: 33.3333%;\"><img loading=\"lazy\" decoding=\"async\" class=\"aligncenter wp-image-5656 size-full\" title=\"Pressofusione a gravit\u00e0\" src=\"http:\/\/conex-casting.com\/wp-content\/uploads\/2019\/03\/Gravity-Die-Casting-01.jpg\" alt=\"Pressofusione a gravit\u00e0\" width=\"250\" height=\"250\" srcset=\"https:\/\/conex-casting.com\/wp-content\/uploads\/2019\/03\/Gravity-Die-Casting-01.jpg 250w, https:\/\/conex-casting.com\/wp-content\/uploads\/2019\/03\/Gravity-Die-Casting-01-150x150.jpg 150w\" sizes=\"auto, (max-width: 250px) 100vw, 250px\" \/><\/td>\n<td style=\"width: 33.3333%;\"><img loading=\"lazy\" decoding=\"async\" class=\"aligncenter wp-image-5657 size-full\" title=\"Pressofusione a gravit\u00e0\" src=\"http:\/\/conex-casting.com\/wp-content\/uploads\/2019\/03\/Gravity-Die-Casting-02.jpg\" alt=\"Pressofusione a gravit\u00e0\" width=\"250\" height=\"250\" srcset=\"https:\/\/conex-casting.com\/wp-content\/uploads\/2019\/03\/Gravity-Die-Casting-02.jpg 250w, https:\/\/conex-casting.com\/wp-content\/uploads\/2019\/03\/Gravity-Die-Casting-02-150x150.jpg 150w\" sizes=\"auto, (max-width: 250px) 100vw, 250px\" \/><\/td>\n<td style=\"width: 33.3333%;\"><img loading=\"lazy\" decoding=\"async\" class=\"aligncenter wp-image-5658 size-full\" title=\"Pressofusione a gravit\u00e0\" src=\"http:\/\/conex-casting.com\/wp-content\/uploads\/2019\/03\/Gravity-Die-Casting-03.jpg\" alt=\"Pressofusione a gravit\u00e0\" width=\"250\" height=\"250\" srcset=\"https:\/\/conex-casting.com\/wp-content\/uploads\/2019\/03\/Gravity-Die-Casting-03.jpg 250w, https:\/\/conex-casting.com\/wp-content\/uploads\/2019\/03\/Gravity-Die-Casting-03-150x150.jpg 150w\" sizes=\"auto, (max-width: 250px) 100vw, 250px\" \/><\/td>\n<\/tr>\n<\/tbody>\n<\/table>\n","protected":false},"excerpt":{"rendered":"<p>Pressofusione a gravit\u00e0 Richiedi un preventivo Stiamo producendo ed esportando una vasta gamma di pressofusione, pressofusione a gravit\u00e0. Produciamo questi getti sotto la supervisione dei nostri professionisti ben addestrati e macchinari avanzati. I nostri prodotti Gravity Die Casting sono ben noti per la loro affidabilit\u00e0, esistenza prolungata e durata. La nostra gamma \u00e8 prodotta utilizzando [&hellip;]<\/p>\n","protected":false},"author":1,"featured_media":0,"parent":0,"menu_order":0,"comment_status":"closed","ping_status":"closed","template":"","meta":{"_joinchat":[],"footnotes":""},"class_list":["post-5653","page","type-page","status-publish","hentry"],"_links":{"self":[{"href":"https:\/\/conex-casting.com\/it\/wp-json\/wp\/v2\/pages\/5653","targetHints":{"allow":["GET"]}}],"collection":[{"href":"https:\/\/conex-casting.com\/it\/wp-json\/wp\/v2\/pages"}],"about":[{"href":"https:\/\/conex-casting.com\/it\/wp-json\/wp\/v2\/types\/page"}],"author":[{"embeddable":true,"href":"https:\/\/conex-casting.com\/it\/wp-json\/wp\/v2\/users\/1"}],"replies":[{"embeddable":true,"href":"https:\/\/conex-casting.com\/it\/wp-json\/wp\/v2\/comments?post=5653"}],"version-history":[{"count":4,"href":"https:\/\/conex-casting.com\/it\/wp-json\/wp\/v2\/pages\/5653\/revisions"}],"predecessor-version":[{"id":6268,"href":"https:\/\/conex-casting.com\/it\/wp-json\/wp\/v2\/pages\/5653\/revisions\/6268"}],"wp:attachment":[{"href":"https:\/\/conex-casting.com\/it\/wp-json\/wp\/v2\/media?parent=5653"}],"curies":[{"name":"wp","href":"https:\/\/api.w.org\/{rel}","templated":true}]}}