{"id":5677,"date":"2021-03-29T19:38:14","date_gmt":"2021-03-29T19:38:14","guid":{"rendered":"http:\/\/conex-casting.com\/?page_id=5677"},"modified":"2021-10-23T08:32:17","modified_gmt":"2021-10-23T08:32:17","slug":"colata-di-investimento","status":"publish","type":"page","link":"https:\/\/conex-casting.com\/it\/colata-di-investimento\/","title":{"rendered":"Colata di investimento"},"content":{"rendered":"<p style=\"text-align: center;\"><span style=\"text-decoration: underline;\"><span style=\"font-size: 18pt;\"><strong><span style=\"color: #800000; text-decoration: underline;\">Colata di investimento<\/span><\/strong><\/span><\/span><\/p>\n<p style=\"text-align: center;\"><a class=\"maxbutton-1 maxbutton maxbutton-product-page-button open-popup-modal\"><span class=\"mb-text\">Richiedi un preventivo<\/span><\/a><\/p>\n<p style=\"text-align: justify;\"><b>Microfusione<\/b> \u00e8 un processo industriale basato sulla fusione a cera persa, una delle pi\u00f9 antiche tecniche di formatura dei metalli conosciute. Il termine &#8220;fusione a cera persa&#8221; pu\u00f2 anche riferirsi ai moderni processi di microfusione.<\/p>\n<p style=\"text-align: justify;\">La microfusione \u00e8 stata utilizzata in varie forme negli ultimi 5.000 anni. Nelle sue prime forme, la cera d&#8217;api veniva utilizzata per formare i modelli necessari per il processo di fusione. Oggi, per la realizzazione di modelli vengono generalmente utilizzate cere pi\u00f9 avanzate, materiali refrattari e leghe speciali. La microfusione \u00e8 apprezzata per la sua capacit\u00e0 di produrre componenti con precisione, ripetibilit\u00e0, versatilit\u00e0 e integrit\u00e0 in una variet\u00e0 di metalli e leghe ad alte prestazioni.<\/p>\n<p><strong>Vantaggi :<\/strong><\/p>\n<ul>\n<li>Ottima finitura superficiale<\/li>\n<li>Elevata precisione dimensionale<\/li>\n<li>Le parti estremamente complesse sono calcinabili<\/li>\n<li>Quasi tutti i metalli possono essere lanciati<\/li>\n<li>Nessun bagliore o linee di separazione<\/li>\n<\/ul>\n<table style=\"border-collapse: collapse; width: 100%;\" border=\"0\">\n<tbody>\n<tr>\n<td style=\"width: 33.3333%;\">\n<figure id=\"attachment_1539\" aria-describedby=\"caption-attachment-1539\" style=\"width: 230px\" class=\"wp-caption aligncenter\"><a href=\"https:\/\/conex-casting.com\/it\/fusione-in-acciaio-inossidabile\/\"><img loading=\"lazy\" decoding=\"async\" class=\"wp-image-1539\" title=\"Fusione in acciaio inossidabile\" src=\"http:\/\/conex-casting.com\/wp-content\/uploads\/2019\/02\/Stainless-Steel-Investment-Casting-02.jpg\" alt=\"Fusione in acciaio inossidabile\" width=\"230\" height=\"230\" srcset=\"https:\/\/conex-casting.com\/wp-content\/uploads\/2019\/02\/Stainless-Steel-Investment-Casting-02.jpg 250w, https:\/\/conex-casting.com\/wp-content\/uploads\/2019\/02\/Stainless-Steel-Investment-Casting-02-150x150.jpg 150w\" sizes=\"auto, (max-width: 230px) 100vw, 230px\" \/><\/a><figcaption id=\"caption-attachment-1539\" class=\"wp-caption-text\"><span style=\"text-decoration: underline;\"><strong><a href=\"https:\/\/conex-casting.com\/it\/fusione-in-acciaio-inossidabile\/\">Fusione in acciaio inossidabile<\/a><\/strong><\/span><\/figcaption><\/figure>\n<\/td>\n<td style=\"width: 33.3333%;\">\n<figure id=\"attachment_1528\" aria-describedby=\"caption-attachment-1528\" style=\"width: 230px\" class=\"wp-caption aligncenter\"><a href=\"https:\/\/conex-casting.com\/it\/fusione-di-investimento-in-ottone\/\"><img loading=\"lazy\" decoding=\"async\" class=\"wp-image-5301\" title=\"Investimento in ottone\" src=\"http:\/\/conex-casting.com\/wp-content\/uploads\/2019\/02\/Brass-Investment-Casting-01-1.jpg\" alt=\"fusione a cera persa in bronzo\" width=\"230\" height=\"230\" srcset=\"https:\/\/conex-casting.com\/wp-content\/uploads\/2019\/02\/Brass-Investment-Casting-01-1.jpg 250w, https:\/\/conex-casting.com\/wp-content\/uploads\/2019\/02\/Brass-Investment-Casting-01-1-150x150.jpg 150w\" sizes=\"auto, (max-width: 230px) 100vw, 230px\" \/><\/a><figcaption id=\"caption-attachment-1528\" class=\"wp-caption-text\"><a href=\"https:\/\/conex-casting.com\/it\/fusione-di-investimento-in-ottone\/\"><strong><span style=\"text-decoration: underline;\">Investimento in ottone<br>Casting<\/span><\/strong><\/a><\/figcaption><\/figure>\n<\/td>\n<td style=\"width: 33.3333%;\">\n<figure id=\"attachment_1313\" aria-describedby=\"caption-attachment-1313\" style=\"width: 230px\" class=\"wp-caption aligncenter\"><a href=\"https:\/\/conex-casting.com\/it\/fusione-in-bronzo-2\/\"><img loading=\"lazy\" decoding=\"async\" class=\"wp-image-5317\" title=\"Investimento in bronzo Casting\" src=\"http:\/\/conex-casting.com\/wp-content\/uploads\/2019\/02\/bronze-casting-01.jpg\" alt=\"Investimento in bronzo Casting\" width=\"230\" height=\"230\" srcset=\"https:\/\/conex-casting.com\/wp-content\/uploads\/2019\/02\/bronze-casting-01.jpg 250w, https:\/\/conex-casting.com\/wp-content\/uploads\/2019\/02\/bronze-casting-01-150x150.jpg 150w\" sizes=\"auto, (max-width: 230px) 100vw, 230px\" \/><\/a><figcaption id=\"caption-attachment-1313\" class=\"wp-caption-text\"><span style=\"text-decoration: underline;\"><a href=\"https:\/\/conex-casting.com\/it\/fusione-in-bronzo-2\/\"><strong>Investimento in bronzo <br>Casting<\/strong><\/a><\/span><\/figcaption><\/figure>\n<\/td>\n<\/tr>\n<tr>\n<td style=\"width: 33.3333%;\">&nbsp;<\/td>\n<\/tr>\n<\/tbody>\n<\/table>\n<p>&nbsp;<\/p>\n\n","protected":false},"excerpt":{"rendered":"<p>Colata di investimento Richiedi un preventivo Microfusione \u00e8 un processo industriale basato sulla fusione a cera persa, una delle pi\u00f9 antiche tecniche di formatura dei metalli conosciute. Il termine &#8220;fusione a cera persa&#8221; pu\u00f2 anche riferirsi ai moderni processi di microfusione. La microfusione \u00e8 stata utilizzata in varie forme negli ultimi 5.000 anni. Nelle sue [&hellip;]<\/p>\n","protected":false},"author":1,"featured_media":0,"parent":0,"menu_order":0,"comment_status":"closed","ping_status":"closed","template":"","meta":{"_joinchat":[],"footnotes":""},"class_list":["post-5677","page","type-page","status-publish","hentry"],"_links":{"self":[{"href":"https:\/\/conex-casting.com\/it\/wp-json\/wp\/v2\/pages\/5677","targetHints":{"allow":["GET"]}}],"collection":[{"href":"https:\/\/conex-casting.com\/it\/wp-json\/wp\/v2\/pages"}],"about":[{"href":"https:\/\/conex-casting.com\/it\/wp-json\/wp\/v2\/types\/page"}],"author":[{"embeddable":true,"href":"https:\/\/conex-casting.com\/it\/wp-json\/wp\/v2\/users\/1"}],"replies":[{"embeddable":true,"href":"https:\/\/conex-casting.com\/it\/wp-json\/wp\/v2\/comments?post=5677"}],"version-history":[{"count":6,"href":"https:\/\/conex-casting.com\/it\/wp-json\/wp\/v2\/pages\/5677\/revisions"}],"predecessor-version":[{"id":6269,"href":"https:\/\/conex-casting.com\/it\/wp-json\/wp\/v2\/pages\/5677\/revisions\/6269"}],"wp:attachment":[{"href":"https:\/\/conex-casting.com\/it\/wp-json\/wp\/v2\/media?parent=5677"}],"curies":[{"name":"wp","href":"https:\/\/api.w.org\/{rel}","templated":true}]}}