{"id":5697,"date":"2021-03-29T19:55:56","date_gmt":"2021-03-29T19:55:56","guid":{"rendered":"https:\/\/conex-casting.com\/politica-sulla-riservatezza\/"},"modified":"2021-03-29T19:55:56","modified_gmt":"2021-03-29T19:55:56","slug":"politica-sulla-riservatezza","status":"publish","type":"page","link":"https:\/\/conex-casting.com\/it\/politica-sulla-riservatezza\/","title":{"rendered":"politica sulla riservatezza"},"content":{"rendered":"<p style=\"text-align: justify;\"><span style=\"text-decoration: underline; color: #800000;\"><span style=\"font-size: 18pt;\"><strong>politica sulla riservatezza<\/strong><\/span><\/span><\/p>\n<p style=\"text-align: justify;\"><span style=\"text-decoration: underline;\"><span style=\"color: #800000; text-decoration: underline;\"><strong>politica sulla riservatezza<\/strong><\/span><\/span><\/p>\n<p style=\"text-align: justify;\">Data effettiva : 23 febbraio 2021<\/p>\n<p style=\"text-align: justify;\">Individual (&#8220;us&#8221;, &#8220;we&#8221;, or &#8220;our&#8221;) operates the <strong>https:\/\/www.conex-casting.com\/<\/strong> website (the &#8220;Service&#8221;).<\/p>\n<p style=\"text-align: justify;\">Questa pagina ti informa delle nostre politiche riguardanti la raccolta, l&#8217;uso e la divulgazione dei dati personali quando utilizzi il nostro Servizio e le scelte che hai associato a tali dati.<\/p>\n<p style=\"text-align: justify;\">Utilizziamo i tuoi dati per fornire e migliorare il Servizio. Utilizzando il Servizio, accetti la raccolta e l&#8217;uso delle informazioni in conformit\u00e0 con questa politica. Se non diversamente definito nella presente Informativa sulla privacy, i termini utilizzati nella presente Informativa sulla privacy hanno lo stesso significato dei nostri Termini e condizioni, accessibili da <strong>https:\/\/www.conex-casting.com\/<\/strong><\/p>\n<p style=\"text-align: justify;\"><span style=\"text-decoration: underline;\"><span style=\"color: #800000; text-decoration: underline;\"><strong>Raccolta e utilizzo delle informazioni<\/strong><\/span><\/span><\/p>\n<p style=\"text-align: justify;\">Raccogliamo diversi tipi di informazioni per vari scopi per fornire e migliorare il nostro servizio.<\/p>\n<p style=\"text-align: justify;\"><span style=\"text-decoration: underline;\"><span style=\"color: #800000; text-decoration: underline;\"><strong>Tipi di dati raccolti<\/strong><\/span><\/span><\/p>\n<p style=\"text-align: justify;\"><span style=\"text-decoration: underline;\"><span style=\"color: #800000; text-decoration: underline;\"><strong>Dati personali<\/strong><\/span><\/span><\/p>\n<p style=\"text-align: justify;\">Durante l&#8217;utilizzo del nostro Servizio, potremmo chiederti di fornirci alcune informazioni di identificazione personale che possono essere utilizzate per contattarti o identificarti (&#8220;Dati personali&#8221;). Le informazioni di identificazione personale possono includere, ma non sono limitate a:<\/p>\n<ul style=\"text-align: justify;\">\n<li>Indirizzo email<\/li>\n<li>Nome e cognome<\/li>\n<li>Numero di telefono<\/li>\n<li>Indirizzo, stato, provincia, codice postale, citt\u00e0<\/li>\n<li>Cookie e dati di utilizzo<\/li>\n<\/ul>\n<p style=\"text-align: justify;\"><span style=\"text-decoration: underline;\"><span style=\"color: #800000; text-decoration: underline;\"><strong>Dati di utilizzo<\/strong><\/span><\/span><\/p>\n<p style=\"text-align: justify;\">Potremmo anche raccogliere informazioni su come accedere e utilizzare il Servizio (&#8220;Dati di utilizzo&#8221;). Questi Dati di utilizzo possono includere informazioni come l&#8217;indirizzo del protocollo Internet del tuo computer (ad es. Indirizzo IP), il tipo di browser, la versione del browser, le pagine del nostro servizio che visiti, l&#8217;ora e la data della tua visita, il tempo trascorso su quelle pagine, unico identificatori del dispositivo e altri dati diagnostici.<\/p>\n<p style=\"text-align: justify;\"><span style=\"text-decoration: underline;\"><span style=\"color: #800000; text-decoration: underline;\"><strong>Tracciamento e dati dei cookie<\/strong><\/span><\/span><\/p>\n<p style=\"text-align: justify;\">Utilizziamo cookie e tecnologie di tracciamento simili per tracciare l&#8217;attivit\u00e0 sul nostro Servizio e conservare determinate informazioni.<\/p>\n<p style=\"text-align: justify;\">I cookie sono file con una piccola quantit\u00e0 di dati che possono includere un identificatore univoco anonimo. I cookie vengono inviati al tuo browser da un sito web e memorizzati sul tuo dispositivo. Le tecnologie di tracciamento utilizzate sono anche beacon, tag e script per raccogliere e tenere traccia delle informazioni e per migliorare e analizzare il nostro Servizio.<\/p>\n<p style=\"text-align: justify;\">Puoi indicare al tuo browser di rifiutare tutti i cookie o di indicare quando viene inviato un cookie. Tuttavia, se non accetti i cookie, potresti non essere in grado di utilizzare alcune parti del nostro Servizio.<\/p>\n<p style=\"text-align: justify;\"><span style=\"text-decoration: underline;\"><span style=\"color: #800000; text-decoration: underline;\"><strong>Esempi di cookie che utilizziamo:<\/strong><\/span><\/span><\/p>\n<ul style=\"text-align: justify;\">\n<li><strong>Cookie di sessione.<\/strong> Utilizziamo i cookie di sessione per gestire il nostro servizio.<\/li>\n<li><strong>Cookie di preferenza.<\/strong> Utilizziamo i cookie di preferenza per ricordare le tue preferenze e varie impostazioni.<\/li>\n<li><strong>Cookie di sicurezza.<\/strong> Utilizziamo i cookie di sicurezza per scopi di sicurezza.<\/li>\n<\/ul>\n<p style=\"text-align: justify;\"><span style=\"text-decoration: underline;\"><span style=\"color: #800000; text-decoration: underline;\"><strong>Utilizzo dei dati<\/strong><\/span><\/span><\/p>\n<p style=\"text-align: justify;\">L&#8217;individuo utilizza i dati raccolti per vari scopi:<\/p>\n<ul style=\"text-align: justify;\">\n<li>Fornire e mantenere il Servizio<\/li>\n<li>Per informarti sulle modifiche al nostro Servizio<\/li>\n<li>Per consentirti di partecipare alle funzionalit\u00e0 interattive del nostro Servizio quando scegli di farlo<\/li>\n<li>Fornire assistenza e supporto ai clienti<\/li>\n<li>Per fornire analisi o informazioni preziose in modo da poter migliorare il Servizio<\/li>\n<li>Per monitorare l&#8217;utilizzo del Servizio<\/li>\n<li>Per rilevare, prevenire e affrontare problemi tecnici<\/li>\n<\/ul>\n<p style=\"text-align: justify;\"><span style=\"text-decoration: underline;\"><span style=\"color: #800000; text-decoration: underline;\"><strong>Trasferimento di dati<\/strong><\/span><\/span><\/p>\n<p style=\"text-align: justify;\">Le tue informazioni, inclusi i Dati personali, possono essere trasferite a &#8211; e mantenute su &#8211; computer situati al di fuori del tuo stato, provincia, paese o altra giurisdizione governativa in cui le leggi sulla protezione dei dati possono differire da quelle della tua giurisdizione.<\/p>\n<p style=\"text-align: justify;\">Se ti trovi al di fuori dell&#8217;India e scegli di fornirci informazioni, tieni presente che trasferiamo i dati, inclusi i dati personali, in India e li elaboriamo l\u00ec.<\/p>\n<p style=\"text-align: justify;\">Il tuo consenso alla presente Informativa sulla privacy seguito dall&#8217;invio di tali informazioni rappresenta il tuo consenso a tale trasferimento.<\/p>\n<p style=\"text-align: justify;\">L&#8217;individuo adotter\u00e0 tutte le misure ragionevolmente necessarie per garantire che i tuoi dati siano trattati in modo sicuro e in conformit\u00e0 con la presente Informativa sulla privacy e nessun trasferimento dei tuoi dati personali avr\u00e0 luogo a un&#8217;organizzazione o un paese a meno che non siano in atto controlli adeguati, inclusa la sicurezza del tuo dati e altre informazioni personali.<\/p>\n<p style=\"text-align: justify;\"><span style=\"text-decoration: underline;\"><span style=\"color: #800000; text-decoration: underline;\"><strong>Divulgazione dei dati<\/strong><\/span><\/span><\/p>\n<p style=\"text-align: justify;\"><span style=\"text-decoration: underline;\"><span style=\"color: #800000; text-decoration: underline;\"><strong>Requisiti legali<\/strong><\/span><\/span><\/p>\n<p style=\"text-align: justify;\">L&#8217;individuo pu\u00f2 divulgare i dati personali dell&#8217;utente in buona fede, ritenendo che tale azione sia necessaria per:<\/p>\n<ul style=\"text-align: justify;\">\n<li>Per adempiere a un obbligo legale<\/li>\n<li>Proteggere e difendere i diritti o la propriet\u00e0 della persona<\/li>\n<li>Per prevenire o indagare su possibili illeciti in relazione al Servizio<\/li>\n<li>Per proteggere la sicurezza personale degli utenti del Servizio o del pubblico<\/li>\n<li>Per proteggere dalla responsabilit\u00e0 legale<\/li>\n<\/ul>\n<p style=\"text-align: justify;\"><span style=\"text-decoration: underline;\"><span style=\"color: #800000; text-decoration: underline;\"><strong>Sicurezza dei dati<\/strong><\/span><\/span><\/p>\n<p style=\"text-align: justify;\">La sicurezza dei tuoi dati \u00e8 importante per noi, ma ricorda che nessun metodo di trasmissione su Internet o metodo di archiviazione elettronica \u00e8 sicuro al 100%. Sebbene ci sforziamo di utilizzare mezzi commercialmente accettabili per proteggere i tuoi dati personali, non possiamo garantirne l&#8217;assoluta sicurezza.<\/p>\n<p style=\"text-align: justify;\"><span style=\"text-decoration: underline;\"><span style=\"color: #800000; text-decoration: underline;\"><strong>Fornitori di servizi<\/strong><\/span><\/span><\/p>\n<p style=\"text-align: justify;\">Possiamo impiegare societ\u00e0 e individui di terze parti per facilitare il nostro Servizio (&#8220;Fornitori di servizi&#8221;), per fornire il Servizio per nostro conto, per eseguire servizi relativi al Servizio o per aiutarci ad analizzare come viene utilizzato il nostro Servizio.<\/p>\n<p style=\"text-align: justify;\">Queste terze parti hanno accesso ai tuoi dati personali solo per eseguire queste attivit\u00e0 per nostro conto e sono obbligate a non rivelarle o utilizzarle per nessun altro scopo.<\/p>\n<p style=\"text-align: justify;\"><span style=\"text-decoration: underline;\"><span style=\"color: #800000; text-decoration: underline;\"><strong>Analytics<\/strong><\/span><\/span><\/p>\n<p style=\"text-align: justify;\">Possiamo utilizzare fornitori di servizi di terze parti per monitorare e analizzare l&#8217;utilizzo del nostro servizio.<\/p>\n<ul style=\"text-align: justify;\">\n<li><span style=\"font-size: 10pt;\"><strong>Google Analytics<\/strong><\/span><\/li>\n<\/ul>\n<p style=\"text-align: justify;\">Google Analytics \u00e8 un servizio di analisi web offerto da Google che traccia e segnala il traffico del sito web. Google utilizza i dati raccolti per tracciare e monitorare l&#8217;utilizzo del nostro Servizio. Questi dati vengono condivisi con altri servizi Google. Google potrebbe utilizzare i dati raccolti per contestualizzare e personalizzare gli annunci del proprio network pubblicitario.<\/p>\n<p style=\"text-align: justify;\">Puoi rinunciare a rendere disponibile a Google Analytics la tua attivit\u00e0 sul Servizio installando il componente aggiuntivo del browser per la disattivazione di Google Analytics. Il componente aggiuntivo impedisce al JavaScript di Google Analytics (ga.js, analytics.js e dc.js) di condividere informazioni con Google Analytics sull&#8217;attivit\u00e0 delle visite.<\/p>\n<p style=\"text-align: justify;\">Per ulteriori informazioni sulle pratiche sulla privacy di Google, visitare la pagina web sulla privacy e i termini di Google: <a href=\"https:\/\/policies.google.com\/privacy?hl=en\">https:\/\/policies.google.com\/privacy?hl=en<\/a><\/p>\n<p style=\"text-align: justify;\"><span style=\"text-decoration: underline;\"><span style=\"color: #800000; text-decoration: underline;\"><strong>Collegamenti ad altri siti<\/strong><\/span><\/span><\/p>\n<p style=\"text-align: justify;\">Il nostro servizio pu\u00f2 contenere collegamenti ad altri siti che non sono gestiti da noi. Se fai clic su un collegamento di terze parti, verrai indirizzato al sito di quella terza parte. Ti consigliamo vivamente di rivedere l&#8217;Informativa sulla privacy di ogni sito che visiti.<\/p>\n<p style=\"text-align: justify;\">Non abbiamo alcun controllo e non ci assumiamo alcuna responsabilit\u00e0 per il contenuto, le politiche sulla privacy o le pratiche di qualsiasi sito o servizio di terze parti.<\/p>\n<p style=\"text-align: justify;\"><span style=\"text-decoration: underline;\"><span style=\"color: #800000; text-decoration: underline;\"><strong>Privacy dei bambini<\/strong><\/span><\/span><\/p>\n<p style=\"text-align: justify;\">Il nostro servizio non si rivolge a persone di et\u00e0 inferiore ai 18 anni (&#8220;Bambini&#8221;).<\/p>\n<p style=\"text-align: justify;\">Non raccogliamo consapevolmente informazioni di identificazione personale da chiunque abbia meno di 18 anni. Se sei un genitore o un tutore e sei consapevole che i tuoi figli ci hanno fornito dati personali, ti preghiamo di contattarci. Se veniamo a conoscenza del fatto che abbiamo raccolto Dati personali da bambini senza la verifica del consenso dei genitori, adottiamo misure per rimuovere tali informazioni dai nostri server.<\/p>\n<p style=\"text-align: justify;\"><span style=\"text-decoration: underline;\"><span style=\"color: #800000; text-decoration: underline;\"><strong>Modifiche alla presente informativa sulla privacy<\/strong><\/span><\/span><\/p>\n<p style=\"text-align: justify;\">Potremmo aggiornare la nostra politica sulla privacy di volta in volta. Ti informeremo di eventuali modifiche pubblicando la nuova Informativa sulla privacy in questa pagina.<\/p>\n<p style=\"text-align: justify;\">Ti informeremo via e-mail e \/ o un avviso ben visibile sul nostro Servizio, prima che la modifica diventi effettiva e aggiorneremo la &#8220;data di validit\u00e0&#8221; nella parte superiore della presente Informativa sulla privacy.<\/p>\n<p style=\"text-align: justify;\">Si consiglia di rivedere periodicamente la presente Informativa sulla privacy per eventuali modifiche. Le modifiche alla presente Informativa sulla privacy sono effettive quando vengono pubblicate su questa pagina.<\/p>\n<p style=\"text-align: justify;\"><span style=\"text-decoration: underline;\"><span style=\"color: #800000; text-decoration: underline;\"><strong>Contattaci<\/strong><\/span><\/span><\/p>\n<p style=\"text-align: justify;\">In caso di domande sulla presente Informativa sulla privacy, contattaci:<\/p>\n<ul>\n<li style=\"text-align: justify;\">Per e-mail: <a href=\"mailto:sales@conex-casting.com\">sales@conex-casting.com<\/a><\/li>\n<\/ul>\n","protected":false},"excerpt":{"rendered":"<p>politica sulla riservatezza politica sulla riservatezza Data effettiva : 23 febbraio 2021 Individual (&#8220;us&#8221;, &#8220;we&#8221;, or &#8220;our&#8221;) operates the https:\/\/www.conex-casting.com\/ website (the &#8220;Service&#8221;). Questa pagina ti informa delle nostre politiche riguardanti la raccolta, l&#8217;uso e la divulgazione dei dati personali quando utilizzi il nostro Servizio e le scelte che hai associato a tali dati. Utilizziamo [&hellip;]<\/p>\n","protected":false},"author":1,"featured_media":0,"parent":0,"menu_order":0,"comment_status":"closed","ping_status":"closed","template":"","meta":{"_joinchat":[],"footnotes":""},"class_list":["post-5697","page","type-page","status-publish","hentry"],"_links":{"self":[{"href":"https:\/\/conex-casting.com\/it\/wp-json\/wp\/v2\/pages\/5697","targetHints":{"allow":["GET"]}}],"collection":[{"href":"https:\/\/conex-casting.com\/it\/wp-json\/wp\/v2\/pages"}],"about":[{"href":"https:\/\/conex-casting.com\/it\/wp-json\/wp\/v2\/types\/page"}],"author":[{"embeddable":true,"href":"https:\/\/conex-casting.com\/it\/wp-json\/wp\/v2\/users\/1"}],"replies":[{"embeddable":true,"href":"https:\/\/conex-casting.com\/it\/wp-json\/wp\/v2\/comments?post=5697"}],"version-history":[{"count":0,"href":"https:\/\/conex-casting.com\/it\/wp-json\/wp\/v2\/pages\/5697\/revisions"}],"wp:attachment":[{"href":"https:\/\/conex-casting.com\/it\/wp-json\/wp\/v2\/media?parent=5697"}],"curies":[{"name":"wp","href":"https:\/\/api.w.org\/{rel}","templated":true}]}}