{"id":6964,"date":"2024-08-23T10:19:23","date_gmt":"2024-08-23T10:19:23","guid":{"rendered":"https:\/\/conex-casting.com\/?page_id=6964"},"modified":"2026-02-07T08:20:12","modified_gmt":"2026-02-07T08:20:12","slug":"fusioni-in-ottone-lavorate-a-cnc-fonderia-di-ottone-in-india","status":"publish","type":"page","link":"https:\/\/conex-casting.com\/it\/fusioni-in-ottone-lavorate-a-cnc-fonderia-di-ottone-in-india\/","title":{"rendered":"Fusioni in ottone lavorate a CNC, Fonderia di ottone in India"},"content":{"rendered":"\n<p><img loading=\"lazy\" decoding=\"async\" class=\"alignnone size-medium wp-image-6913\" src=\"http:\/\/conex-casting.com\/wp-content\/uploads\/2024\/08\/Brass-CNC-machined-Castings-300x300.jpeg\" alt=\"Brass CNC machined Castings\" width=\"300\" height=\"300\" srcset=\"https:\/\/conex-casting.com\/wp-content\/uploads\/2024\/08\/Brass-CNC-machined-Castings-300x300.jpeg 300w, https:\/\/conex-casting.com\/wp-content\/uploads\/2024\/08\/Brass-CNC-machined-Castings-150x150.jpeg 150w, https:\/\/conex-casting.com\/wp-content\/uploads\/2024\/08\/Brass-CNC-machined-Castings.jpeg 512w\" sizes=\"auto, (max-width: 300px) 100vw, 300px\" \/> <img loading=\"lazy\" decoding=\"async\" class=\"alignnone size-medium wp-image-6907\" src=\"http:\/\/conex-casting.com\/wp-content\/uploads\/2024\/08\/Brass-CNC-machined-Castings-2-300x300.jpeg\" alt=\"Brass CNC machined Castings 2\" width=\"300\" height=\"300\" srcset=\"https:\/\/conex-casting.com\/wp-content\/uploads\/2024\/08\/Brass-CNC-machined-Castings-2-300x300.jpeg 300w, https:\/\/conex-casting.com\/wp-content\/uploads\/2024\/08\/Brass-CNC-machined-Castings-2-150x150.jpeg 150w, https:\/\/conex-casting.com\/wp-content\/uploads\/2024\/08\/Brass-CNC-machined-Castings-2.jpeg 512w\" sizes=\"auto, (max-width: 300px) 100vw, 300px\" \/> <img loading=\"lazy\" decoding=\"async\" class=\"alignnone size-medium wp-image-6901\" src=\"http:\/\/conex-casting.com\/wp-content\/uploads\/2024\/08\/Brass-CNC-machined-Castings-3-300x300.jpeg\" alt=\"Brass CNC machined Castings 3\" width=\"300\" height=\"300\" srcset=\"https:\/\/conex-casting.com\/wp-content\/uploads\/2024\/08\/Brass-CNC-machined-Castings-3-300x300.jpeg 300w, https:\/\/conex-casting.com\/wp-content\/uploads\/2024\/08\/Brass-CNC-machined-Castings-3-150x150.jpeg 150w, https:\/\/conex-casting.com\/wp-content\/uploads\/2024\/08\/Brass-CNC-machined-Castings-3.jpeg 512w\" sizes=\"auto, (max-width: 300px) 100vw, 300px\" \/> <img loading=\"lazy\" decoding=\"async\" class=\"alignnone wp-image-6895 size-medium\" src=\"http:\/\/conex-casting.com\/wp-content\/uploads\/2024\/08\/Brass-CNC-machined-Castings-4-300x300.jpeg\" alt=\"Brass CNC machined Castings 4\" width=\"300\" height=\"300\" srcset=\"https:\/\/conex-casting.com\/wp-content\/uploads\/2024\/08\/Brass-CNC-machined-Castings-4-300x300.jpeg 300w, https:\/\/conex-casting.com\/wp-content\/uploads\/2024\/08\/Brass-CNC-machined-Castings-4-150x150.jpeg 150w, https:\/\/conex-casting.com\/wp-content\/uploads\/2024\/08\/Brass-CNC-machined-Castings-4.jpeg 512w\" sizes=\"auto, (max-width: 300px) 100vw, 300px\" \/><\/p>\n<p style=\"text-align: center;\"><strong><a class=\"maxbutton-1 maxbutton maxbutton-product-page-button open-popup-modal\"><span class=\"mb-text\">Get Quotes In 24 Hours<\/span><\/a><\/strong><\/p>\n<p><strong>Eccellenza ingegneristica di precisione in parti fuse in ottone e componenti lavorati a CNC.<\/strong><br \/>Le fusioni in ottone lavorate a CNC combinano i vantaggi dei metodi di fusione tradizionali con la precisione della lavorazione a controllo numerico computerizzato (CNC). Questo processo consente la creazione di componenti complessi in ottone con tolleranze strette e finiture superficiali eccellenti. Offriamo fusioni in sabbia, stampaggio a conchiglia, microfusione, fusione per gravit\u00e0, fusione in stampo aperto, fusione in stampo permanente, ecc. utilizzando varie leghe di ottone.<\/p>\n<p>Alla Conex Casting, ci specializziamo nella produzione di fusioni in ottone lavorate a CNC di alta qualit\u00e0 per una vasta gamma di settori. La nostra tecnologia CNC all&#8217;avanguardia combinata con la nostra esperienza nella fusione dell&#8217;ottone ci consente di fornire componenti con una precisione e una coerenza impareggiabili.<\/p>\n<p><strong>Il nostro processo:<\/strong><\/p>\n<ul>\n<li><strong>Fusione:<\/strong> Iniziamo con leghe di ottone premium, colate con cura in forme vicine alla forma finale utilizzando la fusione in sabbia, stampaggio a conchiglia, microfusione, fusione per gravit\u00e0, fusione in stampo aperto, fusione in stampo permanente, ecc.<\/li>\n<li><strong>Materiale:<\/strong> Tutti i gradi di ottone possono essere fusi da noi, inclusi ottone taglio libero, ottone al silicio e ottone senza piombo.<\/li>\n<li><strong>Lavorazione CNC:<\/strong> Le nostre macchine CNC avanzate perfezionano con precisione le fusioni in base alle vostre specifiche esatte.<\/li>\n<li><strong>Controllo della qualit\u00e0:<\/strong> Ispezioni rigorose garantiscono che ogni pezzo soddisfi i nostri standard rigorosi, nonch\u00e9 gli standard ISO, e rispetti un piano di ispezione rigoroso.<\/li>\n<\/ul>\n<p><strong>Leghe Fuse:<\/strong><\/p>\n<ul>\n<li><strong>Ottone Rosso (C83600):<\/strong> Questa lega \u00e8 nota per la sua eccellente resistenza alla corrosione, lavorabilit\u00e0 e duttilit\u00e0. \u00c8 ampiamente utilizzata in rubinetteria, ferramenta marina e articoli decorativi.<\/li>\n<li><strong>Ottone Giallo (C36000):<\/strong> Questa \u00e8 una lega popolare per fusioni generiche grazie alla sua buona lavorabilit\u00e0, duttilit\u00e0 e resistenza. \u00c8 utilizzata in una vasta gamma di applicazioni, inclusi raccordi idraulici, ferramenta e componenti elettrici.<\/li>\n<li><strong>Ottone Navale (C46400):<\/strong> Offrendo alta resistenza e resistenza alla corrosione, l&#8217;ottone navale \u00e8 spesso utilizzato in applicazioni marine, scambiatori di calore e giranti di pompe.<\/li>\n<li><strong>Bronzo al Manganese (C61400):<\/strong> Questa lega combina buona resistenza, duttilit\u00e0 e resistenza alla corrosione, rendendola adatta per ingranaggi, cuscinetti e altri componenti ad alta sollecitazione.<\/li>\n<li><strong>Ottone Piombato (C37700):<\/strong> Conosciuta per la sua eccellente lavorabilit\u00e0, l&#8217;ottone piombato \u00e8 utilizzato in applicazioni dove la facilit\u00e0 di lavorazione \u00e8 cruciale. Tuttavia, a causa delle preoccupazioni ambientali, le alternative senza piombo stanno guadagnando popolarit\u00e0.<\/li>\n<li><strong>Ottone al Silicio (C35600):<\/strong> Questa lega offre una buona colabilit\u00e0 e lavorabilit\u00e0, rendendola adatta per fusioni complesse. \u00c8 spesso utilizzata in componenti automobilistici e idraulici.<\/li>\n<\/ul>\n<p><strong>Applicazioni:<\/strong><\/p>\n<ul>\n<li>Connettori e componenti elettrici, inclusi componenti per trasformatori e apparecchiature di commutazione<\/li>\n<li>Rubinetteria e raccordi idraulici<\/li>\n<li>Ferramenta marina<\/li>\n<li>Parti di macchine industriali<\/li>\n<\/ul>\n<p><strong>Prodotti chiave:<\/strong> Alcuni dei principali prodotti delle fusioni in ottone lavorate a CNC includono raccordi per tubi in ottone, raccordi per tubi flessibili, connettori, flange, valvole, parti di pompe, parti di ingranaggi, blocchi terminali e altro ancora.<\/p>\n\n\n","protected":false},"excerpt":{"rendered":"<p>Get Quotes In 24 Hours Eccellenza ingegneristica di precisione in parti fuse in ottone e componenti lavorati a CNC.Le fusioni in ottone lavorate a CNC combinano i vantaggi dei metodi di fusione tradizionali con la precisione della lavorazione a controllo numerico computerizzato (CNC). Questo processo consente la creazione di componenti complessi in ottone con tolleranze [&hellip;]<\/p>\n","protected":false},"author":1,"featured_media":0,"parent":0,"menu_order":0,"comment_status":"closed","ping_status":"closed","template":"","meta":{"_joinchat":[],"footnotes":""},"class_list":["post-6964","page","type-page","status-publish","hentry"],"_links":{"self":[{"href":"https:\/\/conex-casting.com\/it\/wp-json\/wp\/v2\/pages\/6964","targetHints":{"allow":["GET"]}}],"collection":[{"href":"https:\/\/conex-casting.com\/it\/wp-json\/wp\/v2\/pages"}],"about":[{"href":"https:\/\/conex-casting.com\/it\/wp-json\/wp\/v2\/types\/page"}],"author":[{"embeddable":true,"href":"https:\/\/conex-casting.com\/it\/wp-json\/wp\/v2\/users\/1"}],"replies":[{"embeddable":true,"href":"https:\/\/conex-casting.com\/it\/wp-json\/wp\/v2\/comments?post=6964"}],"version-history":[{"count":3,"href":"https:\/\/conex-casting.com\/it\/wp-json\/wp\/v2\/pages\/6964\/revisions"}],"predecessor-version":[{"id":8630,"href":"https:\/\/conex-casting.com\/it\/wp-json\/wp\/v2\/pages\/6964\/revisions\/8630"}],"wp:attachment":[{"href":"https:\/\/conex-casting.com\/it\/wp-json\/wp\/v2\/media?parent=6964"}],"curies":[{"name":"wp","href":"https:\/\/api.w.org\/{rel}","templated":true}]}}