{"id":8377,"date":"2026-01-08T10:26:21","date_gmt":"2026-01-08T10:26:21","guid":{"rendered":"https:\/\/conex-casting.com\/?page_id=8377"},"modified":"2026-02-09T06:21:32","modified_gmt":"2026-02-09T06:21:32","slug":"fusione-in-sabbia-di-bronzo-ottone-rosso-fusione-in-sabbia","status":"publish","type":"page","link":"https:\/\/conex-casting.com\/it\/fusione-in-sabbia-di-bronzo-ottone-rosso-fusione-in-sabbia\/","title":{"rendered":"Fusione in sabbia di bronzo-Ottone rosso-Fusione in sabbia"},"content":{"rendered":"\n<h1 class=\"wp-block-heading\"><strong>Fusione in sabbia di bronzo, fusione in sabbia di bronzo LG2 e fusione in sabbia di ottone rosso dalla fonderia indiana<\/strong><\/h1>\n\n\n\n<p><img loading=\"lazy\" decoding=\"async\" class=\"alignnone  wp-image-8358\" src=\"http:\/\/conex-casting.com\/wp-content\/uploads\/2026\/01\/Gunmetal-casting-foundry-Permanent-mold-casting-of-Gunmetal-Lg2-Permanent-mold-casting-300x300.webp\" alt=\"Gunmetal casting foundry, Permanent mold casting of Gunmetal , Lg2 Permanent mold casting\" width=\"420\" height=\"420\" srcset=\"https:\/\/conex-casting.com\/wp-content\/uploads\/2026\/01\/Gunmetal-casting-foundry-Permanent-mold-casting-of-Gunmetal-Lg2-Permanent-mold-casting-300x300.webp 300w, https:\/\/conex-casting.com\/wp-content\/uploads\/2026\/01\/Gunmetal-casting-foundry-Permanent-mold-casting-of-Gunmetal-Lg2-Permanent-mold-casting-150x150.webp 150w, https:\/\/conex-casting.com\/wp-content\/uploads\/2026\/01\/Gunmetal-casting-foundry-Permanent-mold-casting-of-Gunmetal-Lg2-Permanent-mold-casting-768x768.webp 768w, https:\/\/conex-casting.com\/wp-content\/uploads\/2026\/01\/Gunmetal-casting-foundry-Permanent-mold-casting-of-Gunmetal-Lg2-Permanent-mold-casting-640x640.webp 640w, https:\/\/conex-casting.com\/wp-content\/uploads\/2026\/01\/Gunmetal-casting-foundry-Permanent-mold-casting-of-Gunmetal-Lg2-Permanent-mold-casting.webp 1024w\" sizes=\"auto, (max-width: 420px) 100vw, 420px\" \/><\/p>\n<p><img loading=\"lazy\" decoding=\"async\" class=\"alignnone  wp-image-8364\" src=\"http:\/\/conex-casting.com\/wp-content\/uploads\/2026\/01\/Gunmetal-Sand-casting-CDA-836-Bronze-Sand-casting-Lg2-bronze-casting-Gunmetal-casting-foundry-300x300.webp\" alt=\"Gunmetal Sand casting, CDA 836 Bronze Sand casting, Lg2 bronze casting, Gunmetal casting foundry\" width=\"419\" height=\"419\" srcset=\"https:\/\/conex-casting.com\/wp-content\/uploads\/2026\/01\/Gunmetal-Sand-casting-CDA-836-Bronze-Sand-casting-Lg2-bronze-casting-Gunmetal-casting-foundry-300x300.webp 300w, https:\/\/conex-casting.com\/wp-content\/uploads\/2026\/01\/Gunmetal-Sand-casting-CDA-836-Bronze-Sand-casting-Lg2-bronze-casting-Gunmetal-casting-foundry-150x150.webp 150w, https:\/\/conex-casting.com\/wp-content\/uploads\/2026\/01\/Gunmetal-Sand-casting-CDA-836-Bronze-Sand-casting-Lg2-bronze-casting-Gunmetal-casting-foundry-768x768.webp 768w, https:\/\/conex-casting.com\/wp-content\/uploads\/2026\/01\/Gunmetal-Sand-casting-CDA-836-Bronze-Sand-casting-Lg2-bronze-casting-Gunmetal-casting-foundry-640x640.webp 640w, https:\/\/conex-casting.com\/wp-content\/uploads\/2026\/01\/Gunmetal-Sand-casting-CDA-836-Bronze-Sand-casting-Lg2-bronze-casting-Gunmetal-casting-foundry.webp 1024w\" sizes=\"auto, (max-width: 419px) 100vw, 419px\" \/><\/p>\n<p style=\"text-align: center;\"><a class=\"maxbutton-1 maxbutton maxbutton-product-page-button open-popup-modal\"><span class=\"mb-text\">Get Quote In 24 Hours<\/span><\/a><\/p>\n<p><strong><span dir=\"auto\">Panoramica \u2013 Getti in sabbia di bronzo, bronzo LG2 e ottone rosso per applicazioni globali<\/span><\/strong><\/p>\n<p><span dir=\"auto\">Siamo uno dei principali produttori ed esportatori di\u00a0<\/span><strong><span dir=\"auto\">getti in sabbia di bronzo, getti in sabbia di bronzo LG2 e getti in sabbia di ottone rosso dall&#8217;India<\/span><\/strong><span dir=\"auto\">\u00a0. Forniamo\u00a0<\/span><strong><span dir=\"auto\">componenti fusi in bronzo e ottone rosso di alta qualit\u00e0<\/span><\/strong><span dir=\"auto\">\u00a0al mercato mondiale da molti decenni, servendo clienti negli\u00a0<\/span><strong><span dir=\"auto\">Stati Uniti, in Canada, nel Regno Unito, in Europa e in Australia<\/span><\/strong><span dir=\"auto\">\u00a0. I nostri prodotti sono ampiamente apprezzati per\u00a0<\/span><strong><span dir=\"auto\">l&#8217;integrit\u00e0 della pressione, la resistenza alla corrosione, la stabilit\u00e0 dimensionale e la lunga durata<\/span><\/strong><span dir=\"auto\">\u00a0, in particolare nei settori idrico, idraulico, navale, HVAC e ingegneria generale.<\/span><\/p>\n<p><span dir=\"auto\">Con oltre\u00a0<\/span><strong><span dir=\"auto\">trent&#8217;anni di esperienza internazionale<\/span><\/strong><span dir=\"auto\">\u00a0, la nostra fonderia unisce pratiche metallurgiche collaudate a un moderno\u00a0<\/span><strong><span dir=\"auto\">controllo del processo di fusione in sabbia, una chimica di fusione basata su spettrometro e una progettazione di fusioni CNC<\/span><\/strong><span dir=\"auto\">\u00a0. Produciamo in conformit\u00e0 con\u00a0<\/span><strong><span dir=\"auto\">gli standard ASTM, BS, IS, DIN, JIS ed EN<\/span><\/strong><span dir=\"auto\">\u00a0, garantendo coerenza e accettazione globale. Il nostro team collabora a stretto contatto con OEM e importatori per perfezionare i progetti, ottimizzare le sezioni delle pareti e ridurre i costi di lavorazione e scarto. Il risultato \u00e8 una fornitura affidabile di\u00a0<\/span><strong><span dir=\"auto\">fusioni in sabbia in Gunmetal, bronzo LG2 e ottone rosso<\/span><\/strong><span dir=\"auto\">\u00a0che soddisfano le aspettative sia tecniche che commerciali.<\/span><\/p>\n<p><strong><span dir=\"auto\">Fusione in sabbia di canna di fucile<\/span><\/strong><\/p>\n<p><strong><span dir=\"auto\">La fusione in sabbia del Gunmetal<\/span><\/strong><span dir=\"auto\">\u00a0rimane una delle soluzioni pi\u00f9 affidabili per componenti sottoposti a pressione e resistenti alla corrosione. Questa tradizionale lega di bronzo, tipicamente a base di rame, stagno, zinco e piombo, offre un eccellente equilibrio tra\u00a0<\/span><strong><span dir=\"auto\">colabilit\u00e0, resistenza e lavorabilit\u00e0<\/span><\/strong><span dir=\"auto\">\u00a0. La fusione in sabbia consente flessibilit\u00e0 in termini di dimensioni e geometria, rendendo il Gunmetal ideale per corpi valvola, coperchi, flange e raccordi per tubi. Se fuso e colato correttamente, il Gunmetal produce getti densi e a tenuta di pressione, adatti per acqua, vapore e fluidi industriali delicati.<\/span><\/p>\n<p><strong><span dir=\"auto\">Fusione in sabbia di bronzo LG2 (BS 1400 LG2 \/ CC491K)<\/span><\/strong><\/p>\n<p><strong><span dir=\"auto\">La lega di bronzo LG2 per fusione in sabbia<\/span><\/strong><span dir=\"auto\">\u00a0\u00e8 una lega di bronzo allo stagno e piombo di alta qualit\u00e0, ampiamente utilizzata nel Regno Unito, in Europa e, sempre pi\u00f9, negli Stati Uniti. Nota per la sua\u00a0<\/span><strong><span dir=\"auto\">eccellente resistenza alla dezincificazione, all&#8217;erosione e alla corrosione marina<\/span><\/strong><span dir=\"auto\">\u00a0, LG2 \u00e8 comunemente utilizzata nei sistemi di acqua potabile e in ambienti marini. Il suo contenuto controllato di piombo migliora la lavorabilit\u00e0 senza compromettere l&#8217;integrit\u00e0 della pressione, rendendo il bronzo LG2 la scelta preferita per componenti di valvole e pompe ad alta affidabilit\u00e0.<\/span><\/p>\n<p><strong><span dir=\"auto\">Fusione in sabbia di ottone rosso<\/span><\/strong><\/p>\n<p><strong><span dir=\"auto\">La fusione in sabbia di ottone rosso<\/span><\/strong><span dir=\"auto\">\u00a0si riferisce a leghe di bronzo ad alto contenuto di rame con un contenuto minimo di zinco, che offrono\u00a0<\/span><strong><span dir=\"auto\">una resistenza alla corrosione superiore e un&#8217;eccellente longevit\u00e0<\/span><\/strong><span dir=\"auto\">\u00a0nelle applicazioni idrauliche e idriche. Comunemente associato a leghe come\u00a0<\/span><strong><span dir=\"auto\">ASTM B584 C84400 e C83600 (in alcuni mercati)<\/span><\/strong><span dir=\"auto\">\u00a0, l&#8217;ottone rosso \u00e8 ampiamente utilizzato nel\u00a0<\/span><strong><span dir=\"auto\">settore idraulico e idrico degli Stati Uniti<\/span><\/strong><span dir=\"auto\">\u00a0. Le fusioni in sabbia di ottone rosso sono apprezzate per il loro\u00a0<\/span><strong><span dir=\"auto\">basso rischio di dezincificazione, la buona tenuta alla pressione e la facile lavorabilit\u00e0<\/span><\/strong><span dir=\"auto\">\u00a0, che le rendono adatte per valvole, raccordi, corpi di contatori e ferramenta municipale. Rispetto all&#8217;ottone giallo, l&#8217;ottone rosso offre una migliore affidabilit\u00e0 a lungo termine in condizioni di acqua aggressiva o potabile.<\/span><\/p>\n<p><strong><span dir=\"auto\">CDA 836 Fusione in sabbia di bronzo (ASTM B584 C83600)<\/span><\/strong><\/p>\n<p><strong><span dir=\"auto\">Il bronzo per fusione in sabbia CDA 836<\/span><\/strong><span dir=\"auto\">\u00a0, noto anche come\u00a0<\/span><strong><span dir=\"auto\">bronzo 85-5-5-5<\/span><\/strong><span dir=\"auto\">\u00a0, \u00e8 una delle leghe di tipo Gunmetal pi\u00f9 comunemente specificate in Nord America. La sua composizione bilanciata garantisce\u00a0<\/span><strong><span dir=\"auto\">un&#8217;eccellente fluidit\u00e0 durante la fusione, bassi difetti di ritiro e propriet\u00e0 meccaniche costanti<\/span><\/strong><span dir=\"auto\">\u00a0. Il CDA 836 \u00e8 ampiamente utilizzato per corpi valvola, alloggiamenti di pompe e componenti di cuscinetti in cui la resistenza alle perdite e la lavorabilit\u00e0 sono fondamentali.<\/span><\/p>\n<p><strong><span dir=\"auto\">Fusione di bronzo Cu85Zn5Pb5Sn5<\/span><\/strong><\/p>\n<p><strong><span dir=\"auto\">La fusione in bronzo Cu85Zn5Pb5Sn5<\/span><\/strong><span dir=\"auto\">\u00a0rappresenta la classica formulazione Gunmetal utilizzata in tutto il mondo da decenni. Lo zinco migliora la fluidit\u00e0, lo stagno fornisce robustezza e resistenza alla corrosione, e il piombo migliora la lavorabilit\u00e0. Questa lega offre prestazioni affidabili nella fusione in sabbia ed \u00e8 spesso scelta per\u00a0<\/span><strong><span dir=\"auto\">geometrie complesse che richiedono lavorazioni secondarie<\/span><\/strong><span dir=\"auto\">\u00a0.<\/span><\/p>\n<p><strong><span dir=\"auto\">Fusione in lega di bronzo canna di fucile 85-5-5-5<\/span><\/strong><\/p>\n<p><strong><span dir=\"auto\">La lega di bronzo fuso 85-5-5-5 Gunmetal<\/span><\/strong><span dir=\"auto\">\u00a0\u00e8 ampiamente accettata negli standard internazionali e nelle specifiche tradizionali. Se prodotta con fusione e alimentazione controllate, offre\u00a0<\/span><strong><span dir=\"auto\">una microstruttura uniforme, una buona tenuta alla pressione e un comportamento di lavorazione prevedibile<\/span><\/strong><span dir=\"auto\">\u00a0, rendendola adatta a programmi di fornitura a lungo termine e orientati all&#8217;esportazione.<\/span><\/p>\n<p><strong><span dir=\"auto\">Gradi dei materiali ed equivalenti internazionali<\/span><\/strong><\/p>\n<table>\n<thead>\n<tr>\n<td>\n<p><strong><span dir=\"auto\">Standard<\/span><\/strong><\/p>\n<\/td>\n<td>\n<p><strong><span dir=\"auto\">Grado \/ Designazione<\/span><\/strong><\/p>\n<\/td>\n<td>\n<p><strong><span dir=\"auto\">Nome comune<\/span><\/strong><\/p>\n<\/td>\n<\/tr>\n<\/thead>\n<tbody>\n<tr>\n<td>\n<p><span dir=\"auto\">ASTM<\/span><\/p>\n<\/td>\n<td>\n<p><span dir=\"auto\">B584 C83600<\/span><\/p>\n<\/td>\n<td>\n<p><span dir=\"auto\">CDA 836 \/ 85-5-5-5<\/span><\/p>\n<\/td>\n<\/tr>\n<tr>\n<td>\n<p><span dir=\"auto\">ASTM<\/span><\/p>\n<\/td>\n<td>\n<p><span dir=\"auto\">B584 C84400<\/span><\/p>\n<\/td>\n<td>\n<p><span dir=\"auto\">Ottone rosso<\/span><\/p>\n<\/td>\n<\/tr>\n<tr>\n<td>\n<p><span dir=\"auto\">Laurea triennale<\/span><\/p>\n<\/td>\n<td>\n<p><span dir=\"auto\">BS 1400 LG2 \/ CC491K<\/span><\/p>\n<\/td>\n<td>\n<p><span dir=\"auto\">LG2 Gunmetal<\/span><\/p>\n<\/td>\n<\/tr>\n<tr>\n<td>\n<p><span dir=\"auto\">\u00c8<\/span><\/p>\n<\/td>\n<td>\n<p><span dir=\"auto\">IS 318 LTB2<\/span><\/p>\n<\/td>\n<td>\n<p><span dir=\"auto\">Bronzo canna di fucile<\/span><\/p>\n<\/td>\n<\/tr>\n<tr>\n<td>\n<p><span dir=\"auto\">DIN<\/span><\/p>\n<\/td>\n<td>\n<p><span dir=\"auto\">DIN 1705 G-CuSn5ZnPb<\/span><\/p>\n<\/td>\n<td>\n<p><span dir=\"auto\">canna di fucile<\/span><\/p>\n<\/td>\n<\/tr>\n<tr>\n<td>\n<p><span dir=\"auto\">JIS<\/span><\/p>\n<\/td>\n<td>\n<p><span dir=\"auto\">BC6<\/span><\/p>\n<\/td>\n<td>\n<p><span dir=\"auto\">Bronzo allo stagno<\/span><\/p>\n<\/td>\n<\/tr>\n<tr>\n<td>\n<p><span dir=\"auto\">IT<\/span><\/p>\n<\/td>\n<td>\n<p><span dir=\"auto\">EN 1982 CC491K<\/span><\/p>\n<\/td>\n<td>\n<p><span dir=\"auto\">Equivalente LG2<\/span><\/p>\n<\/td>\n<\/tr>\n<tr>\n<td>\n<p><span dir=\"auto\">Cina (GB)<\/span><\/p>\n<\/td>\n<td>\n<p><span dir=\"auto\">ZCuSn5Pb5Zn5<\/span><\/p>\n<\/td>\n<td>\n<p><span dir=\"auto\">canna di fucile<\/span><\/p>\n<\/td>\n<\/tr>\n<\/tbody>\n<\/table>\n<p><strong><span dir=\"auto\">Processo di produzione \u2013 Fusione in sabbia di bronzo e ottone rosso<\/span><\/strong><\/p>\n<p><span dir=\"auto\">Il nostro\u00a0<\/span><strong><span dir=\"auto\">processo di fusione in sabbia<\/span><\/strong><span dir=\"auto\">\u00a0utilizza sabbia di formatura di alta qualit\u00e0, sistemi di colata ottimizzati e temperature di colata controllate per ottenere\u00a0<\/span><strong><span dir=\"auto\">getti solidi e densi<\/span><\/strong><span dir=\"auto\">\u00a0. Tutte le fusioni vengono verificate mediante spettrometri per garantire la conformit\u00e0 con la chimica specificata. Le operazioni post-fusione includono sbavatura, granigliatura, controlli dimensionali e, facoltativamente, lavorazione CNC.<\/span><\/p>\n<p><strong><span dir=\"auto\">Macchinari e infrastrutture<\/span><\/strong><\/p>\n<p><span dir=\"auto\">Utilizziamo\u00a0<\/span><strong><span dir=\"auto\">forni a induzione, miscelatori di sabbia, spara-anime, spettrometri, granigliatrici, centri di lavorazione CNC, centri di lavoro verticali (VMC) e apparecchiature di ispezione di precisione<\/span><\/strong><span dir=\"auto\">\u00a0, che ci consentono di fornire componenti in bronzo e ottone rosso grezzi o completamente lavorati.<\/span><\/p>\n<p><strong><span dir=\"auto\">Parti tipiche prodotte<\/span><\/strong><\/p>\n<p><span dir=\"auto\">Le fusioni in sabbia di bronzo canna di fucile, bronzo LG2 e ottone rosso vengono comunemente fornite come\u00a0<\/span><strong><span dir=\"auto\">corpi valvola, coperchi, corpi pompa, giranti, raccordi idraulici, gomiti, raccordi a T, flange, filtri, corpi misuratori, ferramenta marina e componenti progettati su misura<\/span><\/strong><span dir=\"auto\">\u00a0.<\/span><\/p>\n<p><strong><span dir=\"auto\">Capacit\u00e0 dimensionale indicativa<\/span><\/strong><\/p>\n<table>\n<thead>\n<tr>\n<td>\n<p><strong><span dir=\"auto\">Parametro<\/span><\/strong><\/p>\n<\/td>\n<td>\n<p><strong><span dir=\"auto\">Gamma tipica<\/span><\/strong><\/p>\n<\/td>\n<\/tr>\n<\/thead>\n<tbody>\n<tr>\n<td>\n<p><span dir=\"auto\">Peso di lancio<\/span><\/p>\n<\/td>\n<td>\n<p><span dir=\"auto\">da 0,5 kg a 250 kg<\/span><\/p>\n<\/td>\n<\/tr>\n<tr>\n<td>\n<p><span dir=\"auto\">Spessore della parete<\/span><\/p>\n<\/td>\n<td>\n<p><span dir=\"auto\">da 5 mm a 40 mm<\/span><\/p>\n<\/td>\n<\/tr>\n<tr>\n<td>\n<p><span dir=\"auto\">Lunghezza massima<\/span><\/p>\n<\/td>\n<td>\n<p><span dir=\"auto\">Fino a 800 mm<\/span><\/p>\n<\/td>\n<\/tr>\n<tr>\n<td>\n<p><span dir=\"auto\">Finitura superficiale (come fuso)<\/span><\/p>\n<\/td>\n<td>\n<p><span dir=\"auto\">Ra 12,5\u201325 \u00b5m<\/span><\/p>\n<\/td>\n<\/tr>\n<\/tbody>\n<\/table>\n<p><strong><span dir=\"auto\">Tolleranze, finitura e qualit\u00e0<\/span><\/strong><\/p>\n<p><span dir=\"auto\">Le tolleranze tipiche della fusione in sabbia sono conformi alla\u00a0<\/span><strong><span dir=\"auto\">norma ISO 8062 CT8\u2013CT10<\/span><\/strong><span dir=\"auto\">\u00a0. Le opzioni di finitura superficiale includono rivestimenti naturali, sabbiati o personalizzati. Placcature come\u00a0<\/span><strong><span dir=\"auto\">stagno o nichel<\/span><\/strong><span dir=\"auto\">\u00a0possono essere fornite su richiesta.<\/span><\/p>\n<p><strong><span dir=\"auto\">Settori serviti<\/span><\/strong><\/p>\n<p><span dir=\"auto\">I nostri prodotti sono destinati\u00a0<\/span><strong><span dir=\"auto\">ai settori acquedottistico, idraulico, delle infrastrutture municipali, marittimo, HVAC, antincendio, petrolifero e del gas (bassa pressione), delle centrali elettriche e dell&#8217;ingegneria generale<\/span><\/strong><span dir=\"auto\">\u00a0, con una forte domanda dal mercato statunitense.<\/span><\/p>\n<p><strong><span dir=\"auto\">Tempi di consegna, imballaggio e spedizione<\/span><\/strong><\/p>\n<p><span dir=\"auto\">I tempi di consegna standard sono\u00a0<\/span><strong><span dir=\"auto\">di 4-6 settimane<\/span><\/strong><span dir=\"auto\">\u00a0. Forniamo\u00a0<\/span><strong><span dir=\"auto\">imballaggi adatti all&#8217;esportazione, scatole personalizzate, etichette personalizzate, codici a barre e spedizioni su pallet<\/span><\/strong><span dir=\"auto\">\u00a0, garantendo consegne sicure in tutto il mondo.<\/span><\/p>\n<p><strong><span dir=\"auto\">Perch\u00e9 sceglierci<\/span><\/strong><\/p>\n<p><span dir=\"auto\">I clienti ci scelgono per\u00a0<\/span><strong><span dir=\"auto\">la competenza tecnica, la comunicazione reattiva, la pianificazione flessibile della produzione e oltre 30 anni di esperienza globale nel settore delle fonderie<\/span><\/strong><span dir=\"auto\">\u00a0. Il nostro team di ingegneri supporta attivamente\u00a0<\/span><strong><span dir=\"auto\">l&#8217;ottimizzazione dello stampaggio, la selezione delle leghe e la progettazione di fusioni economicamente vantaggiose<\/span><\/strong><span dir=\"auto\">\u00a0, aiutando i clienti a migliorare il valore complessivo.<\/span><\/p>\n<p><strong><span dir=\"auto\">Testimonianze dei clienti<\/span><\/strong><\/p>\n<p><strong><span dir=\"auto\">John M., USA<\/span><\/strong><br \/><span dir=\"auto\">&#8220;Fusioni in ottone rosso e bronzo LG2 affidabili e di qualit\u00e0 costante. Comunicazione e documentazione eccellenti.&#8221;<\/span><\/p>\n<p><strong><span dir=\"auto\">David H., Australia<\/span><\/strong><br \/><span dir=\"auto\">&#8220;Le fusioni in sabbia di bronzo hanno soddisfatto tutte le specifiche. Il contributo tecnico del team ci ha aiutato a ridurre i tempi di lavorazione.&#8221;<\/span><\/p>\n<p><strong><span dir=\"auto\">Glossario dei termini<\/span><\/strong><\/p>\n<p><strong><span dir=\"auto\">Ottone rosso<\/span><\/strong><span dir=\"auto\">\u00a0\u2013 Lega di bronzo ad alto contenuto di rame con eccellente resistenza alla corrosione. Bronzo<\/span><br \/><strong><span dir=\"auto\">canna di fucile<\/span><\/strong><span dir=\"auto\">\u00a0\u2013 Lega di bronzo tradizionale per applicazioni sotto pressione.<\/span><br \/><strong><span dir=\"auto\">Bronzo LG2<\/span><\/strong><span dir=\"auto\">\u00a0\u2013 Bronzo allo stagno e piombo conforme allo standard britannico (CC491K).<\/span><br \/><strong><span dir=\"auto\">Fusione in sabbia<\/span><\/strong><span dir=\"auto\">\u00a0\u2013 Metodo di fusione che utilizza stampi in sabbia per forme complesse.<\/span><br \/><strong><span dir=\"auto\">Tenuta alla pressione<\/span><\/strong><span dir=\"auto\">\u00a0\u2013 Capacit\u00e0 di un getto di resistere alle perdite sotto pressione.<\/span><br \/><strong><span dir=\"auto\">Fusione in sabbia<\/span><\/strong><span dir=\"auto\">\u00a0\u2013 Processo di produzione che crea componenti metallici versando metallo fuso in stampi di sabbia a perdere formati attorno a modelli che riproducono la geometria desiderata.<\/span><\/p>\n<p><strong><span dir=\"auto\">Gunmetal<\/span><\/strong><span dir=\"auto\">\u00a0\u2013 Lega quaternaria di rame, stagno, zinco e piombo originariamente sviluppata per la produzione di cannoni, ora ampiamente utilizzata per hardware marino, valvole e componenti resistenti alla corrosione.<\/span><\/p>\n<p><strong><span dir=\"auto\">LG2 Bronzo<\/span><\/strong><span dir=\"auto\">\u00a0\u2013 Designazione standard britannica per la composizione di bronzo al piombo con circa l&#8217;85% di rame, il 5% di stagno, il 5% di zinco e il 5% di piombo secondo BS 1400-1985.<\/span><\/p>\n<p><strong><span dir=\"auto\">Dezincificazione<\/span><\/strong><span dir=\"auto\">\u00a0: meccanismo di corrosione selettiva che rimuove lo zinco dalle leghe di rame in determinati ambienti, lasciando residui porosi ricchi di rame con propriet\u00e0 meccaniche degradate.<\/span><\/p>\n<p><strong><span dir=\"auto\">Modello<\/span><\/strong><span dir=\"auto\">\u00a0: replica della geometria di fusione desiderata utilizzata per formare la cavit\u00e0 dello stampo in sabbia, incorporando tolleranze per il ritiro, materiale di lavorazione e angoli di sformo che ne facilitano la rimozione.<\/span><\/p>\n<p><strong><span dir=\"auto\">Nucleo<\/span><\/strong><span dir=\"auto\">\u00a0: inserto di sabbia inserito nella cavit\u00e0 dello stampo per formare passaggi interni, cavit\u00e0 o sottosquadri nel getto finito.<\/span><\/p>\n<p><strong><span dir=\"auto\">Sistema di colata<\/span><\/strong><span dir=\"auto\">\u00a0: canali che comprendono colatoio, canale di colata e attacco di colata e controllano il flusso del metallo fuso dal bacino di colata alla cavit\u00e0 dello stampo.<\/span><\/p>\n<p><strong><span dir=\"auto\">Riser<\/span><\/strong><span dir=\"auto\">\u00a0\u2013 Serbatoio di metallo fuso che alimenta il ritiro di solidificazione nelle sezioni di fusione, prevenendo la porosit\u00e0 nel componente finito.<\/span><\/p>\n<p><strong><span dir=\"auto\">Sbavatura<\/span><\/strong><span dir=\"auto\">\u00a0\u2013 Rimozione dei sistemi di colata, delle colonne montanti e del materiale in eccesso dai getti dopo la solidificazione e la rimozione dello stampo.<\/span><\/p>\n<p><strong><span dir=\"auto\">Sabbia verde<\/span><\/strong><span dir=\"auto\">\u00a0\u2013 Miscela di materiale di stampaggio composta da sabbia silicea, argilla bentonitica, acqua e additivi utilizzata nei sistemi di stampaggio riutilizzabili.<\/span><\/p>\n<p><strong><span dir=\"auto\">Angolo di sformo<\/span><\/strong><span dir=\"auto\">\u00a0: conicit\u00e0 incorporata nella geometria del modello che facilita la rimozione dallo stampo di sabbia senza danneggiare le superfici della cavit\u00e0 dello stampo.<\/span><\/p>\n<p><strong><span dir=\"auto\">Tolleranza di restringimento<\/span><\/strong><span dir=\"auto\">\u00a0: aumento dimensionale nella geometria del modello che compensa la contrazione termica quando il metallo fuso si solidifica e si raffredda a temperatura ambiente.<\/span><\/p>\n<p><strong><span dir=\"auto\">Lavorabilit\u00e0<\/span><\/strong><span dir=\"auto\">\u00a0\u2013 Caratteristica del materiale che descrive la facilit\u00e0 di formazione del truciolo, i tassi di usura degli utensili e la qualit\u00e0 della finitura superficiale durante le operazioni di lavorazione.<\/span><\/p>\n<p><strong><span dir=\"auto\">Antimicrobico<\/span><\/strong><span dir=\"auto\">\u00a0\u2013 Propriet\u00e0 delle leghe a base di rame, tra cui il bronzo, di inibire la crescita batterica sulle superfici dei componenti attraverso l\u2019effetto oligodinamico.<\/span><\/p>\n<p>\u00a0<\/p>\n<p><strong><span dir=\"auto\">Termini correlati<\/span><\/strong><\/p>\n<p><span dir=\"auto\">Fusione in sabbia di ottone rosso, Fusione in bronzo canna di fucile, Fonderia di bronzo LG2 India, Produttore di bronzo CDA 836, Esportatore di fusione di corpi valvola in bronzo, Servizi di fusione in sabbia di bronzo, Produttore di fusione in bronzo canna di fucile, Componenti in bronzo LG2, Fusioni in bronzo marino, Fusione in bronzo C83600, Lega canna di fucile 85-5-5-5, Fusioni in bronzo al piombo, Fusione in sabbia di lega di rame, Corpi valvola in bronzo, Fusioni di ferramenta marina, Fusione in bronzo per corpi pompa, Fusione in bronzo per corpi cuscinetto, Bronzo resistente all&#8217;acqua di mare, Lega di rame resistente alla corrosione, Componenti per eliche in bronzo, Fusioni per equipaggiamento navale, Valvole industriali in bronzo, Semilavorati per ingranaggi in bronzo, Lega di rame, stagno, zinco, piombo, Bronzo BS 1400 LG2, ASTM B584 C83600, Bronzo EN 1982 CC491K, Fusione in bronzo a tenuta di pressione<\/span><\/p>\n<p><strong><span dir=\"auto\">Chiamata all&#8217;azione<\/span><\/strong><\/p>\n<p><strong><span dir=\"auto\">Cerchi un fornitore affidabile per fusioni in sabbia di Gunmetal, bronzo LG2 o ottone rosso?<\/span><\/strong><br \/><span dir=\"auto\">Contattaci oggi stesso per un\u00a0<\/span><strong><span dir=\"auto\">preventivo<\/span><\/strong><span dir=\"auto\">\u00a0, richiedi una\u00a0<\/span><strong><span dir=\"auto\">brochure tecnica<\/span><\/strong><span dir=\"auto\">\u00a0o contattaci via\u00a0<\/span><strong><span dir=\"auto\">email, telefono o WhatsApp<\/span><\/strong><span dir=\"auto\">\u00a0. Il nostro team \u00e8 pronto a supportare il tuo prossimo progetto.<\/span><\/p>\n","protected":false},"excerpt":{"rendered":"<p>Fusione in sabbia di bronzo, fusione in sabbia di bronzo LG2 e fusione in sabbia di ottone rosso dalla fonderia indiana Get Quote In 24 Hours Panoramica \u2013 Getti in sabbia di bronzo, bronzo LG2 e ottone rosso per applicazioni globali Siamo uno dei principali produttori ed esportatori di\u00a0getti in sabbia di bronzo, getti in [&hellip;]<\/p>\n","protected":false},"author":1,"featured_media":0,"parent":0,"menu_order":0,"comment_status":"closed","ping_status":"closed","template":"","meta":{"_joinchat":[],"footnotes":""},"class_list":["post-8377","page","type-page","status-publish","hentry"],"_links":{"self":[{"href":"https:\/\/conex-casting.com\/it\/wp-json\/wp\/v2\/pages\/8377","targetHints":{"allow":["GET"]}}],"collection":[{"href":"https:\/\/conex-casting.com\/it\/wp-json\/wp\/v2\/pages"}],"about":[{"href":"https:\/\/conex-casting.com\/it\/wp-json\/wp\/v2\/types\/page"}],"author":[{"embeddable":true,"href":"https:\/\/conex-casting.com\/it\/wp-json\/wp\/v2\/users\/1"}],"replies":[{"embeddable":true,"href":"https:\/\/conex-casting.com\/it\/wp-json\/wp\/v2\/comments?post=8377"}],"version-history":[{"count":2,"href":"https:\/\/conex-casting.com\/it\/wp-json\/wp\/v2\/pages\/8377\/revisions"}],"predecessor-version":[{"id":8677,"href":"https:\/\/conex-casting.com\/it\/wp-json\/wp\/v2\/pages\/8377\/revisions\/8677"}],"wp:attachment":[{"href":"https:\/\/conex-casting.com\/it\/wp-json\/wp\/v2\/media?parent=8377"}],"curies":[{"name":"wp","href":"https:\/\/api.w.org\/{rel}","templated":true}]}}