{"id":8539,"date":"2026-02-06T08:49:15","date_gmt":"2026-02-06T08:49:15","guid":{"rendered":"https:\/\/conex-casting.com\/?page_id=8539"},"modified":"2026-02-07T08:26:56","modified_gmt":"2026-02-07T08:26:56","slug":"fusione-a-gravita-in-alluminio","status":"publish","type":"page","link":"https:\/\/conex-casting.com\/it\/fusione-a-gravita-in-alluminio\/","title":{"rendered":"Fusione a gravit\u00e0 in alluminio"},"content":{"rendered":"\n<p><img loading=\"lazy\" decoding=\"async\" class=\"alignnone size-full wp-image-7624\" src=\"http:\/\/conex-casting.com\/wp-content\/uploads\/2025\/01\/Aluminium-Gravity-Die-Casting-GDC.jpg\" alt=\"Aluminium Gravity Die Casting (GDC)\" width=\"250\" height=\"250\" srcset=\"https:\/\/conex-casting.com\/wp-content\/uploads\/2025\/01\/Aluminium-Gravity-Die-Casting-GDC.jpg 250w, https:\/\/conex-casting.com\/wp-content\/uploads\/2025\/01\/Aluminium-Gravity-Die-Casting-GDC-150x150.jpg 150w\" sizes=\"auto, (max-width: 250px) 100vw, 250px\" \/> <img loading=\"lazy\" decoding=\"async\" class=\"alignnone size-full wp-image-5658\" src=\"http:\/\/conex-casting.com\/wp-content\/uploads\/2019\/03\/Gravity-Die-Casting-03.jpg\" alt=\"Pressofusione a gravit\u00e0\" width=\"250\" height=\"250\" srcset=\"https:\/\/conex-casting.com\/wp-content\/uploads\/2019\/03\/Gravity-Die-Casting-03.jpg 250w, https:\/\/conex-casting.com\/wp-content\/uploads\/2019\/03\/Gravity-Die-Casting-03-150x150.jpg 150w\" sizes=\"auto, (max-width: 250px) 100vw, 250px\" \/> <img loading=\"lazy\" decoding=\"async\" class=\"alignnone size-full wp-image-5657\" src=\"http:\/\/conex-casting.com\/wp-content\/uploads\/2019\/03\/Gravity-Die-Casting-02.jpg\" alt=\"Pressofusione a gravit\u00e0\" width=\"250\" height=\"250\" srcset=\"https:\/\/conex-casting.com\/wp-content\/uploads\/2019\/03\/Gravity-Die-Casting-02.jpg 250w, https:\/\/conex-casting.com\/wp-content\/uploads\/2019\/03\/Gravity-Die-Casting-02-150x150.jpg 150w\" sizes=\"auto, (max-width: 250px) 100vw, 250px\" \/><\/p>\n<p style=\"text-align: center;\"><strong><a class=\"maxbutton-1 maxbutton maxbutton-product-page-button open-popup-modal\"><span class=\"mb-text\">Get Quotes In 24 Hours<\/span><\/a><\/strong><\/p>\n<h2><strong><span dir=\"auto\">Fonderia di precisione per fusione a gravit\u00e0 per getti di alta qualit\u00e0<\/span><\/strong><\/h2>\n<p><span dir=\"auto\">Conex Casting offre una vasta gamma di componenti realizzati con le nostre macchine per la fusione a gravit\u00e0 (GDC). La fusione a gravit\u00e0 dell&#8217;alluminio (GDC) \u00e8 un processo di fusione in stampo permanente utilizzato per produrre componenti in alluminio di alta qualit\u00e0 e precisione ingegneristica. A differenza della pressofusione, la fusione a gravit\u00e0 sfrutta la naturale forza di gravit\u00e0 per riempire lo stampo, ottenendo getti pi\u00f9 densi, resistenti e dimensionalmente pi\u00f9 precisi.<\/span><\/p>\n<p><span dir=\"auto\">Siamo specializzati in soluzioni GDC personalizzate in alluminio, offrendo fusioni ad alta precisione per applicazioni automobilistiche, aerospaziali, elettriche, industriali e navali. Grazie ai nostri impianti di fusione all&#8217;avanguardia, garantiamo qualit\u00e0 superiore, eccellente finitura superficiale e produzione a costi contenuti.<\/span><\/p>\n<hr \/>\n<h2><strong><span dir=\"auto\">Che cos&#8217;\u00e8 la fusione a gravit\u00e0 dell&#8217;alluminio (GDC)?<\/span><\/strong><\/h2>\n<p><span dir=\"auto\">La fusione a gravit\u00e0 \u00e8 un processo di fusione di metalli in cui l&#8217;alluminio fuso viene colato in uno stampo (stampo) in acciaio o ghisa per effetto della gravit\u00e0, senza pressione esterna. Il metallo fuso riempie la cavit\u00e0 e si solidifica, formando un componente in alluminio ad alta resistenza. L&#8217;utilizzo di stampi riutilizzabili rende la fusione a gravit\u00e0 efficiente per la produzione di volumi medio-alti.<\/span><\/p>\n<h3><strong><span dir=\"auto\">Principali vantaggi della fusione a gravit\u00e0:<\/span><\/strong><\/h3>\n<p><span dir=\"auto\">\u2714 Maggiore resistenza e densit\u00e0: produce parti pi\u00f9 dense e resistenti rispetto alla fusione in sabbia.<\/span><br \/><span dir=\"auto\">\u2714 Finitura superficiale superiore: richiede meno post-lavorazione, riducendo i costi.<\/span><br \/><span dir=\"auto\">\u2714 Precisione dimensionale: garantisce tolleranze pi\u00f9 strette e una migliore ripetibilit\u00e0.<\/span><br \/><span dir=\"auto\">\u2714 Adatto a forme complesse: ideale per parti con pareti sottili e dettagliate.<\/span><br \/><span dir=\"auto\">\u2714 Migliore resistenza al calore e alla corrosione: ideale per applicazioni automobilistiche, marine e industriali.<\/span><\/p>\n<hr \/>\n<h2><strong><span dir=\"auto\">Processo di fusione a gravit\u00e0 dell&#8217;alluminio<\/span><\/strong><\/h2>\n<p><span dir=\"auto\">Il processo GDC prevede\u00a0\u00a0<\/span><strong><span dir=\"auto\">sei fasi chiave<\/span><\/strong><span dir=\"auto\">\u00a0:<\/span><\/p>\n<h3><strong><span dir=\"auto\">1. Preparazione dello stampo<\/span><\/strong><\/h3>\n<ul>\n<li><span dir=\"auto\">Lo stampo permanente in acciaio (matrice) viene preriscaldato e rivestito con un agente distaccante in grafite o ceramica per garantire una facile espulsione del pezzo e una maggiore durata dello stampo.<\/span><\/li>\n<\/ul>\n<h3><strong><span dir=\"auto\">2. Colata di alluminio fuso<\/span><\/strong><\/h3>\n<ul>\n<li><span dir=\"auto\">Una lega di alluminio fuso di alta qualit\u00e0 viene colata nella cavit\u00e0 dello stampo per gravit\u00e0.<\/span><\/li>\n<li><span dir=\"auto\">Il versamento avviene manualmente o tramite mestoli automatici per garantire un riempimento preciso e una turbolenza minima.<\/span><\/li>\n<\/ul>\n<h3><strong><span dir=\"auto\">3. Solidificazione e raffreddamento<\/span><\/strong><\/h3>\n<ul>\n<li><span dir=\"auto\">L&#8217;alluminio si raffredda e si solidifica all&#8217;interno dello stampo, assumendo la forma desiderata.<\/span><\/li>\n<li><span dir=\"auto\">Un raffreddamento adeguato riduce le tensioni interne e migliora le propriet\u00e0 metallurgiche.<\/span><\/li>\n<\/ul>\n<h3><span dir=\"auto\">4. Espulsione del componente fuso<\/span><\/h3>\n<ul>\n<li><span dir=\"auto\">Lo stampo viene aperto e il getto viene estratto mediante un meccanismo di espulsione.<\/span><\/li>\n<li><span dir=\"auto\">La parte in alluminio solidificata \u00e8 ora pronta per essere rifinita e rifinita.<\/span><\/li>\n<\/ul>\n<h3><strong><span dir=\"auto\">5. Rifilatura e rimozione del materiale in eccesso<\/span><\/strong><\/h3>\n<ul>\n<li><span dir=\"auto\">Le materozze, i canali di colata e le sbavature (materiale in eccesso) vengono rimossi mediante rifilatura meccanica o lavorazione meccanica.<\/span><\/li>\n<li><span dir=\"auto\">Ci\u00f2 garantisce bordi puliti e dimensioni precise.<\/span><\/li>\n<\/ul>\n<h3><strong><span dir=\"auto\">6. Finitura superficiale e controllo qualit\u00e0<\/span><\/strong><\/h3>\n<ul>\n<li><span dir=\"auto\">La parte finale viene sottoposta a vari processi di finitura (sabbiatura, lavorazione meccanica, anodizzazione).<\/span><\/li>\n<li><span dir=\"auto\">Ogni fusione viene ispezionata per verificare eventuali difetti, porosit\u00e0 e precisione dimensionale prima della spedizione.<\/span><\/li>\n<\/ul>\n<hr \/>\n<h2><strong><span dir=\"auto\">Parti comuni in alluminio pressofuso per gravit\u00e0<\/span><\/strong><\/h2>\n<p><span dir=\"auto\">La GDC \u00e8 ampiamente utilizzata nella produzione di componenti leggeri e ad alta resistenza per diversi settori industriali. Tra i componenti tipici figurano:<\/span><\/p>\n<ul>\n<li><strong><span dir=\"auto\">Componenti per autoveicoli:<\/span><\/strong><span dir=\"auto\">\u00a0\u00a0blocchi motore, testate dei cilindri, scatole del cambio, mozzi delle ruote.<\/span><\/li>\n<li><strong><span dir=\"auto\">Aerospaziale e difesa:<\/span><\/strong><span dir=\"auto\">\u00a0\u00a0staffe per aeromobili, componenti strutturali, parti del sistema di alimentazione.<\/span><\/li>\n<li><strong><span dir=\"auto\">Elettrico ed elettronico:<\/span><\/strong><span dir=\"auto\">\u00a0\u00a0dissipatori di calore, componenti di quadri elettrici, involucri, connettori.<\/span><\/li>\n<li><strong><span dir=\"auto\">Macchinari industriali:<\/span><\/strong><span dir=\"auto\">\u00a0\u00a0corpi pompa, componenti idraulici, corpi compressore.<\/span><\/li>\n<li><strong><span dir=\"auto\">Settore navale e cantieristico:<\/span><\/strong><span dir=\"auto\">\u00a0\u00a0accessori di coperta resistenti alla corrosione, corpi pompa marini.<\/span><\/li>\n<li><strong><span dir=\"auto\">Apparecchiature mediche:<\/span><\/strong><span dir=\"auto\">\u00a0\u00a0telai di macchine diagnostiche, involucri di strumenti.<\/span><\/li>\n<li><strong><span dir=\"auto\">Ingegneria generale:<\/span><\/strong><span dir=\"auto\">\u00a0\u00a0staffe ad alta precisione, piastre di montaggio, supporti meccanici.<\/span><\/li>\n<\/ul>\n<hr \/>\n<h2><strong><span dir=\"auto\">Capacit\u00e0 di dimensioni e peso dei componenti GDC in alluminio<\/span><\/strong><\/h2>\n<p><span dir=\"auto\">Offriamo\u00a0\u00a0<\/span><strong><span dir=\"auto\">soluzioni di fusione personalizzate<\/span><\/strong><span dir=\"auto\">\u00a0\u00a0per un&#8217;ampia\u00a0\u00a0<\/span><strong><span dir=\"auto\">gamma di dimensioni e pesi dei pezzi<\/span><\/strong><span dir=\"auto\">\u00a0:<\/span><\/p>\n<table border=\"2\" cellspacing=\"0\" cellpadding=\"0\">\n<thead>\n<tr>\n<th><strong><span dir=\"auto\">Tipo di componente<\/span><\/strong><\/th>\n<th><strong><span dir=\"auto\">Gamma di peso<\/span><\/strong><\/th>\n<\/tr>\n<\/thead>\n<tbody>\n<tr>\n<td><span dir=\"auto\">Piccole parti (connettori, raccordi)<\/span><\/td>\n<td><span dir=\"auto\">50 g \u2013 1 kg<\/span><\/td>\n<\/tr>\n<tr>\n<td><span dir=\"auto\">Componenti di medie dimensioni (alloggiamenti pompa, staffe motore)<\/span><\/td>\n<td><span dir=\"auto\">1 kg \u2013 15 kg<\/span><\/td>\n<\/tr>\n<tr>\n<td><span dir=\"auto\">Grandi getti (scatole di trasmissione, telai strutturali)<\/span><\/td>\n<td><span dir=\"auto\">15 kg \u2013 50 kg+<\/span><\/td>\n<\/tr>\n<tr>\n<td><span dir=\"auto\">Capacit\u00e0 massima di dimensioni<\/span><\/td>\n<td><span dir=\"auto\">Fino a 1000 mm di lunghezza<\/span><\/td>\n<\/tr>\n<\/tbody>\n<\/table>\n<p><span dir=\"auto\">La nostra\u00a0\u00a0<\/span><strong><span dir=\"auto\">avanzata tecnologia di pressofusione<\/span><\/strong><span dir=\"auto\">\u00a0\u00a0garantisce\u00a0\u00a0<\/span><strong><span dir=\"auto\">elevata ripetibilit\u00e0 e stabilit\u00e0 dimensionale<\/span><\/strong><span dir=\"auto\">\u00a0, anche per geometrie complesse.<\/span><\/p>\n<hr \/>\n<h2><strong><span dir=\"auto\">Gradi di alluminio utilizzati nella fusione a gravit\u00e0<\/span><\/strong><\/h2>\n<p><span dir=\"auto\">Produciamo componenti GDC utilizzando leghe di alluminio di alta qualit\u00e0 che garantiscono eccellenti propriet\u00e0 meccaniche, resistenza alla corrosione e all&#8217;usura.<\/span><\/p>\n<table border=\"2\" cellspacing=\"0\" cellpadding=\"0\">\n<thead>\n<tr>\n<th><strong><span dir=\"auto\">Lega<\/span><\/strong><\/th>\n<th><strong><span dir=\"auto\">Propriet\u00e0 e applicazioni<\/span><\/strong><\/th>\n<\/tr>\n<\/thead>\n<tbody>\n<tr>\n<td><span dir=\"auto\">LM6 (A356, AlSi12)<\/span><\/td>\n<td><span dir=\"auto\">Eccellente resistenza alla corrosione, ideale per componenti navali e automobilistiche.<\/span><\/td>\n<\/tr>\n<tr>\n<td><span dir=\"auto\">LM9 (AlSi10Mg)<\/span><\/td>\n<td><span dir=\"auto\">Buona lavorabilit\u00e0, utilizzato nell&#8217;ingegneria aerospaziale e in generale.<\/span><\/td>\n<\/tr>\n<tr>\n<td><span dir=\"auto\">LM25 (AlSi7Mg)<\/span><\/td>\n<td><span dir=\"auto\">Elevata resistenza, utilizzato nei componenti strutturali automobilistici.<\/span><\/td>\n<\/tr>\n<tr>\n<td><span dir=\"auto\">AlSi9Cu3 (A319)<\/span><\/td>\n<td><span dir=\"auto\">Resistente all&#8217;usura, ideale per le parti del motore.<\/span><\/td>\n<\/tr>\n<tr>\n<td><span dir=\"auto\">AlSi12Cu (ADC3)<\/span><\/td>\n<td><span dir=\"auto\">Elevata conduttivit\u00e0 termica, utilizzato nei dissipatori di calore e negli involucri elettrici.<\/span><\/td>\n<\/tr>\n<\/tbody>\n<\/table>\n<p><span dir=\"auto\">Il nostro team \u00e8 in grado di consigliare la\u00a0\u00a0<\/span><strong><span dir=\"auto\">lega migliore<\/span><\/strong><span dir=\"auto\">\u00a0\u00a0in base ai\u00a0\u00a0<\/span><strong><span dir=\"auto\">requisiti applicativi, alle propriet\u00e0 meccaniche e alle considerazioni sui costi<\/span><\/strong><span dir=\"auto\">\u00a0.<\/span><\/p>\n<hr \/>\n<h2><strong><span dir=\"auto\">Settori in cui operiamo<\/span><\/strong><\/h2>\n<p><span dir=\"auto\">Forniamo componenti GDC in alluminio di alta qualit\u00e0 a un&#8217;ampia gamma di settori, garantendo precisione, durata e convenienza.<\/span><\/p>\n<h3><strong><span dir=\"auto\">Settori a cui ci rivolgiamo:<\/span><\/strong><\/h3>\n<ul>\n<li><span dir=\"auto\">\u00a0Automobilistico \u2013 Parti del motore, scatole del cambio, scatole di trasmissione.<\/span><\/li>\n<li><span dir=\"auto\">\u00a0Aerospaziale \u2013 Componenti strutturali degli aeromobili, parti del sistema di alimentazione.<\/span><\/li>\n<li><span dir=\"auto\">\u00a0Elettrico ed elettronico: involucri per quadri elettrici, dissipatori di calore.<\/span><\/li>\n<li><span dir=\"auto\">\u00a0Attrezzature industriali: compressori, pompe, alloggiamenti idraulici.<\/span><\/li>\n<li><span dir=\"auto\">Marina \u2013 Accessori di coperta resistenti all&#8217;acqua salata, pompe marine.<\/span><\/li>\n<li><span dir=\"auto\">Apparecchiature mediche \u2013 Involucri per macchine per l&#8217;imaging, parti di precisione.<\/span><\/li>\n<\/ul>\n<p><span dir=\"auto\">La nostra competenza nelle soluzioni personalizzate di fusione dell&#8217;alluminio ci consente di soddisfare applicazioni specializzate e ad alta precisione.<\/span><\/p>\n<hr \/>\n<h2><strong><span dir=\"auto\">Finitura e post-elaborazione<\/span><\/strong><\/h2>\n<p><span dir=\"auto\">Dopo la fusione, le operazioni di finitura migliorano la qualit\u00e0 della superficie, le propriet\u00e0 meccaniche e le prestazioni.<\/span><\/p>\n<h3><strong><span dir=\"auto\">Metodi di finitura comuni per i componenti GDC:<\/span><\/strong><\/h3>\n<ul>\n<li><span dir=\"auto\">Granigliatura\/Sabbiatura: rimuove gli ossidi superficiali e ne migliora la consistenza.<\/span><\/li>\n<li><span dir=\"auto\">Lavorazione CNC: consente di ottenere tolleranze ristrette e superfici lisce.<\/span><\/li>\n<li><span dir=\"auto\">Anodizzazione e galvanica: migliorano la resistenza alla corrosione e l&#8217;estetica.<\/span><\/li>\n<li><span dir=\"auto\">Verniciatura a polvere e verniciatura: offre protezione aggiuntiva e opzioni di colore.<\/span><\/li>\n<li><span dir=\"auto\">Trattamento termico (tempra T6) \u2013 Migliora la resistenza meccanica e la resistenza all\u2019usura.<\/span><\/li>\n<li><span dir=\"auto\">Test di tenuta e test di pressione: garantiscono tenuta stagna e resistenza ad alta pressione.<\/span><\/li>\n<\/ul>\n<p><span dir=\"auto\">Garantiamo che tutti i getti soddisfano i pi\u00f9 elevati standard del settore in termini di prestazioni, durata e qualit\u00e0 superficiale.<\/span><\/p>\n<hr \/>\n<h2><strong><span dir=\"auto\">Perch\u00e9 scegliere noi per la fusione a gravit\u00e0 dell&#8217;alluminio?<\/span><\/strong><\/h2>\n<ul>\n<li><span dir=\"auto\">Fonderia all&#8217;avanguardia: impianti di fusione avanzati con colata automatizzata.<\/span><\/li>\n<li><span dir=\"auto\">Fusioni di alta qualit\u00e0: progettate con precisione per soddisfare gli standard internazionali.<\/span><\/li>\n<li><span dir=\"auto\">Supporto ingegneristico e di progettazione personalizzato: soluzioni su misura per esigenze progettuali uniche.<\/span><\/li>\n<li><span dir=\"auto\">Prezzi competitivi: produzione conveniente per volumi medio-alti.<\/span><\/li>\n<li><span dir=\"auto\">Tempi di consegna rapidi e puntuali: gestione efficiente della produzione e della catena di fornitura<\/span><\/li>\n<li><span dir=\"auto\">\u00a0Controllo di qualit\u00e0 e ispezione rigorosi: ogni fusione viene sottoposta a rigorosi test.<\/span><\/li>\n<\/ul>\n<hr \/>\n<p><span dir=\"auto\">Offriamo anche le seguenti fusioni in ottone e bronzo per vari settori:<\/span><\/p>\n<h2><strong><span dir=\"auto\">Leghe a base di rame (ottone e bronzo) per fusione a gravit\u00e0<\/span><\/strong><\/h2>\n<ul>\n<li><strong><span dir=\"auto\">Ottone (leghe Cu-Zn)<\/span><\/strong>\n<ul>\n<li><span dir=\"auto\">Gradi comuni: C36000, C37700, C46400 (ottone navale), C68700 (ottone alluminio).<\/span><\/li>\n<li><span dir=\"auto\">Applicazioni: impianti idraulici, valvole, raccordi, componenti elettrici, ferramenta nautica.<\/span><\/li>\n<\/ul>\n<\/li>\n<li><strong><span dir=\"auto\">Bronzo (leghe Cu-Sn)<\/span><\/strong>\n<ul>\n<li><span dir=\"auto\">Gradi comuni: C90300, C90500, C90700 (bronzo fosforoso), C95500 (bronzo alluminio).<\/span><\/li>\n<li><span dir=\"auto\">Applicazioni: cuscinetti, boccole, ingranaggi, parti di pompe, terminali elettrici.<\/span><\/li>\n<\/ul>\n<\/li>\n<li><strong>Silicon Bronze (Cu-Si Alloys)<\/strong>\n<ul>\n<li><span dir=\"auto\">Gradi comuni: C87300, C87600.<\/span><\/li>\n<li><span dir=\"auto\">Applicazioni: ferramenta architettonica, accessori nautici, contatti elettrici.<\/span><\/li>\n<\/ul>\n<\/li>\n<\/ul>\n<h2><strong><span dir=\"auto\">Ottieni fusioni in alluminio personalizzate tramite pressofusione a gravit\u00e0: contattaci oggi stesso!<\/span><\/strong><\/h2>\n<p><span dir=\"auto\">Cerchi un produttore affidabile di pressofusione in alluminio (GDC)? Offriamo soluzioni di fusione personalizzate, produzione in serie e prototipazione per clienti globali.<\/span><\/p>\n","protected":false},"excerpt":{"rendered":"<p>Get Quotes In 24 Hours Fonderia di precisione per fusione a gravit\u00e0 per getti di alta qualit\u00e0 Conex Casting offre una vasta gamma di componenti realizzati con le nostre macchine per la fusione a gravit\u00e0 (GDC). La fusione a gravit\u00e0 dell&#8217;alluminio (GDC) \u00e8 un processo di fusione in stampo permanente utilizzato per produrre componenti in [&hellip;]<\/p>\n","protected":false},"author":1,"featured_media":0,"parent":0,"menu_order":0,"comment_status":"closed","ping_status":"closed","template":"","meta":{"_joinchat":[],"footnotes":""},"class_list":["post-8539","page","type-page","status-publish","hentry"],"_links":{"self":[{"href":"https:\/\/conex-casting.com\/it\/wp-json\/wp\/v2\/pages\/8539","targetHints":{"allow":["GET"]}}],"collection":[{"href":"https:\/\/conex-casting.com\/it\/wp-json\/wp\/v2\/pages"}],"about":[{"href":"https:\/\/conex-casting.com\/it\/wp-json\/wp\/v2\/types\/page"}],"author":[{"embeddable":true,"href":"https:\/\/conex-casting.com\/it\/wp-json\/wp\/v2\/users\/1"}],"replies":[{"embeddable":true,"href":"https:\/\/conex-casting.com\/it\/wp-json\/wp\/v2\/comments?post=8539"}],"version-history":[{"count":2,"href":"https:\/\/conex-casting.com\/it\/wp-json\/wp\/v2\/pages\/8539\/revisions"}],"predecessor-version":[{"id":8644,"href":"https:\/\/conex-casting.com\/it\/wp-json\/wp\/v2\/pages\/8539\/revisions\/8644"}],"wp:attachment":[{"href":"https:\/\/conex-casting.com\/it\/wp-json\/wp\/v2\/media?parent=8539"}],"curies":[{"name":"wp","href":"https:\/\/api.w.org\/{rel}","templated":true}]}}