{"id":3236,"date":"2021-02-17T11:54:24","date_gmt":"2021-02-17T11:54:24","guid":{"rendered":"http:\/\/conex-casting.com\/?page_id=3236"},"modified":"2021-03-04T13:02:18","modified_gmt":"2021-03-04T13:02:18","slug":"sobre-nos","status":"publish","type":"page","link":"https:\/\/conex-casting.com\/pt-br\/sobre-nos\/","title":{"rendered":"Sobre n\u00f3s"},"content":{"rendered":"<p style=\"text-align: justify;\">Conex Casting \u00e9 um dos fabricantes e fornecedores de Conex Casting mais conceituados e estabelecidos, prestando servi\u00e7os a organiza\u00e7\u00f5es de renome na \u00cdndia e no estrangeiro.<\/p>\n<p style=\"text-align: justify;\">Os anos de experi\u00eancia e excelente consci\u00eancia de qualidade fizeram seu pr\u00f3prio nome no arquivo de fabrica\u00e7\u00e3o e fornecimento de fundi\u00e7\u00e3o.<\/p>\n<p style=\"text-align: justify;\">Nossa planta principal em Jamnagar possui instala\u00e7\u00f5es de fabrica\u00e7\u00e3o de \u00faltima gera\u00e7\u00e3o, com as melhores m\u00e1quinas, fabrica\u00e7\u00e3o pr\u00f3pria de pe\u00e7as de lat\u00e3o torneadas e medidas de controle de qualidade totalmente garantidas.<br \/>\nIsso est\u00e1 sendo apoiado por uma equipe muito bem organizada e experiente de c\u00e9rebros altamente profissionais e totalmente comprometidos para atender \u00e0s demandas impl\u00edcitas e declaradas do cliente em um prazo muito curto.<br \/>\nA satisfa\u00e7\u00e3o total do cliente em qualidade e aten\u00e7\u00e3o personalizada, compreens\u00e3o e desenvolvimento de t\u00e9cnicas inovadoras de baixo custo para benef\u00edcios ao cliente \u00e9 a base de nossa funda\u00e7\u00e3o h\u00e1 anos.<\/p>\n<p style=\"text-align: justify;\">Nosso compromisso total com a qualidade fez com que a Conex Casting fosse exportada para mais de 34 pa\u00edses ao redor do globo. Nossa gama de produtos inclui &#8211; Acess\u00f3rios el\u00e9tricos de lat\u00e3o, acess\u00f3rios de aterramento de lat\u00e3o, equipamentos de aterramento, pe\u00e7as prensadas de lat\u00e3o, prensa-cabos de lat\u00e3o, pe\u00e7as CNC de lat\u00e3o, componentes CNC de lat\u00e3o, pe\u00e7as de m\u00e1quinas de parafuso de lat\u00e3o de precis\u00e3o, conex\u00f5es de mangueiras de lat\u00e3o, fixadores de lat\u00e3o, pe\u00e7as de a\u00e7o inoxid\u00e1vel, lat\u00e3o Prensa-cabos, Bra\u00e7adeiras de cobre, Acess\u00f3rios de prensa-cabos, Bra\u00e7adeiras de aterramento, Pe\u00e7as de m\u00e1quina de parafuso de lat\u00e3o, Insertos de lat\u00e3o, Parafusos de lat\u00e3o Porcas de lat\u00e3o, Acess\u00f3rios de lat\u00e3o PPR, etc.<\/p>\n<p style=\"text-align: justify;\">Todos os nossos produtos est\u00e3o em conformidade com as Normas Internacionais e s\u00e3o testados em laborat\u00f3rio aprovado no Reino Unido para a Norma Brit\u00e2nica. Somos certificados pela ISO 9001: 2015, o que diz muito sobre nossas credenciais de qualidade. N\u00f3s fornecemos para algumas das empresas de engenharia de ponta dos EUA, Reino Unido, Alemanha, Su\u00e9cia, Finl\u00e2ndia, Jap\u00e3o, etc.<\/p>\n<p style=\"text-align: justify;\">Temos nossos pr\u00f3prios recursos de design de CAD que podem ajud\u00e1-lo a projetar um novo produto de uma maneira muito econ\u00f4mica, sem qualquer compromisso de pedido ou cobran\u00e7a antecipada. Nosso departamento interno de ferramentas garante a prepara\u00e7\u00e3o r\u00e1pida de novos produtos e mant\u00e9m o custo de desenvolvimento ao m\u00ednimo.<\/p>\n","protected":false},"excerpt":{"rendered":"<p>Conex Casting \u00e9 um dos fabricantes e fornecedores de Conex Casting mais conceituados e estabelecidos, prestando servi\u00e7os a organiza\u00e7\u00f5es de renome na \u00cdndia e no estrangeiro. Os anos de experi\u00eancia e excelente consci\u00eancia de qualidade fizeram seu pr\u00f3prio nome no arquivo de fabrica\u00e7\u00e3o e fornecimento de fundi\u00e7\u00e3o. Nossa planta principal em Jamnagar possui instala\u00e7\u00f5es de [&hellip;]<\/p>\n","protected":false},"author":1,"featured_media":0,"parent":0,"menu_order":0,"comment_status":"closed","ping_status":"closed","template":"","meta":{"_joinchat":[],"footnotes":""},"class_list":["post-3236","page","type-page","status-publish","hentry"],"_links":{"self":[{"href":"https:\/\/conex-casting.com\/pt-br\/wp-json\/wp\/v2\/pages\/3236","targetHints":{"allow":["GET"]}}],"collection":[{"href":"https:\/\/conex-casting.com\/pt-br\/wp-json\/wp\/v2\/pages"}],"about":[{"href":"https:\/\/conex-casting.com\/pt-br\/wp-json\/wp\/v2\/types\/page"}],"author":[{"embeddable":true,"href":"https:\/\/conex-casting.com\/pt-br\/wp-json\/wp\/v2\/users\/1"}],"replies":[{"embeddable":true,"href":"https:\/\/conex-casting.com\/pt-br\/wp-json\/wp\/v2\/comments?post=3236"}],"version-history":[{"count":2,"href":"https:\/\/conex-casting.com\/pt-br\/wp-json\/wp\/v2\/pages\/3236\/revisions"}],"predecessor-version":[{"id":4389,"href":"https:\/\/conex-casting.com\/pt-br\/wp-json\/wp\/v2\/pages\/3236\/revisions\/4389"}],"wp:attachment":[{"href":"https:\/\/conex-casting.com\/pt-br\/wp-json\/wp\/v2\/media?parent=3236"}],"curies":[{"name":"wp","href":"https:\/\/api.w.org\/{rel}","templated":true}]}}