{"id":3293,"date":"2021-02-18T08:28:27","date_gmt":"2021-02-18T08:28:27","guid":{"rendered":"http:\/\/conex-casting.com\/?page_id=3293"},"modified":"2021-10-23T07:59:17","modified_gmt":"2021-10-23T07:59:17","slug":"grampos-de-colagem","status":"publish","type":"page","link":"https:\/\/conex-casting.com\/pt-br\/grampos-de-colagem\/","title":{"rendered":"Grampos de colagem"},"content":{"rendered":"<p style=\"text-align: center;\"><span style=\"text-decoration: underline; color: #800000;\"><span style=\"font-size: 18pt;\"><strong> Grampos de colagem<\/strong><\/span><\/span><\/p>\n<p style=\"text-align: center;\"><a class=\"maxbutton-1 maxbutton maxbutton-product-page-button open-popup-modal\"><span class=\"mb-text\">Pe\u00e7a uma cota\u00e7\u00e3o<\/span><\/a><\/p>\n<p style=\"text-align: justify;\">Feitos de liga de alum\u00ednio e bronze de alta qualidade, s\u00e3o grampos de formato especial e servem principalmente como porta-cabos. Fabricado por fundi\u00e7\u00e3o em areia fina com material de bronze sil\u00edcio.<\/p>\n<table style=\"border-collapse: collapse; width: 100%;\" border=\"0\">\n<tbody>\n<tr>\n<td style=\"width: 50%;\"><img loading=\"lazy\" decoding=\"async\" class=\"aligncenter wp-image-3288 size-full\" title=\"Grampos de colagem\" src=\"http:\/\/conex-casting.com\/wp-content\/uploads\/2019\/02\/Bonding-Clamps-02.jpg\" alt=\"Grampos de colagem\" width=\"300\" height=\"300\" srcset=\"https:\/\/conex-casting.com\/wp-content\/uploads\/2019\/02\/Bonding-Clamps-02.jpg 350w, https:\/\/conex-casting.com\/wp-content\/uploads\/2019\/02\/Bonding-Clamps-02-150x150.jpg 150w, https:\/\/conex-casting.com\/wp-content\/uploads\/2019\/02\/Bonding-Clamps-02-300x300.jpg 300w\" sizes=\"auto, (max-width: 300px) 100vw, 300px\" \/><\/td>\n<td style=\"width: 50%;\"><img loading=\"lazy\" decoding=\"async\" class=\"aligncenter wp-image-3287 size-full\" title=\"Grampos de colagem\" src=\"http:\/\/conex-casting.com\/wp-content\/uploads\/2019\/02\/Bonding-Clamps-01.jpg\" alt=\"Grampos de colagem\" width=\"300\" height=\"300\" srcset=\"https:\/\/conex-casting.com\/wp-content\/uploads\/2019\/02\/Bonding-Clamps-01.jpg 350w, https:\/\/conex-casting.com\/wp-content\/uploads\/2019\/02\/Bonding-Clamps-01-150x150.jpg 150w, https:\/\/conex-casting.com\/wp-content\/uploads\/2019\/02\/Bonding-Clamps-01-300x300.jpg 300w\" sizes=\"auto, (max-width: 300px) 100vw, 300px\" \/><\/td>\n<\/tr>\n<\/tbody>\n<\/table>\n","protected":false},"excerpt":{"rendered":"<p>Grampos de colagem Pe\u00e7a uma cota\u00e7\u00e3o Feitos de liga de alum\u00ednio e bronze de alta qualidade, s\u00e3o grampos de formato especial e servem principalmente como porta-cabos. Fabricado por fundi\u00e7\u00e3o em areia fina com material de bronze sil\u00edcio.<\/p>\n","protected":false},"author":1,"featured_media":0,"parent":0,"menu_order":0,"comment_status":"closed","ping_status":"closed","template":"","meta":{"_joinchat":[],"footnotes":""},"class_list":["post-3293","page","type-page","status-publish","hentry"],"_links":{"self":[{"href":"https:\/\/conex-casting.com\/pt-br\/wp-json\/wp\/v2\/pages\/3293","targetHints":{"allow":["GET"]}}],"collection":[{"href":"https:\/\/conex-casting.com\/pt-br\/wp-json\/wp\/v2\/pages"}],"about":[{"href":"https:\/\/conex-casting.com\/pt-br\/wp-json\/wp\/v2\/types\/page"}],"author":[{"embeddable":true,"href":"https:\/\/conex-casting.com\/pt-br\/wp-json\/wp\/v2\/users\/1"}],"replies":[{"embeddable":true,"href":"https:\/\/conex-casting.com\/pt-br\/wp-json\/wp\/v2\/comments?post=3293"}],"version-history":[{"count":8,"href":"https:\/\/conex-casting.com\/pt-br\/wp-json\/wp\/v2\/pages\/3293\/revisions"}],"predecessor-version":[{"id":6157,"href":"https:\/\/conex-casting.com\/pt-br\/wp-json\/wp\/v2\/pages\/3293\/revisions\/6157"}],"wp:attachment":[{"href":"https:\/\/conex-casting.com\/pt-br\/wp-json\/wp\/v2\/media?parent=3293"}],"curies":[{"name":"wp","href":"https:\/\/api.w.org\/{rel}","templated":true}]}}