{"id":3296,"date":"2021-02-18T08:34:47","date_gmt":"2021-02-18T08:34:47","guid":{"rendered":"http:\/\/conex-casting.com\/?page_id=3296"},"modified":"2021-10-23T08:03:01","modified_gmt":"2021-10-23T08:03:01","slug":"fundicao-centrifuga-de-latao","status":"publish","type":"page","link":"https:\/\/conex-casting.com\/pt-br\/fundicao-centrifuga-de-latao\/","title":{"rendered":"Fundi\u00e7\u00e3o Centr\u00edfuga de Lat\u00e3o"},"content":{"rendered":"<p style=\"text-align: center;\"><span style=\"text-decoration: underline; color: #800000;\"> <span style=\"font-size: 18pt;\"> <strong> Fundi\u00e7\u00e3o centr\u00edfuga de lat\u00e3o<\/strong><\/span><\/span><\/p>\n<p style=\"text-align: center;\"><a class=\"maxbutton-1 maxbutton maxbutton-product-page-button open-popup-modal\"><span class=\"mb-text\">Pe\u00e7a uma cota\u00e7\u00e3o<\/span><\/a><\/p>\n<p style=\"text-align: justify;\">Pe\u00e7as de fundi\u00e7\u00e3o centr\u00edfuga de lat\u00e3o, luva, bucha, bucha de rolamento, adequado para aplica\u00e7\u00f5es de alta carga e baixa velocidade. Os produtos de manga de cobre podem ter especifica\u00e7\u00f5es e tamanhos diferentes. N\u00f3s poder\u00edamos fazer qualquer um como este item de acordo com sua necessidade, ele usar\u00e1 na m\u00e1quina extrudada de pl\u00e1sticos. A caracter\u00edstica dele ser\u00e1 uma superf\u00edcie lisa, livre de porosidade de orif\u00edcio, resistente ao desgaste, longo tempo de utiliza\u00e7\u00e3o.<\/p>\n<table style=\"border-collapse: collapse; width: 100%; height: 72px;\">\n<tbody>\n<tr style=\"height: 24px;\">\n<td style=\"width: 19.4137%; height: 24px;\"><strong> Material <\/strong><\/td>\n<td style=\"width: 1.50002%; text-align: center; height: 24px;\">:<\/td>\n<td style=\"width: 79.0862%; height: 24px;\">cobre e outras ligas n\u00e3o ferrosas.<\/td>\n<\/tr>\n<tr style=\"height: 24px;\">\n<td style=\"width: 19.4137%; height: 24px;\"><strong> Tamanhos (mm) <\/strong><\/td>\n<td style=\"width: 1.50002%; text-align: center; height: 24px;\">:<\/td>\n<td style=\"width: 79.0862%; height: 24px;\">de acordo com sua demanda<\/td>\n<\/tr>\n<tr style=\"height: 24px;\">\n<td style=\"width: 19.4137%; height: 24px;\"><strong> Toler\u00e2ncia <\/strong><\/td>\n<td style=\"width: 1.50002%; text-align: center; height: 24px;\">:<\/td>\n<td style=\"width: 79.0862%; height: 24px;\">0,01-1 mm.<\/td>\n<\/tr>\n<\/tbody>\n<\/table>\n<table style=\"border-collapse: collapse; width: 100%;\">\n<tbody>\n<tr>\n<td style=\"width: 33.3333%;\"><img loading=\"lazy\" decoding=\"async\" class=\"size-full wp-image-3466 aligncenter\" src=\"http:\/\/conex-casting.com\/wp-content\/uploads\/2019\/04\/Centrifugal-Casting-02.jpg\" alt=\"Centrifugal Casting\" width=\"250\" height=\"250\" srcset=\"https:\/\/conex-casting.com\/wp-content\/uploads\/2019\/04\/Centrifugal-Casting-02.jpg 250w, https:\/\/conex-casting.com\/wp-content\/uploads\/2019\/04\/Centrifugal-Casting-02-150x150.jpg 150w\" sizes=\"auto, (max-width: 250px) 100vw, 250px\" \/><\/td>\n<td style=\"width: 33.3333%;\"><img loading=\"lazy\" decoding=\"async\" class=\"size-full wp-image-3465 aligncenter\" src=\"http:\/\/conex-casting.com\/wp-content\/uploads\/2019\/03\/Centrifugal-Casting-01.jpg\" alt=\"Centrifugal Casting\" width=\"250\" height=\"250\" srcset=\"https:\/\/conex-casting.com\/wp-content\/uploads\/2019\/03\/Centrifugal-Casting-01.jpg 250w, https:\/\/conex-casting.com\/wp-content\/uploads\/2019\/03\/Centrifugal-Casting-01-150x150.jpg 150w\" sizes=\"auto, (max-width: 250px) 100vw, 250px\" \/><\/td>\n<td style=\"width: 33.3333%;\"><img loading=\"lazy\" decoding=\"async\" class=\"size-full wp-image-3297 aligncenter\" src=\"http:\/\/conex-casting.com\/wp-content\/uploads\/2020\/08\/Brass-Centrifugal-Casting-002.jpg\" alt=\"Brass Centrifugal Casting\" width=\"250\" height=\"250\" srcset=\"https:\/\/conex-casting.com\/wp-content\/uploads\/2020\/08\/Brass-Centrifugal-Casting-002.jpg 250w, https:\/\/conex-casting.com\/wp-content\/uploads\/2020\/08\/Brass-Centrifugal-Casting-002-150x150.jpg 150w\" sizes=\"auto, (max-width: 250px) 100vw, 250px\" \/><\/td>\n<\/tr>\n<\/tbody>\n<\/table>\n","protected":false},"excerpt":{"rendered":"<p>Fundi\u00e7\u00e3o centr\u00edfuga de lat\u00e3o Pe\u00e7a uma cota\u00e7\u00e3o Pe\u00e7as de fundi\u00e7\u00e3o centr\u00edfuga de lat\u00e3o, luva, bucha, bucha de rolamento, adequado para aplica\u00e7\u00f5es de alta carga e baixa velocidade. Os produtos de manga de cobre podem ter especifica\u00e7\u00f5es e tamanhos diferentes. N\u00f3s poder\u00edamos fazer qualquer um como este item de acordo com sua necessidade, ele usar\u00e1 na [&hellip;]<\/p>\n","protected":false},"author":1,"featured_media":0,"parent":0,"menu_order":0,"comment_status":"closed","ping_status":"closed","template":"","meta":{"_joinchat":[],"footnotes":""},"class_list":["post-3296","page","type-page","status-publish","hentry"],"_links":{"self":[{"href":"https:\/\/conex-casting.com\/pt-br\/wp-json\/wp\/v2\/pages\/3296","targetHints":{"allow":["GET"]}}],"collection":[{"href":"https:\/\/conex-casting.com\/pt-br\/wp-json\/wp\/v2\/pages"}],"about":[{"href":"https:\/\/conex-casting.com\/pt-br\/wp-json\/wp\/v2\/types\/page"}],"author":[{"embeddable":true,"href":"https:\/\/conex-casting.com\/pt-br\/wp-json\/wp\/v2\/users\/1"}],"replies":[{"embeddable":true,"href":"https:\/\/conex-casting.com\/pt-br\/wp-json\/wp\/v2\/comments?post=3296"}],"version-history":[{"count":4,"href":"https:\/\/conex-casting.com\/pt-br\/wp-json\/wp\/v2\/pages\/3296\/revisions"}],"predecessor-version":[{"id":6173,"href":"https:\/\/conex-casting.com\/pt-br\/wp-json\/wp\/v2\/pages\/3296\/revisions\/6173"}],"wp:attachment":[{"href":"https:\/\/conex-casting.com\/pt-br\/wp-json\/wp\/v2\/media?parent=3296"}],"curies":[{"name":"wp","href":"https:\/\/api.w.org\/{rel}","templated":true}]}}